{"id":90,"date":"2023-02-02T17:37:28","date_gmt":"2023-02-02T16:37:28","guid":{"rendered":"https:\/\/areka.com\/terms-and-conditions\/"},"modified":"2023-02-16T12:10:08","modified_gmt":"2023-02-16T11:10:08","slug":"terms-and-conditions","status":"publish","type":"page","link":"https:\/\/areka.com\/en\/terms-and-conditions\/","title":{"rendered":"Terms and conditions"},"content":{"rendered":"<p>AREKA is a simplified joint-stock company with a single partner active since 1994 and located in <a href=\"https:\/\/goo.gl\/maps\/tkZAKDNFuEp\">GUERVILLE (78930)<\/a> with a capital of \u20ac158,775. The company can be contacted using <a href=\"http:\/\/clients.fabienclement.com\/areka\/?page_id=518\">this form<\/a> or by telephone on 01 30 42 61 64.<\/p><ul class=\"wp-block-list\"><li>Registration number in the Versailles Trade and Companies Register (RCS): 421 226 440<\/li>\n\n<li>Individual tax identification number intra-community VAT number: FR95 421 226 440<\/li><\/ul><p>The publication director is Edouard PEIX, president of Areka.<\/p><p>The website is hosted by OVH (SAS, 2 rue Kellermann \u2013 59100 Roubaix \u2013 France). It is a promotional site with no direct sales activity.<\/p><h3 class=\"wp-block-heading\">Personal data<\/h3><p>In general, you can visit our site on the Internet without having to disclose your identity and provide personal information about yourself. Only the contact form on the website will ask for your name and email address. This data will only be used to respond to you.<\/p><h3 class=\"wp-block-heading\">Website terms of use<\/h3><p>The site and each of the elements, including but not limited to trademarks, logos, icons, computer graphics, photographs, which compose it are protected under international intellectual property law. The content on the site is the property of Areka or other companies. Any use, reproduction or representation, by any process whatsoever, and on any medium whatsoever, of all or part of the site and\/or the elements that compose it is not authorized without the express consent of Areka.<\/p>","protected":false},"excerpt":{"rendered":"<p>AREKA is a simplified joint-stock company with a single partner active since 1994 and located in GUERVILLE (78930) with a capital of \u20ac158,775. The company can be contacted using this form or by telephone on 01 30 42 61 64. The publication director is Edouard PEIX, president of Areka. The website is hosted by OVH<a href=\"https:\/\/areka.com\/en\/terms-and-conditions\/\">Continue reading <span class=\"sr-only\">&#8220;Terms and conditions&#8221;<\/span><\/a><\/p>\n","protected":false},"author":1,"featured_media":0,"parent":0,"menu_order":0,"comment_status":"closed","ping_status":"closed","template":"","meta":{"_acf_changed":false,"inline_featured_image":false,"footnotes":""},"class_list":["post-90","page","type-page","status-publish","hentry"],"acf":[],"yoast_head":"<!-- This site is optimized with the Yoast SEO plugin v24.9 - https:\/\/yoast.com\/wordpress\/plugins\/seo\/ -->\n<title>Terms and conditions : Areka<\/title>\n<meta name=\"robots\" content=\"noindex, nofollow\" \/>\n<meta property=\"og:locale\" content=\"en_US\" \/>\n<meta property=\"og:type\" content=\"article\" \/>\n<meta property=\"og:title\" content=\"Terms and conditions : Areka\" \/>\n<meta property=\"og:description\" content=\"AREKA is a simplified joint-stock company with a single partner active since 1994 and located in GUERVILLE (78930) with a capital of \u20ac158,775. The company can be contacted using this form or by telephone on 01 30 42 61 64. The publication director is Edouard PEIX, president of Areka. The website is hosted by OVHContinue reading &quot;Terms and conditions&quot;\" \/>\n<meta property=\"og:url\" content=\"https:\/\/areka.com\/en\/terms-and-conditions\/\" \/>\n<meta property=\"og:site_name\" content=\"Areka\" \/>\n<meta property=\"article:modified_time\" content=\"2023-02-16T11:10:08+00:00\" \/>\n<meta name=\"twitter:card\" content=\"summary_large_image\" \/>\n<meta name=\"twitter:label1\" content=\"Est. reading time\" \/>\n\t<meta name=\"twitter:data1\" content=\"1 minute\" \/>\n<script type=\"application\/ld+json\" class=\"yoast-schema-graph\">{\"@context\":\"https:\/\/schema.org\",\"@graph\":[{\"@type\":\"WebPage\",\"@id\":\"https:\/\/areka.com\/en\/terms-and-conditions\/\",\"url\":\"https:\/\/areka.com\/en\/terms-and-conditions\/\",\"name\":\"Terms and conditions : Areka\",\"isPartOf\":{\"@id\":\"https:\/\/areka.com\/en\/#website\"},\"datePublished\":\"2023-02-02T16:37:28+00:00\",\"dateModified\":\"2023-02-16T11:10:08+00:00\",\"inLanguage\":\"en-US\",\"potentialAction\":[{\"@type\":\"ReadAction\",\"target\":[\"https:\/\/areka.com\/en\/terms-and-conditions\/\"]}]},{\"@type\":\"WebSite\",\"@id\":\"https:\/\/areka.com\/en\/#website\",\"url\":\"https:\/\/areka.com\/en\/\",\"name\":\"Areka\",\"description\":\"Sp\u00e9cialiste fran\u00e7ais de la confiserie personnalis\u00e9e\",\"potentialAction\":[{\"@type\":\"SearchAction\",\"target\":{\"@type\":\"EntryPoint\",\"urlTemplate\":\"https:\/\/areka.com\/en\/?s={search_term_string}\"},\"query-input\":{\"@type\":\"PropertyValueSpecification\",\"valueRequired\":true,\"valueName\":\"search_term_string\"}}],\"inLanguage\":\"en-US\"}]}<\/script>\n<!-- \/ Yoast SEO plugin. -->","yoast_head_json":{"title":"Terms and conditions : Areka","robots":{"index":"noindex","follow":"nofollow"},"og_locale":"en_US","og_type":"article","og_title":"Terms and conditions : Areka","og_description":"AREKA is a simplified joint-stock company with a single partner active since 1994 and located in GUERVILLE (78930) with a capital of \u20ac158,775. The company can be contacted using this form or by telephone on 01 30 42 61 64. The publication director is Edouard PEIX, president of Areka. The website is hosted by OVHContinue reading \"Terms and conditions\"","og_url":"https:\/\/areka.com\/en\/terms-and-conditions\/","og_site_name":"Areka","article_modified_time":"2023-02-16T11:10:08+00:00","twitter_card":"summary_large_image","twitter_misc":{"Est. reading time":"1 minute"},"schema":{"@context":"https:\/\/schema.org","@graph":[{"@type":"WebPage","@id":"https:\/\/areka.com\/en\/terms-and-conditions\/","url":"https:\/\/areka.com\/en\/terms-and-conditions\/","name":"Terms and conditions : Areka","isPartOf":{"@id":"https:\/\/areka.com\/en\/#website"},"datePublished":"2023-02-02T16:37:28+00:00","dateModified":"2023-02-16T11:10:08+00:00","inLanguage":"en-US","potentialAction":[{"@type":"ReadAction","target":["https:\/\/areka.com\/en\/terms-and-conditions\/"]}]},{"@type":"WebSite","@id":"https:\/\/areka.com\/en\/#website","url":"https:\/\/areka.com\/en\/","name":"Areka","description":"Sp\u00e9cialiste fran\u00e7ais de la confiserie personnalis\u00e9e","potentialAction":[{"@type":"SearchAction","target":{"@type":"EntryPoint","urlTemplate":"https:\/\/areka.com\/en\/?s={search_term_string}"},"query-input":{"@type":"PropertyValueSpecification","valueRequired":true,"valueName":"search_term_string"}}],"inLanguage":"en-US"}]}},"_links":{"self":[{"href":"https:\/\/areka.com\/en\/wp-json\/wp\/v2\/pages\/90","targetHints":{"allow":["GET"]}}],"collection":[{"href":"https:\/\/areka.com\/en\/wp-json\/wp\/v2\/pages"}],"about":[{"href":"https:\/\/areka.com\/en\/wp-json\/wp\/v2\/types\/page"}],"author":[{"embeddable":true,"href":"https:\/\/areka.com\/en\/wp-json\/wp\/v2\/users\/1"}],"replies":[{"embeddable":true,"href":"https:\/\/areka.com\/en\/wp-json\/wp\/v2\/comments?post=90"}],"version-history":[{"count":1,"href":"https:\/\/areka.com\/en\/wp-json\/wp\/v2\/pages\/90\/revisions"}],"predecessor-version":[{"id":91,"href":"https:\/\/areka.com\/en\/wp-json\/wp\/v2\/pages\/90\/revisions\/91"}],"wp:attachment":[{"href":"https:\/\/areka.com\/en\/wp-json\/wp\/v2\/media?parent=90"}],"curies":[{"name":"wp","href":"https:\/\/api.w.org\/{rel}","templated":true}]}}