{"id":1212,"date":"2024-06-11T01:09:24","date_gmt":"2024-06-10T23:09:24","guid":{"rendered":"https:\/\/areka.com\/?post_type=product&#038;p=1212"},"modified":"2026-04-01T15:59:56","modified_gmt":"2026-04-01T13:59:56","slug":"lapin-de-paques-au-chocolat-au-lait-vegan","status":"publish","type":"product","link":"https:\/\/areka.com\/en\/produit\/lapin-de-paques-au-chocolat-au-lait-vegan\/","title":{"rendered":"Lapin de P\u00e2ques V\u00e9gan"},"content":{"rendered":"<p><strong>P\u00e2ques tout en douceur : le lapin vegan \u00e0 croquer !<\/strong><br \/>\nUn d\u00e9licieux lapin de P\u00e2ques de qualit\u00e9 v\u00e9g\u00e9talienne surprend tous les amateurs de chocolat au lait : un d\u00e9lice tendrement fondant dont le go\u00fbt est presque impossible \u00e0 distinguer du chocolat au lait conventionnel. Le lapin est livr\u00e9 dans une version enti\u00e8rement personnalisable carte pliante promotionnelle en carton certifi\u00e9 FSC\u00ae.<\/p>\n<ul>\n<li>Contenu: 6,25 g<\/li>\n<li>Dimensions: approx. 65 x 65 x 12 mm (pli\u00e9)<\/li>\n<li>Conditionnement: 50 pcs. par carton \/ 300 pcs. dans le carton d&#8217;exp\u00e9dition<\/li>\n<li>D\u00e9lai de conservation: approx. 9 mois si stock\u00e9 correctement<\/li>\n<li>D\u00e9lai de livraison: sur demande<\/li>\n<\/ul>\n<div id=\"sconnect-is-installed\" style=\"display: none;\">2.11.0.0<\/div>\n<div id=\"sconnect-is-installed\" style=\"display: none;\">2.11.0.0<\/div>\n","protected":false},"excerpt":{"rendered":"<p>&nbsp;<\/p>\n<div id=\"sconnect-is-installed\" style=\"display: none;\">2.11.0.0<\/div>\n<div id=\"sconnect-is-installed\" style=\"display: none;\">2.11.0.0<\/div>\n","protected":false},"featured_media":2477,"comment_status":"open","ping_status":"closed","template":"","meta":{"_acf_changed":false,"inline_featured_image":false},"product_brand":[],"product_cat":[63,35,61],"product_tag":[],"class_list":{"0":"post-1212","1":"product","2":"type-product","3":"status-publish","4":"has-post-thumbnail","6":"product_cat-nouveautes","7":"product_cat-produits-personnalisables","8":"product_cat-paques","10":"first","11":"instock","12":"shipping-taxable","13":"product-type-simple"},"acf":[],"yoast_head":"<!-- This site is optimized with the Yoast SEO plugin v24.9 - https:\/\/yoast.com\/wordpress\/plugins\/seo\/ -->\n<title>Lapin de P\u00e2ques V\u00e9gan : Areka<\/title>\n<meta name=\"robots\" content=\"index, follow, max-snippet:-1, max-image-preview:large, max-video-preview:-1\" \/>\n<link rel=\"canonical\" href=\"https:\/\/areka.com\/en\/produit\/lapin-de-paques-au-chocolat-au-lait-vegan\/\" \/>\n<meta property=\"og:locale\" content=\"en_US\" \/>\n<meta property=\"og:type\" content=\"article\" \/>\n<meta property=\"og:title\" content=\"Lapin de P\u00e2ques V\u00e9gan : Areka\" \/>\n<meta property=\"og:description\" content=\"&nbsp; 2.11.0.0 2.11.0.0\" \/>\n<meta property=\"og:url\" content=\"https:\/\/areka.com\/en\/produit\/lapin-de-paques-au-chocolat-au-lait-vegan\/\" \/>\n<meta property=\"og:site_name\" content=\"Areka\" \/>\n<meta property=\"article:modified_time\" content=\"2026-04-01T13:59:56+00:00\" \/>\n<meta property=\"og:image\" content=\"https:\/\/areka.com\/wp-content\/uploads\/2024\/06\/P132-lapin-de-paques-vegan.png\" \/>\n\t<meta property=\"og:image:width\" content=\"1000\" \/>\n\t<meta property=\"og:image:height\" content=\"1000\" \/>\n\t<meta property=\"og:image:type\" content=\"image\/png\" \/>\n<meta name=\"twitter:card\" content=\"summary_large_image\" \/>\n<meta name=\"twitter:label1\" content=\"Est. reading time\" \/>\n\t<meta name=\"twitter:data1\" content=\"1 minute\" \/>\n<script type=\"application\/ld+json\" class=\"yoast-schema-graph\">{\"@context\":\"https:\/\/schema.org\",\"@graph\":[{\"@type\":\"WebPage\",\"@id\":\"https:\/\/areka.com\/en\/produit\/lapin-de-paques-au-chocolat-au-lait-vegan\/\",\"url\":\"https:\/\/areka.com\/en\/produit\/lapin-de-paques-au-chocolat-au-lait-vegan\/\",\"name\":\"Lapin de P\u00e2ques V\u00e9gan : Areka\",\"isPartOf\":{\"@id\":\"https:\/\/areka.com\/en\/#website\"},\"primaryImageOfPage\":{\"@id\":\"https:\/\/areka.com\/en\/produit\/lapin-de-paques-au-chocolat-au-lait-vegan\/#primaryimage\"},\"image\":{\"@id\":\"https:\/\/areka.com\/en\/produit\/lapin-de-paques-au-chocolat-au-lait-vegan\/#primaryimage\"},\"thumbnailUrl\":\"https:\/\/areka.com\/wp-content\/uploads\/2024\/06\/P132-lapin-de-paques-vegan.png\",\"datePublished\":\"2024-06-10T23:09:24+00:00\",\"dateModified\":\"2026-04-01T13:59:56+00:00\",\"breadcrumb\":{\"@id\":\"https:\/\/areka.com\/en\/produit\/lapin-de-paques-au-chocolat-au-lait-vegan\/#breadcrumb\"},\"inLanguage\":\"en-US\",\"potentialAction\":[{\"@type\":\"ReadAction\",\"target\":[\"https:\/\/areka.com\/en\/produit\/lapin-de-paques-au-chocolat-au-lait-vegan\/\"]}]},{\"@type\":\"ImageObject\",\"inLanguage\":\"en-US\",\"@id\":\"https:\/\/areka.com\/en\/produit\/lapin-de-paques-au-chocolat-au-lait-vegan\/#primaryimage\",\"url\":\"https:\/\/areka.com\/wp-content\/uploads\/2024\/06\/P132-lapin-de-paques-vegan.png\",\"contentUrl\":\"https:\/\/areka.com\/wp-content\/uploads\/2024\/06\/P132-lapin-de-paques-vegan.png\",\"width\":1000,\"height\":1000},{\"@type\":\"BreadcrumbList\",\"@id\":\"https:\/\/areka.com\/en\/produit\/lapin-de-paques-au-chocolat-au-lait-vegan\/#breadcrumb\",\"itemListElement\":[{\"@type\":\"ListItem\",\"position\":1,\"name\":\"All of our products\",\"item\":\"https:\/\/areka.com\/en\/shop\/\"},{\"@type\":\"ListItem\",\"position\":2,\"name\":\"Personalized products\",\"item\":\"https:\/\/areka.com\/en\/product-category\/personalized-products\/\"},{\"@type\":\"ListItem\",\"position\":3,\"name\":\"Lapin de P\u00e2ques V\u00e9gan\"}]},{\"@type\":\"WebSite\",\"@id\":\"https:\/\/areka.com\/en\/#website\",\"url\":\"https:\/\/areka.com\/en\/\",\"name\":\"Areka\",\"description\":\"Sp\u00e9cialiste fran\u00e7ais de la confiserie personnalis\u00e9e\",\"potentialAction\":[{\"@type\":\"SearchAction\",\"target\":{\"@type\":\"EntryPoint\",\"urlTemplate\":\"https:\/\/areka.com\/en\/?s={search_term_string}\"},\"query-input\":{\"@type\":\"PropertyValueSpecification\",\"valueRequired\":true,\"valueName\":\"search_term_string\"}}],\"inLanguage\":\"en-US\"}]}<\/script>\n<!-- \/ Yoast SEO plugin. -->","yoast_head_json":{"title":"Lapin de P\u00e2ques V\u00e9gan : Areka","robots":{"index":"index","follow":"follow","max-snippet":"max-snippet:-1","max-image-preview":"max-image-preview:large","max-video-preview":"max-video-preview:-1"},"canonical":"https:\/\/areka.com\/en\/produit\/lapin-de-paques-au-chocolat-au-lait-vegan\/","og_locale":"en_US","og_type":"article","og_title":"Lapin de P\u00e2ques V\u00e9gan : Areka","og_description":"&nbsp; 2.11.0.0 2.11.0.0","og_url":"https:\/\/areka.com\/en\/produit\/lapin-de-paques-au-chocolat-au-lait-vegan\/","og_site_name":"Areka","article_modified_time":"2026-04-01T13:59:56+00:00","og_image":[{"width":1000,"height":1000,"url":"https:\/\/areka.com\/wp-content\/uploads\/2024\/06\/P132-lapin-de-paques-vegan.png","type":"image\/png"}],"twitter_card":"summary_large_image","twitter_misc":{"Est. reading time":"1 minute"},"schema":{"@context":"https:\/\/schema.org","@graph":[{"@type":"WebPage","@id":"https:\/\/areka.com\/en\/produit\/lapin-de-paques-au-chocolat-au-lait-vegan\/","url":"https:\/\/areka.com\/en\/produit\/lapin-de-paques-au-chocolat-au-lait-vegan\/","name":"Lapin de P\u00e2ques V\u00e9gan : Areka","isPartOf":{"@id":"https:\/\/areka.com\/en\/#website"},"primaryImageOfPage":{"@id":"https:\/\/areka.com\/en\/produit\/lapin-de-paques-au-chocolat-au-lait-vegan\/#primaryimage"},"image":{"@id":"https:\/\/areka.com\/en\/produit\/lapin-de-paques-au-chocolat-au-lait-vegan\/#primaryimage"},"thumbnailUrl":"https:\/\/areka.com\/wp-content\/uploads\/2024\/06\/P132-lapin-de-paques-vegan.png","datePublished":"2024-06-10T23:09:24+00:00","dateModified":"2026-04-01T13:59:56+00:00","breadcrumb":{"@id":"https:\/\/areka.com\/en\/produit\/lapin-de-paques-au-chocolat-au-lait-vegan\/#breadcrumb"},"inLanguage":"en-US","potentialAction":[{"@type":"ReadAction","target":["https:\/\/areka.com\/en\/produit\/lapin-de-paques-au-chocolat-au-lait-vegan\/"]}]},{"@type":"ImageObject","inLanguage":"en-US","@id":"https:\/\/areka.com\/en\/produit\/lapin-de-paques-au-chocolat-au-lait-vegan\/#primaryimage","url":"https:\/\/areka.com\/wp-content\/uploads\/2024\/06\/P132-lapin-de-paques-vegan.png","contentUrl":"https:\/\/areka.com\/wp-content\/uploads\/2024\/06\/P132-lapin-de-paques-vegan.png","width":1000,"height":1000},{"@type":"BreadcrumbList","@id":"https:\/\/areka.com\/en\/produit\/lapin-de-paques-au-chocolat-au-lait-vegan\/#breadcrumb","itemListElement":[{"@type":"ListItem","position":1,"name":"All of our products","item":"https:\/\/areka.com\/en\/shop\/"},{"@type":"ListItem","position":2,"name":"Personalized products","item":"https:\/\/areka.com\/en\/product-category\/personalized-products\/"},{"@type":"ListItem","position":3,"name":"Lapin de P\u00e2ques V\u00e9gan"}]},{"@type":"WebSite","@id":"https:\/\/areka.com\/en\/#website","url":"https:\/\/areka.com\/en\/","name":"Areka","description":"Sp\u00e9cialiste fran\u00e7ais de la confiserie personnalis\u00e9e","potentialAction":[{"@type":"SearchAction","target":{"@type":"EntryPoint","urlTemplate":"https:\/\/areka.com\/en\/?s={search_term_string}"},"query-input":{"@type":"PropertyValueSpecification","valueRequired":true,"valueName":"search_term_string"}}],"inLanguage":"en-US"}]}},"_links":{"self":[{"href":"https:\/\/areka.com\/en\/wp-json\/wp\/v2\/product\/1212","targetHints":{"allow":["GET"]}}],"collection":[{"href":"https:\/\/areka.com\/en\/wp-json\/wp\/v2\/product"}],"about":[{"href":"https:\/\/areka.com\/en\/wp-json\/wp\/v2\/types\/product"}],"replies":[{"embeddable":true,"href":"https:\/\/areka.com\/en\/wp-json\/wp\/v2\/comments?post=1212"}],"wp:featuredmedia":[{"embeddable":true,"href":"https:\/\/areka.com\/en\/wp-json\/wp\/v2\/media\/2477"}],"wp:attachment":[{"href":"https:\/\/areka.com\/en\/wp-json\/wp\/v2\/media?parent=1212"}],"wp:term":[{"taxonomy":"product_brand","embeddable":true,"href":"https:\/\/areka.com\/en\/wp-json\/wp\/v2\/product_brand?post=1212"},{"taxonomy":"product_cat","embeddable":true,"href":"https:\/\/areka.com\/en\/wp-json\/wp\/v2\/product_cat?post=1212"},{"taxonomy":"product_tag","embeddable":true,"href":"https:\/\/areka.com\/en\/wp-json\/wp\/v2\/product_tag?post=1212"}],"curies":[{"name":"wp","href":"https:\/\/api.w.org\/{rel}","templated":true}]}}