{"id":159,"date":"2023-04-22T14:34:36","date_gmt":"2023-04-22T12:34:36","guid":{"rendered":"https:\/\/areka.com\/?post_type=product&#038;p=159"},"modified":"2026-03-31T10:34:54","modified_gmt":"2026-03-31T08:34:54","slug":"boite-clic-clac-45-mm-avec-bonbons-imprimes","status":"publish","type":"product","link":"https:\/\/areka.com\/en\/produit\/boite-clic-clac-45-mm-avec-bonbons-imprimes\/","title":{"rendered":"Clic Clac \u00d8 45mm  avec bonbons imprim\u00e9s"},"content":{"rendered":"<p><strong>L\u2019original Clic Clac \u2013 \u00e9l\u00e9gant et rafra\u00eechissant.<\/strong><br \/>\nBo\u00eete Clic Clac en m\u00e9tal au design \u00e9l\u00e9gant, d\u00e9clin\u00e9e en plusieurs couleurs. Personnalisation num\u00e9rique directe sur les pastilles avec des encres alimentaires certifi\u00e9es UE. Un support promotionnel frais, moderne et \u00e0 fort impact.<\/p>\n<ul>\n<li>Contenu: 12 g<\/li>\n<li>Dimensions: \u00d8 45 mm, hauteur approx. 15 mm<\/li>\n<li>Conditionnement: 21 x 24 pcs. par carton \/ 504 pcs. dans le carton d&#8217;exp\u00e9dition<\/li>\n<li>D\u00e9lai de conservation: approx. 36 mois en cas de stockage appropri\u00e9<\/li>\n<li>D\u00e9lai de livraison:\n<ul>\n<li>jusqu\u2018\u00e0 500 pcs : d\u00e9part 10 jours apr\u00e8s accord BAT<\/li>\n<li>jusqu\u2018\u00e0 2 000 pcs : d\u00e9part 15 jours apr\u00e8s accord BAT<\/li>\n<li>au del\u00e0 : nous consulter<\/li>\n<\/ul>\n<\/li>\n<\/ul>\n<div id=\"sconnect-is-installed\" style=\"display: none;\">2.11.0.0<\/div>\n<div id=\"sconnect-is-installed\" style=\"display: none;\">2.11.0.0<\/div>\n","protected":false},"excerpt":{"rendered":"<p>&nbsp;<\/p>\n<div id=\"sconnect-is-installed\" style=\"display: none;\">2.11.0.0<\/div>\n<div id=\"sconnect-is-installed\" style=\"display: none;\">2.11.0.0<\/div>\n","protected":false},"featured_media":919,"comment_status":"open","ping_status":"closed","template":"","meta":{"_acf_changed":false,"inline_featured_image":false},"product_brand":[],"product_cat":[35,26,27],"product_tag":[],"class_list":{"0":"post-159","1":"product","2":"type-product","3":"status-publish","4":"has-post-thumbnail","6":"product_cat-produits-personnalisables","7":"product_cat-boites-clic-clac","8":"product_cat-boites","10":"first","11":"instock","12":"shipping-taxable","13":"product-type-simple"},"acf":[],"yoast_head":"<!-- This site is optimized with the Yoast SEO plugin v24.9 - https:\/\/yoast.com\/wordpress\/plugins\/seo\/ -->\n<title>Clic Clac \u00d8 45mm avec bonbons imprim\u00e9s : Areka<\/title>\n<meta name=\"robots\" content=\"index, follow, max-snippet:-1, max-image-preview:large, max-video-preview:-1\" \/>\n<link rel=\"canonical\" href=\"https:\/\/areka.com\/en\/produit\/boite-clic-clac-45-mm-avec-bonbons-imprimes\/\" \/>\n<meta property=\"og:locale\" content=\"en_US\" \/>\n<meta property=\"og:type\" content=\"article\" \/>\n<meta property=\"og:title\" content=\"Clic Clac \u00d8 45mm avec bonbons imprim\u00e9s : Areka\" \/>\n<meta property=\"og:description\" content=\"&nbsp; 2.11.0.0 2.11.0.0\" \/>\n<meta property=\"og:url\" content=\"https:\/\/areka.com\/en\/produit\/boite-clic-clac-45-mm-avec-bonbons-imprimes\/\" \/>\n<meta property=\"og:site_name\" content=\"Areka\" \/>\n<meta property=\"article:modified_time\" content=\"2026-03-31T08:34:54+00:00\" \/>\n<meta property=\"og:image\" content=\"https:\/\/areka.com\/wp-content\/uploads\/2024\/06\/clic-clac-45-avec-bonbons.png\" \/>\n\t<meta property=\"og:image:width\" content=\"412\" \/>\n\t<meta property=\"og:image:height\" content=\"412\" \/>\n\t<meta property=\"og:image:type\" content=\"image\/png\" \/>\n<meta name=\"twitter:card\" content=\"summary_large_image\" \/>\n<meta name=\"twitter:label1\" content=\"Est. reading time\" \/>\n\t<meta name=\"twitter:data1\" content=\"1 minute\" \/>\n<script type=\"application\/ld+json\" class=\"yoast-schema-graph\">{\"@context\":\"https:\/\/schema.org\",\"@graph\":[{\"@type\":\"WebPage\",\"@id\":\"https:\/\/areka.com\/en\/produit\/boite-clic-clac-45-mm-avec-bonbons-imprimes\/\",\"url\":\"https:\/\/areka.com\/en\/produit\/boite-clic-clac-45-mm-avec-bonbons-imprimes\/\",\"name\":\"Clic Clac \u00d8 45mm avec bonbons imprim\u00e9s : Areka\",\"isPartOf\":{\"@id\":\"https:\/\/areka.com\/en\/#website\"},\"primaryImageOfPage\":{\"@id\":\"https:\/\/areka.com\/en\/produit\/boite-clic-clac-45-mm-avec-bonbons-imprimes\/#primaryimage\"},\"image\":{\"@id\":\"https:\/\/areka.com\/en\/produit\/boite-clic-clac-45-mm-avec-bonbons-imprimes\/#primaryimage\"},\"thumbnailUrl\":\"https:\/\/areka.com\/wp-content\/uploads\/2024\/06\/clic-clac-45-avec-bonbons.png\",\"datePublished\":\"2023-04-22T12:34:36+00:00\",\"dateModified\":\"2026-03-31T08:34:54+00:00\",\"breadcrumb\":{\"@id\":\"https:\/\/areka.com\/en\/produit\/boite-clic-clac-45-mm-avec-bonbons-imprimes\/#breadcrumb\"},\"inLanguage\":\"en-US\",\"potentialAction\":[{\"@type\":\"ReadAction\",\"target\":[\"https:\/\/areka.com\/en\/produit\/boite-clic-clac-45-mm-avec-bonbons-imprimes\/\"]}]},{\"@type\":\"ImageObject\",\"inLanguage\":\"en-US\",\"@id\":\"https:\/\/areka.com\/en\/produit\/boite-clic-clac-45-mm-avec-bonbons-imprimes\/#primaryimage\",\"url\":\"https:\/\/areka.com\/wp-content\/uploads\/2024\/06\/clic-clac-45-avec-bonbons.png\",\"contentUrl\":\"https:\/\/areka.com\/wp-content\/uploads\/2024\/06\/clic-clac-45-avec-bonbons.png\",\"width\":412,\"height\":412},{\"@type\":\"BreadcrumbList\",\"@id\":\"https:\/\/areka.com\/en\/produit\/boite-clic-clac-45-mm-avec-bonbons-imprimes\/#breadcrumb\",\"itemListElement\":[{\"@type\":\"ListItem\",\"position\":1,\"name\":\"All of our products\",\"item\":\"https:\/\/areka.com\/en\/shop\/\"},{\"@type\":\"ListItem\",\"position\":2,\"name\":\"Personalized products\",\"item\":\"https:\/\/areka.com\/en\/product-category\/personalized-products\/\"},{\"@type\":\"ListItem\",\"position\":3,\"name\":\"Clic Clac \u00d8 45mm avec bonbons imprim\u00e9s\"}]},{\"@type\":\"WebSite\",\"@id\":\"https:\/\/areka.com\/en\/#website\",\"url\":\"https:\/\/areka.com\/en\/\",\"name\":\"Areka\",\"description\":\"Sp\u00e9cialiste fran\u00e7ais de la confiserie personnalis\u00e9e\",\"potentialAction\":[{\"@type\":\"SearchAction\",\"target\":{\"@type\":\"EntryPoint\",\"urlTemplate\":\"https:\/\/areka.com\/en\/?s={search_term_string}\"},\"query-input\":{\"@type\":\"PropertyValueSpecification\",\"valueRequired\":true,\"valueName\":\"search_term_string\"}}],\"inLanguage\":\"en-US\"}]}<\/script>\n<!-- \/ Yoast SEO plugin. -->","yoast_head_json":{"title":"Clic Clac \u00d8 45mm avec bonbons imprim\u00e9s : Areka","robots":{"index":"index","follow":"follow","max-snippet":"max-snippet:-1","max-image-preview":"max-image-preview:large","max-video-preview":"max-video-preview:-1"},"canonical":"https:\/\/areka.com\/en\/produit\/boite-clic-clac-45-mm-avec-bonbons-imprimes\/","og_locale":"en_US","og_type":"article","og_title":"Clic Clac \u00d8 45mm avec bonbons imprim\u00e9s : Areka","og_description":"&nbsp; 2.11.0.0 2.11.0.0","og_url":"https:\/\/areka.com\/en\/produit\/boite-clic-clac-45-mm-avec-bonbons-imprimes\/","og_site_name":"Areka","article_modified_time":"2026-03-31T08:34:54+00:00","og_image":[{"width":412,"height":412,"url":"https:\/\/areka.com\/wp-content\/uploads\/2024\/06\/clic-clac-45-avec-bonbons.png","type":"image\/png"}],"twitter_card":"summary_large_image","twitter_misc":{"Est. reading time":"1 minute"},"schema":{"@context":"https:\/\/schema.org","@graph":[{"@type":"WebPage","@id":"https:\/\/areka.com\/en\/produit\/boite-clic-clac-45-mm-avec-bonbons-imprimes\/","url":"https:\/\/areka.com\/en\/produit\/boite-clic-clac-45-mm-avec-bonbons-imprimes\/","name":"Clic Clac \u00d8 45mm avec bonbons imprim\u00e9s : Areka","isPartOf":{"@id":"https:\/\/areka.com\/en\/#website"},"primaryImageOfPage":{"@id":"https:\/\/areka.com\/en\/produit\/boite-clic-clac-45-mm-avec-bonbons-imprimes\/#primaryimage"},"image":{"@id":"https:\/\/areka.com\/en\/produit\/boite-clic-clac-45-mm-avec-bonbons-imprimes\/#primaryimage"},"thumbnailUrl":"https:\/\/areka.com\/wp-content\/uploads\/2024\/06\/clic-clac-45-avec-bonbons.png","datePublished":"2023-04-22T12:34:36+00:00","dateModified":"2026-03-31T08:34:54+00:00","breadcrumb":{"@id":"https:\/\/areka.com\/en\/produit\/boite-clic-clac-45-mm-avec-bonbons-imprimes\/#breadcrumb"},"inLanguage":"en-US","potentialAction":[{"@type":"ReadAction","target":["https:\/\/areka.com\/en\/produit\/boite-clic-clac-45-mm-avec-bonbons-imprimes\/"]}]},{"@type":"ImageObject","inLanguage":"en-US","@id":"https:\/\/areka.com\/en\/produit\/boite-clic-clac-45-mm-avec-bonbons-imprimes\/#primaryimage","url":"https:\/\/areka.com\/wp-content\/uploads\/2024\/06\/clic-clac-45-avec-bonbons.png","contentUrl":"https:\/\/areka.com\/wp-content\/uploads\/2024\/06\/clic-clac-45-avec-bonbons.png","width":412,"height":412},{"@type":"BreadcrumbList","@id":"https:\/\/areka.com\/en\/produit\/boite-clic-clac-45-mm-avec-bonbons-imprimes\/#breadcrumb","itemListElement":[{"@type":"ListItem","position":1,"name":"All of our products","item":"https:\/\/areka.com\/en\/shop\/"},{"@type":"ListItem","position":2,"name":"Personalized products","item":"https:\/\/areka.com\/en\/product-category\/personalized-products\/"},{"@type":"ListItem","position":3,"name":"Clic Clac \u00d8 45mm avec bonbons imprim\u00e9s"}]},{"@type":"WebSite","@id":"https:\/\/areka.com\/en\/#website","url":"https:\/\/areka.com\/en\/","name":"Areka","description":"Sp\u00e9cialiste fran\u00e7ais de la confiserie personnalis\u00e9e","potentialAction":[{"@type":"SearchAction","target":{"@type":"EntryPoint","urlTemplate":"https:\/\/areka.com\/en\/?s={search_term_string}"},"query-input":{"@type":"PropertyValueSpecification","valueRequired":true,"valueName":"search_term_string"}}],"inLanguage":"en-US"}]}},"_links":{"self":[{"href":"https:\/\/areka.com\/en\/wp-json\/wp\/v2\/product\/159","targetHints":{"allow":["GET"]}}],"collection":[{"href":"https:\/\/areka.com\/en\/wp-json\/wp\/v2\/product"}],"about":[{"href":"https:\/\/areka.com\/en\/wp-json\/wp\/v2\/types\/product"}],"replies":[{"embeddable":true,"href":"https:\/\/areka.com\/en\/wp-json\/wp\/v2\/comments?post=159"}],"wp:featuredmedia":[{"embeddable":true,"href":"https:\/\/areka.com\/en\/wp-json\/wp\/v2\/media\/919"}],"wp:attachment":[{"href":"https:\/\/areka.com\/en\/wp-json\/wp\/v2\/media?parent=159"}],"wp:term":[{"taxonomy":"product_brand","embeddable":true,"href":"https:\/\/areka.com\/en\/wp-json\/wp\/v2\/product_brand?post=159"},{"taxonomy":"product_cat","embeddable":true,"href":"https:\/\/areka.com\/en\/wp-json\/wp\/v2\/product_cat?post=159"},{"taxonomy":"product_tag","embeddable":true,"href":"https:\/\/areka.com\/en\/wp-json\/wp\/v2\/product_tag?post=159"}],"curies":[{"name":"wp","href":"https:\/\/api.w.org\/{rel}","templated":true}]}}