{"id":166,"date":"2023-04-22T14:45:15","date_gmt":"2023-04-22T12:45:15","guid":{"rendered":"https:\/\/areka.com\/?post_type=product&#038;p=166"},"modified":"2026-03-31T10:31:46","modified_gmt":"2026-03-31T08:31:46","slug":"clic-clac-o-76-mm","status":"publish","type":"product","link":"https:\/\/areka.com\/en\/produit\/clic-clac-o-76-mm\/","title":{"rendered":"Clic Clac \u00d8 76 mm"},"content":{"rendered":"<p><strong>Le Clic-Clac grand format qui fait la diff\u00e9rence.<\/strong><br \/>\nDisponible en blanc ou en acier, la Clic Clac \u00d8 76 mm impose son style avec un format XL et un design embl\u00e9matique. Propos\u00e9e avec 10 garnitures au choix, elle s\u2019adapte \u00e0 toutes les strat\u00e9gies promotionnelles. Sa surface de marquage extra-large, bien sup\u00e9rieure \u00e0 celle des mod\u00e8les 45 mm et 53 mm, garantit une visibilit\u00e9 exceptionnelle et fait de votre message un v\u00e9ritable point d\u2019attraction.<\/p>\n<ul>\n<li>Contenu: 50 g<\/li>\n<li>Dimensions: \u00d8 76 mm, hauteur approx. 22 mm<\/li>\n<li>Conditionnement: 144 pcs. par carton<\/li>\n<li>D\u00e9lai de conservation: approx. 12-18 mois en cas de stockage appropri\u00e9 (selon garniture)<\/li>\n<li>D\u00e9lai de livraison:\n<ul>\n<li>approx. 3 semaines apr\u00e8s accord du BAT<\/li>\n<li>au del\u00e0 : nous consulter<\/li>\n<\/ul>\n<\/li>\n<\/ul>\n<div id=\"sconnect-is-installed\" style=\"display: none;\">2.11.0.0<\/div>\n<div id=\"sconnect-is-installed\" style=\"display: none;\">2.11.0.0<\/div>\n<div id=\"sconnect-is-installed\" style=\"display: none;\">2.11.0.0<\/div>\n","protected":false},"excerpt":{"rendered":"<p>&nbsp;<\/p>\n<div id=\"sconnect-is-installed\" style=\"display: none;\">2.11.0.0<\/div>\n<div id=\"sconnect-is-installed\" style=\"display: none;\">2.11.0.0<\/div>\n<div id=\"sconnect-is-installed\" style=\"display: none;\">2.11.0.0<\/div>\n","protected":false},"featured_media":342,"comment_status":"open","ping_status":"closed","template":"","meta":{"_acf_changed":false,"inline_featured_image":false},"product_brand":[],"product_cat":[35,26,27],"product_tag":[],"class_list":{"0":"post-166","1":"product","2":"type-product","3":"status-publish","4":"has-post-thumbnail","6":"product_cat-produits-personnalisables","7":"product_cat-boites-clic-clac","8":"product_cat-boites","10":"first","11":"instock","12":"shipping-taxable","13":"product-type-simple"},"acf":[],"yoast_head":"<!-- This site is optimized with the Yoast SEO plugin v24.9 - https:\/\/yoast.com\/wordpress\/plugins\/seo\/ -->\n<title>Clic Clac \u00d8 76 mm : Areka<\/title>\n<meta name=\"robots\" content=\"index, follow, max-snippet:-1, max-image-preview:large, max-video-preview:-1\" \/>\n<link rel=\"canonical\" href=\"https:\/\/areka.com\/en\/produit\/clic-clac-o-76-mm\/\" \/>\n<meta property=\"og:locale\" content=\"en_US\" \/>\n<meta property=\"og:type\" content=\"article\" \/>\n<meta property=\"og:title\" content=\"Clic Clac \u00d8 76 mm : Areka\" \/>\n<meta property=\"og:description\" content=\"&nbsp; 2.11.0.0 2.11.0.0 2.11.0.0\" \/>\n<meta property=\"og:url\" content=\"https:\/\/areka.com\/en\/produit\/clic-clac-o-76-mm\/\" \/>\n<meta property=\"og:site_name\" content=\"Areka\" \/>\n<meta property=\"article:modified_time\" content=\"2026-03-31T08:31:46+00:00\" \/>\n<meta property=\"og:image\" content=\"https:\/\/areka.com\/wp-content\/uploads\/2023\/04\/76-1.png\" \/>\n\t<meta property=\"og:image:width\" content=\"1046\" \/>\n\t<meta property=\"og:image:height\" content=\"1044\" \/>\n\t<meta property=\"og:image:type\" content=\"image\/png\" \/>\n<meta name=\"twitter:card\" content=\"summary_large_image\" \/>\n<meta name=\"twitter:label1\" content=\"Est. reading time\" \/>\n\t<meta name=\"twitter:data1\" content=\"1 minute\" \/>\n<script type=\"application\/ld+json\" class=\"yoast-schema-graph\">{\"@context\":\"https:\/\/schema.org\",\"@graph\":[{\"@type\":\"WebPage\",\"@id\":\"https:\/\/areka.com\/en\/produit\/clic-clac-o-76-mm\/\",\"url\":\"https:\/\/areka.com\/en\/produit\/clic-clac-o-76-mm\/\",\"name\":\"Clic Clac \u00d8 76 mm : Areka\",\"isPartOf\":{\"@id\":\"https:\/\/areka.com\/en\/#website\"},\"primaryImageOfPage\":{\"@id\":\"https:\/\/areka.com\/en\/produit\/clic-clac-o-76-mm\/#primaryimage\"},\"image\":{\"@id\":\"https:\/\/areka.com\/en\/produit\/clic-clac-o-76-mm\/#primaryimage\"},\"thumbnailUrl\":\"https:\/\/areka.com\/wp-content\/uploads\/2023\/04\/76-1.png\",\"datePublished\":\"2023-04-22T12:45:15+00:00\",\"dateModified\":\"2026-03-31T08:31:46+00:00\",\"breadcrumb\":{\"@id\":\"https:\/\/areka.com\/en\/produit\/clic-clac-o-76-mm\/#breadcrumb\"},\"inLanguage\":\"en-US\",\"potentialAction\":[{\"@type\":\"ReadAction\",\"target\":[\"https:\/\/areka.com\/en\/produit\/clic-clac-o-76-mm\/\"]}]},{\"@type\":\"ImageObject\",\"inLanguage\":\"en-US\",\"@id\":\"https:\/\/areka.com\/en\/produit\/clic-clac-o-76-mm\/#primaryimage\",\"url\":\"https:\/\/areka.com\/wp-content\/uploads\/2023\/04\/76-1.png\",\"contentUrl\":\"https:\/\/areka.com\/wp-content\/uploads\/2023\/04\/76-1.png\",\"width\":1046,\"height\":1044},{\"@type\":\"BreadcrumbList\",\"@id\":\"https:\/\/areka.com\/en\/produit\/clic-clac-o-76-mm\/#breadcrumb\",\"itemListElement\":[{\"@type\":\"ListItem\",\"position\":1,\"name\":\"All of our products\",\"item\":\"https:\/\/areka.com\/en\/shop\/\"},{\"@type\":\"ListItem\",\"position\":2,\"name\":\"Personalized products\",\"item\":\"https:\/\/areka.com\/en\/product-category\/personalized-products\/\"},{\"@type\":\"ListItem\",\"position\":3,\"name\":\"Clic Clac \u00d8 76 mm\"}]},{\"@type\":\"WebSite\",\"@id\":\"https:\/\/areka.com\/en\/#website\",\"url\":\"https:\/\/areka.com\/en\/\",\"name\":\"Areka\",\"description\":\"Sp\u00e9cialiste fran\u00e7ais de la confiserie personnalis\u00e9e\",\"potentialAction\":[{\"@type\":\"SearchAction\",\"target\":{\"@type\":\"EntryPoint\",\"urlTemplate\":\"https:\/\/areka.com\/en\/?s={search_term_string}\"},\"query-input\":{\"@type\":\"PropertyValueSpecification\",\"valueRequired\":true,\"valueName\":\"search_term_string\"}}],\"inLanguage\":\"en-US\"}]}<\/script>\n<!-- \/ Yoast SEO plugin. -->","yoast_head_json":{"title":"Clic Clac \u00d8 76 mm : Areka","robots":{"index":"index","follow":"follow","max-snippet":"max-snippet:-1","max-image-preview":"max-image-preview:large","max-video-preview":"max-video-preview:-1"},"canonical":"https:\/\/areka.com\/en\/produit\/clic-clac-o-76-mm\/","og_locale":"en_US","og_type":"article","og_title":"Clic Clac \u00d8 76 mm : Areka","og_description":"&nbsp; 2.11.0.0 2.11.0.0 2.11.0.0","og_url":"https:\/\/areka.com\/en\/produit\/clic-clac-o-76-mm\/","og_site_name":"Areka","article_modified_time":"2026-03-31T08:31:46+00:00","og_image":[{"width":1046,"height":1044,"url":"https:\/\/areka.com\/wp-content\/uploads\/2023\/04\/76-1.png","type":"image\/png"}],"twitter_card":"summary_large_image","twitter_misc":{"Est. reading time":"1 minute"},"schema":{"@context":"https:\/\/schema.org","@graph":[{"@type":"WebPage","@id":"https:\/\/areka.com\/en\/produit\/clic-clac-o-76-mm\/","url":"https:\/\/areka.com\/en\/produit\/clic-clac-o-76-mm\/","name":"Clic Clac \u00d8 76 mm : Areka","isPartOf":{"@id":"https:\/\/areka.com\/en\/#website"},"primaryImageOfPage":{"@id":"https:\/\/areka.com\/en\/produit\/clic-clac-o-76-mm\/#primaryimage"},"image":{"@id":"https:\/\/areka.com\/en\/produit\/clic-clac-o-76-mm\/#primaryimage"},"thumbnailUrl":"https:\/\/areka.com\/wp-content\/uploads\/2023\/04\/76-1.png","datePublished":"2023-04-22T12:45:15+00:00","dateModified":"2026-03-31T08:31:46+00:00","breadcrumb":{"@id":"https:\/\/areka.com\/en\/produit\/clic-clac-o-76-mm\/#breadcrumb"},"inLanguage":"en-US","potentialAction":[{"@type":"ReadAction","target":["https:\/\/areka.com\/en\/produit\/clic-clac-o-76-mm\/"]}]},{"@type":"ImageObject","inLanguage":"en-US","@id":"https:\/\/areka.com\/en\/produit\/clic-clac-o-76-mm\/#primaryimage","url":"https:\/\/areka.com\/wp-content\/uploads\/2023\/04\/76-1.png","contentUrl":"https:\/\/areka.com\/wp-content\/uploads\/2023\/04\/76-1.png","width":1046,"height":1044},{"@type":"BreadcrumbList","@id":"https:\/\/areka.com\/en\/produit\/clic-clac-o-76-mm\/#breadcrumb","itemListElement":[{"@type":"ListItem","position":1,"name":"All of our products","item":"https:\/\/areka.com\/en\/shop\/"},{"@type":"ListItem","position":2,"name":"Personalized products","item":"https:\/\/areka.com\/en\/product-category\/personalized-products\/"},{"@type":"ListItem","position":3,"name":"Clic Clac \u00d8 76 mm"}]},{"@type":"WebSite","@id":"https:\/\/areka.com\/en\/#website","url":"https:\/\/areka.com\/en\/","name":"Areka","description":"Sp\u00e9cialiste fran\u00e7ais de la confiserie personnalis\u00e9e","potentialAction":[{"@type":"SearchAction","target":{"@type":"EntryPoint","urlTemplate":"https:\/\/areka.com\/en\/?s={search_term_string}"},"query-input":{"@type":"PropertyValueSpecification","valueRequired":true,"valueName":"search_term_string"}}],"inLanguage":"en-US"}]}},"_links":{"self":[{"href":"https:\/\/areka.com\/en\/wp-json\/wp\/v2\/product\/166","targetHints":{"allow":["GET"]}}],"collection":[{"href":"https:\/\/areka.com\/en\/wp-json\/wp\/v2\/product"}],"about":[{"href":"https:\/\/areka.com\/en\/wp-json\/wp\/v2\/types\/product"}],"replies":[{"embeddable":true,"href":"https:\/\/areka.com\/en\/wp-json\/wp\/v2\/comments?post=166"}],"wp:featuredmedia":[{"embeddable":true,"href":"https:\/\/areka.com\/en\/wp-json\/wp\/v2\/media\/342"}],"wp:attachment":[{"href":"https:\/\/areka.com\/en\/wp-json\/wp\/v2\/media?parent=166"}],"wp:term":[{"taxonomy":"product_brand","embeddable":true,"href":"https:\/\/areka.com\/en\/wp-json\/wp\/v2\/product_brand?post=166"},{"taxonomy":"product_cat","embeddable":true,"href":"https:\/\/areka.com\/en\/wp-json\/wp\/v2\/product_cat?post=166"},{"taxonomy":"product_tag","embeddable":true,"href":"https:\/\/areka.com\/en\/wp-json\/wp\/v2\/product_tag?post=166"}],"curies":[{"name":"wp","href":"https:\/\/api.w.org\/{rel}","templated":true}]}}