{"id":1693,"date":"2024-10-13T19:58:36","date_gmt":"2024-10-13T17:58:36","guid":{"rendered":"https:\/\/areka.com\/?post_type=product&#038;p=1693"},"modified":"2026-04-15T11:33:28","modified_gmt":"2026-04-15T09:33:28","slug":"sucettes-plates-6-g","status":"publish","type":"product","link":"https:\/\/areka.com\/en\/produit\/sucettes-plates-6-g\/","title":{"rendered":"Sucettes plates 6 g"},"content":{"rendered":"<p><strong>Le message qui claque\u2026 en une sucette.<\/strong><br \/>\nColor\u00e9e et gourmande, la sucette plate se d\u00e9cline en plusieurs saveurs fruit\u00e9es ou cola, pour un plaisir imm\u00e9diat. Id\u00e9ale pour un anniversaire d\u2019entreprise, un salon ou un \u00e9v\u00e9nement culturel, elle s\u2019impose comme un support publicitaire festif et m\u00e9morable.<\/p>\n<ul>\n<li>Contenu: 6 g<\/li>\n<li>Saveurs:\n<ul>\n<li>Cerise<\/li>\n<li>Citron<\/li>\n<li>Mandarine<\/li>\n<li>Pomme verte<\/li>\n<li>Cola<\/li>\n<li>Menthe blanche<\/li>\n<li>Fraise<\/li>\n<\/ul>\n<\/li>\n<li>Autres parfums sur demande<\/li>\n<\/ul>\n<p>TOUS CES PARFUMS SONT DISPONIBLES EN COULEUR BLEUE AVEC OU SANS COLORANT<\/p>\n<ul>\n<li>Dimensions papier: approx. 65 x 70 mm \u00e0 plat sur 1 face<\/li>\n<li>D\u00e9lai de conservation: approx. 18 mois en cas de stockage appropri\u00e9<\/li>\n<li>D\u00e9lai de livraison:\n<ul>\n<li>approx. 3 semaines apr\u00e8s accord du BAT<\/li>\n<li>approx. 2 semaines apr\u00e8s accord du BAT (r\u00e9assort)<\/li>\n<\/ul>\n<\/li>\n<\/ul>\n","protected":false},"excerpt":{"rendered":"<p>Le message qui claque\u2026 en une sucette. Color\u00e9e et gourmande, la sucette plate se d\u00e9cline en plusieurs saveurs fruit\u00e9es ou cola, pour un plaisir imm\u00e9diat. Id\u00e9ale pour un anniversaire d\u2019entreprise, un salon ou un \u00e9v\u00e9nement culturel, elle s\u2019impose comme un support publicitaire festif et m\u00e9morable. Contenu: 6 g Saveurs: Cerise Citron Mandarine Pomme verte Cola<a href=\"https:\/\/areka.com\/en\/produit\/sucettes-plates-6-g\/\">Continue reading <span class=\"sr-only\">&#8220;Sucettes plates 6 g&#8221;<\/span><\/a><\/p>\n","protected":false},"featured_media":1703,"comment_status":"open","ping_status":"closed","template":"","meta":{"_acf_changed":false,"inline_featured_image":false},"product_brand":[],"product_cat":[35,28],"product_tag":[],"class_list":{"0":"post-1693","1":"product","2":"type-product","3":"status-publish","4":"has-post-thumbnail","6":"product_cat-produits-personnalisables","7":"product_cat-bonbons-et-sucettes","9":"first","10":"instock","11":"shipping-taxable","12":"product-type-simple"},"acf":[],"yoast_head":"<!-- This site is optimized with the Yoast SEO plugin v24.9 - https:\/\/yoast.com\/wordpress\/plugins\/seo\/ -->\n<title>Sucettes plates 6 g : Areka<\/title>\n<meta name=\"robots\" content=\"index, follow, max-snippet:-1, max-image-preview:large, max-video-preview:-1\" \/>\n<link rel=\"canonical\" href=\"https:\/\/areka.com\/en\/produit\/sucettes-plates-6-g\/\" \/>\n<meta property=\"og:locale\" content=\"en_US\" \/>\n<meta property=\"og:type\" content=\"article\" \/>\n<meta property=\"og:title\" content=\"Sucettes plates 6 g : Areka\" \/>\n<meta property=\"og:description\" content=\"Le message qui claque\u2026 en une sucette. Color\u00e9e et gourmande, la sucette plate se d\u00e9cline en plusieurs saveurs fruit\u00e9es ou cola, pour un plaisir imm\u00e9diat. Id\u00e9ale pour un anniversaire d\u2019entreprise, un salon ou un \u00e9v\u00e9nement culturel, elle s\u2019impose comme un support publicitaire festif et m\u00e9morable. Contenu: 6 g Saveurs: Cerise Citron Mandarine Pomme verte ColaContinue reading &quot;Sucettes plates 6 g&quot;\" \/>\n<meta property=\"og:url\" content=\"https:\/\/areka.com\/en\/produit\/sucettes-plates-6-g\/\" \/>\n<meta property=\"og:site_name\" content=\"Areka\" \/>\n<meta property=\"article:modified_time\" content=\"2026-04-15T09:33:28+00:00\" \/>\n<meta property=\"og:image\" content=\"https:\/\/areka.com\/wp-content\/uploads\/2024\/10\/sucette-plate-6gr-1.png\" \/>\n\t<meta property=\"og:image:width\" content=\"1501\" \/>\n\t<meta property=\"og:image:height\" content=\"1496\" \/>\n\t<meta property=\"og:image:type\" content=\"image\/png\" \/>\n<meta name=\"twitter:card\" content=\"summary_large_image\" \/>\n<meta name=\"twitter:label1\" content=\"Est. reading time\" \/>\n\t<meta name=\"twitter:data1\" content=\"1 minute\" \/>\n<script type=\"application\/ld+json\" class=\"yoast-schema-graph\">{\"@context\":\"https:\/\/schema.org\",\"@graph\":[{\"@type\":\"WebPage\",\"@id\":\"https:\/\/areka.com\/en\/produit\/sucettes-plates-6-g\/\",\"url\":\"https:\/\/areka.com\/en\/produit\/sucettes-plates-6-g\/\",\"name\":\"Sucettes plates 6 g : Areka\",\"isPartOf\":{\"@id\":\"https:\/\/areka.com\/en\/#website\"},\"primaryImageOfPage\":{\"@id\":\"https:\/\/areka.com\/en\/produit\/sucettes-plates-6-g\/#primaryimage\"},\"image\":{\"@id\":\"https:\/\/areka.com\/en\/produit\/sucettes-plates-6-g\/#primaryimage\"},\"thumbnailUrl\":\"https:\/\/areka.com\/wp-content\/uploads\/2024\/10\/sucette-plate-6gr-1.png\",\"datePublished\":\"2024-10-13T17:58:36+00:00\",\"dateModified\":\"2026-04-15T09:33:28+00:00\",\"breadcrumb\":{\"@id\":\"https:\/\/areka.com\/en\/produit\/sucettes-plates-6-g\/#breadcrumb\"},\"inLanguage\":\"en-US\",\"potentialAction\":[{\"@type\":\"ReadAction\",\"target\":[\"https:\/\/areka.com\/en\/produit\/sucettes-plates-6-g\/\"]}]},{\"@type\":\"ImageObject\",\"inLanguage\":\"en-US\",\"@id\":\"https:\/\/areka.com\/en\/produit\/sucettes-plates-6-g\/#primaryimage\",\"url\":\"https:\/\/areka.com\/wp-content\/uploads\/2024\/10\/sucette-plate-6gr-1.png\",\"contentUrl\":\"https:\/\/areka.com\/wp-content\/uploads\/2024\/10\/sucette-plate-6gr-1.png\",\"width\":1501,\"height\":1496},{\"@type\":\"BreadcrumbList\",\"@id\":\"https:\/\/areka.com\/en\/produit\/sucettes-plates-6-g\/#breadcrumb\",\"itemListElement\":[{\"@type\":\"ListItem\",\"position\":1,\"name\":\"All of our products\",\"item\":\"https:\/\/areka.com\/en\/shop\/\"},{\"@type\":\"ListItem\",\"position\":2,\"name\":\"Personalized products\",\"item\":\"https:\/\/areka.com\/en\/product-category\/personalized-products\/\"},{\"@type\":\"ListItem\",\"position\":3,\"name\":\"Sucettes plates 6 g\"}]},{\"@type\":\"WebSite\",\"@id\":\"https:\/\/areka.com\/en\/#website\",\"url\":\"https:\/\/areka.com\/en\/\",\"name\":\"Areka\",\"description\":\"Sp\u00e9cialiste fran\u00e7ais de la confiserie personnalis\u00e9e\",\"potentialAction\":[{\"@type\":\"SearchAction\",\"target\":{\"@type\":\"EntryPoint\",\"urlTemplate\":\"https:\/\/areka.com\/en\/?s={search_term_string}\"},\"query-input\":{\"@type\":\"PropertyValueSpecification\",\"valueRequired\":true,\"valueName\":\"search_term_string\"}}],\"inLanguage\":\"en-US\"}]}<\/script>\n<!-- \/ Yoast SEO plugin. -->","yoast_head_json":{"title":"Sucettes plates 6 g : Areka","robots":{"index":"index","follow":"follow","max-snippet":"max-snippet:-1","max-image-preview":"max-image-preview:large","max-video-preview":"max-video-preview:-1"},"canonical":"https:\/\/areka.com\/en\/produit\/sucettes-plates-6-g\/","og_locale":"en_US","og_type":"article","og_title":"Sucettes plates 6 g : Areka","og_description":"Le message qui claque\u2026 en une sucette. Color\u00e9e et gourmande, la sucette plate se d\u00e9cline en plusieurs saveurs fruit\u00e9es ou cola, pour un plaisir imm\u00e9diat. Id\u00e9ale pour un anniversaire d\u2019entreprise, un salon ou un \u00e9v\u00e9nement culturel, elle s\u2019impose comme un support publicitaire festif et m\u00e9morable. Contenu: 6 g Saveurs: Cerise Citron Mandarine Pomme verte ColaContinue reading \"Sucettes plates 6 g\"","og_url":"https:\/\/areka.com\/en\/produit\/sucettes-plates-6-g\/","og_site_name":"Areka","article_modified_time":"2026-04-15T09:33:28+00:00","og_image":[{"width":1501,"height":1496,"url":"https:\/\/areka.com\/wp-content\/uploads\/2024\/10\/sucette-plate-6gr-1.png","type":"image\/png"}],"twitter_card":"summary_large_image","twitter_misc":{"Est. reading time":"1 minute"},"schema":{"@context":"https:\/\/schema.org","@graph":[{"@type":"WebPage","@id":"https:\/\/areka.com\/en\/produit\/sucettes-plates-6-g\/","url":"https:\/\/areka.com\/en\/produit\/sucettes-plates-6-g\/","name":"Sucettes plates 6 g : Areka","isPartOf":{"@id":"https:\/\/areka.com\/en\/#website"},"primaryImageOfPage":{"@id":"https:\/\/areka.com\/en\/produit\/sucettes-plates-6-g\/#primaryimage"},"image":{"@id":"https:\/\/areka.com\/en\/produit\/sucettes-plates-6-g\/#primaryimage"},"thumbnailUrl":"https:\/\/areka.com\/wp-content\/uploads\/2024\/10\/sucette-plate-6gr-1.png","datePublished":"2024-10-13T17:58:36+00:00","dateModified":"2026-04-15T09:33:28+00:00","breadcrumb":{"@id":"https:\/\/areka.com\/en\/produit\/sucettes-plates-6-g\/#breadcrumb"},"inLanguage":"en-US","potentialAction":[{"@type":"ReadAction","target":["https:\/\/areka.com\/en\/produit\/sucettes-plates-6-g\/"]}]},{"@type":"ImageObject","inLanguage":"en-US","@id":"https:\/\/areka.com\/en\/produit\/sucettes-plates-6-g\/#primaryimage","url":"https:\/\/areka.com\/wp-content\/uploads\/2024\/10\/sucette-plate-6gr-1.png","contentUrl":"https:\/\/areka.com\/wp-content\/uploads\/2024\/10\/sucette-plate-6gr-1.png","width":1501,"height":1496},{"@type":"BreadcrumbList","@id":"https:\/\/areka.com\/en\/produit\/sucettes-plates-6-g\/#breadcrumb","itemListElement":[{"@type":"ListItem","position":1,"name":"All of our products","item":"https:\/\/areka.com\/en\/shop\/"},{"@type":"ListItem","position":2,"name":"Personalized products","item":"https:\/\/areka.com\/en\/product-category\/personalized-products\/"},{"@type":"ListItem","position":3,"name":"Sucettes plates 6 g"}]},{"@type":"WebSite","@id":"https:\/\/areka.com\/en\/#website","url":"https:\/\/areka.com\/en\/","name":"Areka","description":"Sp\u00e9cialiste fran\u00e7ais de la confiserie personnalis\u00e9e","potentialAction":[{"@type":"SearchAction","target":{"@type":"EntryPoint","urlTemplate":"https:\/\/areka.com\/en\/?s={search_term_string}"},"query-input":{"@type":"PropertyValueSpecification","valueRequired":true,"valueName":"search_term_string"}}],"inLanguage":"en-US"}]}},"_links":{"self":[{"href":"https:\/\/areka.com\/en\/wp-json\/wp\/v2\/product\/1693","targetHints":{"allow":["GET"]}}],"collection":[{"href":"https:\/\/areka.com\/en\/wp-json\/wp\/v2\/product"}],"about":[{"href":"https:\/\/areka.com\/en\/wp-json\/wp\/v2\/types\/product"}],"replies":[{"embeddable":true,"href":"https:\/\/areka.com\/en\/wp-json\/wp\/v2\/comments?post=1693"}],"wp:featuredmedia":[{"embeddable":true,"href":"https:\/\/areka.com\/en\/wp-json\/wp\/v2\/media\/1703"}],"wp:attachment":[{"href":"https:\/\/areka.com\/en\/wp-json\/wp\/v2\/media?parent=1693"}],"wp:term":[{"taxonomy":"product_brand","embeddable":true,"href":"https:\/\/areka.com\/en\/wp-json\/wp\/v2\/product_brand?post=1693"},{"taxonomy":"product_cat","embeddable":true,"href":"https:\/\/areka.com\/en\/wp-json\/wp\/v2\/product_cat?post=1693"},{"taxonomy":"product_tag","embeddable":true,"href":"https:\/\/areka.com\/en\/wp-json\/wp\/v2\/product_tag?post=1693"}],"curies":[{"name":"wp","href":"https:\/\/api.w.org\/{rel}","templated":true}]}}