{"id":1694,"date":"2024-10-13T20:01:05","date_gmt":"2024-10-13T18:01:05","guid":{"rendered":"https:\/\/areka.com\/?post_type=product&#038;p=1694"},"modified":"2026-04-15T11:34:27","modified_gmt":"2026-04-15T09:34:27","slug":"sucettes-boules-9-g","status":"publish","type":"product","link":"https:\/\/areka.com\/en\/produit\/sucettes-boules-9-g\/","title":{"rendered":"Sucettes boules 9 g"},"content":{"rendered":"<p><strong>Faites fondre les mots, explosez les \u00e9motions !<\/strong><br \/>\nUn cadeau publicitaire qui marque les esprits. Appr\u00e9ci\u00e9e par tous, la sucette boule publicitaire personnalis\u00e9e s\u00e9duit autant par son go\u00fbt que par son originalit\u00e9, faisant d\u2019elle un objet promotionnel efficace et inoubliable.<\/p>\n<ul>\n<li>Contenu: 9 g<\/li>\n<li>Saveurs:\n<ul>\n<li>Cerise<\/li>\n<li>Citron<\/li>\n<li>Mandarine<\/li>\n<li>Pomme verte<\/li>\n<li>Cola ou assortiment de ces 5 parfums<\/li>\n<li>Menthe blanche<\/li>\n<li>Fraise<\/li>\n<\/ul>\n<\/li>\n<li>Autres parfums sur demande<\/li>\n<\/ul>\n<p>TOUS CES PARFUMS SONT DISPONIBLES EN COULEUR BLEUE AVEC OU SANS COLORANT<\/p>\n<ul>\n<li>Dimensions papier: approx. 55 x 25 mm \u00e0 plat<\/li>\n<li>D\u00e9lai de conservation: approx. 18 mois en cas de stockage appropri\u00e9<\/li>\n<li>D\u00e9lai de livraison:\n<ul>\n<li>approx. 3 semaines apr\u00e8s accord du BAT<\/li>\n<li>approx. 2 semaines apr\u00e8s accord du BAT (r\u00e9assort)<\/li>\n<\/ul>\n<\/li>\n<\/ul>\n","protected":false},"excerpt":{"rendered":"<p>Faites fondre les mots, explosez les \u00e9motions ! Un cadeau publicitaire qui marque les esprits. Appr\u00e9ci\u00e9e par tous, la sucette boule publicitaire personnalis\u00e9e s\u00e9duit autant par son go\u00fbt que par son originalit\u00e9, faisant d\u2019elle un objet promotionnel efficace et inoubliable. Contenu: 9 g Saveurs: Cerise Citron Mandarine Pomme verte Cola ou assortiment de ces 5<a href=\"https:\/\/areka.com\/en\/produit\/sucettes-boules-9-g\/\">Continue reading <span class=\"sr-only\">&#8220;Sucettes boules 9 g&#8221;<\/span><\/a><\/p>\n","protected":false},"featured_media":1705,"comment_status":"open","ping_status":"closed","template":"","meta":{"_acf_changed":false,"inline_featured_image":false},"product_brand":[],"product_cat":[35,28],"product_tag":[],"class_list":{"0":"post-1694","1":"product","2":"type-product","3":"status-publish","4":"has-post-thumbnail","6":"product_cat-produits-personnalisables","7":"product_cat-bonbons-et-sucettes","9":"first","10":"instock","11":"shipping-taxable","12":"product-type-simple"},"acf":[],"yoast_head":"<!-- This site is optimized with the Yoast SEO plugin v24.9 - https:\/\/yoast.com\/wordpress\/plugins\/seo\/ -->\n<title>Sucettes boules 9 g : Areka<\/title>\n<meta name=\"robots\" content=\"index, follow, max-snippet:-1, max-image-preview:large, max-video-preview:-1\" \/>\n<link rel=\"canonical\" href=\"https:\/\/areka.com\/en\/produit\/sucettes-boules-9-g\/\" \/>\n<meta property=\"og:locale\" content=\"en_US\" \/>\n<meta property=\"og:type\" content=\"article\" \/>\n<meta property=\"og:title\" content=\"Sucettes boules 9 g : Areka\" \/>\n<meta property=\"og:description\" content=\"Faites fondre les mots, explosez les \u00e9motions ! Un cadeau publicitaire qui marque les esprits. Appr\u00e9ci\u00e9e par tous, la sucette boule publicitaire personnalis\u00e9e s\u00e9duit autant par son go\u00fbt que par son originalit\u00e9, faisant d\u2019elle un objet promotionnel efficace et inoubliable. Contenu: 9 g Saveurs: Cerise Citron Mandarine Pomme verte Cola ou assortiment de ces 5Continue reading &quot;Sucettes boules 9 g&quot;\" \/>\n<meta property=\"og:url\" content=\"https:\/\/areka.com\/en\/produit\/sucettes-boules-9-g\/\" \/>\n<meta property=\"og:site_name\" content=\"Areka\" \/>\n<meta property=\"article:modified_time\" content=\"2026-04-15T09:34:27+00:00\" \/>\n<meta property=\"og:image\" content=\"https:\/\/areka.com\/wp-content\/uploads\/2024\/10\/sucette-ronde-9gr-1.png\" \/>\n\t<meta property=\"og:image:width\" content=\"1542\" \/>\n\t<meta property=\"og:image:height\" content=\"1424\" \/>\n\t<meta property=\"og:image:type\" content=\"image\/png\" \/>\n<meta name=\"twitter:card\" content=\"summary_large_image\" \/>\n<meta name=\"twitter:label1\" content=\"Est. reading time\" \/>\n\t<meta name=\"twitter:data1\" content=\"1 minute\" \/>\n<script type=\"application\/ld+json\" class=\"yoast-schema-graph\">{\"@context\":\"https:\/\/schema.org\",\"@graph\":[{\"@type\":\"WebPage\",\"@id\":\"https:\/\/areka.com\/en\/produit\/sucettes-boules-9-g\/\",\"url\":\"https:\/\/areka.com\/en\/produit\/sucettes-boules-9-g\/\",\"name\":\"Sucettes boules 9 g : Areka\",\"isPartOf\":{\"@id\":\"https:\/\/areka.com\/en\/#website\"},\"primaryImageOfPage\":{\"@id\":\"https:\/\/areka.com\/en\/produit\/sucettes-boules-9-g\/#primaryimage\"},\"image\":{\"@id\":\"https:\/\/areka.com\/en\/produit\/sucettes-boules-9-g\/#primaryimage\"},\"thumbnailUrl\":\"https:\/\/areka.com\/wp-content\/uploads\/2024\/10\/sucette-ronde-9gr-1.png\",\"datePublished\":\"2024-10-13T18:01:05+00:00\",\"dateModified\":\"2026-04-15T09:34:27+00:00\",\"breadcrumb\":{\"@id\":\"https:\/\/areka.com\/en\/produit\/sucettes-boules-9-g\/#breadcrumb\"},\"inLanguage\":\"en-US\",\"potentialAction\":[{\"@type\":\"ReadAction\",\"target\":[\"https:\/\/areka.com\/en\/produit\/sucettes-boules-9-g\/\"]}]},{\"@type\":\"ImageObject\",\"inLanguage\":\"en-US\",\"@id\":\"https:\/\/areka.com\/en\/produit\/sucettes-boules-9-g\/#primaryimage\",\"url\":\"https:\/\/areka.com\/wp-content\/uploads\/2024\/10\/sucette-ronde-9gr-1.png\",\"contentUrl\":\"https:\/\/areka.com\/wp-content\/uploads\/2024\/10\/sucette-ronde-9gr-1.png\",\"width\":1542,\"height\":1424},{\"@type\":\"BreadcrumbList\",\"@id\":\"https:\/\/areka.com\/en\/produit\/sucettes-boules-9-g\/#breadcrumb\",\"itemListElement\":[{\"@type\":\"ListItem\",\"position\":1,\"name\":\"All of our products\",\"item\":\"https:\/\/areka.com\/en\/shop\/\"},{\"@type\":\"ListItem\",\"position\":2,\"name\":\"Personalized products\",\"item\":\"https:\/\/areka.com\/en\/product-category\/personalized-products\/\"},{\"@type\":\"ListItem\",\"position\":3,\"name\":\"Sucettes boules 9 g\"}]},{\"@type\":\"WebSite\",\"@id\":\"https:\/\/areka.com\/en\/#website\",\"url\":\"https:\/\/areka.com\/en\/\",\"name\":\"Areka\",\"description\":\"Sp\u00e9cialiste fran\u00e7ais de la confiserie personnalis\u00e9e\",\"potentialAction\":[{\"@type\":\"SearchAction\",\"target\":{\"@type\":\"EntryPoint\",\"urlTemplate\":\"https:\/\/areka.com\/en\/?s={search_term_string}\"},\"query-input\":{\"@type\":\"PropertyValueSpecification\",\"valueRequired\":true,\"valueName\":\"search_term_string\"}}],\"inLanguage\":\"en-US\"}]}<\/script>\n<!-- \/ Yoast SEO plugin. -->","yoast_head_json":{"title":"Sucettes boules 9 g : Areka","robots":{"index":"index","follow":"follow","max-snippet":"max-snippet:-1","max-image-preview":"max-image-preview:large","max-video-preview":"max-video-preview:-1"},"canonical":"https:\/\/areka.com\/en\/produit\/sucettes-boules-9-g\/","og_locale":"en_US","og_type":"article","og_title":"Sucettes boules 9 g : Areka","og_description":"Faites fondre les mots, explosez les \u00e9motions ! Un cadeau publicitaire qui marque les esprits. Appr\u00e9ci\u00e9e par tous, la sucette boule publicitaire personnalis\u00e9e s\u00e9duit autant par son go\u00fbt que par son originalit\u00e9, faisant d\u2019elle un objet promotionnel efficace et inoubliable. Contenu: 9 g Saveurs: Cerise Citron Mandarine Pomme verte Cola ou assortiment de ces 5Continue reading \"Sucettes boules 9 g\"","og_url":"https:\/\/areka.com\/en\/produit\/sucettes-boules-9-g\/","og_site_name":"Areka","article_modified_time":"2026-04-15T09:34:27+00:00","og_image":[{"width":1542,"height":1424,"url":"https:\/\/areka.com\/wp-content\/uploads\/2024\/10\/sucette-ronde-9gr-1.png","type":"image\/png"}],"twitter_card":"summary_large_image","twitter_misc":{"Est. reading time":"1 minute"},"schema":{"@context":"https:\/\/schema.org","@graph":[{"@type":"WebPage","@id":"https:\/\/areka.com\/en\/produit\/sucettes-boules-9-g\/","url":"https:\/\/areka.com\/en\/produit\/sucettes-boules-9-g\/","name":"Sucettes boules 9 g : Areka","isPartOf":{"@id":"https:\/\/areka.com\/en\/#website"},"primaryImageOfPage":{"@id":"https:\/\/areka.com\/en\/produit\/sucettes-boules-9-g\/#primaryimage"},"image":{"@id":"https:\/\/areka.com\/en\/produit\/sucettes-boules-9-g\/#primaryimage"},"thumbnailUrl":"https:\/\/areka.com\/wp-content\/uploads\/2024\/10\/sucette-ronde-9gr-1.png","datePublished":"2024-10-13T18:01:05+00:00","dateModified":"2026-04-15T09:34:27+00:00","breadcrumb":{"@id":"https:\/\/areka.com\/en\/produit\/sucettes-boules-9-g\/#breadcrumb"},"inLanguage":"en-US","potentialAction":[{"@type":"ReadAction","target":["https:\/\/areka.com\/en\/produit\/sucettes-boules-9-g\/"]}]},{"@type":"ImageObject","inLanguage":"en-US","@id":"https:\/\/areka.com\/en\/produit\/sucettes-boules-9-g\/#primaryimage","url":"https:\/\/areka.com\/wp-content\/uploads\/2024\/10\/sucette-ronde-9gr-1.png","contentUrl":"https:\/\/areka.com\/wp-content\/uploads\/2024\/10\/sucette-ronde-9gr-1.png","width":1542,"height":1424},{"@type":"BreadcrumbList","@id":"https:\/\/areka.com\/en\/produit\/sucettes-boules-9-g\/#breadcrumb","itemListElement":[{"@type":"ListItem","position":1,"name":"All of our products","item":"https:\/\/areka.com\/en\/shop\/"},{"@type":"ListItem","position":2,"name":"Personalized products","item":"https:\/\/areka.com\/en\/product-category\/personalized-products\/"},{"@type":"ListItem","position":3,"name":"Sucettes boules 9 g"}]},{"@type":"WebSite","@id":"https:\/\/areka.com\/en\/#website","url":"https:\/\/areka.com\/en\/","name":"Areka","description":"Sp\u00e9cialiste fran\u00e7ais de la confiserie personnalis\u00e9e","potentialAction":[{"@type":"SearchAction","target":{"@type":"EntryPoint","urlTemplate":"https:\/\/areka.com\/en\/?s={search_term_string}"},"query-input":{"@type":"PropertyValueSpecification","valueRequired":true,"valueName":"search_term_string"}}],"inLanguage":"en-US"}]}},"_links":{"self":[{"href":"https:\/\/areka.com\/en\/wp-json\/wp\/v2\/product\/1694","targetHints":{"allow":["GET"]}}],"collection":[{"href":"https:\/\/areka.com\/en\/wp-json\/wp\/v2\/product"}],"about":[{"href":"https:\/\/areka.com\/en\/wp-json\/wp\/v2\/types\/product"}],"replies":[{"embeddable":true,"href":"https:\/\/areka.com\/en\/wp-json\/wp\/v2\/comments?post=1694"}],"wp:featuredmedia":[{"embeddable":true,"href":"https:\/\/areka.com\/en\/wp-json\/wp\/v2\/media\/1705"}],"wp:attachment":[{"href":"https:\/\/areka.com\/en\/wp-json\/wp\/v2\/media?parent=1694"}],"wp:term":[{"taxonomy":"product_brand","embeddable":true,"href":"https:\/\/areka.com\/en\/wp-json\/wp\/v2\/product_brand?post=1694"},{"taxonomy":"product_cat","embeddable":true,"href":"https:\/\/areka.com\/en\/wp-json\/wp\/v2\/product_cat?post=1694"},{"taxonomy":"product_tag","embeddable":true,"href":"https:\/\/areka.com\/en\/wp-json\/wp\/v2\/product_tag?post=1694"}],"curies":[{"name":"wp","href":"https:\/\/api.w.org\/{rel}","templated":true}]}}