{"id":180,"date":"2023-04-22T15:42:41","date_gmt":"2023-04-22T13:42:41","guid":{"rendered":"https:\/\/areka.com\/?post_type=product&#038;p=180"},"modified":"2026-03-31T10:23:03","modified_gmt":"2026-03-31T08:23:03","slug":"mini-boite-nostalgic-a-charniere-gravure-laser","status":"publish","type":"product","link":"https:\/\/areka.com\/en\/produit\/mini-boite-nostalgic-a-charniere-gravure-laser\/","title":{"rendered":"Mini bo\u00eete nostalgic \u00e0 charni\u00e8re gravure laser"},"content":{"rendered":"<p><strong>Un emballage unique \u2013 cinq fois plus d\u00e9licieux.<\/strong><br \/>\nBo\u00eete \u00e9l\u00e9gante \u00e0 charni\u00e8re en fer-blanc, disponible en argent mat ou noir mat, enti\u00e8rement personnalisable et r\u00e9utilisable. Choisissez parmi cinq d\u00e9licieuses options de garniture \u2014 le cadeau premium id\u00e9al qui s\u00e9duit par son esth\u00e9tique et ravit par sa saveur.<\/p>\n<ul>\n<li>Contenu: approx. 20 g (VIVIL 18 g, coeur 16 g)<\/li>\n<li>Garnitures:\n<ul>\n<li>Option A\n<ul>\n<li>menthe avec sucre \u00d8 9 mm<\/li>\n<\/ul>\n<\/li>\n<li>Option B\n<ul>\n<li>dextrose \u00d8 9 mm<\/li>\n<li>bonbons coeur<\/li>\n<li>menthe sans sucre VIVIL<\/li>\n<li>bonbons SKITTLES<\/li>\n<li>bonbons coeur<\/li>\n<\/ul>\n<\/li>\n<\/ul>\n<\/li>\n<li>Dimensions: approx. 59 x 46 x 18,5 mm<\/li>\n<li>Conditionnement: 56 pcs par carton \/ 280 pcs. dans le carton d&#8217;exp\u00e9dition<\/li>\n<li>D\u00e9lai de conservation:\n<ul>\n<li style=\"list-style-type: none;\">\n<ul>\n<li>approx. 12 mois\u00a0 : dextrose, Skittles, menthe<\/li>\n<li>approx. 18 mois : Vivil<\/li>\n<li>approx. 9 mois : bonbons coeur<\/li>\n<\/ul>\n<\/li>\n<\/ul>\n<\/li>\n<li>D\u00e9lai de livraison: approx. 3 semaines apr\u00e8s accord du BAT<\/li>\n<\/ul>\n<div id=\"sconnect-is-installed\" style=\"display: none;\">2.11.0.0<\/div>\n<div id=\"sconnect-is-installed\" style=\"display: none;\">2.11.0.0<\/div>\n","protected":false},"excerpt":{"rendered":"<p>&nbsp;<\/p>\n<div id=\"sconnect-is-installed\" style=\"display: none;\">2.11.0.0<\/div>\n<div id=\"sconnect-is-installed\" style=\"display: none;\">2.11.0.0<\/div>\n","protected":false},"featured_media":317,"comment_status":"open","ping_status":"closed","template":"","meta":{"_acf_changed":false,"inline_featured_image":false},"product_brand":[],"product_cat":[35,27],"product_tag":[],"class_list":{"0":"post-180","1":"product","2":"type-product","3":"status-publish","4":"has-post-thumbnail","6":"product_cat-produits-personnalisables","7":"product_cat-boites","9":"first","10":"instock","11":"shipping-taxable","12":"product-type-simple"},"acf":[],"yoast_head":"<!-- This site is optimized with the Yoast SEO plugin v24.9 - https:\/\/yoast.com\/wordpress\/plugins\/seo\/ -->\n<title>Mini bo\u00eete nostalgic \u00e0 charni\u00e8re gravure laser : Areka<\/title>\n<meta name=\"robots\" content=\"index, follow, max-snippet:-1, max-image-preview:large, max-video-preview:-1\" \/>\n<link rel=\"canonical\" href=\"https:\/\/areka.com\/en\/produit\/mini-boite-nostalgic-a-charniere-gravure-laser\/\" \/>\n<meta property=\"og:locale\" content=\"en_US\" \/>\n<meta property=\"og:type\" content=\"article\" \/>\n<meta property=\"og:title\" content=\"Mini bo\u00eete nostalgic \u00e0 charni\u00e8re gravure laser : Areka\" \/>\n<meta property=\"og:description\" content=\"&nbsp; 2.11.0.0 2.11.0.0\" \/>\n<meta property=\"og:url\" content=\"https:\/\/areka.com\/en\/produit\/mini-boite-nostalgic-a-charniere-gravure-laser\/\" \/>\n<meta property=\"og:site_name\" content=\"Areka\" \/>\n<meta property=\"article:modified_time\" content=\"2026-03-31T08:23:03+00:00\" \/>\n<meta property=\"og:image\" content=\"https:\/\/areka.com\/wp-content\/uploads\/2023\/04\/nostalgic-lazer.png\" \/>\n\t<meta property=\"og:image:width\" content=\"412\" \/>\n\t<meta property=\"og:image:height\" content=\"412\" \/>\n\t<meta property=\"og:image:type\" content=\"image\/png\" \/>\n<meta name=\"twitter:card\" content=\"summary_large_image\" \/>\n<meta name=\"twitter:label1\" content=\"Est. reading time\" \/>\n\t<meta name=\"twitter:data1\" content=\"1 minute\" \/>\n<script type=\"application\/ld+json\" class=\"yoast-schema-graph\">{\"@context\":\"https:\/\/schema.org\",\"@graph\":[{\"@type\":\"WebPage\",\"@id\":\"https:\/\/areka.com\/en\/produit\/mini-boite-nostalgic-a-charniere-gravure-laser\/\",\"url\":\"https:\/\/areka.com\/en\/produit\/mini-boite-nostalgic-a-charniere-gravure-laser\/\",\"name\":\"Mini bo\u00eete nostalgic \u00e0 charni\u00e8re gravure laser : Areka\",\"isPartOf\":{\"@id\":\"https:\/\/areka.com\/en\/#website\"},\"primaryImageOfPage\":{\"@id\":\"https:\/\/areka.com\/en\/produit\/mini-boite-nostalgic-a-charniere-gravure-laser\/#primaryimage\"},\"image\":{\"@id\":\"https:\/\/areka.com\/en\/produit\/mini-boite-nostalgic-a-charniere-gravure-laser\/#primaryimage\"},\"thumbnailUrl\":\"https:\/\/areka.com\/wp-content\/uploads\/2023\/04\/nostalgic-lazer.png\",\"datePublished\":\"2023-04-22T13:42:41+00:00\",\"dateModified\":\"2026-03-31T08:23:03+00:00\",\"breadcrumb\":{\"@id\":\"https:\/\/areka.com\/en\/produit\/mini-boite-nostalgic-a-charniere-gravure-laser\/#breadcrumb\"},\"inLanguage\":\"en-US\",\"potentialAction\":[{\"@type\":\"ReadAction\",\"target\":[\"https:\/\/areka.com\/en\/produit\/mini-boite-nostalgic-a-charniere-gravure-laser\/\"]}]},{\"@type\":\"ImageObject\",\"inLanguage\":\"en-US\",\"@id\":\"https:\/\/areka.com\/en\/produit\/mini-boite-nostalgic-a-charniere-gravure-laser\/#primaryimage\",\"url\":\"https:\/\/areka.com\/wp-content\/uploads\/2023\/04\/nostalgic-lazer.png\",\"contentUrl\":\"https:\/\/areka.com\/wp-content\/uploads\/2023\/04\/nostalgic-lazer.png\",\"width\":412,\"height\":412},{\"@type\":\"BreadcrumbList\",\"@id\":\"https:\/\/areka.com\/en\/produit\/mini-boite-nostalgic-a-charniere-gravure-laser\/#breadcrumb\",\"itemListElement\":[{\"@type\":\"ListItem\",\"position\":1,\"name\":\"All of our products\",\"item\":\"https:\/\/areka.com\/en\/shop\/\"},{\"@type\":\"ListItem\",\"position\":2,\"name\":\"Personalized products\",\"item\":\"https:\/\/areka.com\/en\/product-category\/personalized-products\/\"},{\"@type\":\"ListItem\",\"position\":3,\"name\":\"Mini bo\u00eete nostalgic \u00e0 charni\u00e8re gravure laser\"}]},{\"@type\":\"WebSite\",\"@id\":\"https:\/\/areka.com\/en\/#website\",\"url\":\"https:\/\/areka.com\/en\/\",\"name\":\"Areka\",\"description\":\"Sp\u00e9cialiste fran\u00e7ais de la confiserie personnalis\u00e9e\",\"potentialAction\":[{\"@type\":\"SearchAction\",\"target\":{\"@type\":\"EntryPoint\",\"urlTemplate\":\"https:\/\/areka.com\/en\/?s={search_term_string}\"},\"query-input\":{\"@type\":\"PropertyValueSpecification\",\"valueRequired\":true,\"valueName\":\"search_term_string\"}}],\"inLanguage\":\"en-US\"}]}<\/script>\n<!-- \/ Yoast SEO plugin. -->","yoast_head_json":{"title":"Mini bo\u00eete nostalgic \u00e0 charni\u00e8re gravure laser : Areka","robots":{"index":"index","follow":"follow","max-snippet":"max-snippet:-1","max-image-preview":"max-image-preview:large","max-video-preview":"max-video-preview:-1"},"canonical":"https:\/\/areka.com\/en\/produit\/mini-boite-nostalgic-a-charniere-gravure-laser\/","og_locale":"en_US","og_type":"article","og_title":"Mini bo\u00eete nostalgic \u00e0 charni\u00e8re gravure laser : Areka","og_description":"&nbsp; 2.11.0.0 2.11.0.0","og_url":"https:\/\/areka.com\/en\/produit\/mini-boite-nostalgic-a-charniere-gravure-laser\/","og_site_name":"Areka","article_modified_time":"2026-03-31T08:23:03+00:00","og_image":[{"width":412,"height":412,"url":"https:\/\/areka.com\/wp-content\/uploads\/2023\/04\/nostalgic-lazer.png","type":"image\/png"}],"twitter_card":"summary_large_image","twitter_misc":{"Est. reading time":"1 minute"},"schema":{"@context":"https:\/\/schema.org","@graph":[{"@type":"WebPage","@id":"https:\/\/areka.com\/en\/produit\/mini-boite-nostalgic-a-charniere-gravure-laser\/","url":"https:\/\/areka.com\/en\/produit\/mini-boite-nostalgic-a-charniere-gravure-laser\/","name":"Mini bo\u00eete nostalgic \u00e0 charni\u00e8re gravure laser : Areka","isPartOf":{"@id":"https:\/\/areka.com\/en\/#website"},"primaryImageOfPage":{"@id":"https:\/\/areka.com\/en\/produit\/mini-boite-nostalgic-a-charniere-gravure-laser\/#primaryimage"},"image":{"@id":"https:\/\/areka.com\/en\/produit\/mini-boite-nostalgic-a-charniere-gravure-laser\/#primaryimage"},"thumbnailUrl":"https:\/\/areka.com\/wp-content\/uploads\/2023\/04\/nostalgic-lazer.png","datePublished":"2023-04-22T13:42:41+00:00","dateModified":"2026-03-31T08:23:03+00:00","breadcrumb":{"@id":"https:\/\/areka.com\/en\/produit\/mini-boite-nostalgic-a-charniere-gravure-laser\/#breadcrumb"},"inLanguage":"en-US","potentialAction":[{"@type":"ReadAction","target":["https:\/\/areka.com\/en\/produit\/mini-boite-nostalgic-a-charniere-gravure-laser\/"]}]},{"@type":"ImageObject","inLanguage":"en-US","@id":"https:\/\/areka.com\/en\/produit\/mini-boite-nostalgic-a-charniere-gravure-laser\/#primaryimage","url":"https:\/\/areka.com\/wp-content\/uploads\/2023\/04\/nostalgic-lazer.png","contentUrl":"https:\/\/areka.com\/wp-content\/uploads\/2023\/04\/nostalgic-lazer.png","width":412,"height":412},{"@type":"BreadcrumbList","@id":"https:\/\/areka.com\/en\/produit\/mini-boite-nostalgic-a-charniere-gravure-laser\/#breadcrumb","itemListElement":[{"@type":"ListItem","position":1,"name":"All of our products","item":"https:\/\/areka.com\/en\/shop\/"},{"@type":"ListItem","position":2,"name":"Personalized products","item":"https:\/\/areka.com\/en\/product-category\/personalized-products\/"},{"@type":"ListItem","position":3,"name":"Mini bo\u00eete nostalgic \u00e0 charni\u00e8re gravure laser"}]},{"@type":"WebSite","@id":"https:\/\/areka.com\/en\/#website","url":"https:\/\/areka.com\/en\/","name":"Areka","description":"Sp\u00e9cialiste fran\u00e7ais de la confiserie personnalis\u00e9e","potentialAction":[{"@type":"SearchAction","target":{"@type":"EntryPoint","urlTemplate":"https:\/\/areka.com\/en\/?s={search_term_string}"},"query-input":{"@type":"PropertyValueSpecification","valueRequired":true,"valueName":"search_term_string"}}],"inLanguage":"en-US"}]}},"_links":{"self":[{"href":"https:\/\/areka.com\/en\/wp-json\/wp\/v2\/product\/180","targetHints":{"allow":["GET"]}}],"collection":[{"href":"https:\/\/areka.com\/en\/wp-json\/wp\/v2\/product"}],"about":[{"href":"https:\/\/areka.com\/en\/wp-json\/wp\/v2\/types\/product"}],"replies":[{"embeddable":true,"href":"https:\/\/areka.com\/en\/wp-json\/wp\/v2\/comments?post=180"}],"wp:featuredmedia":[{"embeddable":true,"href":"https:\/\/areka.com\/en\/wp-json\/wp\/v2\/media\/317"}],"wp:attachment":[{"href":"https:\/\/areka.com\/en\/wp-json\/wp\/v2\/media?parent=180"}],"wp:term":[{"taxonomy":"product_brand","embeddable":true,"href":"https:\/\/areka.com\/en\/wp-json\/wp\/v2\/product_brand?post=180"},{"taxonomy":"product_cat","embeddable":true,"href":"https:\/\/areka.com\/en\/wp-json\/wp\/v2\/product_cat?post=180"},{"taxonomy":"product_tag","embeddable":true,"href":"https:\/\/areka.com\/en\/wp-json\/wp\/v2\/product_tag?post=180"}],"curies":[{"name":"wp","href":"https:\/\/api.w.org\/{rel}","templated":true}]}}