{"id":191,"date":"2023-04-22T16:14:23","date_gmt":"2023-04-22T14:14:23","guid":{"rendered":"https:\/\/areka.com\/?post_type=product&#038;p=191"},"modified":"2026-03-31T12:08:21","modified_gmt":"2026-03-31T10:08:21","slug":"oursons-gelifies-avec-10-de-fruits-en-sachet-personnalise","status":"publish","type":"product","link":"https:\/\/areka.com\/en\/produit\/oursons-gelifies-avec-10-de-fruits-en-sachet-personnalise\/","title":{"rendered":"Oursons g\u00e9lifi\u00e9s avec 10% de fruits en sachet personnalis\u00e9"},"content":{"rendered":"<p><strong>Une vari\u00e9t\u00e9 color\u00e9e qui fait plaisir.<\/strong><br \/>\nNos gommes de fruits g\u00e9lifi\u00e9s classiques contiennent 10\u202f% de fruits et s\u00e9duisent par leur go\u00fbt fruit\u00e9 et sucr\u00e9. Elles constituent le moyen id\u00e9al de pr\u00e9senter votre marque de fa\u00e7on charmante et gourmande. Parfaites pour<br \/>\nles salons, \u00e9v\u00e9nements, promotions clients ou comme petit cadeau sucr\u00e9.<\/p>\n<ul>\n<li>Contenu: 10 g ou 15 g<\/li>\n<li>Saveurs: ananas, citron, pomme, framboise, orange<\/li>\n<li>Dimensions:\n<ul>\n<li>approx. 90 x 60 mm (10 g)<\/li>\n<li>approx. 90 x 70 mm (15 g)<\/li>\n<\/ul>\n<\/li>\n<li>Conditionnement:\n<ul>\n<li>250 pcs. par carton \/ 1 250 pcs. dans le carton d&#8217;exp\u00e9dition (10 g)<\/li>\n<li>250 pcs. par carton \/ 1 000 pcs. dans le carton d&#8217;exp\u00e9dition (15 g)<\/li>\n<\/ul>\n<\/li>\n<li>D\u00e9lai de conservation: approx. 12 mois en cas de stockage appropri\u00e9<\/li>\n<li>D\u00e9lai de livraison: approx. 3 semaines apr\u00e8s accord du BAT<\/li>\n<\/ul>\n","protected":false},"excerpt":{"rendered":"<p>Une vari\u00e9t\u00e9 color\u00e9e qui fait plaisir. Nos gommes de fruits g\u00e9lifi\u00e9s classiques contiennent 10\u202f% de fruits et s\u00e9duisent par leur go\u00fbt fruit\u00e9 et sucr\u00e9. Elles constituent le moyen id\u00e9al de pr\u00e9senter votre marque de fa\u00e7on charmante et gourmande. Parfaites pour les salons, \u00e9v\u00e9nements, promotions clients ou comme petit cadeau sucr\u00e9. Contenu: 10 g ou 15<a href=\"https:\/\/areka.com\/en\/produit\/oursons-gelifies-avec-10-de-fruits-en-sachet-personnalise\/\">Continue reading <span class=\"sr-only\">&#8220;Oursons g\u00e9lifi\u00e9s avec 10% de fruits en sachet personnalis\u00e9&#8221;<\/span><\/a><\/p>\n","protected":false},"featured_media":2323,"comment_status":"open","ping_status":"closed","template":"","meta":{"_acf_changed":false,"inline_featured_image":false},"product_brand":[],"product_cat":[35,34],"product_tag":[],"class_list":{"0":"post-191","1":"product","2":"type-product","3":"status-publish","4":"has-post-thumbnail","6":"product_cat-produits-personnalisables","7":"product_cat-gommes-de-fruits","9":"first","10":"instock","11":"shipping-taxable","12":"product-type-simple"},"acf":[],"yoast_head":"<!-- This site is optimized with the Yoast SEO plugin v24.9 - https:\/\/yoast.com\/wordpress\/plugins\/seo\/ -->\n<title>Oursons g\u00e9lifi\u00e9s avec 10% de fruits en sachet personnalis\u00e9 : Areka<\/title>\n<meta name=\"robots\" content=\"index, follow, max-snippet:-1, max-image-preview:large, max-video-preview:-1\" \/>\n<link rel=\"canonical\" href=\"https:\/\/areka.com\/en\/produit\/oursons-gelifies-avec-10-de-fruits-en-sachet-personnalise\/\" \/>\n<meta property=\"og:locale\" content=\"en_US\" \/>\n<meta property=\"og:type\" content=\"article\" \/>\n<meta property=\"og:title\" content=\"Oursons g\u00e9lifi\u00e9s avec 10% de fruits en sachet personnalis\u00e9 : Areka\" \/>\n<meta property=\"og:description\" content=\"Une vari\u00e9t\u00e9 color\u00e9e qui fait plaisir. Nos gommes de fruits g\u00e9lifi\u00e9s classiques contiennent 10\u202f% de fruits et s\u00e9duisent par leur go\u00fbt fruit\u00e9 et sucr\u00e9. Elles constituent le moyen id\u00e9al de pr\u00e9senter votre marque de fa\u00e7on charmante et gourmande. Parfaites pour les salons, \u00e9v\u00e9nements, promotions clients ou comme petit cadeau sucr\u00e9. Contenu: 10 g ou 15Continue reading &quot;Oursons g\u00e9lifi\u00e9s avec 10% de fruits en sachet personnalis\u00e9&quot;\" \/>\n<meta property=\"og:url\" content=\"https:\/\/areka.com\/en\/produit\/oursons-gelifies-avec-10-de-fruits-en-sachet-personnalise\/\" \/>\n<meta property=\"og:site_name\" content=\"Areka\" \/>\n<meta property=\"article:modified_time\" content=\"2026-03-31T10:08:21+00:00\" \/>\n<meta property=\"og:image\" content=\"https:\/\/areka.com\/wp-content\/uploads\/2023\/04\/P34-oursons-gelifies-10-de-fruits-1.png\" \/>\n\t<meta property=\"og:image:width\" content=\"859\" \/>\n\t<meta property=\"og:image:height\" content=\"859\" \/>\n\t<meta property=\"og:image:type\" content=\"image\/png\" \/>\n<meta name=\"twitter:card\" content=\"summary_large_image\" \/>\n<meta name=\"twitter:label1\" content=\"Est. reading time\" \/>\n\t<meta name=\"twitter:data1\" content=\"1 minute\" \/>\n<script type=\"application\/ld+json\" class=\"yoast-schema-graph\">{\"@context\":\"https:\/\/schema.org\",\"@graph\":[{\"@type\":\"WebPage\",\"@id\":\"https:\/\/areka.com\/en\/produit\/oursons-gelifies-avec-10-de-fruits-en-sachet-personnalise\/\",\"url\":\"https:\/\/areka.com\/en\/produit\/oursons-gelifies-avec-10-de-fruits-en-sachet-personnalise\/\",\"name\":\"Oursons g\u00e9lifi\u00e9s avec 10% de fruits en sachet personnalis\u00e9 : Areka\",\"isPartOf\":{\"@id\":\"https:\/\/areka.com\/en\/#website\"},\"primaryImageOfPage\":{\"@id\":\"https:\/\/areka.com\/en\/produit\/oursons-gelifies-avec-10-de-fruits-en-sachet-personnalise\/#primaryimage\"},\"image\":{\"@id\":\"https:\/\/areka.com\/en\/produit\/oursons-gelifies-avec-10-de-fruits-en-sachet-personnalise\/#primaryimage\"},\"thumbnailUrl\":\"https:\/\/areka.com\/wp-content\/uploads\/2023\/04\/P34-oursons-gelifies-10-de-fruits-1.png\",\"datePublished\":\"2023-04-22T14:14:23+00:00\",\"dateModified\":\"2026-03-31T10:08:21+00:00\",\"breadcrumb\":{\"@id\":\"https:\/\/areka.com\/en\/produit\/oursons-gelifies-avec-10-de-fruits-en-sachet-personnalise\/#breadcrumb\"},\"inLanguage\":\"en-US\",\"potentialAction\":[{\"@type\":\"ReadAction\",\"target\":[\"https:\/\/areka.com\/en\/produit\/oursons-gelifies-avec-10-de-fruits-en-sachet-personnalise\/\"]}]},{\"@type\":\"ImageObject\",\"inLanguage\":\"en-US\",\"@id\":\"https:\/\/areka.com\/en\/produit\/oursons-gelifies-avec-10-de-fruits-en-sachet-personnalise\/#primaryimage\",\"url\":\"https:\/\/areka.com\/wp-content\/uploads\/2023\/04\/P34-oursons-gelifies-10-de-fruits-1.png\",\"contentUrl\":\"https:\/\/areka.com\/wp-content\/uploads\/2023\/04\/P34-oursons-gelifies-10-de-fruits-1.png\",\"width\":859,\"height\":859},{\"@type\":\"BreadcrumbList\",\"@id\":\"https:\/\/areka.com\/en\/produit\/oursons-gelifies-avec-10-de-fruits-en-sachet-personnalise\/#breadcrumb\",\"itemListElement\":[{\"@type\":\"ListItem\",\"position\":1,\"name\":\"All of our products\",\"item\":\"https:\/\/areka.com\/en\/shop\/\"},{\"@type\":\"ListItem\",\"position\":2,\"name\":\"Personalized products\",\"item\":\"https:\/\/areka.com\/en\/product-category\/personalized-products\/\"},{\"@type\":\"ListItem\",\"position\":3,\"name\":\"Oursons g\u00e9lifi\u00e9s avec 10% de fruits en sachet personnalis\u00e9\"}]},{\"@type\":\"WebSite\",\"@id\":\"https:\/\/areka.com\/en\/#website\",\"url\":\"https:\/\/areka.com\/en\/\",\"name\":\"Areka\",\"description\":\"Sp\u00e9cialiste fran\u00e7ais de la confiserie personnalis\u00e9e\",\"potentialAction\":[{\"@type\":\"SearchAction\",\"target\":{\"@type\":\"EntryPoint\",\"urlTemplate\":\"https:\/\/areka.com\/en\/?s={search_term_string}\"},\"query-input\":{\"@type\":\"PropertyValueSpecification\",\"valueRequired\":true,\"valueName\":\"search_term_string\"}}],\"inLanguage\":\"en-US\"}]}<\/script>\n<!-- \/ Yoast SEO plugin. -->","yoast_head_json":{"title":"Oursons g\u00e9lifi\u00e9s avec 10% de fruits en sachet personnalis\u00e9 : Areka","robots":{"index":"index","follow":"follow","max-snippet":"max-snippet:-1","max-image-preview":"max-image-preview:large","max-video-preview":"max-video-preview:-1"},"canonical":"https:\/\/areka.com\/en\/produit\/oursons-gelifies-avec-10-de-fruits-en-sachet-personnalise\/","og_locale":"en_US","og_type":"article","og_title":"Oursons g\u00e9lifi\u00e9s avec 10% de fruits en sachet personnalis\u00e9 : Areka","og_description":"Une vari\u00e9t\u00e9 color\u00e9e qui fait plaisir. Nos gommes de fruits g\u00e9lifi\u00e9s classiques contiennent 10\u202f% de fruits et s\u00e9duisent par leur go\u00fbt fruit\u00e9 et sucr\u00e9. Elles constituent le moyen id\u00e9al de pr\u00e9senter votre marque de fa\u00e7on charmante et gourmande. Parfaites pour les salons, \u00e9v\u00e9nements, promotions clients ou comme petit cadeau sucr\u00e9. Contenu: 10 g ou 15Continue reading \"Oursons g\u00e9lifi\u00e9s avec 10% de fruits en sachet personnalis\u00e9\"","og_url":"https:\/\/areka.com\/en\/produit\/oursons-gelifies-avec-10-de-fruits-en-sachet-personnalise\/","og_site_name":"Areka","article_modified_time":"2026-03-31T10:08:21+00:00","og_image":[{"width":859,"height":859,"url":"https:\/\/areka.com\/wp-content\/uploads\/2023\/04\/P34-oursons-gelifies-10-de-fruits-1.png","type":"image\/png"}],"twitter_card":"summary_large_image","twitter_misc":{"Est. reading time":"1 minute"},"schema":{"@context":"https:\/\/schema.org","@graph":[{"@type":"WebPage","@id":"https:\/\/areka.com\/en\/produit\/oursons-gelifies-avec-10-de-fruits-en-sachet-personnalise\/","url":"https:\/\/areka.com\/en\/produit\/oursons-gelifies-avec-10-de-fruits-en-sachet-personnalise\/","name":"Oursons g\u00e9lifi\u00e9s avec 10% de fruits en sachet personnalis\u00e9 : Areka","isPartOf":{"@id":"https:\/\/areka.com\/en\/#website"},"primaryImageOfPage":{"@id":"https:\/\/areka.com\/en\/produit\/oursons-gelifies-avec-10-de-fruits-en-sachet-personnalise\/#primaryimage"},"image":{"@id":"https:\/\/areka.com\/en\/produit\/oursons-gelifies-avec-10-de-fruits-en-sachet-personnalise\/#primaryimage"},"thumbnailUrl":"https:\/\/areka.com\/wp-content\/uploads\/2023\/04\/P34-oursons-gelifies-10-de-fruits-1.png","datePublished":"2023-04-22T14:14:23+00:00","dateModified":"2026-03-31T10:08:21+00:00","breadcrumb":{"@id":"https:\/\/areka.com\/en\/produit\/oursons-gelifies-avec-10-de-fruits-en-sachet-personnalise\/#breadcrumb"},"inLanguage":"en-US","potentialAction":[{"@type":"ReadAction","target":["https:\/\/areka.com\/en\/produit\/oursons-gelifies-avec-10-de-fruits-en-sachet-personnalise\/"]}]},{"@type":"ImageObject","inLanguage":"en-US","@id":"https:\/\/areka.com\/en\/produit\/oursons-gelifies-avec-10-de-fruits-en-sachet-personnalise\/#primaryimage","url":"https:\/\/areka.com\/wp-content\/uploads\/2023\/04\/P34-oursons-gelifies-10-de-fruits-1.png","contentUrl":"https:\/\/areka.com\/wp-content\/uploads\/2023\/04\/P34-oursons-gelifies-10-de-fruits-1.png","width":859,"height":859},{"@type":"BreadcrumbList","@id":"https:\/\/areka.com\/en\/produit\/oursons-gelifies-avec-10-de-fruits-en-sachet-personnalise\/#breadcrumb","itemListElement":[{"@type":"ListItem","position":1,"name":"All of our products","item":"https:\/\/areka.com\/en\/shop\/"},{"@type":"ListItem","position":2,"name":"Personalized products","item":"https:\/\/areka.com\/en\/product-category\/personalized-products\/"},{"@type":"ListItem","position":3,"name":"Oursons g\u00e9lifi\u00e9s avec 10% de fruits en sachet personnalis\u00e9"}]},{"@type":"WebSite","@id":"https:\/\/areka.com\/en\/#website","url":"https:\/\/areka.com\/en\/","name":"Areka","description":"Sp\u00e9cialiste fran\u00e7ais de la confiserie personnalis\u00e9e","potentialAction":[{"@type":"SearchAction","target":{"@type":"EntryPoint","urlTemplate":"https:\/\/areka.com\/en\/?s={search_term_string}"},"query-input":{"@type":"PropertyValueSpecification","valueRequired":true,"valueName":"search_term_string"}}],"inLanguage":"en-US"}]}},"_links":{"self":[{"href":"https:\/\/areka.com\/en\/wp-json\/wp\/v2\/product\/191","targetHints":{"allow":["GET"]}}],"collection":[{"href":"https:\/\/areka.com\/en\/wp-json\/wp\/v2\/product"}],"about":[{"href":"https:\/\/areka.com\/en\/wp-json\/wp\/v2\/types\/product"}],"replies":[{"embeddable":true,"href":"https:\/\/areka.com\/en\/wp-json\/wp\/v2\/comments?post=191"}],"wp:featuredmedia":[{"embeddable":true,"href":"https:\/\/areka.com\/en\/wp-json\/wp\/v2\/media\/2323"}],"wp:attachment":[{"href":"https:\/\/areka.com\/en\/wp-json\/wp\/v2\/media?parent=191"}],"wp:term":[{"taxonomy":"product_brand","embeddable":true,"href":"https:\/\/areka.com\/en\/wp-json\/wp\/v2\/product_brand?post=191"},{"taxonomy":"product_cat","embeddable":true,"href":"https:\/\/areka.com\/en\/wp-json\/wp\/v2\/product_cat?post=191"},{"taxonomy":"product_tag","embeddable":true,"href":"https:\/\/areka.com\/en\/wp-json\/wp\/v2\/product_tag?post=191"}],"curies":[{"name":"wp","href":"https:\/\/api.w.org\/{rel}","templated":true}]}}