{"id":193,"date":"2023-04-22T16:58:19","date_gmt":"2023-04-22T14:58:19","guid":{"rendered":"https:\/\/areka.com\/?post_type=product&#038;p=193"},"modified":"2026-03-31T11:49:36","modified_gmt":"2026-03-31T09:49:36","slug":"oursons-gelifies-reduit-en-sucre-30","status":"publish","type":"product","link":"https:\/\/areka.com\/en\/produit\/oursons-gelifies-reduit-en-sucre-30\/","title":{"rendered":"Mini oursons g\u00e9lifi\u00e9s v\u00e9gans"},"content":{"rendered":"<p><strong>La puissance v\u00e9g\u00e9tale en version mini et color\u00e9e.<\/strong><br \/>\nNos mini oursons g\u00e9lifi\u00e9s v\u00e9gans s\u00e9duisent par leur go\u00fbt fruit\u00e9 et leur vari\u00e9t\u00e9 \u00e9clatante \u2013 sans aucun ingr\u00e9dient d\u2019origine animale. Ces petites douceurs pratiques sont propos\u00e9es en m\u00e9lange color\u00e9 et emball\u00e9es dans un sachet promotionnel personnalisable.<\/p>\n<ul>\n<li>Contenu: 10 g ou 15 g<\/li>\n<li>Saveurs: citron, p\u00eache, framboise, orange<\/li>\n<li>Dimensions:\n<ul>\n<li>approx. 90 x 60 mm (10 g)<\/li>\n<li>approx. 90 x 70 mm (15 g)<\/li>\n<\/ul>\n<\/li>\n<li>Conditionnement:\n<ul>\n<li>250 pcs. par carton \/ 1 250 pcs. dans le carton d&#8217;exp\u00e9dition (10 g)<\/li>\n<li>250 pcs. par carton \/ 1 000 pcs. dans le carton d&#8217;exp\u00e9dition (15 g)<\/li>\n<\/ul>\n<\/li>\n<li>D\u00e9lai de conservation: approx. 12 mois en cas de stockage appropri\u00e9<\/li>\n<li>D\u00e9lai de livraison: approx. 3 semaines apr\u00e8s accord du BAT<\/li>\n<\/ul>\n","protected":false},"excerpt":{"rendered":"<p>La puissance v\u00e9g\u00e9tale en version mini et color\u00e9e. Nos mini oursons g\u00e9lifi\u00e9s v\u00e9gans s\u00e9duisent par leur go\u00fbt fruit\u00e9 et leur vari\u00e9t\u00e9 \u00e9clatante \u2013 sans aucun ingr\u00e9dient d\u2019origine animale. Ces petites douceurs pratiques sont propos\u00e9es en m\u00e9lange color\u00e9 et emball\u00e9es dans un sachet promotionnel personnalisable. Contenu: 10 g ou 15 g Saveurs: citron, p\u00eache, framboise, orange<a href=\"https:\/\/areka.com\/en\/produit\/oursons-gelifies-reduit-en-sucre-30\/\">Continue reading <span class=\"sr-only\">&#8220;Mini oursons g\u00e9lifi\u00e9s v\u00e9gans&#8221;<\/span><\/a><\/p>\n","protected":false},"featured_media":2305,"comment_status":"open","ping_status":"closed","template":"","meta":{"_acf_changed":false,"inline_featured_image":false},"product_brand":[],"product_cat":[35,34],"product_tag":[],"class_list":{"0":"post-193","1":"product","2":"type-product","3":"status-publish","4":"has-post-thumbnail","6":"product_cat-produits-personnalisables","7":"product_cat-gommes-de-fruits","9":"first","10":"instock","11":"shipping-taxable","12":"product-type-simple"},"acf":[],"yoast_head":"<!-- This site is optimized with the Yoast SEO plugin v24.9 - https:\/\/yoast.com\/wordpress\/plugins\/seo\/ -->\n<title>Mini oursons g\u00e9lifi\u00e9s v\u00e9gans : Areka<\/title>\n<meta name=\"robots\" content=\"index, follow, max-snippet:-1, max-image-preview:large, max-video-preview:-1\" \/>\n<link rel=\"canonical\" href=\"https:\/\/areka.com\/en\/produit\/oursons-gelifies-reduit-en-sucre-30\/\" \/>\n<meta property=\"og:locale\" content=\"en_US\" \/>\n<meta property=\"og:type\" content=\"article\" \/>\n<meta property=\"og:title\" content=\"Mini oursons g\u00e9lifi\u00e9s v\u00e9gans : Areka\" \/>\n<meta property=\"og:description\" content=\"La puissance v\u00e9g\u00e9tale en version mini et color\u00e9e. Nos mini oursons g\u00e9lifi\u00e9s v\u00e9gans s\u00e9duisent par leur go\u00fbt fruit\u00e9 et leur vari\u00e9t\u00e9 \u00e9clatante \u2013 sans aucun ingr\u00e9dient d\u2019origine animale. Ces petites douceurs pratiques sont propos\u00e9es en m\u00e9lange color\u00e9 et emball\u00e9es dans un sachet promotionnel personnalisable. Contenu: 10 g ou 15 g Saveurs: citron, p\u00eache, framboise, orangeContinue reading &quot;Mini oursons g\u00e9lifi\u00e9s v\u00e9gans&quot;\" \/>\n<meta property=\"og:url\" content=\"https:\/\/areka.com\/en\/produit\/oursons-gelifies-reduit-en-sucre-30\/\" \/>\n<meta property=\"og:site_name\" content=\"Areka\" \/>\n<meta property=\"article:modified_time\" content=\"2026-03-31T09:49:36+00:00\" \/>\n<meta property=\"og:image\" content=\"https:\/\/areka.com\/wp-content\/uploads\/2023\/04\/P36-mini-oursons-vegans-1.png\" \/>\n\t<meta property=\"og:image:width\" content=\"859\" \/>\n\t<meta property=\"og:image:height\" content=\"859\" \/>\n\t<meta property=\"og:image:type\" content=\"image\/png\" \/>\n<meta name=\"twitter:card\" content=\"summary_large_image\" \/>\n<meta name=\"twitter:label1\" content=\"Est. reading time\" \/>\n\t<meta name=\"twitter:data1\" content=\"1 minute\" \/>\n<script type=\"application\/ld+json\" class=\"yoast-schema-graph\">{\"@context\":\"https:\/\/schema.org\",\"@graph\":[{\"@type\":\"WebPage\",\"@id\":\"https:\/\/areka.com\/en\/produit\/oursons-gelifies-reduit-en-sucre-30\/\",\"url\":\"https:\/\/areka.com\/en\/produit\/oursons-gelifies-reduit-en-sucre-30\/\",\"name\":\"Mini oursons g\u00e9lifi\u00e9s v\u00e9gans : Areka\",\"isPartOf\":{\"@id\":\"https:\/\/areka.com\/en\/#website\"},\"primaryImageOfPage\":{\"@id\":\"https:\/\/areka.com\/en\/produit\/oursons-gelifies-reduit-en-sucre-30\/#primaryimage\"},\"image\":{\"@id\":\"https:\/\/areka.com\/en\/produit\/oursons-gelifies-reduit-en-sucre-30\/#primaryimage\"},\"thumbnailUrl\":\"https:\/\/areka.com\/wp-content\/uploads\/2023\/04\/P36-mini-oursons-vegans-1.png\",\"datePublished\":\"2023-04-22T14:58:19+00:00\",\"dateModified\":\"2026-03-31T09:49:36+00:00\",\"breadcrumb\":{\"@id\":\"https:\/\/areka.com\/en\/produit\/oursons-gelifies-reduit-en-sucre-30\/#breadcrumb\"},\"inLanguage\":\"en-US\",\"potentialAction\":[{\"@type\":\"ReadAction\",\"target\":[\"https:\/\/areka.com\/en\/produit\/oursons-gelifies-reduit-en-sucre-30\/\"]}]},{\"@type\":\"ImageObject\",\"inLanguage\":\"en-US\",\"@id\":\"https:\/\/areka.com\/en\/produit\/oursons-gelifies-reduit-en-sucre-30\/#primaryimage\",\"url\":\"https:\/\/areka.com\/wp-content\/uploads\/2023\/04\/P36-mini-oursons-vegans-1.png\",\"contentUrl\":\"https:\/\/areka.com\/wp-content\/uploads\/2023\/04\/P36-mini-oursons-vegans-1.png\",\"width\":859,\"height\":859},{\"@type\":\"BreadcrumbList\",\"@id\":\"https:\/\/areka.com\/en\/produit\/oursons-gelifies-reduit-en-sucre-30\/#breadcrumb\",\"itemListElement\":[{\"@type\":\"ListItem\",\"position\":1,\"name\":\"All of our products\",\"item\":\"https:\/\/areka.com\/en\/shop\/\"},{\"@type\":\"ListItem\",\"position\":2,\"name\":\"Personalized products\",\"item\":\"https:\/\/areka.com\/en\/product-category\/personalized-products\/\"},{\"@type\":\"ListItem\",\"position\":3,\"name\":\"Mini oursons g\u00e9lifi\u00e9s v\u00e9gans\"}]},{\"@type\":\"WebSite\",\"@id\":\"https:\/\/areka.com\/en\/#website\",\"url\":\"https:\/\/areka.com\/en\/\",\"name\":\"Areka\",\"description\":\"Sp\u00e9cialiste fran\u00e7ais de la confiserie personnalis\u00e9e\",\"potentialAction\":[{\"@type\":\"SearchAction\",\"target\":{\"@type\":\"EntryPoint\",\"urlTemplate\":\"https:\/\/areka.com\/en\/?s={search_term_string}\"},\"query-input\":{\"@type\":\"PropertyValueSpecification\",\"valueRequired\":true,\"valueName\":\"search_term_string\"}}],\"inLanguage\":\"en-US\"}]}<\/script>\n<!-- \/ Yoast SEO plugin. -->","yoast_head_json":{"title":"Mini oursons g\u00e9lifi\u00e9s v\u00e9gans : Areka","robots":{"index":"index","follow":"follow","max-snippet":"max-snippet:-1","max-image-preview":"max-image-preview:large","max-video-preview":"max-video-preview:-1"},"canonical":"https:\/\/areka.com\/en\/produit\/oursons-gelifies-reduit-en-sucre-30\/","og_locale":"en_US","og_type":"article","og_title":"Mini oursons g\u00e9lifi\u00e9s v\u00e9gans : Areka","og_description":"La puissance v\u00e9g\u00e9tale en version mini et color\u00e9e. Nos mini oursons g\u00e9lifi\u00e9s v\u00e9gans s\u00e9duisent par leur go\u00fbt fruit\u00e9 et leur vari\u00e9t\u00e9 \u00e9clatante \u2013 sans aucun ingr\u00e9dient d\u2019origine animale. Ces petites douceurs pratiques sont propos\u00e9es en m\u00e9lange color\u00e9 et emball\u00e9es dans un sachet promotionnel personnalisable. Contenu: 10 g ou 15 g Saveurs: citron, p\u00eache, framboise, orangeContinue reading \"Mini oursons g\u00e9lifi\u00e9s v\u00e9gans\"","og_url":"https:\/\/areka.com\/en\/produit\/oursons-gelifies-reduit-en-sucre-30\/","og_site_name":"Areka","article_modified_time":"2026-03-31T09:49:36+00:00","og_image":[{"width":859,"height":859,"url":"https:\/\/areka.com\/wp-content\/uploads\/2023\/04\/P36-mini-oursons-vegans-1.png","type":"image\/png"}],"twitter_card":"summary_large_image","twitter_misc":{"Est. reading time":"1 minute"},"schema":{"@context":"https:\/\/schema.org","@graph":[{"@type":"WebPage","@id":"https:\/\/areka.com\/en\/produit\/oursons-gelifies-reduit-en-sucre-30\/","url":"https:\/\/areka.com\/en\/produit\/oursons-gelifies-reduit-en-sucre-30\/","name":"Mini oursons g\u00e9lifi\u00e9s v\u00e9gans : Areka","isPartOf":{"@id":"https:\/\/areka.com\/en\/#website"},"primaryImageOfPage":{"@id":"https:\/\/areka.com\/en\/produit\/oursons-gelifies-reduit-en-sucre-30\/#primaryimage"},"image":{"@id":"https:\/\/areka.com\/en\/produit\/oursons-gelifies-reduit-en-sucre-30\/#primaryimage"},"thumbnailUrl":"https:\/\/areka.com\/wp-content\/uploads\/2023\/04\/P36-mini-oursons-vegans-1.png","datePublished":"2023-04-22T14:58:19+00:00","dateModified":"2026-03-31T09:49:36+00:00","breadcrumb":{"@id":"https:\/\/areka.com\/en\/produit\/oursons-gelifies-reduit-en-sucre-30\/#breadcrumb"},"inLanguage":"en-US","potentialAction":[{"@type":"ReadAction","target":["https:\/\/areka.com\/en\/produit\/oursons-gelifies-reduit-en-sucre-30\/"]}]},{"@type":"ImageObject","inLanguage":"en-US","@id":"https:\/\/areka.com\/en\/produit\/oursons-gelifies-reduit-en-sucre-30\/#primaryimage","url":"https:\/\/areka.com\/wp-content\/uploads\/2023\/04\/P36-mini-oursons-vegans-1.png","contentUrl":"https:\/\/areka.com\/wp-content\/uploads\/2023\/04\/P36-mini-oursons-vegans-1.png","width":859,"height":859},{"@type":"BreadcrumbList","@id":"https:\/\/areka.com\/en\/produit\/oursons-gelifies-reduit-en-sucre-30\/#breadcrumb","itemListElement":[{"@type":"ListItem","position":1,"name":"All of our products","item":"https:\/\/areka.com\/en\/shop\/"},{"@type":"ListItem","position":2,"name":"Personalized products","item":"https:\/\/areka.com\/en\/product-category\/personalized-products\/"},{"@type":"ListItem","position":3,"name":"Mini oursons g\u00e9lifi\u00e9s v\u00e9gans"}]},{"@type":"WebSite","@id":"https:\/\/areka.com\/en\/#website","url":"https:\/\/areka.com\/en\/","name":"Areka","description":"Sp\u00e9cialiste fran\u00e7ais de la confiserie personnalis\u00e9e","potentialAction":[{"@type":"SearchAction","target":{"@type":"EntryPoint","urlTemplate":"https:\/\/areka.com\/en\/?s={search_term_string}"},"query-input":{"@type":"PropertyValueSpecification","valueRequired":true,"valueName":"search_term_string"}}],"inLanguage":"en-US"}]}},"_links":{"self":[{"href":"https:\/\/areka.com\/en\/wp-json\/wp\/v2\/product\/193","targetHints":{"allow":["GET"]}}],"collection":[{"href":"https:\/\/areka.com\/en\/wp-json\/wp\/v2\/product"}],"about":[{"href":"https:\/\/areka.com\/en\/wp-json\/wp\/v2\/types\/product"}],"replies":[{"embeddable":true,"href":"https:\/\/areka.com\/en\/wp-json\/wp\/v2\/comments?post=193"}],"wp:featuredmedia":[{"embeddable":true,"href":"https:\/\/areka.com\/en\/wp-json\/wp\/v2\/media\/2305"}],"wp:attachment":[{"href":"https:\/\/areka.com\/en\/wp-json\/wp\/v2\/media?parent=193"}],"wp:term":[{"taxonomy":"product_brand","embeddable":true,"href":"https:\/\/areka.com\/en\/wp-json\/wp\/v2\/product_brand?post=193"},{"taxonomy":"product_cat","embeddable":true,"href":"https:\/\/areka.com\/en\/wp-json\/wp\/v2\/product_cat?post=193"},{"taxonomy":"product_tag","embeddable":true,"href":"https:\/\/areka.com\/en\/wp-json\/wp\/v2\/product_tag?post=193"}],"curies":[{"name":"wp","href":"https:\/\/api.w.org\/{rel}","templated":true}]}}