{"id":195,"date":"2023-04-22T17:02:18","date_gmt":"2023-04-22T15:02:18","guid":{"rendered":"https:\/\/areka.com\/?post_type=product&#038;p=195"},"modified":"2026-03-31T10:54:01","modified_gmt":"2026-03-31T08:54:01","slug":"double-sachets-gommes-de-fruits-avec-10-de-fruits","status":"publish","type":"product","link":"https:\/\/areka.com\/en\/produit\/double-sachets-gommes-de-fruits-avec-10-de-fruits\/","title":{"rendered":"Double sachets oursons g\u00e9lifi\u00e9s avec 10% de fruits"},"content":{"rendered":"<p><strong>Oursons g\u00e9lifi\u00e9s en duo pratique.<\/strong><br \/>\nDes oursons g\u00e9lifi\u00e9s color\u00e9s au go\u00fbt fruit\u00e9 et sucr\u00e9, conditionn\u00e9s en sachet double (5 g chacune), reli\u00e9s par une perforation d\u00e9tachable pour une s\u00e9paration facile. Ce double pack malin offre deux fois plus de plaisir et constitue un cadeau promotionnel accrocheur, id\u00e9al pour les salons, \u00e9v\u00e9nements ou op\u00e9rations promotionnelles.<\/p>\n<ul>\n<li>Contenu: 10 g (2 x 5 g)<\/li>\n<li>Dimensions: approx. 160 x 60 mm (2 x 80 mm)<\/li>\n<li>Conditionnement: 125 pcs. par carton \/ 625 pcs. dans le carton d&#8217;exp\u00e9dition<\/li>\n<li>D\u00e9lai de conservation: approx. 12 mois en cas de stockage appropri\u00e9<\/li>\n<li>D\u00e9lai de livraison: approx. 3 semaines apr\u00e8s accord du BAT<\/li>\n<\/ul>\n","protected":false},"excerpt":{"rendered":"<p>Oursons g\u00e9lifi\u00e9s en duo pratique. Des oursons g\u00e9lifi\u00e9s color\u00e9s au go\u00fbt fruit\u00e9 et sucr\u00e9, conditionn\u00e9s en sachet double (5 g chacune), reli\u00e9s par une perforation d\u00e9tachable pour une s\u00e9paration facile. Ce double pack malin offre deux fois plus de plaisir et constitue un cadeau promotionnel accrocheur, id\u00e9al pour les salons, \u00e9v\u00e9nements ou op\u00e9rations promotionnelles. Contenu:<a href=\"https:\/\/areka.com\/en\/produit\/double-sachets-gommes-de-fruits-avec-10-de-fruits\/\">Continue reading <span class=\"sr-only\">&#8220;Double sachets oursons g\u00e9lifi\u00e9s avec 10% de fruits&#8221;<\/span><\/a><\/p>\n","protected":false},"featured_media":2299,"comment_status":"open","ping_status":"closed","template":"","meta":{"_acf_changed":false,"inline_featured_image":false},"product_brand":[],"product_cat":[35,34],"product_tag":[],"class_list":{"0":"post-195","1":"product","2":"type-product","3":"status-publish","4":"has-post-thumbnail","6":"product_cat-produits-personnalisables","7":"product_cat-gommes-de-fruits","9":"first","10":"instock","11":"shipping-taxable","12":"product-type-simple"},"acf":[],"yoast_head":"<!-- This site is optimized with the Yoast SEO plugin v24.9 - https:\/\/yoast.com\/wordpress\/plugins\/seo\/ -->\n<title>Double sachets oursons g\u00e9lifi\u00e9s avec 10% de fruits : Areka<\/title>\n<meta name=\"robots\" content=\"index, follow, max-snippet:-1, max-image-preview:large, max-video-preview:-1\" \/>\n<link rel=\"canonical\" href=\"https:\/\/areka.com\/en\/produit\/double-sachets-gommes-de-fruits-avec-10-de-fruits\/\" \/>\n<meta property=\"og:locale\" content=\"en_US\" \/>\n<meta property=\"og:type\" content=\"article\" \/>\n<meta property=\"og:title\" content=\"Double sachets oursons g\u00e9lifi\u00e9s avec 10% de fruits : Areka\" \/>\n<meta property=\"og:description\" content=\"Oursons g\u00e9lifi\u00e9s en duo pratique. Des oursons g\u00e9lifi\u00e9s color\u00e9s au go\u00fbt fruit\u00e9 et sucr\u00e9, conditionn\u00e9s en sachet double (5 g chacune), reli\u00e9s par une perforation d\u00e9tachable pour une s\u00e9paration facile. Ce double pack malin offre deux fois plus de plaisir et constitue un cadeau promotionnel accrocheur, id\u00e9al pour les salons, \u00e9v\u00e9nements ou op\u00e9rations promotionnelles. Contenu:Continue reading &quot;Double sachets oursons g\u00e9lifi\u00e9s avec 10% de fruits&quot;\" \/>\n<meta property=\"og:url\" content=\"https:\/\/areka.com\/en\/produit\/double-sachets-gommes-de-fruits-avec-10-de-fruits\/\" \/>\n<meta property=\"og:site_name\" content=\"Areka\" \/>\n<meta property=\"article:modified_time\" content=\"2026-03-31T08:54:01+00:00\" \/>\n<meta property=\"og:image\" content=\"https:\/\/areka.com\/wp-content\/uploads\/2023\/04\/P43-double-sachets.png\" \/>\n\t<meta property=\"og:image:width\" content=\"859\" \/>\n\t<meta property=\"og:image:height\" content=\"859\" \/>\n\t<meta property=\"og:image:type\" content=\"image\/png\" \/>\n<meta name=\"twitter:card\" content=\"summary_large_image\" \/>\n<meta name=\"twitter:label1\" content=\"Est. reading time\" \/>\n\t<meta name=\"twitter:data1\" content=\"1 minute\" \/>\n<script type=\"application\/ld+json\" class=\"yoast-schema-graph\">{\"@context\":\"https:\/\/schema.org\",\"@graph\":[{\"@type\":\"WebPage\",\"@id\":\"https:\/\/areka.com\/en\/produit\/double-sachets-gommes-de-fruits-avec-10-de-fruits\/\",\"url\":\"https:\/\/areka.com\/en\/produit\/double-sachets-gommes-de-fruits-avec-10-de-fruits\/\",\"name\":\"Double sachets oursons g\u00e9lifi\u00e9s avec 10% de fruits : Areka\",\"isPartOf\":{\"@id\":\"https:\/\/areka.com\/en\/#website\"},\"primaryImageOfPage\":{\"@id\":\"https:\/\/areka.com\/en\/produit\/double-sachets-gommes-de-fruits-avec-10-de-fruits\/#primaryimage\"},\"image\":{\"@id\":\"https:\/\/areka.com\/en\/produit\/double-sachets-gommes-de-fruits-avec-10-de-fruits\/#primaryimage\"},\"thumbnailUrl\":\"https:\/\/areka.com\/wp-content\/uploads\/2023\/04\/P43-double-sachets.png\",\"datePublished\":\"2023-04-22T15:02:18+00:00\",\"dateModified\":\"2026-03-31T08:54:01+00:00\",\"breadcrumb\":{\"@id\":\"https:\/\/areka.com\/en\/produit\/double-sachets-gommes-de-fruits-avec-10-de-fruits\/#breadcrumb\"},\"inLanguage\":\"en-US\",\"potentialAction\":[{\"@type\":\"ReadAction\",\"target\":[\"https:\/\/areka.com\/en\/produit\/double-sachets-gommes-de-fruits-avec-10-de-fruits\/\"]}]},{\"@type\":\"ImageObject\",\"inLanguage\":\"en-US\",\"@id\":\"https:\/\/areka.com\/en\/produit\/double-sachets-gommes-de-fruits-avec-10-de-fruits\/#primaryimage\",\"url\":\"https:\/\/areka.com\/wp-content\/uploads\/2023\/04\/P43-double-sachets.png\",\"contentUrl\":\"https:\/\/areka.com\/wp-content\/uploads\/2023\/04\/P43-double-sachets.png\",\"width\":859,\"height\":859},{\"@type\":\"BreadcrumbList\",\"@id\":\"https:\/\/areka.com\/en\/produit\/double-sachets-gommes-de-fruits-avec-10-de-fruits\/#breadcrumb\",\"itemListElement\":[{\"@type\":\"ListItem\",\"position\":1,\"name\":\"All of our products\",\"item\":\"https:\/\/areka.com\/en\/shop\/\"},{\"@type\":\"ListItem\",\"position\":2,\"name\":\"Personalized products\",\"item\":\"https:\/\/areka.com\/en\/product-category\/personalized-products\/\"},{\"@type\":\"ListItem\",\"position\":3,\"name\":\"Double sachets oursons g\u00e9lifi\u00e9s avec 10% de fruits\"}]},{\"@type\":\"WebSite\",\"@id\":\"https:\/\/areka.com\/en\/#website\",\"url\":\"https:\/\/areka.com\/en\/\",\"name\":\"Areka\",\"description\":\"Sp\u00e9cialiste fran\u00e7ais de la confiserie personnalis\u00e9e\",\"potentialAction\":[{\"@type\":\"SearchAction\",\"target\":{\"@type\":\"EntryPoint\",\"urlTemplate\":\"https:\/\/areka.com\/en\/?s={search_term_string}\"},\"query-input\":{\"@type\":\"PropertyValueSpecification\",\"valueRequired\":true,\"valueName\":\"search_term_string\"}}],\"inLanguage\":\"en-US\"}]}<\/script>\n<!-- \/ Yoast SEO plugin. -->","yoast_head_json":{"title":"Double sachets oursons g\u00e9lifi\u00e9s avec 10% de fruits : Areka","robots":{"index":"index","follow":"follow","max-snippet":"max-snippet:-1","max-image-preview":"max-image-preview:large","max-video-preview":"max-video-preview:-1"},"canonical":"https:\/\/areka.com\/en\/produit\/double-sachets-gommes-de-fruits-avec-10-de-fruits\/","og_locale":"en_US","og_type":"article","og_title":"Double sachets oursons g\u00e9lifi\u00e9s avec 10% de fruits : Areka","og_description":"Oursons g\u00e9lifi\u00e9s en duo pratique. Des oursons g\u00e9lifi\u00e9s color\u00e9s au go\u00fbt fruit\u00e9 et sucr\u00e9, conditionn\u00e9s en sachet double (5 g chacune), reli\u00e9s par une perforation d\u00e9tachable pour une s\u00e9paration facile. Ce double pack malin offre deux fois plus de plaisir et constitue un cadeau promotionnel accrocheur, id\u00e9al pour les salons, \u00e9v\u00e9nements ou op\u00e9rations promotionnelles. Contenu:Continue reading \"Double sachets oursons g\u00e9lifi\u00e9s avec 10% de fruits\"","og_url":"https:\/\/areka.com\/en\/produit\/double-sachets-gommes-de-fruits-avec-10-de-fruits\/","og_site_name":"Areka","article_modified_time":"2026-03-31T08:54:01+00:00","og_image":[{"width":859,"height":859,"url":"https:\/\/areka.com\/wp-content\/uploads\/2023\/04\/P43-double-sachets.png","type":"image\/png"}],"twitter_card":"summary_large_image","twitter_misc":{"Est. reading time":"1 minute"},"schema":{"@context":"https:\/\/schema.org","@graph":[{"@type":"WebPage","@id":"https:\/\/areka.com\/en\/produit\/double-sachets-gommes-de-fruits-avec-10-de-fruits\/","url":"https:\/\/areka.com\/en\/produit\/double-sachets-gommes-de-fruits-avec-10-de-fruits\/","name":"Double sachets oursons g\u00e9lifi\u00e9s avec 10% de fruits : Areka","isPartOf":{"@id":"https:\/\/areka.com\/en\/#website"},"primaryImageOfPage":{"@id":"https:\/\/areka.com\/en\/produit\/double-sachets-gommes-de-fruits-avec-10-de-fruits\/#primaryimage"},"image":{"@id":"https:\/\/areka.com\/en\/produit\/double-sachets-gommes-de-fruits-avec-10-de-fruits\/#primaryimage"},"thumbnailUrl":"https:\/\/areka.com\/wp-content\/uploads\/2023\/04\/P43-double-sachets.png","datePublished":"2023-04-22T15:02:18+00:00","dateModified":"2026-03-31T08:54:01+00:00","breadcrumb":{"@id":"https:\/\/areka.com\/en\/produit\/double-sachets-gommes-de-fruits-avec-10-de-fruits\/#breadcrumb"},"inLanguage":"en-US","potentialAction":[{"@type":"ReadAction","target":["https:\/\/areka.com\/en\/produit\/double-sachets-gommes-de-fruits-avec-10-de-fruits\/"]}]},{"@type":"ImageObject","inLanguage":"en-US","@id":"https:\/\/areka.com\/en\/produit\/double-sachets-gommes-de-fruits-avec-10-de-fruits\/#primaryimage","url":"https:\/\/areka.com\/wp-content\/uploads\/2023\/04\/P43-double-sachets.png","contentUrl":"https:\/\/areka.com\/wp-content\/uploads\/2023\/04\/P43-double-sachets.png","width":859,"height":859},{"@type":"BreadcrumbList","@id":"https:\/\/areka.com\/en\/produit\/double-sachets-gommes-de-fruits-avec-10-de-fruits\/#breadcrumb","itemListElement":[{"@type":"ListItem","position":1,"name":"All of our products","item":"https:\/\/areka.com\/en\/shop\/"},{"@type":"ListItem","position":2,"name":"Personalized products","item":"https:\/\/areka.com\/en\/product-category\/personalized-products\/"},{"@type":"ListItem","position":3,"name":"Double sachets oursons g\u00e9lifi\u00e9s avec 10% de fruits"}]},{"@type":"WebSite","@id":"https:\/\/areka.com\/en\/#website","url":"https:\/\/areka.com\/en\/","name":"Areka","description":"Sp\u00e9cialiste fran\u00e7ais de la confiserie personnalis\u00e9e","potentialAction":[{"@type":"SearchAction","target":{"@type":"EntryPoint","urlTemplate":"https:\/\/areka.com\/en\/?s={search_term_string}"},"query-input":{"@type":"PropertyValueSpecification","valueRequired":true,"valueName":"search_term_string"}}],"inLanguage":"en-US"}]}},"_links":{"self":[{"href":"https:\/\/areka.com\/en\/wp-json\/wp\/v2\/product\/195","targetHints":{"allow":["GET"]}}],"collection":[{"href":"https:\/\/areka.com\/en\/wp-json\/wp\/v2\/product"}],"about":[{"href":"https:\/\/areka.com\/en\/wp-json\/wp\/v2\/types\/product"}],"replies":[{"embeddable":true,"href":"https:\/\/areka.com\/en\/wp-json\/wp\/v2\/comments?post=195"}],"wp:featuredmedia":[{"embeddable":true,"href":"https:\/\/areka.com\/en\/wp-json\/wp\/v2\/media\/2299"}],"wp:attachment":[{"href":"https:\/\/areka.com\/en\/wp-json\/wp\/v2\/media?parent=195"}],"wp:term":[{"taxonomy":"product_brand","embeddable":true,"href":"https:\/\/areka.com\/en\/wp-json\/wp\/v2\/product_brand?post=195"},{"taxonomy":"product_cat","embeddable":true,"href":"https:\/\/areka.com\/en\/wp-json\/wp\/v2\/product_cat?post=195"},{"taxonomy":"product_tag","embeddable":true,"href":"https:\/\/areka.com\/en\/wp-json\/wp\/v2\/product_tag?post=195"}],"curies":[{"name":"wp","href":"https:\/\/api.w.org\/{rel}","templated":true}]}}