{"id":199,"date":"2023-04-22T17:12:17","date_gmt":"2023-04-22T15:12:17","guid":{"rendered":"https:\/\/areka.com\/?post_type=product&#038;p=199"},"modified":"2026-03-30T16:29:12","modified_gmt":"2026-03-30T14:29:12","slug":"mini-tetraedre-gommes-de-fruits-formes-standards","status":"publish","type":"product","link":"https:\/\/areka.com\/en\/produit\/mini-tetraedre-gommes-de-fruits-formes-standards\/","title":{"rendered":"Mini T\u00e9tra\u00e8dre gommes de fruits g\u00e9lifi\u00e9s formes oursons"},"content":{"rendered":"<p><strong>Gommes de fruits g\u00e9lifi\u00e9es dans un t\u00e9tra\u00e8dre accrocheur.<\/strong><br \/>\nDe d\u00e9licieuses gommes de fruits g\u00e9lifi\u00e9es en forme d\u2019oursons, conditionn\u00e9es dans un emballage t\u00e9tra\u00e9drique personnalisable au fort pouvoir d\u2019attraction. Son design original met efficacement votre marque en avant gr\u00e2ce \u00e0 une grande surface d\u00e9di\u00e9e \u00e0 votre message et \u00e0 une excellente reconnaissance visuelle.<\/p>\n<ul>\n<li>Contenu: 10 g<\/li>\n<li>Dimensions: approx. 75 x 60 mm<\/li>\n<li>Conditionnement: 150 pcs. par carton \/ 600 pcs. dans le carton d&#8217;exp\u00e9dition<\/li>\n<li>D\u00e9lai de conservation: approx. 12 mois en cas de stockage appropri\u00e9<\/li>\n<li>D\u00e9lai de livraison: approx. 3 semaines apr\u00e8s accord du BAT<\/li>\n<\/ul>\n","protected":false},"excerpt":{"rendered":"<p>Gommes de fruits g\u00e9lifi\u00e9es dans un t\u00e9tra\u00e8dre accrocheur. De d\u00e9licieuses gommes de fruits g\u00e9lifi\u00e9es en forme d\u2019oursons, conditionn\u00e9es dans un emballage t\u00e9tra\u00e9drique personnalisable au fort pouvoir d\u2019attraction. Son design original met efficacement votre marque en avant gr\u00e2ce \u00e0 une grande surface d\u00e9di\u00e9e \u00e0 votre message et \u00e0 une excellente reconnaissance visuelle. Contenu: 10 g Dimensions:<a href=\"https:\/\/areka.com\/en\/produit\/mini-tetraedre-gommes-de-fruits-formes-standards\/\">Continue reading <span class=\"sr-only\">&#8220;Mini T\u00e9tra\u00e8dre gommes de fruits g\u00e9lifi\u00e9s formes oursons&#8221;<\/span><\/a><\/p>\n","protected":false},"featured_media":2286,"comment_status":"open","ping_status":"closed","template":"","meta":{"_acf_changed":false,"inline_featured_image":false},"product_brand":[],"product_cat":[35,34],"product_tag":[],"class_list":{"0":"post-199","1":"product","2":"type-product","3":"status-publish","4":"has-post-thumbnail","6":"product_cat-produits-personnalisables","7":"product_cat-gommes-de-fruits","9":"first","10":"instock","11":"shipping-taxable","12":"product-type-simple"},"acf":[],"yoast_head":"<!-- This site is optimized with the Yoast SEO plugin v24.9 - https:\/\/yoast.com\/wordpress\/plugins\/seo\/ -->\n<title>Mini T\u00e9tra\u00e8dre gommes de fruits g\u00e9lifi\u00e9s formes oursons : Areka<\/title>\n<meta name=\"robots\" content=\"index, follow, max-snippet:-1, max-image-preview:large, max-video-preview:-1\" \/>\n<link rel=\"canonical\" href=\"https:\/\/areka.com\/en\/produit\/mini-tetraedre-gommes-de-fruits-formes-standards\/\" \/>\n<meta property=\"og:locale\" content=\"en_US\" \/>\n<meta property=\"og:type\" content=\"article\" \/>\n<meta property=\"og:title\" content=\"Mini T\u00e9tra\u00e8dre gommes de fruits g\u00e9lifi\u00e9s formes oursons : Areka\" \/>\n<meta property=\"og:description\" content=\"Gommes de fruits g\u00e9lifi\u00e9es dans un t\u00e9tra\u00e8dre accrocheur. De d\u00e9licieuses gommes de fruits g\u00e9lifi\u00e9es en forme d\u2019oursons, conditionn\u00e9es dans un emballage t\u00e9tra\u00e9drique personnalisable au fort pouvoir d\u2019attraction. Son design original met efficacement votre marque en avant gr\u00e2ce \u00e0 une grande surface d\u00e9di\u00e9e \u00e0 votre message et \u00e0 une excellente reconnaissance visuelle. Contenu: 10 g Dimensions:Continue reading &quot;Mini T\u00e9tra\u00e8dre gommes de fruits g\u00e9lifi\u00e9s formes oursons&quot;\" \/>\n<meta property=\"og:url\" content=\"https:\/\/areka.com\/en\/produit\/mini-tetraedre-gommes-de-fruits-formes-standards\/\" \/>\n<meta property=\"og:site_name\" content=\"Areka\" \/>\n<meta property=\"article:modified_time\" content=\"2026-03-30T14:29:12+00:00\" \/>\n<meta property=\"og:image\" content=\"https:\/\/areka.com\/wp-content\/uploads\/2023\/04\/P38-mini-tetraedre.png\" \/>\n\t<meta property=\"og:image:width\" content=\"859\" \/>\n\t<meta property=\"og:image:height\" content=\"859\" \/>\n\t<meta property=\"og:image:type\" content=\"image\/png\" \/>\n<meta name=\"twitter:card\" content=\"summary_large_image\" \/>\n<meta name=\"twitter:label1\" content=\"Est. reading time\" \/>\n\t<meta name=\"twitter:data1\" content=\"1 minute\" \/>\n<script type=\"application\/ld+json\" class=\"yoast-schema-graph\">{\"@context\":\"https:\/\/schema.org\",\"@graph\":[{\"@type\":\"WebPage\",\"@id\":\"https:\/\/areka.com\/en\/produit\/mini-tetraedre-gommes-de-fruits-formes-standards\/\",\"url\":\"https:\/\/areka.com\/en\/produit\/mini-tetraedre-gommes-de-fruits-formes-standards\/\",\"name\":\"Mini T\u00e9tra\u00e8dre gommes de fruits g\u00e9lifi\u00e9s formes oursons : Areka\",\"isPartOf\":{\"@id\":\"https:\/\/areka.com\/en\/#website\"},\"primaryImageOfPage\":{\"@id\":\"https:\/\/areka.com\/en\/produit\/mini-tetraedre-gommes-de-fruits-formes-standards\/#primaryimage\"},\"image\":{\"@id\":\"https:\/\/areka.com\/en\/produit\/mini-tetraedre-gommes-de-fruits-formes-standards\/#primaryimage\"},\"thumbnailUrl\":\"https:\/\/areka.com\/wp-content\/uploads\/2023\/04\/P38-mini-tetraedre.png\",\"datePublished\":\"2023-04-22T15:12:17+00:00\",\"dateModified\":\"2026-03-30T14:29:12+00:00\",\"breadcrumb\":{\"@id\":\"https:\/\/areka.com\/en\/produit\/mini-tetraedre-gommes-de-fruits-formes-standards\/#breadcrumb\"},\"inLanguage\":\"en-US\",\"potentialAction\":[{\"@type\":\"ReadAction\",\"target\":[\"https:\/\/areka.com\/en\/produit\/mini-tetraedre-gommes-de-fruits-formes-standards\/\"]}]},{\"@type\":\"ImageObject\",\"inLanguage\":\"en-US\",\"@id\":\"https:\/\/areka.com\/en\/produit\/mini-tetraedre-gommes-de-fruits-formes-standards\/#primaryimage\",\"url\":\"https:\/\/areka.com\/wp-content\/uploads\/2023\/04\/P38-mini-tetraedre.png\",\"contentUrl\":\"https:\/\/areka.com\/wp-content\/uploads\/2023\/04\/P38-mini-tetraedre.png\",\"width\":859,\"height\":859},{\"@type\":\"BreadcrumbList\",\"@id\":\"https:\/\/areka.com\/en\/produit\/mini-tetraedre-gommes-de-fruits-formes-standards\/#breadcrumb\",\"itemListElement\":[{\"@type\":\"ListItem\",\"position\":1,\"name\":\"All of our products\",\"item\":\"https:\/\/areka.com\/en\/shop\/\"},{\"@type\":\"ListItem\",\"position\":2,\"name\":\"Personalized products\",\"item\":\"https:\/\/areka.com\/en\/product-category\/personalized-products\/\"},{\"@type\":\"ListItem\",\"position\":3,\"name\":\"Mini T\u00e9tra\u00e8dre gommes de fruits g\u00e9lifi\u00e9s formes oursons\"}]},{\"@type\":\"WebSite\",\"@id\":\"https:\/\/areka.com\/en\/#website\",\"url\":\"https:\/\/areka.com\/en\/\",\"name\":\"Areka\",\"description\":\"Sp\u00e9cialiste fran\u00e7ais de la confiserie personnalis\u00e9e\",\"potentialAction\":[{\"@type\":\"SearchAction\",\"target\":{\"@type\":\"EntryPoint\",\"urlTemplate\":\"https:\/\/areka.com\/en\/?s={search_term_string}\"},\"query-input\":{\"@type\":\"PropertyValueSpecification\",\"valueRequired\":true,\"valueName\":\"search_term_string\"}}],\"inLanguage\":\"en-US\"}]}<\/script>\n<!-- \/ Yoast SEO plugin. -->","yoast_head_json":{"title":"Mini T\u00e9tra\u00e8dre gommes de fruits g\u00e9lifi\u00e9s formes oursons : Areka","robots":{"index":"index","follow":"follow","max-snippet":"max-snippet:-1","max-image-preview":"max-image-preview:large","max-video-preview":"max-video-preview:-1"},"canonical":"https:\/\/areka.com\/en\/produit\/mini-tetraedre-gommes-de-fruits-formes-standards\/","og_locale":"en_US","og_type":"article","og_title":"Mini T\u00e9tra\u00e8dre gommes de fruits g\u00e9lifi\u00e9s formes oursons : Areka","og_description":"Gommes de fruits g\u00e9lifi\u00e9es dans un t\u00e9tra\u00e8dre accrocheur. De d\u00e9licieuses gommes de fruits g\u00e9lifi\u00e9es en forme d\u2019oursons, conditionn\u00e9es dans un emballage t\u00e9tra\u00e9drique personnalisable au fort pouvoir d\u2019attraction. Son design original met efficacement votre marque en avant gr\u00e2ce \u00e0 une grande surface d\u00e9di\u00e9e \u00e0 votre message et \u00e0 une excellente reconnaissance visuelle. Contenu: 10 g Dimensions:Continue reading \"Mini T\u00e9tra\u00e8dre gommes de fruits g\u00e9lifi\u00e9s formes oursons\"","og_url":"https:\/\/areka.com\/en\/produit\/mini-tetraedre-gommes-de-fruits-formes-standards\/","og_site_name":"Areka","article_modified_time":"2026-03-30T14:29:12+00:00","og_image":[{"width":859,"height":859,"url":"https:\/\/areka.com\/wp-content\/uploads\/2023\/04\/P38-mini-tetraedre.png","type":"image\/png"}],"twitter_card":"summary_large_image","twitter_misc":{"Est. reading time":"1 minute"},"schema":{"@context":"https:\/\/schema.org","@graph":[{"@type":"WebPage","@id":"https:\/\/areka.com\/en\/produit\/mini-tetraedre-gommes-de-fruits-formes-standards\/","url":"https:\/\/areka.com\/en\/produit\/mini-tetraedre-gommes-de-fruits-formes-standards\/","name":"Mini T\u00e9tra\u00e8dre gommes de fruits g\u00e9lifi\u00e9s formes oursons : Areka","isPartOf":{"@id":"https:\/\/areka.com\/en\/#website"},"primaryImageOfPage":{"@id":"https:\/\/areka.com\/en\/produit\/mini-tetraedre-gommes-de-fruits-formes-standards\/#primaryimage"},"image":{"@id":"https:\/\/areka.com\/en\/produit\/mini-tetraedre-gommes-de-fruits-formes-standards\/#primaryimage"},"thumbnailUrl":"https:\/\/areka.com\/wp-content\/uploads\/2023\/04\/P38-mini-tetraedre.png","datePublished":"2023-04-22T15:12:17+00:00","dateModified":"2026-03-30T14:29:12+00:00","breadcrumb":{"@id":"https:\/\/areka.com\/en\/produit\/mini-tetraedre-gommes-de-fruits-formes-standards\/#breadcrumb"},"inLanguage":"en-US","potentialAction":[{"@type":"ReadAction","target":["https:\/\/areka.com\/en\/produit\/mini-tetraedre-gommes-de-fruits-formes-standards\/"]}]},{"@type":"ImageObject","inLanguage":"en-US","@id":"https:\/\/areka.com\/en\/produit\/mini-tetraedre-gommes-de-fruits-formes-standards\/#primaryimage","url":"https:\/\/areka.com\/wp-content\/uploads\/2023\/04\/P38-mini-tetraedre.png","contentUrl":"https:\/\/areka.com\/wp-content\/uploads\/2023\/04\/P38-mini-tetraedre.png","width":859,"height":859},{"@type":"BreadcrumbList","@id":"https:\/\/areka.com\/en\/produit\/mini-tetraedre-gommes-de-fruits-formes-standards\/#breadcrumb","itemListElement":[{"@type":"ListItem","position":1,"name":"All of our products","item":"https:\/\/areka.com\/en\/shop\/"},{"@type":"ListItem","position":2,"name":"Personalized products","item":"https:\/\/areka.com\/en\/product-category\/personalized-products\/"},{"@type":"ListItem","position":3,"name":"Mini T\u00e9tra\u00e8dre gommes de fruits g\u00e9lifi\u00e9s formes oursons"}]},{"@type":"WebSite","@id":"https:\/\/areka.com\/en\/#website","url":"https:\/\/areka.com\/en\/","name":"Areka","description":"Sp\u00e9cialiste fran\u00e7ais de la confiserie personnalis\u00e9e","potentialAction":[{"@type":"SearchAction","target":{"@type":"EntryPoint","urlTemplate":"https:\/\/areka.com\/en\/?s={search_term_string}"},"query-input":{"@type":"PropertyValueSpecification","valueRequired":true,"valueName":"search_term_string"}}],"inLanguage":"en-US"}]}},"_links":{"self":[{"href":"https:\/\/areka.com\/en\/wp-json\/wp\/v2\/product\/199","targetHints":{"allow":["GET"]}}],"collection":[{"href":"https:\/\/areka.com\/en\/wp-json\/wp\/v2\/product"}],"about":[{"href":"https:\/\/areka.com\/en\/wp-json\/wp\/v2\/types\/product"}],"replies":[{"embeddable":true,"href":"https:\/\/areka.com\/en\/wp-json\/wp\/v2\/comments?post=199"}],"wp:featuredmedia":[{"embeddable":true,"href":"https:\/\/areka.com\/en\/wp-json\/wp\/v2\/media\/2286"}],"wp:attachment":[{"href":"https:\/\/areka.com\/en\/wp-json\/wp\/v2\/media?parent=199"}],"wp:term":[{"taxonomy":"product_brand","embeddable":true,"href":"https:\/\/areka.com\/en\/wp-json\/wp\/v2\/product_brand?post=199"},{"taxonomy":"product_cat","embeddable":true,"href":"https:\/\/areka.com\/en\/wp-json\/wp\/v2\/product_cat?post=199"},{"taxonomy":"product_tag","embeddable":true,"href":"https:\/\/areka.com\/en\/wp-json\/wp\/v2\/product_tag?post=199"}],"curies":[{"name":"wp","href":"https:\/\/api.w.org\/{rel}","templated":true}]}}