{"id":200,"date":"2023-04-22T17:14:05","date_gmt":"2023-04-22T15:14:05","guid":{"rendered":"https:\/\/areka.com\/?post_type=product&#038;p=200"},"modified":"2026-03-31T11:25:34","modified_gmt":"2026-03-31T09:25:34","slug":"gommes-de-fruits-avec-10-de-fruits-en-sachet-standard","status":"publish","type":"product","link":"https:\/\/areka.com\/en\/produit\/gommes-de-fruits-avec-10-de-fruits-en-sachet-standard\/","title":{"rendered":"Gommes de fruits \u00e9toiles &#038; coeurs g\u00e9lifi\u00e9s en sachets standards"},"content":{"rendered":"<p><strong>Gommes de fruits \u00e9toiles et c\u0153urs g\u00e9lifi\u00e9s en sachet promotionnel.<\/strong><br \/>\nDe d\u00e9licieuses gommes de fruits g\u00e9lifi\u00e9es en forme d\u2019\u00e9toiles ou de c\u0153urs offrent un plaisir sucr\u00e9 plein de charme. Elles sont pr\u00e9sent\u00e9es dans un sachet promotionnel pratique, avec des designs standards attrayants \u2013 parfaites comme petite attention, cadeau promotionnel ou douce gourmandise pour toutes les occasions.<\/p>\n<ul>\n<li>Contenu: 10 g<\/li>\n<li>Dimensions: approx. 90 x 60 mm<\/li>\n<li>Conditionnement: 250 pcs. par carton \/ 1 250 pcs. dans le carton d&#8217;exp\u00e9dition<\/li>\n<li>D\u00e9lai de conservation: approx. 12 mois en cas de stockage appropri\u00e9<\/li>\n<li>D\u00e9lai de livraison: approx. 2 semaines apr\u00e8s accord du BAT<\/li>\n<\/ul>\n","protected":false},"excerpt":{"rendered":"<p>Gommes de fruits \u00e9toiles et c\u0153urs g\u00e9lifi\u00e9s en sachet promotionnel. De d\u00e9licieuses gommes de fruits g\u00e9lifi\u00e9es en forme d\u2019\u00e9toiles ou de c\u0153urs offrent un plaisir sucr\u00e9 plein de charme. Elles sont pr\u00e9sent\u00e9es dans un sachet promotionnel pratique, avec des designs standards attrayants \u2013 parfaites comme petite attention, cadeau promotionnel ou douce gourmandise pour toutes les<a href=\"https:\/\/areka.com\/en\/produit\/gommes-de-fruits-avec-10-de-fruits-en-sachet-standard\/\">Continue reading <span class=\"sr-only\">&#8220;Gommes de fruits \u00e9toiles &#038; coeurs g\u00e9lifi\u00e9s en sachets standards&#8221;<\/span><\/a><\/p>\n","protected":false},"featured_media":2280,"comment_status":"open","ping_status":"closed","template":"","meta":{"_acf_changed":false,"inline_featured_image":false},"product_brand":[],"product_cat":[35,34],"product_tag":[],"class_list":{"0":"post-200","1":"product","2":"type-product","3":"status-publish","4":"has-post-thumbnail","6":"product_cat-produits-personnalisables","7":"product_cat-gommes-de-fruits","9":"first","10":"instock","11":"shipping-taxable","12":"product-type-simple"},"acf":[],"yoast_head":"<!-- This site is optimized with the Yoast SEO plugin v24.9 - https:\/\/yoast.com\/wordpress\/plugins\/seo\/ -->\n<title>Gommes de fruits \u00e9toiles &amp; coeurs g\u00e9lifi\u00e9s en sachets standards : Areka<\/title>\n<meta name=\"robots\" content=\"index, follow, max-snippet:-1, max-image-preview:large, max-video-preview:-1\" \/>\n<link rel=\"canonical\" href=\"https:\/\/areka.com\/en\/produit\/gommes-de-fruits-avec-10-de-fruits-en-sachet-standard\/\" \/>\n<meta property=\"og:locale\" content=\"en_US\" \/>\n<meta property=\"og:type\" content=\"article\" \/>\n<meta property=\"og:title\" content=\"Gommes de fruits \u00e9toiles &amp; coeurs g\u00e9lifi\u00e9s en sachets standards : Areka\" \/>\n<meta property=\"og:description\" content=\"Gommes de fruits \u00e9toiles et c\u0153urs g\u00e9lifi\u00e9s en sachet promotionnel. De d\u00e9licieuses gommes de fruits g\u00e9lifi\u00e9es en forme d\u2019\u00e9toiles ou de c\u0153urs offrent un plaisir sucr\u00e9 plein de charme. Elles sont pr\u00e9sent\u00e9es dans un sachet promotionnel pratique, avec des designs standards attrayants \u2013 parfaites comme petite attention, cadeau promotionnel ou douce gourmandise pour toutes lesContinue reading &quot;Gommes de fruits \u00e9toiles &#038; coeurs g\u00e9lifi\u00e9s en sachets standards&quot;\" \/>\n<meta property=\"og:url\" content=\"https:\/\/areka.com\/en\/produit\/gommes-de-fruits-avec-10-de-fruits-en-sachet-standard\/\" \/>\n<meta property=\"og:site_name\" content=\"Areka\" \/>\n<meta property=\"article:modified_time\" content=\"2026-03-31T09:25:34+00:00\" \/>\n<meta property=\"og:image\" content=\"https:\/\/areka.com\/wp-content\/uploads\/2023\/04\/P40-gommes-etoiles-coeurs.png\" \/>\n\t<meta property=\"og:image:width\" content=\"859\" \/>\n\t<meta property=\"og:image:height\" content=\"859\" \/>\n\t<meta property=\"og:image:type\" content=\"image\/png\" \/>\n<meta name=\"twitter:card\" content=\"summary_large_image\" \/>\n<meta name=\"twitter:label1\" content=\"Est. reading time\" \/>\n\t<meta name=\"twitter:data1\" content=\"1 minute\" \/>\n<script type=\"application\/ld+json\" class=\"yoast-schema-graph\">{\"@context\":\"https:\/\/schema.org\",\"@graph\":[{\"@type\":\"WebPage\",\"@id\":\"https:\/\/areka.com\/en\/produit\/gommes-de-fruits-avec-10-de-fruits-en-sachet-standard\/\",\"url\":\"https:\/\/areka.com\/en\/produit\/gommes-de-fruits-avec-10-de-fruits-en-sachet-standard\/\",\"name\":\"Gommes de fruits \u00e9toiles & coeurs g\u00e9lifi\u00e9s en sachets standards : Areka\",\"isPartOf\":{\"@id\":\"https:\/\/areka.com\/en\/#website\"},\"primaryImageOfPage\":{\"@id\":\"https:\/\/areka.com\/en\/produit\/gommes-de-fruits-avec-10-de-fruits-en-sachet-standard\/#primaryimage\"},\"image\":{\"@id\":\"https:\/\/areka.com\/en\/produit\/gommes-de-fruits-avec-10-de-fruits-en-sachet-standard\/#primaryimage\"},\"thumbnailUrl\":\"https:\/\/areka.com\/wp-content\/uploads\/2023\/04\/P40-gommes-etoiles-coeurs.png\",\"datePublished\":\"2023-04-22T15:14:05+00:00\",\"dateModified\":\"2026-03-31T09:25:34+00:00\",\"breadcrumb\":{\"@id\":\"https:\/\/areka.com\/en\/produit\/gommes-de-fruits-avec-10-de-fruits-en-sachet-standard\/#breadcrumb\"},\"inLanguage\":\"en-US\",\"potentialAction\":[{\"@type\":\"ReadAction\",\"target\":[\"https:\/\/areka.com\/en\/produit\/gommes-de-fruits-avec-10-de-fruits-en-sachet-standard\/\"]}]},{\"@type\":\"ImageObject\",\"inLanguage\":\"en-US\",\"@id\":\"https:\/\/areka.com\/en\/produit\/gommes-de-fruits-avec-10-de-fruits-en-sachet-standard\/#primaryimage\",\"url\":\"https:\/\/areka.com\/wp-content\/uploads\/2023\/04\/P40-gommes-etoiles-coeurs.png\",\"contentUrl\":\"https:\/\/areka.com\/wp-content\/uploads\/2023\/04\/P40-gommes-etoiles-coeurs.png\",\"width\":859,\"height\":859},{\"@type\":\"BreadcrumbList\",\"@id\":\"https:\/\/areka.com\/en\/produit\/gommes-de-fruits-avec-10-de-fruits-en-sachet-standard\/#breadcrumb\",\"itemListElement\":[{\"@type\":\"ListItem\",\"position\":1,\"name\":\"All of our products\",\"item\":\"https:\/\/areka.com\/en\/shop\/\"},{\"@type\":\"ListItem\",\"position\":2,\"name\":\"Personalized products\",\"item\":\"https:\/\/areka.com\/en\/product-category\/personalized-products\/\"},{\"@type\":\"ListItem\",\"position\":3,\"name\":\"Gommes de fruits \u00e9toiles &#038; coeurs g\u00e9lifi\u00e9s en sachets standards\"}]},{\"@type\":\"WebSite\",\"@id\":\"https:\/\/areka.com\/en\/#website\",\"url\":\"https:\/\/areka.com\/en\/\",\"name\":\"Areka\",\"description\":\"Sp\u00e9cialiste fran\u00e7ais de la confiserie personnalis\u00e9e\",\"potentialAction\":[{\"@type\":\"SearchAction\",\"target\":{\"@type\":\"EntryPoint\",\"urlTemplate\":\"https:\/\/areka.com\/en\/?s={search_term_string}\"},\"query-input\":{\"@type\":\"PropertyValueSpecification\",\"valueRequired\":true,\"valueName\":\"search_term_string\"}}],\"inLanguage\":\"en-US\"}]}<\/script>\n<!-- \/ Yoast SEO plugin. -->","yoast_head_json":{"title":"Gommes de fruits \u00e9toiles & coeurs g\u00e9lifi\u00e9s en sachets standards : Areka","robots":{"index":"index","follow":"follow","max-snippet":"max-snippet:-1","max-image-preview":"max-image-preview:large","max-video-preview":"max-video-preview:-1"},"canonical":"https:\/\/areka.com\/en\/produit\/gommes-de-fruits-avec-10-de-fruits-en-sachet-standard\/","og_locale":"en_US","og_type":"article","og_title":"Gommes de fruits \u00e9toiles & coeurs g\u00e9lifi\u00e9s en sachets standards : Areka","og_description":"Gommes de fruits \u00e9toiles et c\u0153urs g\u00e9lifi\u00e9s en sachet promotionnel. De d\u00e9licieuses gommes de fruits g\u00e9lifi\u00e9es en forme d\u2019\u00e9toiles ou de c\u0153urs offrent un plaisir sucr\u00e9 plein de charme. Elles sont pr\u00e9sent\u00e9es dans un sachet promotionnel pratique, avec des designs standards attrayants \u2013 parfaites comme petite attention, cadeau promotionnel ou douce gourmandise pour toutes lesContinue reading \"Gommes de fruits \u00e9toiles &#038; coeurs g\u00e9lifi\u00e9s en sachets standards\"","og_url":"https:\/\/areka.com\/en\/produit\/gommes-de-fruits-avec-10-de-fruits-en-sachet-standard\/","og_site_name":"Areka","article_modified_time":"2026-03-31T09:25:34+00:00","og_image":[{"width":859,"height":859,"url":"https:\/\/areka.com\/wp-content\/uploads\/2023\/04\/P40-gommes-etoiles-coeurs.png","type":"image\/png"}],"twitter_card":"summary_large_image","twitter_misc":{"Est. reading time":"1 minute"},"schema":{"@context":"https:\/\/schema.org","@graph":[{"@type":"WebPage","@id":"https:\/\/areka.com\/en\/produit\/gommes-de-fruits-avec-10-de-fruits-en-sachet-standard\/","url":"https:\/\/areka.com\/en\/produit\/gommes-de-fruits-avec-10-de-fruits-en-sachet-standard\/","name":"Gommes de fruits \u00e9toiles & coeurs g\u00e9lifi\u00e9s en sachets standards : Areka","isPartOf":{"@id":"https:\/\/areka.com\/en\/#website"},"primaryImageOfPage":{"@id":"https:\/\/areka.com\/en\/produit\/gommes-de-fruits-avec-10-de-fruits-en-sachet-standard\/#primaryimage"},"image":{"@id":"https:\/\/areka.com\/en\/produit\/gommes-de-fruits-avec-10-de-fruits-en-sachet-standard\/#primaryimage"},"thumbnailUrl":"https:\/\/areka.com\/wp-content\/uploads\/2023\/04\/P40-gommes-etoiles-coeurs.png","datePublished":"2023-04-22T15:14:05+00:00","dateModified":"2026-03-31T09:25:34+00:00","breadcrumb":{"@id":"https:\/\/areka.com\/en\/produit\/gommes-de-fruits-avec-10-de-fruits-en-sachet-standard\/#breadcrumb"},"inLanguage":"en-US","potentialAction":[{"@type":"ReadAction","target":["https:\/\/areka.com\/en\/produit\/gommes-de-fruits-avec-10-de-fruits-en-sachet-standard\/"]}]},{"@type":"ImageObject","inLanguage":"en-US","@id":"https:\/\/areka.com\/en\/produit\/gommes-de-fruits-avec-10-de-fruits-en-sachet-standard\/#primaryimage","url":"https:\/\/areka.com\/wp-content\/uploads\/2023\/04\/P40-gommes-etoiles-coeurs.png","contentUrl":"https:\/\/areka.com\/wp-content\/uploads\/2023\/04\/P40-gommes-etoiles-coeurs.png","width":859,"height":859},{"@type":"BreadcrumbList","@id":"https:\/\/areka.com\/en\/produit\/gommes-de-fruits-avec-10-de-fruits-en-sachet-standard\/#breadcrumb","itemListElement":[{"@type":"ListItem","position":1,"name":"All of our products","item":"https:\/\/areka.com\/en\/shop\/"},{"@type":"ListItem","position":2,"name":"Personalized products","item":"https:\/\/areka.com\/en\/product-category\/personalized-products\/"},{"@type":"ListItem","position":3,"name":"Gommes de fruits \u00e9toiles &#038; coeurs g\u00e9lifi\u00e9s en sachets standards"}]},{"@type":"WebSite","@id":"https:\/\/areka.com\/en\/#website","url":"https:\/\/areka.com\/en\/","name":"Areka","description":"Sp\u00e9cialiste fran\u00e7ais de la confiserie personnalis\u00e9e","potentialAction":[{"@type":"SearchAction","target":{"@type":"EntryPoint","urlTemplate":"https:\/\/areka.com\/en\/?s={search_term_string}"},"query-input":{"@type":"PropertyValueSpecification","valueRequired":true,"valueName":"search_term_string"}}],"inLanguage":"en-US"}]}},"_links":{"self":[{"href":"https:\/\/areka.com\/en\/wp-json\/wp\/v2\/product\/200","targetHints":{"allow":["GET"]}}],"collection":[{"href":"https:\/\/areka.com\/en\/wp-json\/wp\/v2\/product"}],"about":[{"href":"https:\/\/areka.com\/en\/wp-json\/wp\/v2\/types\/product"}],"replies":[{"embeddable":true,"href":"https:\/\/areka.com\/en\/wp-json\/wp\/v2\/comments?post=200"}],"wp:featuredmedia":[{"embeddable":true,"href":"https:\/\/areka.com\/en\/wp-json\/wp\/v2\/media\/2280"}],"wp:attachment":[{"href":"https:\/\/areka.com\/en\/wp-json\/wp\/v2\/media?parent=200"}],"wp:term":[{"taxonomy":"product_brand","embeddable":true,"href":"https:\/\/areka.com\/en\/wp-json\/wp\/v2\/product_brand?post=200"},{"taxonomy":"product_cat","embeddable":true,"href":"https:\/\/areka.com\/en\/wp-json\/wp\/v2\/product_cat?post=200"},{"taxonomy":"product_tag","embeddable":true,"href":"https:\/\/areka.com\/en\/wp-json\/wp\/v2\/product_tag?post=200"}],"curies":[{"name":"wp","href":"https:\/\/api.w.org\/{rel}","templated":true}]}}