{"id":202,"date":"2023-04-22T17:20:17","date_gmt":"2023-04-22T15:20:17","guid":{"rendered":"https:\/\/areka.com\/?post_type=product&#038;p=202"},"modified":"2026-03-31T11:27:14","modified_gmt":"2026-03-31T09:27:14","slug":"gommes-de-fruits-avec-10-de-fruit-dans-votre-forme-specifique","status":"publish","type":"product","link":"https:\/\/areka.com\/en\/produit\/gommes-de-fruits-avec-10-de-fruit-dans-votre-forme-specifique\/","title":{"rendered":"Gommes de fruits g\u00e9lifi\u00e9s avec 10% de fruit dans votre forme sp\u00e9cifique"},"content":{"rendered":"<p><strong>Bonbons g\u00e9lifi\u00e9s dans votre forme personnalis\u00e9e.<\/strong><br \/>\nLes bonbons g\u00e9lifi\u00e9s contenant 10 % de fruits peuvent \u00eatre fabriqu\u00e9s enti\u00e8rement dans la forme personnalis\u00e9e de votre choix \u2013 id\u00e9al pour mettre en valeur votre marque ou votre message de mani\u00e8re unique. Ces douceurs sont \u00e9galement disponibles en assortiment multicolore, \u00e0 partir de 560 kg.<\/p>\n<ul>\n<li>Contenu: 10 g ou 15 g<\/li>\n<li>Dimensions: approx. 90 x 70 mm<\/li>\n<li>Conditionnement:\n<ul>\n<li>250 pcs. par carton \/ 1 250 pcs. dans le carton d&#8217;exp\u00e9dition (10 g)<\/li>\n<li>250 pcs. par carton \/ 1 000 pcs. dans le carton d&#8217;exp\u00e9dition (15 g)<\/li>\n<\/ul>\n<\/li>\n<li>D\u00e9lai de conservation: approx. 12 mois en cas de stockage appropri\u00e9<\/li>\n<li>D\u00e9lai de livraison: approx. 8 semaines apr\u00e8s accord du BAT<\/li>\n<\/ul>\n<div id=\"sconnect-is-installed\" style=\"display: none;\">2.11.0.0<\/div>\n","protected":false},"excerpt":{"rendered":"<p>&nbsp;<\/p>\n<div id=\"sconnect-is-installed\" style=\"display: none;\">2.11.0.0<\/div>\n","protected":false},"featured_media":376,"comment_status":"open","ping_status":"closed","template":"","meta":{"_acf_changed":false,"inline_featured_image":false},"product_brand":[],"product_cat":[35,34],"product_tag":[],"class_list":{"0":"post-202","1":"product","2":"type-product","3":"status-publish","4":"has-post-thumbnail","6":"product_cat-produits-personnalisables","7":"product_cat-gommes-de-fruits","9":"first","10":"instock","11":"shipping-taxable","12":"product-type-simple"},"acf":[],"yoast_head":"<!-- This site is optimized with the Yoast SEO plugin v24.9 - https:\/\/yoast.com\/wordpress\/plugins\/seo\/ -->\n<title>Gommes de fruits g\u00e9lifi\u00e9s avec 10% de fruit dans votre forme sp\u00e9cifique : Areka<\/title>\n<meta name=\"robots\" content=\"index, follow, max-snippet:-1, max-image-preview:large, max-video-preview:-1\" \/>\n<link rel=\"canonical\" href=\"https:\/\/areka.com\/en\/produit\/gommes-de-fruits-avec-10-de-fruit-dans-votre-forme-specifique\/\" \/>\n<meta property=\"og:locale\" content=\"en_US\" \/>\n<meta property=\"og:type\" content=\"article\" \/>\n<meta property=\"og:title\" content=\"Gommes de fruits g\u00e9lifi\u00e9s avec 10% de fruit dans votre forme sp\u00e9cifique : Areka\" \/>\n<meta property=\"og:description\" content=\"&nbsp; 2.11.0.0\" \/>\n<meta property=\"og:url\" content=\"https:\/\/areka.com\/en\/produit\/gommes-de-fruits-avec-10-de-fruit-dans-votre-forme-specifique\/\" \/>\n<meta property=\"og:site_name\" content=\"Areka\" \/>\n<meta property=\"article:modified_time\" content=\"2026-03-31T09:27:14+00:00\" \/>\n<meta property=\"og:image\" content=\"https:\/\/areka.com\/wp-content\/uploads\/2023\/04\/gommes-forme-speci.png\" \/>\n\t<meta property=\"og:image:width\" content=\"412\" \/>\n\t<meta property=\"og:image:height\" content=\"412\" \/>\n\t<meta property=\"og:image:type\" content=\"image\/png\" \/>\n<meta name=\"twitter:card\" content=\"summary_large_image\" \/>\n<meta name=\"twitter:label1\" content=\"Est. reading time\" \/>\n\t<meta name=\"twitter:data1\" content=\"1 minute\" \/>\n<script type=\"application\/ld+json\" class=\"yoast-schema-graph\">{\"@context\":\"https:\/\/schema.org\",\"@graph\":[{\"@type\":\"WebPage\",\"@id\":\"https:\/\/areka.com\/en\/produit\/gommes-de-fruits-avec-10-de-fruit-dans-votre-forme-specifique\/\",\"url\":\"https:\/\/areka.com\/en\/produit\/gommes-de-fruits-avec-10-de-fruit-dans-votre-forme-specifique\/\",\"name\":\"Gommes de fruits g\u00e9lifi\u00e9s avec 10% de fruit dans votre forme sp\u00e9cifique : Areka\",\"isPartOf\":{\"@id\":\"https:\/\/areka.com\/en\/#website\"},\"primaryImageOfPage\":{\"@id\":\"https:\/\/areka.com\/en\/produit\/gommes-de-fruits-avec-10-de-fruit-dans-votre-forme-specifique\/#primaryimage\"},\"image\":{\"@id\":\"https:\/\/areka.com\/en\/produit\/gommes-de-fruits-avec-10-de-fruit-dans-votre-forme-specifique\/#primaryimage\"},\"thumbnailUrl\":\"https:\/\/areka.com\/wp-content\/uploads\/2023\/04\/gommes-forme-speci.png\",\"datePublished\":\"2023-04-22T15:20:17+00:00\",\"dateModified\":\"2026-03-31T09:27:14+00:00\",\"breadcrumb\":{\"@id\":\"https:\/\/areka.com\/en\/produit\/gommes-de-fruits-avec-10-de-fruit-dans-votre-forme-specifique\/#breadcrumb\"},\"inLanguage\":\"en-US\",\"potentialAction\":[{\"@type\":\"ReadAction\",\"target\":[\"https:\/\/areka.com\/en\/produit\/gommes-de-fruits-avec-10-de-fruit-dans-votre-forme-specifique\/\"]}]},{\"@type\":\"ImageObject\",\"inLanguage\":\"en-US\",\"@id\":\"https:\/\/areka.com\/en\/produit\/gommes-de-fruits-avec-10-de-fruit-dans-votre-forme-specifique\/#primaryimage\",\"url\":\"https:\/\/areka.com\/wp-content\/uploads\/2023\/04\/gommes-forme-speci.png\",\"contentUrl\":\"https:\/\/areka.com\/wp-content\/uploads\/2023\/04\/gommes-forme-speci.png\",\"width\":412,\"height\":412},{\"@type\":\"BreadcrumbList\",\"@id\":\"https:\/\/areka.com\/en\/produit\/gommes-de-fruits-avec-10-de-fruit-dans-votre-forme-specifique\/#breadcrumb\",\"itemListElement\":[{\"@type\":\"ListItem\",\"position\":1,\"name\":\"All of our products\",\"item\":\"https:\/\/areka.com\/en\/shop\/\"},{\"@type\":\"ListItem\",\"position\":2,\"name\":\"Personalized products\",\"item\":\"https:\/\/areka.com\/en\/product-category\/personalized-products\/\"},{\"@type\":\"ListItem\",\"position\":3,\"name\":\"Gommes de fruits g\u00e9lifi\u00e9s avec 10% de fruit dans votre forme sp\u00e9cifique\"}]},{\"@type\":\"WebSite\",\"@id\":\"https:\/\/areka.com\/en\/#website\",\"url\":\"https:\/\/areka.com\/en\/\",\"name\":\"Areka\",\"description\":\"Sp\u00e9cialiste fran\u00e7ais de la confiserie personnalis\u00e9e\",\"potentialAction\":[{\"@type\":\"SearchAction\",\"target\":{\"@type\":\"EntryPoint\",\"urlTemplate\":\"https:\/\/areka.com\/en\/?s={search_term_string}\"},\"query-input\":{\"@type\":\"PropertyValueSpecification\",\"valueRequired\":true,\"valueName\":\"search_term_string\"}}],\"inLanguage\":\"en-US\"}]}<\/script>\n<!-- \/ Yoast SEO plugin. -->","yoast_head_json":{"title":"Gommes de fruits g\u00e9lifi\u00e9s avec 10% de fruit dans votre forme sp\u00e9cifique : Areka","robots":{"index":"index","follow":"follow","max-snippet":"max-snippet:-1","max-image-preview":"max-image-preview:large","max-video-preview":"max-video-preview:-1"},"canonical":"https:\/\/areka.com\/en\/produit\/gommes-de-fruits-avec-10-de-fruit-dans-votre-forme-specifique\/","og_locale":"en_US","og_type":"article","og_title":"Gommes de fruits g\u00e9lifi\u00e9s avec 10% de fruit dans votre forme sp\u00e9cifique : Areka","og_description":"&nbsp; 2.11.0.0","og_url":"https:\/\/areka.com\/en\/produit\/gommes-de-fruits-avec-10-de-fruit-dans-votre-forme-specifique\/","og_site_name":"Areka","article_modified_time":"2026-03-31T09:27:14+00:00","og_image":[{"width":412,"height":412,"url":"https:\/\/areka.com\/wp-content\/uploads\/2023\/04\/gommes-forme-speci.png","type":"image\/png"}],"twitter_card":"summary_large_image","twitter_misc":{"Est. reading time":"1 minute"},"schema":{"@context":"https:\/\/schema.org","@graph":[{"@type":"WebPage","@id":"https:\/\/areka.com\/en\/produit\/gommes-de-fruits-avec-10-de-fruit-dans-votre-forme-specifique\/","url":"https:\/\/areka.com\/en\/produit\/gommes-de-fruits-avec-10-de-fruit-dans-votre-forme-specifique\/","name":"Gommes de fruits g\u00e9lifi\u00e9s avec 10% de fruit dans votre forme sp\u00e9cifique : Areka","isPartOf":{"@id":"https:\/\/areka.com\/en\/#website"},"primaryImageOfPage":{"@id":"https:\/\/areka.com\/en\/produit\/gommes-de-fruits-avec-10-de-fruit-dans-votre-forme-specifique\/#primaryimage"},"image":{"@id":"https:\/\/areka.com\/en\/produit\/gommes-de-fruits-avec-10-de-fruit-dans-votre-forme-specifique\/#primaryimage"},"thumbnailUrl":"https:\/\/areka.com\/wp-content\/uploads\/2023\/04\/gommes-forme-speci.png","datePublished":"2023-04-22T15:20:17+00:00","dateModified":"2026-03-31T09:27:14+00:00","breadcrumb":{"@id":"https:\/\/areka.com\/en\/produit\/gommes-de-fruits-avec-10-de-fruit-dans-votre-forme-specifique\/#breadcrumb"},"inLanguage":"en-US","potentialAction":[{"@type":"ReadAction","target":["https:\/\/areka.com\/en\/produit\/gommes-de-fruits-avec-10-de-fruit-dans-votre-forme-specifique\/"]}]},{"@type":"ImageObject","inLanguage":"en-US","@id":"https:\/\/areka.com\/en\/produit\/gommes-de-fruits-avec-10-de-fruit-dans-votre-forme-specifique\/#primaryimage","url":"https:\/\/areka.com\/wp-content\/uploads\/2023\/04\/gommes-forme-speci.png","contentUrl":"https:\/\/areka.com\/wp-content\/uploads\/2023\/04\/gommes-forme-speci.png","width":412,"height":412},{"@type":"BreadcrumbList","@id":"https:\/\/areka.com\/en\/produit\/gommes-de-fruits-avec-10-de-fruit-dans-votre-forme-specifique\/#breadcrumb","itemListElement":[{"@type":"ListItem","position":1,"name":"All of our products","item":"https:\/\/areka.com\/en\/shop\/"},{"@type":"ListItem","position":2,"name":"Personalized products","item":"https:\/\/areka.com\/en\/product-category\/personalized-products\/"},{"@type":"ListItem","position":3,"name":"Gommes de fruits g\u00e9lifi\u00e9s avec 10% de fruit dans votre forme sp\u00e9cifique"}]},{"@type":"WebSite","@id":"https:\/\/areka.com\/en\/#website","url":"https:\/\/areka.com\/en\/","name":"Areka","description":"Sp\u00e9cialiste fran\u00e7ais de la confiserie personnalis\u00e9e","potentialAction":[{"@type":"SearchAction","target":{"@type":"EntryPoint","urlTemplate":"https:\/\/areka.com\/en\/?s={search_term_string}"},"query-input":{"@type":"PropertyValueSpecification","valueRequired":true,"valueName":"search_term_string"}}],"inLanguage":"en-US"}]}},"_links":{"self":[{"href":"https:\/\/areka.com\/en\/wp-json\/wp\/v2\/product\/202","targetHints":{"allow":["GET"]}}],"collection":[{"href":"https:\/\/areka.com\/en\/wp-json\/wp\/v2\/product"}],"about":[{"href":"https:\/\/areka.com\/en\/wp-json\/wp\/v2\/types\/product"}],"replies":[{"embeddable":true,"href":"https:\/\/areka.com\/en\/wp-json\/wp\/v2\/comments?post=202"}],"wp:featuredmedia":[{"embeddable":true,"href":"https:\/\/areka.com\/en\/wp-json\/wp\/v2\/media\/376"}],"wp:attachment":[{"href":"https:\/\/areka.com\/en\/wp-json\/wp\/v2\/media?parent=202"}],"wp:term":[{"taxonomy":"product_brand","embeddable":true,"href":"https:\/\/areka.com\/en\/wp-json\/wp\/v2\/product_brand?post=202"},{"taxonomy":"product_cat","embeddable":true,"href":"https:\/\/areka.com\/en\/wp-json\/wp\/v2\/product_cat?post=202"},{"taxonomy":"product_tag","embeddable":true,"href":"https:\/\/areka.com\/en\/wp-json\/wp\/v2\/product_tag?post=202"}],"curies":[{"name":"wp","href":"https:\/\/api.w.org\/{rel}","templated":true}]}}