{"id":208,"date":"2023-04-22T17:40:36","date_gmt":"2023-04-22T15:40:36","guid":{"rendered":"https:\/\/areka.com\/?post_type=product&#038;p=208"},"modified":"2026-03-31T15:04:17","modified_gmt":"2026-03-31T13:04:17","slug":"melange-de-fruits-a-coque-et-raisins-secs","status":"publish","type":"product","link":"https:\/\/areka.com\/en\/produit\/melange-de-fruits-a-coque-et-raisins-secs\/","title":{"rendered":"M\u00e9lange de fruits \u00e0 coque et raisins secs"},"content":{"rendered":"<p><strong>La puissance des fruits \u00e0 coque dans un sachet publicitaire.<\/strong><br \/>\nUn m\u00e9lange \u00e9quilibr\u00e9 de noix de cajou, noisettes, amandes blanchies et cerneaux de noix, associ\u00e9 \u00e0 des raisins de qualit\u00e9 Seeberger. Conditionn\u00e9 dans un sachet personnalisable, cet en-cas sain offre un fort impact promotionnel.<\/p>\n<ul>\n<li>Contenu: 20 g\n<ul>\n<li>raisins, noisettes, noix, amandes, noix de cajou<\/li>\n<\/ul>\n<\/li>\n<li>Dimensions: approx. 110 x 90 mm<\/li>\n<li>Conditionnement: 150 pcs. par carton \/ 600 pcs. dans le carton d&#8217;exp\u00e9dition<\/li>\n<li>D\u00e9lai de conservation: approx. 9 mois en cas de stockage appropri\u00e9<\/li>\n<li>D\u00e9lai de livraison: approx. 3 semaines apr\u00e8s accord du BAT<\/li>\n<\/ul>\n<div id=\"sconnect-is-installed\" style=\"display: none;\">2.11.0.0<\/div>\n","protected":false},"excerpt":{"rendered":"<p>&nbsp;<\/p>\n<div id=\"sconnect-is-installed\" style=\"display: none;\">2.11.0.0<\/div>\n","protected":false},"featured_media":2395,"comment_status":"open","ping_status":"closed","template":"","meta":{"_acf_changed":false,"inline_featured_image":false},"product_brand":[],"product_cat":[35,30],"product_tag":[],"class_list":{"0":"post-208","1":"product","2":"type-product","3":"status-publish","4":"has-post-thumbnail","6":"product_cat-produits-personnalisables","7":"product_cat-delicieusement-sain","9":"first","10":"instock","11":"shipping-taxable","12":"product-type-simple"},"acf":[],"yoast_head":"<!-- This site is optimized with the Yoast SEO plugin v24.9 - https:\/\/yoast.com\/wordpress\/plugins\/seo\/ -->\n<title>M\u00e9lange de fruits \u00e0 coque et raisins secs : Areka<\/title>\n<meta name=\"robots\" content=\"index, follow, max-snippet:-1, max-image-preview:large, max-video-preview:-1\" \/>\n<link rel=\"canonical\" href=\"https:\/\/areka.com\/en\/produit\/melange-de-fruits-a-coque-et-raisins-secs\/\" \/>\n<meta property=\"og:locale\" content=\"en_US\" \/>\n<meta property=\"og:type\" content=\"article\" \/>\n<meta property=\"og:title\" content=\"M\u00e9lange de fruits \u00e0 coque et raisins secs : Areka\" \/>\n<meta property=\"og:description\" content=\"&nbsp; 2.11.0.0\" \/>\n<meta property=\"og:url\" content=\"https:\/\/areka.com\/en\/produit\/melange-de-fruits-a-coque-et-raisins-secs\/\" \/>\n<meta property=\"og:site_name\" content=\"Areka\" \/>\n<meta property=\"article:modified_time\" content=\"2026-03-31T13:04:17+00:00\" \/>\n<meta property=\"og:image\" content=\"https:\/\/areka.com\/wp-content\/uploads\/2023\/04\/P53-fruits-a-coque-raisins.png\" \/>\n\t<meta property=\"og:image:width\" content=\"1000\" \/>\n\t<meta property=\"og:image:height\" content=\"1000\" \/>\n\t<meta property=\"og:image:type\" content=\"image\/png\" \/>\n<meta name=\"twitter:card\" content=\"summary_large_image\" \/>\n<meta name=\"twitter:label1\" content=\"Est. reading time\" \/>\n\t<meta name=\"twitter:data1\" content=\"1 minute\" \/>\n<script type=\"application\/ld+json\" class=\"yoast-schema-graph\">{\"@context\":\"https:\/\/schema.org\",\"@graph\":[{\"@type\":\"WebPage\",\"@id\":\"https:\/\/areka.com\/en\/produit\/melange-de-fruits-a-coque-et-raisins-secs\/\",\"url\":\"https:\/\/areka.com\/en\/produit\/melange-de-fruits-a-coque-et-raisins-secs\/\",\"name\":\"M\u00e9lange de fruits \u00e0 coque et raisins secs : Areka\",\"isPartOf\":{\"@id\":\"https:\/\/areka.com\/en\/#website\"},\"primaryImageOfPage\":{\"@id\":\"https:\/\/areka.com\/en\/produit\/melange-de-fruits-a-coque-et-raisins-secs\/#primaryimage\"},\"image\":{\"@id\":\"https:\/\/areka.com\/en\/produit\/melange-de-fruits-a-coque-et-raisins-secs\/#primaryimage\"},\"thumbnailUrl\":\"https:\/\/areka.com\/wp-content\/uploads\/2023\/04\/P53-fruits-a-coque-raisins.png\",\"datePublished\":\"2023-04-22T15:40:36+00:00\",\"dateModified\":\"2026-03-31T13:04:17+00:00\",\"breadcrumb\":{\"@id\":\"https:\/\/areka.com\/en\/produit\/melange-de-fruits-a-coque-et-raisins-secs\/#breadcrumb\"},\"inLanguage\":\"en-US\",\"potentialAction\":[{\"@type\":\"ReadAction\",\"target\":[\"https:\/\/areka.com\/en\/produit\/melange-de-fruits-a-coque-et-raisins-secs\/\"]}]},{\"@type\":\"ImageObject\",\"inLanguage\":\"en-US\",\"@id\":\"https:\/\/areka.com\/en\/produit\/melange-de-fruits-a-coque-et-raisins-secs\/#primaryimage\",\"url\":\"https:\/\/areka.com\/wp-content\/uploads\/2023\/04\/P53-fruits-a-coque-raisins.png\",\"contentUrl\":\"https:\/\/areka.com\/wp-content\/uploads\/2023\/04\/P53-fruits-a-coque-raisins.png\",\"width\":1000,\"height\":1000},{\"@type\":\"BreadcrumbList\",\"@id\":\"https:\/\/areka.com\/en\/produit\/melange-de-fruits-a-coque-et-raisins-secs\/#breadcrumb\",\"itemListElement\":[{\"@type\":\"ListItem\",\"position\":1,\"name\":\"All of our products\",\"item\":\"https:\/\/areka.com\/en\/shop\/\"},{\"@type\":\"ListItem\",\"position\":2,\"name\":\"Personalized products\",\"item\":\"https:\/\/areka.com\/en\/product-category\/personalized-products\/\"},{\"@type\":\"ListItem\",\"position\":3,\"name\":\"M\u00e9lange de fruits \u00e0 coque et raisins secs\"}]},{\"@type\":\"WebSite\",\"@id\":\"https:\/\/areka.com\/en\/#website\",\"url\":\"https:\/\/areka.com\/en\/\",\"name\":\"Areka\",\"description\":\"Sp\u00e9cialiste fran\u00e7ais de la confiserie personnalis\u00e9e\",\"potentialAction\":[{\"@type\":\"SearchAction\",\"target\":{\"@type\":\"EntryPoint\",\"urlTemplate\":\"https:\/\/areka.com\/en\/?s={search_term_string}\"},\"query-input\":{\"@type\":\"PropertyValueSpecification\",\"valueRequired\":true,\"valueName\":\"search_term_string\"}}],\"inLanguage\":\"en-US\"}]}<\/script>\n<!-- \/ Yoast SEO plugin. -->","yoast_head_json":{"title":"M\u00e9lange de fruits \u00e0 coque et raisins secs : Areka","robots":{"index":"index","follow":"follow","max-snippet":"max-snippet:-1","max-image-preview":"max-image-preview:large","max-video-preview":"max-video-preview:-1"},"canonical":"https:\/\/areka.com\/en\/produit\/melange-de-fruits-a-coque-et-raisins-secs\/","og_locale":"en_US","og_type":"article","og_title":"M\u00e9lange de fruits \u00e0 coque et raisins secs : Areka","og_description":"&nbsp; 2.11.0.0","og_url":"https:\/\/areka.com\/en\/produit\/melange-de-fruits-a-coque-et-raisins-secs\/","og_site_name":"Areka","article_modified_time":"2026-03-31T13:04:17+00:00","og_image":[{"width":1000,"height":1000,"url":"https:\/\/areka.com\/wp-content\/uploads\/2023\/04\/P53-fruits-a-coque-raisins.png","type":"image\/png"}],"twitter_card":"summary_large_image","twitter_misc":{"Est. reading time":"1 minute"},"schema":{"@context":"https:\/\/schema.org","@graph":[{"@type":"WebPage","@id":"https:\/\/areka.com\/en\/produit\/melange-de-fruits-a-coque-et-raisins-secs\/","url":"https:\/\/areka.com\/en\/produit\/melange-de-fruits-a-coque-et-raisins-secs\/","name":"M\u00e9lange de fruits \u00e0 coque et raisins secs : Areka","isPartOf":{"@id":"https:\/\/areka.com\/en\/#website"},"primaryImageOfPage":{"@id":"https:\/\/areka.com\/en\/produit\/melange-de-fruits-a-coque-et-raisins-secs\/#primaryimage"},"image":{"@id":"https:\/\/areka.com\/en\/produit\/melange-de-fruits-a-coque-et-raisins-secs\/#primaryimage"},"thumbnailUrl":"https:\/\/areka.com\/wp-content\/uploads\/2023\/04\/P53-fruits-a-coque-raisins.png","datePublished":"2023-04-22T15:40:36+00:00","dateModified":"2026-03-31T13:04:17+00:00","breadcrumb":{"@id":"https:\/\/areka.com\/en\/produit\/melange-de-fruits-a-coque-et-raisins-secs\/#breadcrumb"},"inLanguage":"en-US","potentialAction":[{"@type":"ReadAction","target":["https:\/\/areka.com\/en\/produit\/melange-de-fruits-a-coque-et-raisins-secs\/"]}]},{"@type":"ImageObject","inLanguage":"en-US","@id":"https:\/\/areka.com\/en\/produit\/melange-de-fruits-a-coque-et-raisins-secs\/#primaryimage","url":"https:\/\/areka.com\/wp-content\/uploads\/2023\/04\/P53-fruits-a-coque-raisins.png","contentUrl":"https:\/\/areka.com\/wp-content\/uploads\/2023\/04\/P53-fruits-a-coque-raisins.png","width":1000,"height":1000},{"@type":"BreadcrumbList","@id":"https:\/\/areka.com\/en\/produit\/melange-de-fruits-a-coque-et-raisins-secs\/#breadcrumb","itemListElement":[{"@type":"ListItem","position":1,"name":"All of our products","item":"https:\/\/areka.com\/en\/shop\/"},{"@type":"ListItem","position":2,"name":"Personalized products","item":"https:\/\/areka.com\/en\/product-category\/personalized-products\/"},{"@type":"ListItem","position":3,"name":"M\u00e9lange de fruits \u00e0 coque et raisins secs"}]},{"@type":"WebSite","@id":"https:\/\/areka.com\/en\/#website","url":"https:\/\/areka.com\/en\/","name":"Areka","description":"Sp\u00e9cialiste fran\u00e7ais de la confiserie personnalis\u00e9e","potentialAction":[{"@type":"SearchAction","target":{"@type":"EntryPoint","urlTemplate":"https:\/\/areka.com\/en\/?s={search_term_string}"},"query-input":{"@type":"PropertyValueSpecification","valueRequired":true,"valueName":"search_term_string"}}],"inLanguage":"en-US"}]}},"_links":{"self":[{"href":"https:\/\/areka.com\/en\/wp-json\/wp\/v2\/product\/208","targetHints":{"allow":["GET"]}}],"collection":[{"href":"https:\/\/areka.com\/en\/wp-json\/wp\/v2\/product"}],"about":[{"href":"https:\/\/areka.com\/en\/wp-json\/wp\/v2\/types\/product"}],"replies":[{"embeddable":true,"href":"https:\/\/areka.com\/en\/wp-json\/wp\/v2\/comments?post=208"}],"wp:featuredmedia":[{"embeddable":true,"href":"https:\/\/areka.com\/en\/wp-json\/wp\/v2\/media\/2395"}],"wp:attachment":[{"href":"https:\/\/areka.com\/en\/wp-json\/wp\/v2\/media?parent=208"}],"wp:term":[{"taxonomy":"product_brand","embeddable":true,"href":"https:\/\/areka.com\/en\/wp-json\/wp\/v2\/product_brand?post=208"},{"taxonomy":"product_cat","embeddable":true,"href":"https:\/\/areka.com\/en\/wp-json\/wp\/v2\/product_cat?post=208"},{"taxonomy":"product_tag","embeddable":true,"href":"https:\/\/areka.com\/en\/wp-json\/wp\/v2\/product_tag?post=208"}],"curies":[{"name":"wp","href":"https:\/\/api.w.org\/{rel}","templated":true}]}}