{"id":2106,"date":"2025-04-21T23:12:11","date_gmt":"2025-04-21T21:12:11","guid":{"rendered":"https:\/\/areka.com\/?post_type=product&#038;p=2106"},"modified":"2026-04-15T14:58:34","modified_gmt":"2026-04-15T12:58:34","slug":"coeurs-a-la-framboise-avec-une-mousse-a-la-vanille","status":"publish","type":"product","link":"https:\/\/areka.com\/en\/produit\/coeurs-a-la-framboise-avec-une-mousse-a-la-vanille\/","title":{"rendered":"Coeurs \u00e0 la framboise avec une mousse \u00e0 la vanille"},"content":{"rendered":"<p><strong>Des c\u0153urs fruit\u00e9s \u00e0 la framboise rencontrent une mousse \u00e0 la vanille.<\/strong><br \/>\nDe juteux c\u0153urs \u00e0 la framboise, au go\u00fbt intens\u00e9ment fruit\u00e9, associ\u00e9s \u00e0 une mousse vanill\u00e9e l\u00e9g\u00e8re et a\u00e9rienne, pour une exp\u00e9rience gustative irr\u00e9sistible. Chaque c\u0153ur est emball\u00e9 individuellement dans un flow pack personnalisable, garantissant hygi\u00e8ne, fra\u00eecheur et un espace id\u00e9al pour votre message de marque. Un cadeau sucr\u00e9 id\u00e9al pour les salons, \u00e9v\u00e9nements ou comme attention particuli\u00e8re pour clients et invit\u00e9s.<\/p>\n<ul>\n<li>Contenu: 7 g<\/li>\n<li>Dimensions: approx. 90 x 45 mm<\/li>\n<li>Conditionnement: 250 pcs. par carton \/ 1 000 pcs. dans le carton d&#8217;exp\u00e9dition<\/li>\n<li>D\u00e9lai de conservation: approx. 9 mois en cas de stockage appropri\u00e9<\/li>\n<li>D\u00e9lai de livraison: approx. 3 semaines apr\u00e8s accord du BAT<\/li>\n<\/ul>\n<div id=\"sconnect-is-installed\" style=\"display: none;\">2.11.0.0<\/div>\n<div id=\"sconnect-is-installed\" style=\"display: none;\">2.11.0.0<\/div>\n<div id=\"sconnect-is-installed\" style=\"display: none;\">2.11.0.0<\/div>\n<div id=\"sconnect-is-installed\" style=\"display: none;\">2.11.0.0<\/div>\n<div id=\"sconnect-is-installed\" style=\"display: none;\">2.11.0.0<\/div>\n","protected":false},"excerpt":{"rendered":"<p>&nbsp;<\/p>\n<div id=\"sconnect-is-installed\" style=\"display: none;\">2.11.0.0<\/div>\n<div id=\"sconnect-is-installed\" style=\"display: none;\">2.11.0.0<\/div>\n<div id=\"sconnect-is-installed\" style=\"display: none;\">2.11.0.0<\/div>\n<div id=\"sconnect-is-installed\" style=\"display: none;\">2.11.0.0<\/div>\n<div id=\"sconnect-is-installed\" style=\"display: none;\">2.11.0.0<\/div>\n<div id=\"sconnect-is-installed\" style=\"display: none;\">2.11.0.0<\/div>\n<div id=\"sconnect-is-installed\" style=\"display: none;\">2.11.0.0<\/div>\n","protected":false},"featured_media":2275,"comment_status":"open","ping_status":"closed","template":"","meta":{"_acf_changed":false,"inline_featured_image":false},"product_brand":[],"product_cat":[35,34],"product_tag":[],"class_list":{"0":"post-2106","1":"product","2":"type-product","3":"status-publish","4":"has-post-thumbnail","6":"product_cat-produits-personnalisables","7":"product_cat-gommes-de-fruits","9":"first","10":"instock","11":"shipping-taxable","12":"product-type-simple"},"acf":[],"yoast_head":"<!-- This site is optimized with the Yoast SEO plugin v24.9 - https:\/\/yoast.com\/wordpress\/plugins\/seo\/ -->\n<title>Coeurs \u00e0 la framboise avec une mousse \u00e0 la vanille : Areka<\/title>\n<meta name=\"robots\" content=\"index, follow, max-snippet:-1, max-image-preview:large, max-video-preview:-1\" \/>\n<link rel=\"canonical\" href=\"https:\/\/areka.com\/en\/produit\/coeurs-a-la-framboise-avec-une-mousse-a-la-vanille\/\" \/>\n<meta property=\"og:locale\" content=\"en_US\" \/>\n<meta property=\"og:type\" content=\"article\" \/>\n<meta property=\"og:title\" content=\"Coeurs \u00e0 la framboise avec une mousse \u00e0 la vanille : Areka\" \/>\n<meta property=\"og:description\" content=\"&nbsp; 2.11.0.0 2.11.0.0 2.11.0.0 2.11.0.0 2.11.0.0 2.11.0.0 2.11.0.0\" \/>\n<meta property=\"og:url\" content=\"https:\/\/areka.com\/en\/produit\/coeurs-a-la-framboise-avec-une-mousse-a-la-vanille\/\" \/>\n<meta property=\"og:site_name\" content=\"Areka\" \/>\n<meta property=\"article:modified_time\" content=\"2026-04-15T12:58:34+00:00\" \/>\n<meta property=\"og:image\" content=\"https:\/\/areka.com\/wp-content\/uploads\/2025\/04\/P42-coeurs-a-la-framboise.png\" \/>\n\t<meta property=\"og:image:width\" content=\"859\" \/>\n\t<meta property=\"og:image:height\" content=\"856\" \/>\n\t<meta property=\"og:image:type\" content=\"image\/png\" \/>\n<meta name=\"twitter:card\" content=\"summary_large_image\" \/>\n<meta name=\"twitter:label1\" content=\"Est. reading time\" \/>\n\t<meta name=\"twitter:data1\" content=\"1 minute\" \/>\n<script type=\"application\/ld+json\" class=\"yoast-schema-graph\">{\"@context\":\"https:\/\/schema.org\",\"@graph\":[{\"@type\":\"WebPage\",\"@id\":\"https:\/\/areka.com\/en\/produit\/coeurs-a-la-framboise-avec-une-mousse-a-la-vanille\/\",\"url\":\"https:\/\/areka.com\/en\/produit\/coeurs-a-la-framboise-avec-une-mousse-a-la-vanille\/\",\"name\":\"Coeurs \u00e0 la framboise avec une mousse \u00e0 la vanille : Areka\",\"isPartOf\":{\"@id\":\"https:\/\/areka.com\/en\/#website\"},\"primaryImageOfPage\":{\"@id\":\"https:\/\/areka.com\/en\/produit\/coeurs-a-la-framboise-avec-une-mousse-a-la-vanille\/#primaryimage\"},\"image\":{\"@id\":\"https:\/\/areka.com\/en\/produit\/coeurs-a-la-framboise-avec-une-mousse-a-la-vanille\/#primaryimage\"},\"thumbnailUrl\":\"https:\/\/areka.com\/wp-content\/uploads\/2025\/04\/P42-coeurs-a-la-framboise.png\",\"datePublished\":\"2025-04-21T21:12:11+00:00\",\"dateModified\":\"2026-04-15T12:58:34+00:00\",\"breadcrumb\":{\"@id\":\"https:\/\/areka.com\/en\/produit\/coeurs-a-la-framboise-avec-une-mousse-a-la-vanille\/#breadcrumb\"},\"inLanguage\":\"en-US\",\"potentialAction\":[{\"@type\":\"ReadAction\",\"target\":[\"https:\/\/areka.com\/en\/produit\/coeurs-a-la-framboise-avec-une-mousse-a-la-vanille\/\"]}]},{\"@type\":\"ImageObject\",\"inLanguage\":\"en-US\",\"@id\":\"https:\/\/areka.com\/en\/produit\/coeurs-a-la-framboise-avec-une-mousse-a-la-vanille\/#primaryimage\",\"url\":\"https:\/\/areka.com\/wp-content\/uploads\/2025\/04\/P42-coeurs-a-la-framboise.png\",\"contentUrl\":\"https:\/\/areka.com\/wp-content\/uploads\/2025\/04\/P42-coeurs-a-la-framboise.png\",\"width\":859,\"height\":856},{\"@type\":\"BreadcrumbList\",\"@id\":\"https:\/\/areka.com\/en\/produit\/coeurs-a-la-framboise-avec-une-mousse-a-la-vanille\/#breadcrumb\",\"itemListElement\":[{\"@type\":\"ListItem\",\"position\":1,\"name\":\"All of our products\",\"item\":\"https:\/\/areka.com\/en\/shop\/\"},{\"@type\":\"ListItem\",\"position\":2,\"name\":\"Personalized products\",\"item\":\"https:\/\/areka.com\/en\/product-category\/personalized-products\/\"},{\"@type\":\"ListItem\",\"position\":3,\"name\":\"Fruit gums\",\"item\":\"https:\/\/areka.com\/en\/product-category\/personalized-products\/fruit-gums\/\"},{\"@type\":\"ListItem\",\"position\":4,\"name\":\"Coeurs \u00e0 la framboise avec une mousse \u00e0 la vanille\"}]},{\"@type\":\"WebSite\",\"@id\":\"https:\/\/areka.com\/en\/#website\",\"url\":\"https:\/\/areka.com\/en\/\",\"name\":\"Areka\",\"description\":\"Sp\u00e9cialiste fran\u00e7ais de la confiserie personnalis\u00e9e\",\"potentialAction\":[{\"@type\":\"SearchAction\",\"target\":{\"@type\":\"EntryPoint\",\"urlTemplate\":\"https:\/\/areka.com\/en\/?s={search_term_string}\"},\"query-input\":{\"@type\":\"PropertyValueSpecification\",\"valueRequired\":true,\"valueName\":\"search_term_string\"}}],\"inLanguage\":\"en-US\"}]}<\/script>\n<!-- \/ Yoast SEO plugin. -->","yoast_head_json":{"title":"Coeurs \u00e0 la framboise avec une mousse \u00e0 la vanille : Areka","robots":{"index":"index","follow":"follow","max-snippet":"max-snippet:-1","max-image-preview":"max-image-preview:large","max-video-preview":"max-video-preview:-1"},"canonical":"https:\/\/areka.com\/en\/produit\/coeurs-a-la-framboise-avec-une-mousse-a-la-vanille\/","og_locale":"en_US","og_type":"article","og_title":"Coeurs \u00e0 la framboise avec une mousse \u00e0 la vanille : Areka","og_description":"&nbsp; 2.11.0.0 2.11.0.0 2.11.0.0 2.11.0.0 2.11.0.0 2.11.0.0 2.11.0.0","og_url":"https:\/\/areka.com\/en\/produit\/coeurs-a-la-framboise-avec-une-mousse-a-la-vanille\/","og_site_name":"Areka","article_modified_time":"2026-04-15T12:58:34+00:00","og_image":[{"width":859,"height":856,"url":"https:\/\/areka.com\/wp-content\/uploads\/2025\/04\/P42-coeurs-a-la-framboise.png","type":"image\/png"}],"twitter_card":"summary_large_image","twitter_misc":{"Est. reading time":"1 minute"},"schema":{"@context":"https:\/\/schema.org","@graph":[{"@type":"WebPage","@id":"https:\/\/areka.com\/en\/produit\/coeurs-a-la-framboise-avec-une-mousse-a-la-vanille\/","url":"https:\/\/areka.com\/en\/produit\/coeurs-a-la-framboise-avec-une-mousse-a-la-vanille\/","name":"Coeurs \u00e0 la framboise avec une mousse \u00e0 la vanille : Areka","isPartOf":{"@id":"https:\/\/areka.com\/en\/#website"},"primaryImageOfPage":{"@id":"https:\/\/areka.com\/en\/produit\/coeurs-a-la-framboise-avec-une-mousse-a-la-vanille\/#primaryimage"},"image":{"@id":"https:\/\/areka.com\/en\/produit\/coeurs-a-la-framboise-avec-une-mousse-a-la-vanille\/#primaryimage"},"thumbnailUrl":"https:\/\/areka.com\/wp-content\/uploads\/2025\/04\/P42-coeurs-a-la-framboise.png","datePublished":"2025-04-21T21:12:11+00:00","dateModified":"2026-04-15T12:58:34+00:00","breadcrumb":{"@id":"https:\/\/areka.com\/en\/produit\/coeurs-a-la-framboise-avec-une-mousse-a-la-vanille\/#breadcrumb"},"inLanguage":"en-US","potentialAction":[{"@type":"ReadAction","target":["https:\/\/areka.com\/en\/produit\/coeurs-a-la-framboise-avec-une-mousse-a-la-vanille\/"]}]},{"@type":"ImageObject","inLanguage":"en-US","@id":"https:\/\/areka.com\/en\/produit\/coeurs-a-la-framboise-avec-une-mousse-a-la-vanille\/#primaryimage","url":"https:\/\/areka.com\/wp-content\/uploads\/2025\/04\/P42-coeurs-a-la-framboise.png","contentUrl":"https:\/\/areka.com\/wp-content\/uploads\/2025\/04\/P42-coeurs-a-la-framboise.png","width":859,"height":856},{"@type":"BreadcrumbList","@id":"https:\/\/areka.com\/en\/produit\/coeurs-a-la-framboise-avec-une-mousse-a-la-vanille\/#breadcrumb","itemListElement":[{"@type":"ListItem","position":1,"name":"All of our products","item":"https:\/\/areka.com\/en\/shop\/"},{"@type":"ListItem","position":2,"name":"Personalized products","item":"https:\/\/areka.com\/en\/product-category\/personalized-products\/"},{"@type":"ListItem","position":3,"name":"Fruit gums","item":"https:\/\/areka.com\/en\/product-category\/personalized-products\/fruit-gums\/"},{"@type":"ListItem","position":4,"name":"Coeurs \u00e0 la framboise avec une mousse \u00e0 la vanille"}]},{"@type":"WebSite","@id":"https:\/\/areka.com\/en\/#website","url":"https:\/\/areka.com\/en\/","name":"Areka","description":"Sp\u00e9cialiste fran\u00e7ais de la confiserie personnalis\u00e9e","potentialAction":[{"@type":"SearchAction","target":{"@type":"EntryPoint","urlTemplate":"https:\/\/areka.com\/en\/?s={search_term_string}"},"query-input":{"@type":"PropertyValueSpecification","valueRequired":true,"valueName":"search_term_string"}}],"inLanguage":"en-US"}]}},"_links":{"self":[{"href":"https:\/\/areka.com\/en\/wp-json\/wp\/v2\/product\/2106","targetHints":{"allow":["GET"]}}],"collection":[{"href":"https:\/\/areka.com\/en\/wp-json\/wp\/v2\/product"}],"about":[{"href":"https:\/\/areka.com\/en\/wp-json\/wp\/v2\/types\/product"}],"replies":[{"embeddable":true,"href":"https:\/\/areka.com\/en\/wp-json\/wp\/v2\/comments?post=2106"}],"wp:featuredmedia":[{"embeddable":true,"href":"https:\/\/areka.com\/en\/wp-json\/wp\/v2\/media\/2275"}],"wp:attachment":[{"href":"https:\/\/areka.com\/en\/wp-json\/wp\/v2\/media?parent=2106"}],"wp:term":[{"taxonomy":"product_brand","embeddable":true,"href":"https:\/\/areka.com\/en\/wp-json\/wp\/v2\/product_brand?post=2106"},{"taxonomy":"product_cat","embeddable":true,"href":"https:\/\/areka.com\/en\/wp-json\/wp\/v2\/product_cat?post=2106"},{"taxonomy":"product_tag","embeddable":true,"href":"https:\/\/areka.com\/en\/wp-json\/wp\/v2\/product_tag?post=2106"}],"curies":[{"name":"wp","href":"https:\/\/api.w.org\/{rel}","templated":true}]}}