{"id":2107,"date":"2025-04-21T23:17:28","date_gmt":"2025-04-21T21:17:28","guid":{"rendered":"https:\/\/areka.com\/?post_type=product&#038;p=2107"},"modified":"2026-03-31T12:28:32","modified_gmt":"2026-03-31T10:28:32","slug":"pudding-dr-oetker-en-tasse-dans-une-boite-de-mailing","status":"publish","type":"product","link":"https:\/\/areka.com\/en\/produit\/pudding-dr-oetker-en-tasse-dans-une-boite-de-mailing\/","title":{"rendered":"Pudding Dr. OETKER en tasse dans une bo\u00eete de mailing"},"content":{"rendered":"<p><strong>Le plaisir du pudding Dr. Oetker par courrier.<\/strong><br \/>\nLe pudding instantan\u00e9 en mug de Dr. Oetker s\u00e9duit par sa saveur gourmande et sa pr\u00e9sentation durable. Conditionn\u00e9 dans une chemise d\u2019envoi certifi\u00e9e FSC\u00ae, enti\u00e8rement personnalisable, il est id\u00e9al pour un envoi en lettre grand format. Livr\u00e9 avec une cuill\u00e8re en bois pratique, il r\u00e9serve une douce surprise directement dans la bo\u00eete aux lettres \u2013 parfait pour des campagnes marketing cr\u00e9atives et des cadeaux clients.<\/p>\n<ul>\n<li>Contenu:\n<ul>\n<li>58 g (vanille)<\/li>\n<li>59 g (chocolat)<\/li>\n<\/ul>\n<\/li>\n<li>Saveurs: vanille, chocolat<\/li>\n<li>\u00a0Dimensions: approx. 177 x 92 x 12.50 mm<\/li>\n<li>Conditionnement: 32 pcs. par carton \/ 160 pcs. dans le carton d&#8217;exp\u00e9dition<\/li>\n<li>D\u00e9lai de conservation: approx. 9 mois en cas de stockage appropri\u00e9<\/li>\n<li>D\u00e9lai de livraison: approx. 3-4 semaines apr\u00e8s accord du BAT<\/li>\n<\/ul>\n<div id=\"sconnect-is-installed\" style=\"display: none;\">2.11.0.0<\/div>\n<div id=\"sconnect-is-installed\" style=\"display: none;\">2.11.0.0<\/div>\n<div id=\"sconnect-is-installed\" style=\"display: none;\">2.11.0.0<\/div>\n<div id=\"sconnect-is-installed\" style=\"display: none;\">2.11.0.0<\/div>\n<div id=\"sconnect-is-installed\" style=\"display: none;\">2.11.0.0<\/div>\n<div id=\"sconnect-is-installed\" style=\"display: none;\">2.11.0.0<\/div>\n","protected":false},"excerpt":{"rendered":"<p>&nbsp;<\/p>\n<div id=\"sconnect-is-installed\" style=\"display: none;\">2.11.0.0<\/div>\n<div id=\"sconnect-is-installed\" style=\"display: none;\">2.11.0.0<\/div>\n<div id=\"sconnect-is-installed\" style=\"display: none;\">2.11.0.0<\/div>\n<div id=\"sconnect-is-installed\" style=\"display: none;\">2.11.0.0<\/div>\n<div id=\"sconnect-is-installed\" style=\"display: none;\">2.11.0.0<\/div>\n<div id=\"sconnect-is-installed\" style=\"display: none;\">2.11.0.0<\/div>\n","protected":false},"featured_media":2366,"comment_status":"open","ping_status":"closed","template":"","meta":{"_acf_changed":false,"inline_featured_image":false},"product_brand":[],"product_cat":[30],"product_tag":[],"class_list":{"0":"post-2107","1":"product","2":"type-product","3":"status-publish","4":"has-post-thumbnail","6":"product_cat-delicieusement-sain","8":"first","9":"instock","10":"shipping-taxable","11":"product-type-simple"},"acf":[],"yoast_head":"<!-- This site is optimized with the Yoast SEO plugin v24.9 - https:\/\/yoast.com\/wordpress\/plugins\/seo\/ -->\n<title>Pudding Dr. OETKER en tasse dans une bo\u00eete de mailing : Areka<\/title>\n<meta name=\"robots\" content=\"index, follow, max-snippet:-1, max-image-preview:large, max-video-preview:-1\" \/>\n<link rel=\"canonical\" href=\"https:\/\/areka.com\/en\/produit\/pudding-dr-oetker-en-tasse-dans-une-boite-de-mailing\/\" \/>\n<meta property=\"og:locale\" content=\"en_US\" \/>\n<meta property=\"og:type\" content=\"article\" \/>\n<meta property=\"og:title\" content=\"Pudding Dr. OETKER en tasse dans une bo\u00eete de mailing : Areka\" \/>\n<meta property=\"og:description\" content=\"&nbsp; 2.11.0.0 2.11.0.0 2.11.0.0 2.11.0.0 2.11.0.0 2.11.0.0\" \/>\n<meta property=\"og:url\" content=\"https:\/\/areka.com\/en\/produit\/pudding-dr-oetker-en-tasse-dans-une-boite-de-mailing\/\" \/>\n<meta property=\"og:site_name\" content=\"Areka\" \/>\n<meta property=\"article:modified_time\" content=\"2026-03-31T10:28:32+00:00\" \/>\n<meta property=\"og:image\" content=\"https:\/\/areka.com\/wp-content\/uploads\/2025\/04\/P49-pudding.png\" \/>\n\t<meta property=\"og:image:width\" content=\"859\" \/>\n\t<meta property=\"og:image:height\" content=\"859\" \/>\n\t<meta property=\"og:image:type\" content=\"image\/png\" \/>\n<meta name=\"twitter:card\" content=\"summary_large_image\" \/>\n<meta name=\"twitter:label1\" content=\"Est. reading time\" \/>\n\t<meta name=\"twitter:data1\" content=\"1 minute\" \/>\n<script type=\"application\/ld+json\" class=\"yoast-schema-graph\">{\"@context\":\"https:\/\/schema.org\",\"@graph\":[{\"@type\":\"WebPage\",\"@id\":\"https:\/\/areka.com\/en\/produit\/pudding-dr-oetker-en-tasse-dans-une-boite-de-mailing\/\",\"url\":\"https:\/\/areka.com\/en\/produit\/pudding-dr-oetker-en-tasse-dans-une-boite-de-mailing\/\",\"name\":\"Pudding Dr. OETKER en tasse dans une bo\u00eete de mailing : Areka\",\"isPartOf\":{\"@id\":\"https:\/\/areka.com\/en\/#website\"},\"primaryImageOfPage\":{\"@id\":\"https:\/\/areka.com\/en\/produit\/pudding-dr-oetker-en-tasse-dans-une-boite-de-mailing\/#primaryimage\"},\"image\":{\"@id\":\"https:\/\/areka.com\/en\/produit\/pudding-dr-oetker-en-tasse-dans-une-boite-de-mailing\/#primaryimage\"},\"thumbnailUrl\":\"https:\/\/areka.com\/wp-content\/uploads\/2025\/04\/P49-pudding.png\",\"datePublished\":\"2025-04-21T21:17:28+00:00\",\"dateModified\":\"2026-03-31T10:28:32+00:00\",\"breadcrumb\":{\"@id\":\"https:\/\/areka.com\/en\/produit\/pudding-dr-oetker-en-tasse-dans-une-boite-de-mailing\/#breadcrumb\"},\"inLanguage\":\"en-US\",\"potentialAction\":[{\"@type\":\"ReadAction\",\"target\":[\"https:\/\/areka.com\/en\/produit\/pudding-dr-oetker-en-tasse-dans-une-boite-de-mailing\/\"]}]},{\"@type\":\"ImageObject\",\"inLanguage\":\"en-US\",\"@id\":\"https:\/\/areka.com\/en\/produit\/pudding-dr-oetker-en-tasse-dans-une-boite-de-mailing\/#primaryimage\",\"url\":\"https:\/\/areka.com\/wp-content\/uploads\/2025\/04\/P49-pudding.png\",\"contentUrl\":\"https:\/\/areka.com\/wp-content\/uploads\/2025\/04\/P49-pudding.png\",\"width\":859,\"height\":859},{\"@type\":\"BreadcrumbList\",\"@id\":\"https:\/\/areka.com\/en\/produit\/pudding-dr-oetker-en-tasse-dans-une-boite-de-mailing\/#breadcrumb\",\"itemListElement\":[{\"@type\":\"ListItem\",\"position\":1,\"name\":\"All of our products\",\"item\":\"https:\/\/areka.com\/en\/shop\/\"},{\"@type\":\"ListItem\",\"position\":2,\"name\":\"Personalized products\",\"item\":\"https:\/\/areka.com\/en\/product-category\/personalized-products\/\"},{\"@type\":\"ListItem\",\"position\":3,\"name\":\"Deliciously healthy\",\"item\":\"https:\/\/areka.com\/en\/product-category\/personalized-products\/deliciously-healthy\/\"},{\"@type\":\"ListItem\",\"position\":4,\"name\":\"Pudding Dr. OETKER en tasse dans une bo\u00eete de mailing\"}]},{\"@type\":\"WebSite\",\"@id\":\"https:\/\/areka.com\/en\/#website\",\"url\":\"https:\/\/areka.com\/en\/\",\"name\":\"Areka\",\"description\":\"Sp\u00e9cialiste fran\u00e7ais de la confiserie personnalis\u00e9e\",\"potentialAction\":[{\"@type\":\"SearchAction\",\"target\":{\"@type\":\"EntryPoint\",\"urlTemplate\":\"https:\/\/areka.com\/en\/?s={search_term_string}\"},\"query-input\":{\"@type\":\"PropertyValueSpecification\",\"valueRequired\":true,\"valueName\":\"search_term_string\"}}],\"inLanguage\":\"en-US\"}]}<\/script>\n<!-- \/ Yoast SEO plugin. -->","yoast_head_json":{"title":"Pudding Dr. OETKER en tasse dans une bo\u00eete de mailing : Areka","robots":{"index":"index","follow":"follow","max-snippet":"max-snippet:-1","max-image-preview":"max-image-preview:large","max-video-preview":"max-video-preview:-1"},"canonical":"https:\/\/areka.com\/en\/produit\/pudding-dr-oetker-en-tasse-dans-une-boite-de-mailing\/","og_locale":"en_US","og_type":"article","og_title":"Pudding Dr. OETKER en tasse dans une bo\u00eete de mailing : Areka","og_description":"&nbsp; 2.11.0.0 2.11.0.0 2.11.0.0 2.11.0.0 2.11.0.0 2.11.0.0","og_url":"https:\/\/areka.com\/en\/produit\/pudding-dr-oetker-en-tasse-dans-une-boite-de-mailing\/","og_site_name":"Areka","article_modified_time":"2026-03-31T10:28:32+00:00","og_image":[{"width":859,"height":859,"url":"https:\/\/areka.com\/wp-content\/uploads\/2025\/04\/P49-pudding.png","type":"image\/png"}],"twitter_card":"summary_large_image","twitter_misc":{"Est. reading time":"1 minute"},"schema":{"@context":"https:\/\/schema.org","@graph":[{"@type":"WebPage","@id":"https:\/\/areka.com\/en\/produit\/pudding-dr-oetker-en-tasse-dans-une-boite-de-mailing\/","url":"https:\/\/areka.com\/en\/produit\/pudding-dr-oetker-en-tasse-dans-une-boite-de-mailing\/","name":"Pudding Dr. OETKER en tasse dans une bo\u00eete de mailing : Areka","isPartOf":{"@id":"https:\/\/areka.com\/en\/#website"},"primaryImageOfPage":{"@id":"https:\/\/areka.com\/en\/produit\/pudding-dr-oetker-en-tasse-dans-une-boite-de-mailing\/#primaryimage"},"image":{"@id":"https:\/\/areka.com\/en\/produit\/pudding-dr-oetker-en-tasse-dans-une-boite-de-mailing\/#primaryimage"},"thumbnailUrl":"https:\/\/areka.com\/wp-content\/uploads\/2025\/04\/P49-pudding.png","datePublished":"2025-04-21T21:17:28+00:00","dateModified":"2026-03-31T10:28:32+00:00","breadcrumb":{"@id":"https:\/\/areka.com\/en\/produit\/pudding-dr-oetker-en-tasse-dans-une-boite-de-mailing\/#breadcrumb"},"inLanguage":"en-US","potentialAction":[{"@type":"ReadAction","target":["https:\/\/areka.com\/en\/produit\/pudding-dr-oetker-en-tasse-dans-une-boite-de-mailing\/"]}]},{"@type":"ImageObject","inLanguage":"en-US","@id":"https:\/\/areka.com\/en\/produit\/pudding-dr-oetker-en-tasse-dans-une-boite-de-mailing\/#primaryimage","url":"https:\/\/areka.com\/wp-content\/uploads\/2025\/04\/P49-pudding.png","contentUrl":"https:\/\/areka.com\/wp-content\/uploads\/2025\/04\/P49-pudding.png","width":859,"height":859},{"@type":"BreadcrumbList","@id":"https:\/\/areka.com\/en\/produit\/pudding-dr-oetker-en-tasse-dans-une-boite-de-mailing\/#breadcrumb","itemListElement":[{"@type":"ListItem","position":1,"name":"All of our products","item":"https:\/\/areka.com\/en\/shop\/"},{"@type":"ListItem","position":2,"name":"Personalized products","item":"https:\/\/areka.com\/en\/product-category\/personalized-products\/"},{"@type":"ListItem","position":3,"name":"Deliciously healthy","item":"https:\/\/areka.com\/en\/product-category\/personalized-products\/deliciously-healthy\/"},{"@type":"ListItem","position":4,"name":"Pudding Dr. OETKER en tasse dans une bo\u00eete de mailing"}]},{"@type":"WebSite","@id":"https:\/\/areka.com\/en\/#website","url":"https:\/\/areka.com\/en\/","name":"Areka","description":"Sp\u00e9cialiste fran\u00e7ais de la confiserie personnalis\u00e9e","potentialAction":[{"@type":"SearchAction","target":{"@type":"EntryPoint","urlTemplate":"https:\/\/areka.com\/en\/?s={search_term_string}"},"query-input":{"@type":"PropertyValueSpecification","valueRequired":true,"valueName":"search_term_string"}}],"inLanguage":"en-US"}]}},"_links":{"self":[{"href":"https:\/\/areka.com\/en\/wp-json\/wp\/v2\/product\/2107","targetHints":{"allow":["GET"]}}],"collection":[{"href":"https:\/\/areka.com\/en\/wp-json\/wp\/v2\/product"}],"about":[{"href":"https:\/\/areka.com\/en\/wp-json\/wp\/v2\/types\/product"}],"replies":[{"embeddable":true,"href":"https:\/\/areka.com\/en\/wp-json\/wp\/v2\/comments?post=2107"}],"wp:featuredmedia":[{"embeddable":true,"href":"https:\/\/areka.com\/en\/wp-json\/wp\/v2\/media\/2366"}],"wp:attachment":[{"href":"https:\/\/areka.com\/en\/wp-json\/wp\/v2\/media?parent=2107"}],"wp:term":[{"taxonomy":"product_brand","embeddable":true,"href":"https:\/\/areka.com\/en\/wp-json\/wp\/v2\/product_brand?post=2107"},{"taxonomy":"product_cat","embeddable":true,"href":"https:\/\/areka.com\/en\/wp-json\/wp\/v2\/product_cat?post=2107"},{"taxonomy":"product_tag","embeddable":true,"href":"https:\/\/areka.com\/en\/wp-json\/wp\/v2\/product_tag?post=2107"}],"curies":[{"name":"wp","href":"https:\/\/api.w.org\/{rel}","templated":true}]}}