{"id":2108,"date":"2025-04-21T23:23:25","date_gmt":"2025-04-21T21:23:25","guid":{"rendered":"https:\/\/areka.com\/?post_type=product&#038;p=2108"},"modified":"2026-03-31T12:23:19","modified_gmt":"2026-03-31T10:23:19","slug":"pudding-dr-oetker-en-tasse-dans-un-carton-personnalisable","status":"publish","type":"product","link":"https:\/\/areka.com\/en\/produit\/pudding-dr-oetker-en-tasse-dans-un-carton-personnalisable\/","title":{"rendered":"Pudding Dr. OETKER en tasse dans un carton personnalisable"},"content":{"rendered":"<p><strong>Quand le pudding Dr. Oetker rencontre une pr\u00e9sentation percutante.<\/strong><br \/>\nLe pudding de Dr. Oetker se distingue par son \u00e9tui pliant certifi\u00e9e FSC\u00ae, enti\u00e8rement personnalisable. Livr\u00e9 avec une cuill\u00e8re en bois pratique, il constitue le cadeau promotionnel id\u00e9al pour les actions marketing et les occasions<br \/>\nsp\u00e9ciales. L\u2019emballage \u00e9l\u00e9gant met parfaitement votre marque en valeur et laisse une impression durable.<\/p>\n<ul>\n<li>Contenu:\n<ul>\n<li>58 g (vanille)<\/li>\n<li>59 g (chocolat)<\/li>\n<\/ul>\n<\/li>\n<li>Saveurs: vanille, chocolat<\/li>\n<li>Dimensions: approx. 177 x 92 x 12.50 mm<\/li>\n<li>Conditionnement: 34 pcs. par carton \/ 170 pcs. dans le carton d&#8217;exp\u00e9dition<\/li>\n<li>D\u00e9lai de conservation: approx. 9 mois en cas de stockage appropri\u00e9<\/li>\n<li>D\u00e9lai de livraison: approx. 3-4 semaines apr\u00e8s accord du BAT<\/li>\n<\/ul>\n<div id=\"sconnect-is-installed\" style=\"display: none;\">2.11.0.0<\/div>\n<div id=\"sconnect-is-installed\" style=\"display: none;\">2.11.0.0<\/div>\n<div id=\"sconnect-is-installed\" style=\"display: none;\">2.11.0.0<\/div>\n<div id=\"sconnect-is-installed\" style=\"display: none;\">2.11.0.0<\/div>\n","protected":false},"excerpt":{"rendered":"<p>&nbsp;<\/p>\n<div id=\"sconnect-is-installed\" style=\"display: none;\">2.11.0.0<\/div>\n<div id=\"sconnect-is-installed\" style=\"display: none;\">2.11.0.0<\/div>\n<div id=\"sconnect-is-installed\" style=\"display: none;\">2.11.0.0<\/div>\n<div id=\"sconnect-is-installed\" style=\"display: none;\">2.11.0.0<\/div>\n","protected":false},"featured_media":2363,"comment_status":"open","ping_status":"closed","template":"","meta":{"_acf_changed":false,"inline_featured_image":false},"product_brand":[],"product_cat":[35,30],"product_tag":[],"class_list":{"0":"post-2108","1":"product","2":"type-product","3":"status-publish","4":"has-post-thumbnail","6":"product_cat-produits-personnalisables","7":"product_cat-delicieusement-sain","9":"first","10":"instock","11":"shipping-taxable","12":"product-type-simple"},"acf":[],"yoast_head":"<!-- This site is optimized with the Yoast SEO plugin v24.9 - https:\/\/yoast.com\/wordpress\/plugins\/seo\/ -->\n<title>Pudding Dr. OETKER en tasse dans un carton personnalisable : Areka<\/title>\n<meta name=\"robots\" content=\"index, follow, max-snippet:-1, max-image-preview:large, max-video-preview:-1\" \/>\n<link rel=\"canonical\" href=\"https:\/\/areka.com\/en\/produit\/pudding-dr-oetker-en-tasse-dans-un-carton-personnalisable\/\" \/>\n<meta property=\"og:locale\" content=\"en_US\" \/>\n<meta property=\"og:type\" content=\"article\" \/>\n<meta property=\"og:title\" content=\"Pudding Dr. OETKER en tasse dans un carton personnalisable : Areka\" \/>\n<meta property=\"og:description\" content=\"&nbsp; 2.11.0.0 2.11.0.0 2.11.0.0 2.11.0.0\" \/>\n<meta property=\"og:url\" content=\"https:\/\/areka.com\/en\/produit\/pudding-dr-oetker-en-tasse-dans-un-carton-personnalisable\/\" \/>\n<meta property=\"og:site_name\" content=\"Areka\" \/>\n<meta property=\"article:modified_time\" content=\"2026-03-31T10:23:19+00:00\" \/>\n<meta property=\"og:image\" content=\"https:\/\/areka.com\/wp-content\/uploads\/2025\/04\/P50-pudding.png\" \/>\n\t<meta property=\"og:image:width\" content=\"859\" \/>\n\t<meta property=\"og:image:height\" content=\"859\" \/>\n\t<meta property=\"og:image:type\" content=\"image\/png\" \/>\n<meta name=\"twitter:card\" content=\"summary_large_image\" \/>\n<meta name=\"twitter:label1\" content=\"Est. reading time\" \/>\n\t<meta name=\"twitter:data1\" content=\"1 minute\" \/>\n<script type=\"application\/ld+json\" class=\"yoast-schema-graph\">{\"@context\":\"https:\/\/schema.org\",\"@graph\":[{\"@type\":\"WebPage\",\"@id\":\"https:\/\/areka.com\/en\/produit\/pudding-dr-oetker-en-tasse-dans-un-carton-personnalisable\/\",\"url\":\"https:\/\/areka.com\/en\/produit\/pudding-dr-oetker-en-tasse-dans-un-carton-personnalisable\/\",\"name\":\"Pudding Dr. OETKER en tasse dans un carton personnalisable : Areka\",\"isPartOf\":{\"@id\":\"https:\/\/areka.com\/en\/#website\"},\"primaryImageOfPage\":{\"@id\":\"https:\/\/areka.com\/en\/produit\/pudding-dr-oetker-en-tasse-dans-un-carton-personnalisable\/#primaryimage\"},\"image\":{\"@id\":\"https:\/\/areka.com\/en\/produit\/pudding-dr-oetker-en-tasse-dans-un-carton-personnalisable\/#primaryimage\"},\"thumbnailUrl\":\"https:\/\/areka.com\/wp-content\/uploads\/2025\/04\/P50-pudding.png\",\"datePublished\":\"2025-04-21T21:23:25+00:00\",\"dateModified\":\"2026-03-31T10:23:19+00:00\",\"breadcrumb\":{\"@id\":\"https:\/\/areka.com\/en\/produit\/pudding-dr-oetker-en-tasse-dans-un-carton-personnalisable\/#breadcrumb\"},\"inLanguage\":\"en-US\",\"potentialAction\":[{\"@type\":\"ReadAction\",\"target\":[\"https:\/\/areka.com\/en\/produit\/pudding-dr-oetker-en-tasse-dans-un-carton-personnalisable\/\"]}]},{\"@type\":\"ImageObject\",\"inLanguage\":\"en-US\",\"@id\":\"https:\/\/areka.com\/en\/produit\/pudding-dr-oetker-en-tasse-dans-un-carton-personnalisable\/#primaryimage\",\"url\":\"https:\/\/areka.com\/wp-content\/uploads\/2025\/04\/P50-pudding.png\",\"contentUrl\":\"https:\/\/areka.com\/wp-content\/uploads\/2025\/04\/P50-pudding.png\",\"width\":859,\"height\":859},{\"@type\":\"BreadcrumbList\",\"@id\":\"https:\/\/areka.com\/en\/produit\/pudding-dr-oetker-en-tasse-dans-un-carton-personnalisable\/#breadcrumb\",\"itemListElement\":[{\"@type\":\"ListItem\",\"position\":1,\"name\":\"All of our products\",\"item\":\"https:\/\/areka.com\/en\/shop\/\"},{\"@type\":\"ListItem\",\"position\":2,\"name\":\"Personalized products\",\"item\":\"https:\/\/areka.com\/en\/product-category\/personalized-products\/\"},{\"@type\":\"ListItem\",\"position\":3,\"name\":\"Pudding Dr. OETKER en tasse dans un carton personnalisable\"}]},{\"@type\":\"WebSite\",\"@id\":\"https:\/\/areka.com\/en\/#website\",\"url\":\"https:\/\/areka.com\/en\/\",\"name\":\"Areka\",\"description\":\"Sp\u00e9cialiste fran\u00e7ais de la confiserie personnalis\u00e9e\",\"potentialAction\":[{\"@type\":\"SearchAction\",\"target\":{\"@type\":\"EntryPoint\",\"urlTemplate\":\"https:\/\/areka.com\/en\/?s={search_term_string}\"},\"query-input\":{\"@type\":\"PropertyValueSpecification\",\"valueRequired\":true,\"valueName\":\"search_term_string\"}}],\"inLanguage\":\"en-US\"}]}<\/script>\n<!-- \/ Yoast SEO plugin. -->","yoast_head_json":{"title":"Pudding Dr. OETKER en tasse dans un carton personnalisable : Areka","robots":{"index":"index","follow":"follow","max-snippet":"max-snippet:-1","max-image-preview":"max-image-preview:large","max-video-preview":"max-video-preview:-1"},"canonical":"https:\/\/areka.com\/en\/produit\/pudding-dr-oetker-en-tasse-dans-un-carton-personnalisable\/","og_locale":"en_US","og_type":"article","og_title":"Pudding Dr. OETKER en tasse dans un carton personnalisable : Areka","og_description":"&nbsp; 2.11.0.0 2.11.0.0 2.11.0.0 2.11.0.0","og_url":"https:\/\/areka.com\/en\/produit\/pudding-dr-oetker-en-tasse-dans-un-carton-personnalisable\/","og_site_name":"Areka","article_modified_time":"2026-03-31T10:23:19+00:00","og_image":[{"width":859,"height":859,"url":"https:\/\/areka.com\/wp-content\/uploads\/2025\/04\/P50-pudding.png","type":"image\/png"}],"twitter_card":"summary_large_image","twitter_misc":{"Est. reading time":"1 minute"},"schema":{"@context":"https:\/\/schema.org","@graph":[{"@type":"WebPage","@id":"https:\/\/areka.com\/en\/produit\/pudding-dr-oetker-en-tasse-dans-un-carton-personnalisable\/","url":"https:\/\/areka.com\/en\/produit\/pudding-dr-oetker-en-tasse-dans-un-carton-personnalisable\/","name":"Pudding Dr. OETKER en tasse dans un carton personnalisable : Areka","isPartOf":{"@id":"https:\/\/areka.com\/en\/#website"},"primaryImageOfPage":{"@id":"https:\/\/areka.com\/en\/produit\/pudding-dr-oetker-en-tasse-dans-un-carton-personnalisable\/#primaryimage"},"image":{"@id":"https:\/\/areka.com\/en\/produit\/pudding-dr-oetker-en-tasse-dans-un-carton-personnalisable\/#primaryimage"},"thumbnailUrl":"https:\/\/areka.com\/wp-content\/uploads\/2025\/04\/P50-pudding.png","datePublished":"2025-04-21T21:23:25+00:00","dateModified":"2026-03-31T10:23:19+00:00","breadcrumb":{"@id":"https:\/\/areka.com\/en\/produit\/pudding-dr-oetker-en-tasse-dans-un-carton-personnalisable\/#breadcrumb"},"inLanguage":"en-US","potentialAction":[{"@type":"ReadAction","target":["https:\/\/areka.com\/en\/produit\/pudding-dr-oetker-en-tasse-dans-un-carton-personnalisable\/"]}]},{"@type":"ImageObject","inLanguage":"en-US","@id":"https:\/\/areka.com\/en\/produit\/pudding-dr-oetker-en-tasse-dans-un-carton-personnalisable\/#primaryimage","url":"https:\/\/areka.com\/wp-content\/uploads\/2025\/04\/P50-pudding.png","contentUrl":"https:\/\/areka.com\/wp-content\/uploads\/2025\/04\/P50-pudding.png","width":859,"height":859},{"@type":"BreadcrumbList","@id":"https:\/\/areka.com\/en\/produit\/pudding-dr-oetker-en-tasse-dans-un-carton-personnalisable\/#breadcrumb","itemListElement":[{"@type":"ListItem","position":1,"name":"All of our products","item":"https:\/\/areka.com\/en\/shop\/"},{"@type":"ListItem","position":2,"name":"Personalized products","item":"https:\/\/areka.com\/en\/product-category\/personalized-products\/"},{"@type":"ListItem","position":3,"name":"Pudding Dr. OETKER en tasse dans un carton personnalisable"}]},{"@type":"WebSite","@id":"https:\/\/areka.com\/en\/#website","url":"https:\/\/areka.com\/en\/","name":"Areka","description":"Sp\u00e9cialiste fran\u00e7ais de la confiserie personnalis\u00e9e","potentialAction":[{"@type":"SearchAction","target":{"@type":"EntryPoint","urlTemplate":"https:\/\/areka.com\/en\/?s={search_term_string}"},"query-input":{"@type":"PropertyValueSpecification","valueRequired":true,"valueName":"search_term_string"}}],"inLanguage":"en-US"}]}},"_links":{"self":[{"href":"https:\/\/areka.com\/en\/wp-json\/wp\/v2\/product\/2108","targetHints":{"allow":["GET"]}}],"collection":[{"href":"https:\/\/areka.com\/en\/wp-json\/wp\/v2\/product"}],"about":[{"href":"https:\/\/areka.com\/en\/wp-json\/wp\/v2\/types\/product"}],"replies":[{"embeddable":true,"href":"https:\/\/areka.com\/en\/wp-json\/wp\/v2\/comments?post=2108"}],"wp:featuredmedia":[{"embeddable":true,"href":"https:\/\/areka.com\/en\/wp-json\/wp\/v2\/media\/2363"}],"wp:attachment":[{"href":"https:\/\/areka.com\/en\/wp-json\/wp\/v2\/media?parent=2108"}],"wp:term":[{"taxonomy":"product_brand","embeddable":true,"href":"https:\/\/areka.com\/en\/wp-json\/wp\/v2\/product_brand?post=2108"},{"taxonomy":"product_cat","embeddable":true,"href":"https:\/\/areka.com\/en\/wp-json\/wp\/v2\/product_cat?post=2108"},{"taxonomy":"product_tag","embeddable":true,"href":"https:\/\/areka.com\/en\/wp-json\/wp\/v2\/product_tag?post=2108"}],"curies":[{"name":"wp","href":"https:\/\/api.w.org\/{rel}","templated":true}]}}