{"id":2118,"date":"2025-04-22T00:05:50","date_gmt":"2025-04-21T22:05:50","guid":{"rendered":"https:\/\/areka.com\/?post_type=product&#038;p=2118"},"modified":"2026-04-15T14:55:50","modified_gmt":"2026-04-15T12:55:50","slug":"bonbons-fruites-dans-un-bocal-vintage","status":"publish","type":"product","link":"https:\/\/areka.com\/en\/produit\/bonbons-fruites-dans-un-bocal-vintage\/","title":{"rendered":"Caramels aux fruits dans un bocal vintage"},"content":{"rendered":"<p><strong>Bonbons fruit\u00e9s et style vintage : le duo parfait.<\/strong><br \/>\nNos bonbons g\u00e9lifi\u00e9s fruit\u00e9s s\u00e9duisent par leur saveur intense et leur texture agr\u00e9ablement moelleuse. Pr\u00e9sent\u00e9s avec \u00e9l\u00e9gance dans un bocal en verre au style nostalgique, ils attirent tous les regards et apportent une touche de charme r\u00e9tro \u2014 un cadeau gourmand qui associe plaisir et souvenirs d\u2019antan.<\/p>\n<ul>\n<li>Contenu: 50 g<\/li>\n<li>Dimensions: approx. 75 mm \/ \u00f8 approx. 59,5 mm<\/li>\n<li>Sticker: \u00f8 approx. 40 mm<\/li>\n<li>Conditionnement: 10 pcs. par carton &#8211; exp\u00e9dition sur palette uniquement<\/li>\n<li>D\u00e9lai de conservation: approx. 12 mois en cas de stockage appropri\u00e9<\/li>\n<li>D\u00e9lai de livraison: approx. 3-4 semaines apr\u00e8s accord du BAT<\/li>\n<\/ul>\n<p>&nbsp;<\/p>\n<div id=\"sconnect-is-installed\" style=\"display: none;\">2.11.0.0<\/div>\n<div id=\"sconnect-is-installed\" style=\"display: none;\">2.11.0.0<\/div>\n","protected":false},"excerpt":{"rendered":"<p>&nbsp;<\/p>\n<div id=\"sconnect-is-installed\" style=\"display: none;\">2.11.0.0<\/div>\n<div id=\"sconnect-is-installed\" style=\"display: none;\">2.11.0.0<\/div>\n","protected":false},"featured_media":2560,"comment_status":"open","ping_status":"closed","template":"","meta":{"_acf_changed":false,"inline_featured_image":false},"product_brand":[],"product_cat":[35,28],"product_tag":[],"class_list":{"0":"post-2118","1":"product","2":"type-product","3":"status-publish","4":"has-post-thumbnail","6":"product_cat-produits-personnalisables","7":"product_cat-bonbons-et-sucettes","9":"first","10":"instock","11":"shipping-taxable","12":"product-type-simple"},"acf":[],"yoast_head":"<!-- This site is optimized with the Yoast SEO plugin v24.9 - https:\/\/yoast.com\/wordpress\/plugins\/seo\/ -->\n<title>Caramels aux fruits dans un bocal vintage : Areka<\/title>\n<meta name=\"robots\" content=\"index, follow, max-snippet:-1, max-image-preview:large, max-video-preview:-1\" \/>\n<link rel=\"canonical\" href=\"https:\/\/areka.com\/en\/produit\/bonbons-fruites-dans-un-bocal-vintage\/\" \/>\n<meta property=\"og:locale\" content=\"en_US\" \/>\n<meta property=\"og:type\" content=\"article\" \/>\n<meta property=\"og:title\" content=\"Caramels aux fruits dans un bocal vintage : Areka\" \/>\n<meta property=\"og:description\" content=\"&nbsp; 2.11.0.0 2.11.0.0\" \/>\n<meta property=\"og:url\" content=\"https:\/\/areka.com\/en\/produit\/bonbons-fruites-dans-un-bocal-vintage\/\" \/>\n<meta property=\"og:site_name\" content=\"Areka\" \/>\n<meta property=\"article:modified_time\" content=\"2026-04-15T12:55:50+00:00\" \/>\n<meta property=\"og:image\" content=\"https:\/\/areka.com\/wp-content\/uploads\/2025\/04\/P112-caramels-aux-fruits-bocal.png\" \/>\n\t<meta property=\"og:image:width\" content=\"1000\" \/>\n\t<meta property=\"og:image:height\" content=\"1000\" \/>\n\t<meta property=\"og:image:type\" content=\"image\/png\" \/>\n<meta name=\"twitter:card\" content=\"summary_large_image\" \/>\n<meta name=\"twitter:label1\" content=\"Est. reading time\" \/>\n\t<meta name=\"twitter:data1\" content=\"1 minute\" \/>\n<script type=\"application\/ld+json\" class=\"yoast-schema-graph\">{\"@context\":\"https:\/\/schema.org\",\"@graph\":[{\"@type\":\"WebPage\",\"@id\":\"https:\/\/areka.com\/en\/produit\/bonbons-fruites-dans-un-bocal-vintage\/\",\"url\":\"https:\/\/areka.com\/en\/produit\/bonbons-fruites-dans-un-bocal-vintage\/\",\"name\":\"Caramels aux fruits dans un bocal vintage : Areka\",\"isPartOf\":{\"@id\":\"https:\/\/areka.com\/en\/#website\"},\"primaryImageOfPage\":{\"@id\":\"https:\/\/areka.com\/en\/produit\/bonbons-fruites-dans-un-bocal-vintage\/#primaryimage\"},\"image\":{\"@id\":\"https:\/\/areka.com\/en\/produit\/bonbons-fruites-dans-un-bocal-vintage\/#primaryimage\"},\"thumbnailUrl\":\"https:\/\/areka.com\/wp-content\/uploads\/2025\/04\/P112-caramels-aux-fruits-bocal.png\",\"datePublished\":\"2025-04-21T22:05:50+00:00\",\"dateModified\":\"2026-04-15T12:55:50+00:00\",\"breadcrumb\":{\"@id\":\"https:\/\/areka.com\/en\/produit\/bonbons-fruites-dans-un-bocal-vintage\/#breadcrumb\"},\"inLanguage\":\"en-US\",\"potentialAction\":[{\"@type\":\"ReadAction\",\"target\":[\"https:\/\/areka.com\/en\/produit\/bonbons-fruites-dans-un-bocal-vintage\/\"]}]},{\"@type\":\"ImageObject\",\"inLanguage\":\"en-US\",\"@id\":\"https:\/\/areka.com\/en\/produit\/bonbons-fruites-dans-un-bocal-vintage\/#primaryimage\",\"url\":\"https:\/\/areka.com\/wp-content\/uploads\/2025\/04\/P112-caramels-aux-fruits-bocal.png\",\"contentUrl\":\"https:\/\/areka.com\/wp-content\/uploads\/2025\/04\/P112-caramels-aux-fruits-bocal.png\",\"width\":1000,\"height\":1000},{\"@type\":\"BreadcrumbList\",\"@id\":\"https:\/\/areka.com\/en\/produit\/bonbons-fruites-dans-un-bocal-vintage\/#breadcrumb\",\"itemListElement\":[{\"@type\":\"ListItem\",\"position\":1,\"name\":\"All of our products\",\"item\":\"https:\/\/areka.com\/en\/shop\/\"},{\"@type\":\"ListItem\",\"position\":2,\"name\":\"Personalized products\",\"item\":\"https:\/\/areka.com\/en\/product-category\/personalized-products\/\"},{\"@type\":\"ListItem\",\"position\":3,\"name\":\"Candies and lollipops\",\"item\":\"https:\/\/areka.com\/en\/product-category\/personalized-products\/candies-and-lollipops\/\"},{\"@type\":\"ListItem\",\"position\":4,\"name\":\"Caramels aux fruits dans un bocal vintage\"}]},{\"@type\":\"WebSite\",\"@id\":\"https:\/\/areka.com\/en\/#website\",\"url\":\"https:\/\/areka.com\/en\/\",\"name\":\"Areka\",\"description\":\"Sp\u00e9cialiste fran\u00e7ais de la confiserie personnalis\u00e9e\",\"potentialAction\":[{\"@type\":\"SearchAction\",\"target\":{\"@type\":\"EntryPoint\",\"urlTemplate\":\"https:\/\/areka.com\/en\/?s={search_term_string}\"},\"query-input\":{\"@type\":\"PropertyValueSpecification\",\"valueRequired\":true,\"valueName\":\"search_term_string\"}}],\"inLanguage\":\"en-US\"}]}<\/script>\n<!-- \/ Yoast SEO plugin. -->","yoast_head_json":{"title":"Caramels aux fruits dans un bocal vintage : Areka","robots":{"index":"index","follow":"follow","max-snippet":"max-snippet:-1","max-image-preview":"max-image-preview:large","max-video-preview":"max-video-preview:-1"},"canonical":"https:\/\/areka.com\/en\/produit\/bonbons-fruites-dans-un-bocal-vintage\/","og_locale":"en_US","og_type":"article","og_title":"Caramels aux fruits dans un bocal vintage : Areka","og_description":"&nbsp; 2.11.0.0 2.11.0.0","og_url":"https:\/\/areka.com\/en\/produit\/bonbons-fruites-dans-un-bocal-vintage\/","og_site_name":"Areka","article_modified_time":"2026-04-15T12:55:50+00:00","og_image":[{"width":1000,"height":1000,"url":"https:\/\/areka.com\/wp-content\/uploads\/2025\/04\/P112-caramels-aux-fruits-bocal.png","type":"image\/png"}],"twitter_card":"summary_large_image","twitter_misc":{"Est. reading time":"1 minute"},"schema":{"@context":"https:\/\/schema.org","@graph":[{"@type":"WebPage","@id":"https:\/\/areka.com\/en\/produit\/bonbons-fruites-dans-un-bocal-vintage\/","url":"https:\/\/areka.com\/en\/produit\/bonbons-fruites-dans-un-bocal-vintage\/","name":"Caramels aux fruits dans un bocal vintage : Areka","isPartOf":{"@id":"https:\/\/areka.com\/en\/#website"},"primaryImageOfPage":{"@id":"https:\/\/areka.com\/en\/produit\/bonbons-fruites-dans-un-bocal-vintage\/#primaryimage"},"image":{"@id":"https:\/\/areka.com\/en\/produit\/bonbons-fruites-dans-un-bocal-vintage\/#primaryimage"},"thumbnailUrl":"https:\/\/areka.com\/wp-content\/uploads\/2025\/04\/P112-caramels-aux-fruits-bocal.png","datePublished":"2025-04-21T22:05:50+00:00","dateModified":"2026-04-15T12:55:50+00:00","breadcrumb":{"@id":"https:\/\/areka.com\/en\/produit\/bonbons-fruites-dans-un-bocal-vintage\/#breadcrumb"},"inLanguage":"en-US","potentialAction":[{"@type":"ReadAction","target":["https:\/\/areka.com\/en\/produit\/bonbons-fruites-dans-un-bocal-vintage\/"]}]},{"@type":"ImageObject","inLanguage":"en-US","@id":"https:\/\/areka.com\/en\/produit\/bonbons-fruites-dans-un-bocal-vintage\/#primaryimage","url":"https:\/\/areka.com\/wp-content\/uploads\/2025\/04\/P112-caramels-aux-fruits-bocal.png","contentUrl":"https:\/\/areka.com\/wp-content\/uploads\/2025\/04\/P112-caramels-aux-fruits-bocal.png","width":1000,"height":1000},{"@type":"BreadcrumbList","@id":"https:\/\/areka.com\/en\/produit\/bonbons-fruites-dans-un-bocal-vintage\/#breadcrumb","itemListElement":[{"@type":"ListItem","position":1,"name":"All of our products","item":"https:\/\/areka.com\/en\/shop\/"},{"@type":"ListItem","position":2,"name":"Personalized products","item":"https:\/\/areka.com\/en\/product-category\/personalized-products\/"},{"@type":"ListItem","position":3,"name":"Candies and lollipops","item":"https:\/\/areka.com\/en\/product-category\/personalized-products\/candies-and-lollipops\/"},{"@type":"ListItem","position":4,"name":"Caramels aux fruits dans un bocal vintage"}]},{"@type":"WebSite","@id":"https:\/\/areka.com\/en\/#website","url":"https:\/\/areka.com\/en\/","name":"Areka","description":"Sp\u00e9cialiste fran\u00e7ais de la confiserie personnalis\u00e9e","potentialAction":[{"@type":"SearchAction","target":{"@type":"EntryPoint","urlTemplate":"https:\/\/areka.com\/en\/?s={search_term_string}"},"query-input":{"@type":"PropertyValueSpecification","valueRequired":true,"valueName":"search_term_string"}}],"inLanguage":"en-US"}]}},"_links":{"self":[{"href":"https:\/\/areka.com\/en\/wp-json\/wp\/v2\/product\/2118","targetHints":{"allow":["GET"]}}],"collection":[{"href":"https:\/\/areka.com\/en\/wp-json\/wp\/v2\/product"}],"about":[{"href":"https:\/\/areka.com\/en\/wp-json\/wp\/v2\/types\/product"}],"replies":[{"embeddable":true,"href":"https:\/\/areka.com\/en\/wp-json\/wp\/v2\/comments?post=2118"}],"wp:featuredmedia":[{"embeddable":true,"href":"https:\/\/areka.com\/en\/wp-json\/wp\/v2\/media\/2560"}],"wp:attachment":[{"href":"https:\/\/areka.com\/en\/wp-json\/wp\/v2\/media?parent=2118"}],"wp:term":[{"taxonomy":"product_brand","embeddable":true,"href":"https:\/\/areka.com\/en\/wp-json\/wp\/v2\/product_brand?post=2118"},{"taxonomy":"product_cat","embeddable":true,"href":"https:\/\/areka.com\/en\/wp-json\/wp\/v2\/product_cat?post=2118"},{"taxonomy":"product_tag","embeddable":true,"href":"https:\/\/areka.com\/en\/wp-json\/wp\/v2\/product_tag?post=2118"}],"curies":[{"name":"wp","href":"https:\/\/api.w.org\/{rel}","templated":true}]}}