{"id":2122,"date":"2025-04-22T00:16:42","date_gmt":"2025-04-21T22:16:42","guid":{"rendered":"https:\/\/areka.com\/?post_type=product&#038;p=2122"},"modified":"2026-04-15T14:52:53","modified_gmt":"2026-04-15T12:52:53","slug":"bonbons-fruites-dans-une-boite-sur-mini-palette","status":"publish","type":"product","link":"https:\/\/areka.com\/en\/produit\/bonbons-fruites-dans-une-boite-sur-mini-palette\/","title":{"rendered":"Caramels aux fruits dans une bo\u00eete sur mini palette"},"content":{"rendered":"<p><strong>Fret sucr\u00e9 au parfum de nostalgie.<\/strong><br \/>\nNos bonbons moelleux fruit\u00e9s sont d\u00e9sormais pr\u00e9sent\u00e9s sur un mini-palette originale \u2014 un v\u00e9ritable accroche-regard, particuli\u00e8rement pour le secteur du transport et de la logistique. Avec leur go\u00fbt fruit\u00e9 intense et leur texture fondante, ils rappellent les souvenirs d\u2019enfance et offrent de petits instants de plaisir. Un cadeau promotionnel cr\u00e9atif qui restera grav\u00e9 dans les m\u00e9moires !<\/p>\n<ul>\n<li>Contenu: 32 g<\/li>\n<li>Dimensions: approx. 60 x 40 x 54 mm<\/li>\n<li>Conditionnement: 56 pcs. par carton \/ 336 pcs. dans le carton d&#8217;exp\u00e9dition<\/li>\n<li>D\u00e9lai de conservation: approx. 9 mois en cas de stockage appropri\u00e9<\/li>\n<li>D\u00e9lai de livraison: approx. 3-4 semaines apr\u00e8s accord du BAT<\/li>\n<\/ul>\n<p>&nbsp;<\/p>\n<div id=\"sconnect-is-installed\" style=\"display: none;\">2.11.0.0<\/div>\n<div id=\"sconnect-is-installed\" style=\"display: none;\">2.11.0.0<\/div>\n","protected":false},"excerpt":{"rendered":"<p>&nbsp;<\/p>\n<div id=\"sconnect-is-installed\" style=\"display: none;\">2.11.0.0<\/div>\n<div id=\"sconnect-is-installed\" style=\"display: none;\">2.11.0.0<\/div>\n","protected":false},"featured_media":2547,"comment_status":"open","ping_status":"closed","template":"","meta":{"_acf_changed":false,"inline_featured_image":false},"product_brand":[],"product_cat":[35,28],"product_tag":[],"class_list":{"0":"post-2122","1":"product","2":"type-product","3":"status-publish","4":"has-post-thumbnail","6":"product_cat-produits-personnalisables","7":"product_cat-bonbons-et-sucettes","9":"first","10":"instock","11":"shipping-taxable","12":"product-type-simple"},"acf":[],"yoast_head":"<!-- This site is optimized with the Yoast SEO plugin v24.9 - https:\/\/yoast.com\/wordpress\/plugins\/seo\/ -->\n<title>Caramels aux fruits dans une bo\u00eete sur mini palette : Areka<\/title>\n<meta name=\"robots\" content=\"index, follow, max-snippet:-1, max-image-preview:large, max-video-preview:-1\" \/>\n<link rel=\"canonical\" href=\"https:\/\/areka.com\/en\/produit\/bonbons-fruites-dans-une-boite-sur-mini-palette\/\" \/>\n<meta property=\"og:locale\" content=\"en_US\" \/>\n<meta property=\"og:type\" content=\"article\" \/>\n<meta property=\"og:title\" content=\"Caramels aux fruits dans une bo\u00eete sur mini palette : Areka\" \/>\n<meta property=\"og:description\" content=\"&nbsp; 2.11.0.0 2.11.0.0\" \/>\n<meta property=\"og:url\" content=\"https:\/\/areka.com\/en\/produit\/bonbons-fruites-dans-une-boite-sur-mini-palette\/\" \/>\n<meta property=\"og:site_name\" content=\"Areka\" \/>\n<meta property=\"article:modified_time\" content=\"2026-04-15T12:52:53+00:00\" \/>\n<meta property=\"og:image\" content=\"https:\/\/areka.com\/wp-content\/uploads\/2025\/04\/P115-caramels-aux-fruits.png\" \/>\n\t<meta property=\"og:image:width\" content=\"1000\" \/>\n\t<meta property=\"og:image:height\" content=\"1000\" \/>\n\t<meta property=\"og:image:type\" content=\"image\/png\" \/>\n<meta name=\"twitter:card\" content=\"summary_large_image\" \/>\n<meta name=\"twitter:label1\" content=\"Est. reading time\" \/>\n\t<meta name=\"twitter:data1\" content=\"1 minute\" \/>\n<script type=\"application\/ld+json\" class=\"yoast-schema-graph\">{\"@context\":\"https:\/\/schema.org\",\"@graph\":[{\"@type\":\"WebPage\",\"@id\":\"https:\/\/areka.com\/en\/produit\/bonbons-fruites-dans-une-boite-sur-mini-palette\/\",\"url\":\"https:\/\/areka.com\/en\/produit\/bonbons-fruites-dans-une-boite-sur-mini-palette\/\",\"name\":\"Caramels aux fruits dans une bo\u00eete sur mini palette : Areka\",\"isPartOf\":{\"@id\":\"https:\/\/areka.com\/en\/#website\"},\"primaryImageOfPage\":{\"@id\":\"https:\/\/areka.com\/en\/produit\/bonbons-fruites-dans-une-boite-sur-mini-palette\/#primaryimage\"},\"image\":{\"@id\":\"https:\/\/areka.com\/en\/produit\/bonbons-fruites-dans-une-boite-sur-mini-palette\/#primaryimage\"},\"thumbnailUrl\":\"https:\/\/areka.com\/wp-content\/uploads\/2025\/04\/P115-caramels-aux-fruits.png\",\"datePublished\":\"2025-04-21T22:16:42+00:00\",\"dateModified\":\"2026-04-15T12:52:53+00:00\",\"breadcrumb\":{\"@id\":\"https:\/\/areka.com\/en\/produit\/bonbons-fruites-dans-une-boite-sur-mini-palette\/#breadcrumb\"},\"inLanguage\":\"en-US\",\"potentialAction\":[{\"@type\":\"ReadAction\",\"target\":[\"https:\/\/areka.com\/en\/produit\/bonbons-fruites-dans-une-boite-sur-mini-palette\/\"]}]},{\"@type\":\"ImageObject\",\"inLanguage\":\"en-US\",\"@id\":\"https:\/\/areka.com\/en\/produit\/bonbons-fruites-dans-une-boite-sur-mini-palette\/#primaryimage\",\"url\":\"https:\/\/areka.com\/wp-content\/uploads\/2025\/04\/P115-caramels-aux-fruits.png\",\"contentUrl\":\"https:\/\/areka.com\/wp-content\/uploads\/2025\/04\/P115-caramels-aux-fruits.png\",\"width\":1000,\"height\":1000},{\"@type\":\"BreadcrumbList\",\"@id\":\"https:\/\/areka.com\/en\/produit\/bonbons-fruites-dans-une-boite-sur-mini-palette\/#breadcrumb\",\"itemListElement\":[{\"@type\":\"ListItem\",\"position\":1,\"name\":\"All of our products\",\"item\":\"https:\/\/areka.com\/en\/shop\/\"},{\"@type\":\"ListItem\",\"position\":2,\"name\":\"Personalized products\",\"item\":\"https:\/\/areka.com\/en\/product-category\/personalized-products\/\"},{\"@type\":\"ListItem\",\"position\":3,\"name\":\"Candies and lollipops\",\"item\":\"https:\/\/areka.com\/en\/product-category\/personalized-products\/candies-and-lollipops\/\"},{\"@type\":\"ListItem\",\"position\":4,\"name\":\"Caramels aux fruits dans une bo\u00eete sur mini palette\"}]},{\"@type\":\"WebSite\",\"@id\":\"https:\/\/areka.com\/en\/#website\",\"url\":\"https:\/\/areka.com\/en\/\",\"name\":\"Areka\",\"description\":\"Sp\u00e9cialiste fran\u00e7ais de la confiserie personnalis\u00e9e\",\"potentialAction\":[{\"@type\":\"SearchAction\",\"target\":{\"@type\":\"EntryPoint\",\"urlTemplate\":\"https:\/\/areka.com\/en\/?s={search_term_string}\"},\"query-input\":{\"@type\":\"PropertyValueSpecification\",\"valueRequired\":true,\"valueName\":\"search_term_string\"}}],\"inLanguage\":\"en-US\"}]}<\/script>\n<!-- \/ Yoast SEO plugin. -->","yoast_head_json":{"title":"Caramels aux fruits dans une bo\u00eete sur mini palette : Areka","robots":{"index":"index","follow":"follow","max-snippet":"max-snippet:-1","max-image-preview":"max-image-preview:large","max-video-preview":"max-video-preview:-1"},"canonical":"https:\/\/areka.com\/en\/produit\/bonbons-fruites-dans-une-boite-sur-mini-palette\/","og_locale":"en_US","og_type":"article","og_title":"Caramels aux fruits dans une bo\u00eete sur mini palette : Areka","og_description":"&nbsp; 2.11.0.0 2.11.0.0","og_url":"https:\/\/areka.com\/en\/produit\/bonbons-fruites-dans-une-boite-sur-mini-palette\/","og_site_name":"Areka","article_modified_time":"2026-04-15T12:52:53+00:00","og_image":[{"width":1000,"height":1000,"url":"https:\/\/areka.com\/wp-content\/uploads\/2025\/04\/P115-caramels-aux-fruits.png","type":"image\/png"}],"twitter_card":"summary_large_image","twitter_misc":{"Est. reading time":"1 minute"},"schema":{"@context":"https:\/\/schema.org","@graph":[{"@type":"WebPage","@id":"https:\/\/areka.com\/en\/produit\/bonbons-fruites-dans-une-boite-sur-mini-palette\/","url":"https:\/\/areka.com\/en\/produit\/bonbons-fruites-dans-une-boite-sur-mini-palette\/","name":"Caramels aux fruits dans une bo\u00eete sur mini palette : Areka","isPartOf":{"@id":"https:\/\/areka.com\/en\/#website"},"primaryImageOfPage":{"@id":"https:\/\/areka.com\/en\/produit\/bonbons-fruites-dans-une-boite-sur-mini-palette\/#primaryimage"},"image":{"@id":"https:\/\/areka.com\/en\/produit\/bonbons-fruites-dans-une-boite-sur-mini-palette\/#primaryimage"},"thumbnailUrl":"https:\/\/areka.com\/wp-content\/uploads\/2025\/04\/P115-caramels-aux-fruits.png","datePublished":"2025-04-21T22:16:42+00:00","dateModified":"2026-04-15T12:52:53+00:00","breadcrumb":{"@id":"https:\/\/areka.com\/en\/produit\/bonbons-fruites-dans-une-boite-sur-mini-palette\/#breadcrumb"},"inLanguage":"en-US","potentialAction":[{"@type":"ReadAction","target":["https:\/\/areka.com\/en\/produit\/bonbons-fruites-dans-une-boite-sur-mini-palette\/"]}]},{"@type":"ImageObject","inLanguage":"en-US","@id":"https:\/\/areka.com\/en\/produit\/bonbons-fruites-dans-une-boite-sur-mini-palette\/#primaryimage","url":"https:\/\/areka.com\/wp-content\/uploads\/2025\/04\/P115-caramels-aux-fruits.png","contentUrl":"https:\/\/areka.com\/wp-content\/uploads\/2025\/04\/P115-caramels-aux-fruits.png","width":1000,"height":1000},{"@type":"BreadcrumbList","@id":"https:\/\/areka.com\/en\/produit\/bonbons-fruites-dans-une-boite-sur-mini-palette\/#breadcrumb","itemListElement":[{"@type":"ListItem","position":1,"name":"All of our products","item":"https:\/\/areka.com\/en\/shop\/"},{"@type":"ListItem","position":2,"name":"Personalized products","item":"https:\/\/areka.com\/en\/product-category\/personalized-products\/"},{"@type":"ListItem","position":3,"name":"Candies and lollipops","item":"https:\/\/areka.com\/en\/product-category\/personalized-products\/candies-and-lollipops\/"},{"@type":"ListItem","position":4,"name":"Caramels aux fruits dans une bo\u00eete sur mini palette"}]},{"@type":"WebSite","@id":"https:\/\/areka.com\/en\/#website","url":"https:\/\/areka.com\/en\/","name":"Areka","description":"Sp\u00e9cialiste fran\u00e7ais de la confiserie personnalis\u00e9e","potentialAction":[{"@type":"SearchAction","target":{"@type":"EntryPoint","urlTemplate":"https:\/\/areka.com\/en\/?s={search_term_string}"},"query-input":{"@type":"PropertyValueSpecification","valueRequired":true,"valueName":"search_term_string"}}],"inLanguage":"en-US"}]}},"_links":{"self":[{"href":"https:\/\/areka.com\/en\/wp-json\/wp\/v2\/product\/2122","targetHints":{"allow":["GET"]}}],"collection":[{"href":"https:\/\/areka.com\/en\/wp-json\/wp\/v2\/product"}],"about":[{"href":"https:\/\/areka.com\/en\/wp-json\/wp\/v2\/types\/product"}],"replies":[{"embeddable":true,"href":"https:\/\/areka.com\/en\/wp-json\/wp\/v2\/comments?post=2122"}],"wp:featuredmedia":[{"embeddable":true,"href":"https:\/\/areka.com\/en\/wp-json\/wp\/v2\/media\/2547"}],"wp:attachment":[{"href":"https:\/\/areka.com\/en\/wp-json\/wp\/v2\/media?parent=2122"}],"wp:term":[{"taxonomy":"product_brand","embeddable":true,"href":"https:\/\/areka.com\/en\/wp-json\/wp\/v2\/product_brand?post=2122"},{"taxonomy":"product_cat","embeddable":true,"href":"https:\/\/areka.com\/en\/wp-json\/wp\/v2\/product_cat?post=2122"},{"taxonomy":"product_tag","embeddable":true,"href":"https:\/\/areka.com\/en\/wp-json\/wp\/v2\/product_tag?post=2122"}],"curies":[{"name":"wp","href":"https:\/\/api.w.org\/{rel}","templated":true}]}}