{"id":2127,"date":"2025-04-22T12:28:53","date_gmt":"2025-04-22T10:28:53","guid":{"rendered":"https:\/\/areka.com\/?post_type=product&#038;p=2127"},"modified":"2026-04-01T16:09:21","modified_gmt":"2026-04-01T14:09:21","slug":"lapin-dor-lindt-50-g-2","status":"publish","type":"product","link":"https:\/\/areka.com\/en\/produit\/lapin-dor-lindt-50-g-2\/","title":{"rendered":"Lapin d&#8217;or Lindt 50 g"},"content":{"rendered":"<p><strong>V\u0153ux de P\u00e2ques en or.<\/strong><br \/>\nLe Lindt Gold Bunny sucr\u00e9, pr\u00e9sent\u00e9 dans une bo\u00eete cadeau au th\u00e8me printanier en carton certifi\u00e9 FSC\u00ae, est un v\u00e9ritable point fort de P\u00e2ques.La bo\u00eete peut \u00eatre enti\u00e8rement personnalis\u00e9e, transformant ce charmant cadeau en article promotionnel \u00e9l\u00e9gant et durable.<\/p>\n<ul>\n<li>Contenu: 50 g<\/li>\n<li>Dimensions: approx. 68 x 92,5 x 42 mm<\/li>\n<li>Conditionnement: 33 pcs. par carton \/ 165 pcs. dans le carton d&#8217;exp\u00e9dition\n<ul>\n<li>exp\u00e9dition uniquement sur palette.<\/li>\n<\/ul>\n<\/li>\n<li>D\u00e9lai de conservation: jusqu&#8217;au 31.07. 2026 si stock\u00e9 correctement<\/li>\n<li>D\u00e9lai de livraison: sur demande<\/li>\n<\/ul>\n<div id=\"sconnect-is-installed\" style=\"display: none;\">2.11.0.0<\/div>\n<div id=\"sconnect-is-installed\" style=\"display: none;\">2.11.0.0<\/div>\n<div id=\"sconnect-is-installed\" style=\"display: none;\">2.11.0.0<\/div>\n<div id=\"sconnect-is-installed\" style=\"display: none;\">2.11.0.0<\/div>\n","protected":false},"excerpt":{"rendered":"<p>&nbsp;<\/p>\n<div id=\"sconnect-is-installed\" style=\"display: none;\">2.11.0.0<\/div>\n<div id=\"sconnect-is-installed\" style=\"display: none;\">2.11.0.0<\/div>\n<div id=\"sconnect-is-installed\" style=\"display: none;\">2.11.0.0<\/div>\n<div id=\"sconnect-is-installed\" style=\"display: none;\">2.11.0.0<\/div>\n","protected":false},"featured_media":2480,"comment_status":"open","ping_status":"closed","template":"","meta":{"_acf_changed":false,"inline_featured_image":false},"product_brand":[],"product_cat":[61],"product_tag":[],"class_list":{"0":"post-2127","1":"product","2":"type-product","3":"status-publish","4":"has-post-thumbnail","6":"product_cat-paques","8":"first","9":"instock","10":"shipping-taxable","11":"product-type-simple"},"acf":[],"yoast_head":"<!-- This site is optimized with the Yoast SEO plugin v24.9 - https:\/\/yoast.com\/wordpress\/plugins\/seo\/ -->\n<title>Lapin d&#039;or Lindt 50 g : Areka<\/title>\n<meta name=\"robots\" content=\"index, follow, max-snippet:-1, max-image-preview:large, max-video-preview:-1\" \/>\n<link rel=\"canonical\" href=\"https:\/\/areka.com\/en\/produit\/lapin-dor-lindt-50-g-2\/\" \/>\n<meta property=\"og:locale\" content=\"en_US\" \/>\n<meta property=\"og:type\" content=\"article\" \/>\n<meta property=\"og:title\" content=\"Lapin d&#039;or Lindt 50 g : Areka\" \/>\n<meta property=\"og:description\" content=\"&nbsp; 2.11.0.0 2.11.0.0 2.11.0.0 2.11.0.0\" \/>\n<meta property=\"og:url\" content=\"https:\/\/areka.com\/en\/produit\/lapin-dor-lindt-50-g-2\/\" \/>\n<meta property=\"og:site_name\" content=\"Areka\" \/>\n<meta property=\"article:modified_time\" content=\"2026-04-01T14:09:21+00:00\" \/>\n<meta property=\"og:image\" content=\"https:\/\/areka.com\/wp-content\/uploads\/2025\/04\/P133-lapin-dor.png\" \/>\n\t<meta property=\"og:image:width\" content=\"1000\" \/>\n\t<meta property=\"og:image:height\" content=\"1000\" \/>\n\t<meta property=\"og:image:type\" content=\"image\/png\" \/>\n<meta name=\"twitter:card\" content=\"summary_large_image\" \/>\n<meta name=\"twitter:label1\" content=\"Est. reading time\" \/>\n\t<meta name=\"twitter:data1\" content=\"1 minute\" \/>\n<script type=\"application\/ld+json\" class=\"yoast-schema-graph\">{\"@context\":\"https:\/\/schema.org\",\"@graph\":[{\"@type\":\"WebPage\",\"@id\":\"https:\/\/areka.com\/en\/produit\/lapin-dor-lindt-50-g-2\/\",\"url\":\"https:\/\/areka.com\/en\/produit\/lapin-dor-lindt-50-g-2\/\",\"name\":\"Lapin d'or Lindt 50 g : Areka\",\"isPartOf\":{\"@id\":\"https:\/\/areka.com\/en\/#website\"},\"primaryImageOfPage\":{\"@id\":\"https:\/\/areka.com\/en\/produit\/lapin-dor-lindt-50-g-2\/#primaryimage\"},\"image\":{\"@id\":\"https:\/\/areka.com\/en\/produit\/lapin-dor-lindt-50-g-2\/#primaryimage\"},\"thumbnailUrl\":\"https:\/\/areka.com\/wp-content\/uploads\/2025\/04\/P133-lapin-dor.png\",\"datePublished\":\"2025-04-22T10:28:53+00:00\",\"dateModified\":\"2026-04-01T14:09:21+00:00\",\"breadcrumb\":{\"@id\":\"https:\/\/areka.com\/en\/produit\/lapin-dor-lindt-50-g-2\/#breadcrumb\"},\"inLanguage\":\"en-US\",\"potentialAction\":[{\"@type\":\"ReadAction\",\"target\":[\"https:\/\/areka.com\/en\/produit\/lapin-dor-lindt-50-g-2\/\"]}]},{\"@type\":\"ImageObject\",\"inLanguage\":\"en-US\",\"@id\":\"https:\/\/areka.com\/en\/produit\/lapin-dor-lindt-50-g-2\/#primaryimage\",\"url\":\"https:\/\/areka.com\/wp-content\/uploads\/2025\/04\/P133-lapin-dor.png\",\"contentUrl\":\"https:\/\/areka.com\/wp-content\/uploads\/2025\/04\/P133-lapin-dor.png\",\"width\":1000,\"height\":1000},{\"@type\":\"BreadcrumbList\",\"@id\":\"https:\/\/areka.com\/en\/produit\/lapin-dor-lindt-50-g-2\/#breadcrumb\",\"itemListElement\":[{\"@type\":\"ListItem\",\"position\":1,\"name\":\"All of our products\",\"item\":\"https:\/\/areka.com\/en\/shop\/\"},{\"@type\":\"ListItem\",\"position\":2,\"name\":\"Personalized products\",\"item\":\"https:\/\/areka.com\/en\/product-category\/personalized-products\/\"},{\"@type\":\"ListItem\",\"position\":3,\"name\":\"P\u00e2ques\",\"item\":\"https:\/\/areka.com\/en\/categorie-produit\/produits-personnalisables\/paques\/\"},{\"@type\":\"ListItem\",\"position\":4,\"name\":\"Lapin d&rsquo;or Lindt 50 g\"}]},{\"@type\":\"WebSite\",\"@id\":\"https:\/\/areka.com\/en\/#website\",\"url\":\"https:\/\/areka.com\/en\/\",\"name\":\"Areka\",\"description\":\"Sp\u00e9cialiste fran\u00e7ais de la confiserie personnalis\u00e9e\",\"potentialAction\":[{\"@type\":\"SearchAction\",\"target\":{\"@type\":\"EntryPoint\",\"urlTemplate\":\"https:\/\/areka.com\/en\/?s={search_term_string}\"},\"query-input\":{\"@type\":\"PropertyValueSpecification\",\"valueRequired\":true,\"valueName\":\"search_term_string\"}}],\"inLanguage\":\"en-US\"}]}<\/script>\n<!-- \/ Yoast SEO plugin. -->","yoast_head_json":{"title":"Lapin d'or Lindt 50 g : Areka","robots":{"index":"index","follow":"follow","max-snippet":"max-snippet:-1","max-image-preview":"max-image-preview:large","max-video-preview":"max-video-preview:-1"},"canonical":"https:\/\/areka.com\/en\/produit\/lapin-dor-lindt-50-g-2\/","og_locale":"en_US","og_type":"article","og_title":"Lapin d'or Lindt 50 g : Areka","og_description":"&nbsp; 2.11.0.0 2.11.0.0 2.11.0.0 2.11.0.0","og_url":"https:\/\/areka.com\/en\/produit\/lapin-dor-lindt-50-g-2\/","og_site_name":"Areka","article_modified_time":"2026-04-01T14:09:21+00:00","og_image":[{"width":1000,"height":1000,"url":"https:\/\/areka.com\/wp-content\/uploads\/2025\/04\/P133-lapin-dor.png","type":"image\/png"}],"twitter_card":"summary_large_image","twitter_misc":{"Est. reading time":"1 minute"},"schema":{"@context":"https:\/\/schema.org","@graph":[{"@type":"WebPage","@id":"https:\/\/areka.com\/en\/produit\/lapin-dor-lindt-50-g-2\/","url":"https:\/\/areka.com\/en\/produit\/lapin-dor-lindt-50-g-2\/","name":"Lapin d'or Lindt 50 g : Areka","isPartOf":{"@id":"https:\/\/areka.com\/en\/#website"},"primaryImageOfPage":{"@id":"https:\/\/areka.com\/en\/produit\/lapin-dor-lindt-50-g-2\/#primaryimage"},"image":{"@id":"https:\/\/areka.com\/en\/produit\/lapin-dor-lindt-50-g-2\/#primaryimage"},"thumbnailUrl":"https:\/\/areka.com\/wp-content\/uploads\/2025\/04\/P133-lapin-dor.png","datePublished":"2025-04-22T10:28:53+00:00","dateModified":"2026-04-01T14:09:21+00:00","breadcrumb":{"@id":"https:\/\/areka.com\/en\/produit\/lapin-dor-lindt-50-g-2\/#breadcrumb"},"inLanguage":"en-US","potentialAction":[{"@type":"ReadAction","target":["https:\/\/areka.com\/en\/produit\/lapin-dor-lindt-50-g-2\/"]}]},{"@type":"ImageObject","inLanguage":"en-US","@id":"https:\/\/areka.com\/en\/produit\/lapin-dor-lindt-50-g-2\/#primaryimage","url":"https:\/\/areka.com\/wp-content\/uploads\/2025\/04\/P133-lapin-dor.png","contentUrl":"https:\/\/areka.com\/wp-content\/uploads\/2025\/04\/P133-lapin-dor.png","width":1000,"height":1000},{"@type":"BreadcrumbList","@id":"https:\/\/areka.com\/en\/produit\/lapin-dor-lindt-50-g-2\/#breadcrumb","itemListElement":[{"@type":"ListItem","position":1,"name":"All of our products","item":"https:\/\/areka.com\/en\/shop\/"},{"@type":"ListItem","position":2,"name":"Personalized products","item":"https:\/\/areka.com\/en\/product-category\/personalized-products\/"},{"@type":"ListItem","position":3,"name":"P\u00e2ques","item":"https:\/\/areka.com\/en\/categorie-produit\/produits-personnalisables\/paques\/"},{"@type":"ListItem","position":4,"name":"Lapin d&rsquo;or Lindt 50 g"}]},{"@type":"WebSite","@id":"https:\/\/areka.com\/en\/#website","url":"https:\/\/areka.com\/en\/","name":"Areka","description":"Sp\u00e9cialiste fran\u00e7ais de la confiserie personnalis\u00e9e","potentialAction":[{"@type":"SearchAction","target":{"@type":"EntryPoint","urlTemplate":"https:\/\/areka.com\/en\/?s={search_term_string}"},"query-input":{"@type":"PropertyValueSpecification","valueRequired":true,"valueName":"search_term_string"}}],"inLanguage":"en-US"}]}},"_links":{"self":[{"href":"https:\/\/areka.com\/en\/wp-json\/wp\/v2\/product\/2127","targetHints":{"allow":["GET"]}}],"collection":[{"href":"https:\/\/areka.com\/en\/wp-json\/wp\/v2\/product"}],"about":[{"href":"https:\/\/areka.com\/en\/wp-json\/wp\/v2\/types\/product"}],"replies":[{"embeddable":true,"href":"https:\/\/areka.com\/en\/wp-json\/wp\/v2\/comments?post=2127"}],"wp:featuredmedia":[{"embeddable":true,"href":"https:\/\/areka.com\/en\/wp-json\/wp\/v2\/media\/2480"}],"wp:attachment":[{"href":"https:\/\/areka.com\/en\/wp-json\/wp\/v2\/media?parent=2127"}],"wp:term":[{"taxonomy":"product_brand","embeddable":true,"href":"https:\/\/areka.com\/en\/wp-json\/wp\/v2\/product_brand?post=2127"},{"taxonomy":"product_cat","embeddable":true,"href":"https:\/\/areka.com\/en\/wp-json\/wp\/v2\/product_cat?post=2127"},{"taxonomy":"product_tag","embeddable":true,"href":"https:\/\/areka.com\/en\/wp-json\/wp\/v2\/product_tag?post=2127"}],"curies":[{"name":"wp","href":"https:\/\/api.w.org\/{rel}","templated":true}]}}