{"id":218,"date":"2023-04-22T18:01:28","date_gmt":"2023-04-22T16:01:28","guid":{"rendered":"https:\/\/areka.com\/?post_type=product&#038;p=218"},"modified":"2026-03-31T13:42:03","modified_gmt":"2026-03-31T11:42:03","slug":"popcorn-micro-ondes-sucre-ou-sale-en-carton-personnalisable","status":"publish","type":"product","link":"https:\/\/areka.com\/en\/produit\/popcorn-micro-ondes-sucre-ou-sale-en-carton-personnalisable\/","title":{"rendered":"Popcorn micro-ondes sucr\u00e9 ou sal\u00e9 en carton personnalisable"},"content":{"rendered":"<p><strong>Des moments cin\u00e9ma frais \u00e0 la maison.<\/strong><br \/>\nDes grains de ma\u00efs \u00e0 \u00e9clater au micro-ondes, croustillants et disponibles en version sucr\u00e9e ou sal\u00e9e, pour retrouver l\u2019ambiance du cin\u00e9ma en un rien de temps. Conditionn\u00e9s dans une bo\u00eete en carton personnalisable, ils deviennent un cadeau promotionnel original, alliant parfaitement saveur et visibilit\u00e9 de votre marque.<\/p>\n<ul>\n<li>Contenu: 90 g<\/li>\n<li>Saveur: sucr\u00e9 ou sal\u00e9<\/li>\n<li>Dimensions: approx. 194 x 109 mm<\/li>\n<li>Conditionnement: 20 pcs. par carton \/ 100 pcs. dans le carton d&#8217;exp\u00e9dition<\/li>\n<li>D\u00e9lai de conservation: approx. 8 mois en cas de stockage appropri\u00e9<\/li>\n<li>D\u00e9lai de livraison: approx. 3-4 semaines apr\u00e8s accord du BAT<\/li>\n<\/ul>\n<div id=\"sconnect-is-installed\" style=\"display: none;\">2.11.0.0<\/div>\n","protected":false},"excerpt":{"rendered":"<p>&nbsp;<\/p>\n<div id=\"sconnect-is-installed\" style=\"display: none;\">2.11.0.0<\/div>\n","protected":false},"featured_media":2375,"comment_status":"open","ping_status":"closed","template":"","meta":{"_acf_changed":false,"inline_featured_image":false},"product_brand":[],"product_cat":[35,30],"product_tag":[],"class_list":{"0":"post-218","1":"product","2":"type-product","3":"status-publish","4":"has-post-thumbnail","6":"product_cat-produits-personnalisables","7":"product_cat-delicieusement-sain","9":"first","10":"instock","11":"shipping-taxable","12":"product-type-simple"},"acf":[],"yoast_head":"<!-- This site is optimized with the Yoast SEO plugin v24.9 - https:\/\/yoast.com\/wordpress\/plugins\/seo\/ -->\n<title>Popcorn micro-ondes sucr\u00e9 ou sal\u00e9 en carton personnalisable : Areka<\/title>\n<meta name=\"robots\" content=\"index, follow, max-snippet:-1, max-image-preview:large, max-video-preview:-1\" \/>\n<link rel=\"canonical\" href=\"https:\/\/areka.com\/en\/produit\/popcorn-micro-ondes-sucre-ou-sale-en-carton-personnalisable\/\" \/>\n<meta property=\"og:locale\" content=\"en_US\" \/>\n<meta property=\"og:type\" content=\"article\" \/>\n<meta property=\"og:title\" content=\"Popcorn micro-ondes sucr\u00e9 ou sal\u00e9 en carton personnalisable : Areka\" \/>\n<meta property=\"og:description\" content=\"&nbsp; 2.11.0.0\" \/>\n<meta property=\"og:url\" content=\"https:\/\/areka.com\/en\/produit\/popcorn-micro-ondes-sucre-ou-sale-en-carton-personnalisable\/\" \/>\n<meta property=\"og:site_name\" content=\"Areka\" \/>\n<meta property=\"article:modified_time\" content=\"2026-03-31T11:42:03+00:00\" \/>\n<meta property=\"og:image\" content=\"https:\/\/areka.com\/wp-content\/uploads\/2023\/04\/P60-popcorn.png\" \/>\n\t<meta property=\"og:image:width\" content=\"859\" \/>\n\t<meta property=\"og:image:height\" content=\"859\" \/>\n\t<meta property=\"og:image:type\" content=\"image\/png\" \/>\n<meta name=\"twitter:card\" content=\"summary_large_image\" \/>\n<meta name=\"twitter:label1\" content=\"Est. reading time\" \/>\n\t<meta name=\"twitter:data1\" content=\"1 minute\" \/>\n<script type=\"application\/ld+json\" class=\"yoast-schema-graph\">{\"@context\":\"https:\/\/schema.org\",\"@graph\":[{\"@type\":\"WebPage\",\"@id\":\"https:\/\/areka.com\/en\/produit\/popcorn-micro-ondes-sucre-ou-sale-en-carton-personnalisable\/\",\"url\":\"https:\/\/areka.com\/en\/produit\/popcorn-micro-ondes-sucre-ou-sale-en-carton-personnalisable\/\",\"name\":\"Popcorn micro-ondes sucr\u00e9 ou sal\u00e9 en carton personnalisable : Areka\",\"isPartOf\":{\"@id\":\"https:\/\/areka.com\/en\/#website\"},\"primaryImageOfPage\":{\"@id\":\"https:\/\/areka.com\/en\/produit\/popcorn-micro-ondes-sucre-ou-sale-en-carton-personnalisable\/#primaryimage\"},\"image\":{\"@id\":\"https:\/\/areka.com\/en\/produit\/popcorn-micro-ondes-sucre-ou-sale-en-carton-personnalisable\/#primaryimage\"},\"thumbnailUrl\":\"https:\/\/areka.com\/wp-content\/uploads\/2023\/04\/P60-popcorn.png\",\"datePublished\":\"2023-04-22T16:01:28+00:00\",\"dateModified\":\"2026-03-31T11:42:03+00:00\",\"breadcrumb\":{\"@id\":\"https:\/\/areka.com\/en\/produit\/popcorn-micro-ondes-sucre-ou-sale-en-carton-personnalisable\/#breadcrumb\"},\"inLanguage\":\"en-US\",\"potentialAction\":[{\"@type\":\"ReadAction\",\"target\":[\"https:\/\/areka.com\/en\/produit\/popcorn-micro-ondes-sucre-ou-sale-en-carton-personnalisable\/\"]}]},{\"@type\":\"ImageObject\",\"inLanguage\":\"en-US\",\"@id\":\"https:\/\/areka.com\/en\/produit\/popcorn-micro-ondes-sucre-ou-sale-en-carton-personnalisable\/#primaryimage\",\"url\":\"https:\/\/areka.com\/wp-content\/uploads\/2023\/04\/P60-popcorn.png\",\"contentUrl\":\"https:\/\/areka.com\/wp-content\/uploads\/2023\/04\/P60-popcorn.png\",\"width\":859,\"height\":859},{\"@type\":\"BreadcrumbList\",\"@id\":\"https:\/\/areka.com\/en\/produit\/popcorn-micro-ondes-sucre-ou-sale-en-carton-personnalisable\/#breadcrumb\",\"itemListElement\":[{\"@type\":\"ListItem\",\"position\":1,\"name\":\"All of our products\",\"item\":\"https:\/\/areka.com\/en\/shop\/\"},{\"@type\":\"ListItem\",\"position\":2,\"name\":\"Personalized products\",\"item\":\"https:\/\/areka.com\/en\/product-category\/personalized-products\/\"},{\"@type\":\"ListItem\",\"position\":3,\"name\":\"Popcorn micro-ondes sucr\u00e9 ou sal\u00e9 en carton personnalisable\"}]},{\"@type\":\"WebSite\",\"@id\":\"https:\/\/areka.com\/en\/#website\",\"url\":\"https:\/\/areka.com\/en\/\",\"name\":\"Areka\",\"description\":\"Sp\u00e9cialiste fran\u00e7ais de la confiserie personnalis\u00e9e\",\"potentialAction\":[{\"@type\":\"SearchAction\",\"target\":{\"@type\":\"EntryPoint\",\"urlTemplate\":\"https:\/\/areka.com\/en\/?s={search_term_string}\"},\"query-input\":{\"@type\":\"PropertyValueSpecification\",\"valueRequired\":true,\"valueName\":\"search_term_string\"}}],\"inLanguage\":\"en-US\"}]}<\/script>\n<!-- \/ Yoast SEO plugin. -->","yoast_head_json":{"title":"Popcorn micro-ondes sucr\u00e9 ou sal\u00e9 en carton personnalisable : Areka","robots":{"index":"index","follow":"follow","max-snippet":"max-snippet:-1","max-image-preview":"max-image-preview:large","max-video-preview":"max-video-preview:-1"},"canonical":"https:\/\/areka.com\/en\/produit\/popcorn-micro-ondes-sucre-ou-sale-en-carton-personnalisable\/","og_locale":"en_US","og_type":"article","og_title":"Popcorn micro-ondes sucr\u00e9 ou sal\u00e9 en carton personnalisable : Areka","og_description":"&nbsp; 2.11.0.0","og_url":"https:\/\/areka.com\/en\/produit\/popcorn-micro-ondes-sucre-ou-sale-en-carton-personnalisable\/","og_site_name":"Areka","article_modified_time":"2026-03-31T11:42:03+00:00","og_image":[{"width":859,"height":859,"url":"https:\/\/areka.com\/wp-content\/uploads\/2023\/04\/P60-popcorn.png","type":"image\/png"}],"twitter_card":"summary_large_image","twitter_misc":{"Est. reading time":"1 minute"},"schema":{"@context":"https:\/\/schema.org","@graph":[{"@type":"WebPage","@id":"https:\/\/areka.com\/en\/produit\/popcorn-micro-ondes-sucre-ou-sale-en-carton-personnalisable\/","url":"https:\/\/areka.com\/en\/produit\/popcorn-micro-ondes-sucre-ou-sale-en-carton-personnalisable\/","name":"Popcorn micro-ondes sucr\u00e9 ou sal\u00e9 en carton personnalisable : Areka","isPartOf":{"@id":"https:\/\/areka.com\/en\/#website"},"primaryImageOfPage":{"@id":"https:\/\/areka.com\/en\/produit\/popcorn-micro-ondes-sucre-ou-sale-en-carton-personnalisable\/#primaryimage"},"image":{"@id":"https:\/\/areka.com\/en\/produit\/popcorn-micro-ondes-sucre-ou-sale-en-carton-personnalisable\/#primaryimage"},"thumbnailUrl":"https:\/\/areka.com\/wp-content\/uploads\/2023\/04\/P60-popcorn.png","datePublished":"2023-04-22T16:01:28+00:00","dateModified":"2026-03-31T11:42:03+00:00","breadcrumb":{"@id":"https:\/\/areka.com\/en\/produit\/popcorn-micro-ondes-sucre-ou-sale-en-carton-personnalisable\/#breadcrumb"},"inLanguage":"en-US","potentialAction":[{"@type":"ReadAction","target":["https:\/\/areka.com\/en\/produit\/popcorn-micro-ondes-sucre-ou-sale-en-carton-personnalisable\/"]}]},{"@type":"ImageObject","inLanguage":"en-US","@id":"https:\/\/areka.com\/en\/produit\/popcorn-micro-ondes-sucre-ou-sale-en-carton-personnalisable\/#primaryimage","url":"https:\/\/areka.com\/wp-content\/uploads\/2023\/04\/P60-popcorn.png","contentUrl":"https:\/\/areka.com\/wp-content\/uploads\/2023\/04\/P60-popcorn.png","width":859,"height":859},{"@type":"BreadcrumbList","@id":"https:\/\/areka.com\/en\/produit\/popcorn-micro-ondes-sucre-ou-sale-en-carton-personnalisable\/#breadcrumb","itemListElement":[{"@type":"ListItem","position":1,"name":"All of our products","item":"https:\/\/areka.com\/en\/shop\/"},{"@type":"ListItem","position":2,"name":"Personalized products","item":"https:\/\/areka.com\/en\/product-category\/personalized-products\/"},{"@type":"ListItem","position":3,"name":"Popcorn micro-ondes sucr\u00e9 ou sal\u00e9 en carton personnalisable"}]},{"@type":"WebSite","@id":"https:\/\/areka.com\/en\/#website","url":"https:\/\/areka.com\/en\/","name":"Areka","description":"Sp\u00e9cialiste fran\u00e7ais de la confiserie personnalis\u00e9e","potentialAction":[{"@type":"SearchAction","target":{"@type":"EntryPoint","urlTemplate":"https:\/\/areka.com\/en\/?s={search_term_string}"},"query-input":{"@type":"PropertyValueSpecification","valueRequired":true,"valueName":"search_term_string"}}],"inLanguage":"en-US"}]}},"_links":{"self":[{"href":"https:\/\/areka.com\/en\/wp-json\/wp\/v2\/product\/218","targetHints":{"allow":["GET"]}}],"collection":[{"href":"https:\/\/areka.com\/en\/wp-json\/wp\/v2\/product"}],"about":[{"href":"https:\/\/areka.com\/en\/wp-json\/wp\/v2\/types\/product"}],"replies":[{"embeddable":true,"href":"https:\/\/areka.com\/en\/wp-json\/wp\/v2\/comments?post=218"}],"wp:featuredmedia":[{"embeddable":true,"href":"https:\/\/areka.com\/en\/wp-json\/wp\/v2\/media\/2375"}],"wp:attachment":[{"href":"https:\/\/areka.com\/en\/wp-json\/wp\/v2\/media?parent=218"}],"wp:term":[{"taxonomy":"product_brand","embeddable":true,"href":"https:\/\/areka.com\/en\/wp-json\/wp\/v2\/product_brand?post=218"},{"taxonomy":"product_cat","embeddable":true,"href":"https:\/\/areka.com\/en\/wp-json\/wp\/v2\/product_cat?post=218"},{"taxonomy":"product_tag","embeddable":true,"href":"https:\/\/areka.com\/en\/wp-json\/wp\/v2\/product_tag?post=218"}],"curies":[{"name":"wp","href":"https:\/\/api.w.org\/{rel}","templated":true}]}}