{"id":221,"date":"2023-04-22T18:07:28","date_gmt":"2023-04-22T16:07:28","guid":{"rendered":"https:\/\/areka.com\/?post_type=product&#038;p=221"},"modified":"2026-03-31T12:43:53","modified_gmt":"2026-03-31T10:43:53","slug":"biscuits-energetiques-en-sachet-personnalisable","status":"publish","type":"product","link":"https:\/\/areka.com\/en\/produit\/biscuits-energetiques-en-sachet-personnalisable\/","title":{"rendered":"Biscuits \u00e9nerg\u00e9tiques en sachet personnalisable"},"content":{"rendered":"<p><strong>Un biscuit qui donne le sourire.<\/strong><br \/>\nDe fins biscuits disponibles en version \u00ab Classique \u00bb aux graines de tournesol et aux groseilles, ou en version chocolat aux cacahu\u00e8tes. Conditionn\u00e9s dans un sachet personnalisable, ils deviennent un snack savoureux et un cadeau promotionnel accrocheur.<\/p>\n<ul>\n<li>Contenu: 7 g<\/li>\n<li>Parfums: classic, chocolats <strong>(Faitrade)<\/strong><\/li>\n<li>Dimensions: approx. 90 x 60 mm<\/li>\n<li>Conditionnement: 200 pcs. par carton \/ 800 pcs. dans le carton d&#8217;exp\u00e9dition<\/li>\n<li>D\u00e9lai de conservation: approx. 5 mois en cas de stockage appropri\u00e9<\/li>\n<li>D\u00e9lai de livraison: approx. 3 semaines apr\u00e8s accord du BAT<\/li>\n<\/ul>\n<div id=\"sconnect-is-installed\" style=\"display: none;\">2.11.0.0<\/div>\n","protected":false},"excerpt":{"rendered":"<p>&nbsp;<\/p>\n<div id=\"sconnect-is-installed\" style=\"display: none;\">2.11.0.0<\/div>\n","protected":false},"featured_media":617,"comment_status":"open","ping_status":"closed","template":"","meta":{"_acf_changed":false,"inline_featured_image":false},"product_brand":[],"product_cat":[35,30],"product_tag":[],"class_list":{"0":"post-221","1":"product","2":"type-product","3":"status-publish","4":"has-post-thumbnail","6":"product_cat-produits-personnalisables","7":"product_cat-delicieusement-sain","9":"first","10":"instock","11":"shipping-taxable","12":"product-type-simple"},"acf":[],"yoast_head":"<!-- This site is optimized with the Yoast SEO plugin v24.9 - https:\/\/yoast.com\/wordpress\/plugins\/seo\/ -->\n<title>Biscuits \u00e9nerg\u00e9tiques en sachet personnalisable : Areka<\/title>\n<meta name=\"robots\" content=\"index, follow, max-snippet:-1, max-image-preview:large, max-video-preview:-1\" \/>\n<link rel=\"canonical\" href=\"https:\/\/areka.com\/en\/produit\/biscuits-energetiques-en-sachet-personnalisable\/\" \/>\n<meta property=\"og:locale\" content=\"en_US\" \/>\n<meta property=\"og:type\" content=\"article\" \/>\n<meta property=\"og:title\" content=\"Biscuits \u00e9nerg\u00e9tiques en sachet personnalisable : Areka\" \/>\n<meta property=\"og:description\" content=\"&nbsp; 2.11.0.0\" \/>\n<meta property=\"og:url\" content=\"https:\/\/areka.com\/en\/produit\/biscuits-energetiques-en-sachet-personnalisable\/\" \/>\n<meta property=\"og:site_name\" content=\"Areka\" \/>\n<meta property=\"article:modified_time\" content=\"2026-03-31T10:43:53+00:00\" \/>\n<meta property=\"og:image\" content=\"https:\/\/areka.com\/wp-content\/uploads\/2023\/05\/biscuits-energ.png\" \/>\n\t<meta property=\"og:image:width\" content=\"412\" \/>\n\t<meta property=\"og:image:height\" content=\"412\" \/>\n\t<meta property=\"og:image:type\" content=\"image\/png\" \/>\n<meta name=\"twitter:card\" content=\"summary_large_image\" \/>\n<meta name=\"twitter:label1\" content=\"Est. reading time\" \/>\n\t<meta name=\"twitter:data1\" content=\"1 minute\" \/>\n<script type=\"application\/ld+json\" class=\"yoast-schema-graph\">{\"@context\":\"https:\/\/schema.org\",\"@graph\":[{\"@type\":\"WebPage\",\"@id\":\"https:\/\/areka.com\/en\/produit\/biscuits-energetiques-en-sachet-personnalisable\/\",\"url\":\"https:\/\/areka.com\/en\/produit\/biscuits-energetiques-en-sachet-personnalisable\/\",\"name\":\"Biscuits \u00e9nerg\u00e9tiques en sachet personnalisable : Areka\",\"isPartOf\":{\"@id\":\"https:\/\/areka.com\/en\/#website\"},\"primaryImageOfPage\":{\"@id\":\"https:\/\/areka.com\/en\/produit\/biscuits-energetiques-en-sachet-personnalisable\/#primaryimage\"},\"image\":{\"@id\":\"https:\/\/areka.com\/en\/produit\/biscuits-energetiques-en-sachet-personnalisable\/#primaryimage\"},\"thumbnailUrl\":\"https:\/\/areka.com\/wp-content\/uploads\/2023\/05\/biscuits-energ.png\",\"datePublished\":\"2023-04-22T16:07:28+00:00\",\"dateModified\":\"2026-03-31T10:43:53+00:00\",\"breadcrumb\":{\"@id\":\"https:\/\/areka.com\/en\/produit\/biscuits-energetiques-en-sachet-personnalisable\/#breadcrumb\"},\"inLanguage\":\"en-US\",\"potentialAction\":[{\"@type\":\"ReadAction\",\"target\":[\"https:\/\/areka.com\/en\/produit\/biscuits-energetiques-en-sachet-personnalisable\/\"]}]},{\"@type\":\"ImageObject\",\"inLanguage\":\"en-US\",\"@id\":\"https:\/\/areka.com\/en\/produit\/biscuits-energetiques-en-sachet-personnalisable\/#primaryimage\",\"url\":\"https:\/\/areka.com\/wp-content\/uploads\/2023\/05\/biscuits-energ.png\",\"contentUrl\":\"https:\/\/areka.com\/wp-content\/uploads\/2023\/05\/biscuits-energ.png\",\"width\":412,\"height\":412},{\"@type\":\"BreadcrumbList\",\"@id\":\"https:\/\/areka.com\/en\/produit\/biscuits-energetiques-en-sachet-personnalisable\/#breadcrumb\",\"itemListElement\":[{\"@type\":\"ListItem\",\"position\":1,\"name\":\"All of our products\",\"item\":\"https:\/\/areka.com\/en\/shop\/\"},{\"@type\":\"ListItem\",\"position\":2,\"name\":\"Personalized products\",\"item\":\"https:\/\/areka.com\/en\/product-category\/personalized-products\/\"},{\"@type\":\"ListItem\",\"position\":3,\"name\":\"Biscuits \u00e9nerg\u00e9tiques en sachet personnalisable\"}]},{\"@type\":\"WebSite\",\"@id\":\"https:\/\/areka.com\/en\/#website\",\"url\":\"https:\/\/areka.com\/en\/\",\"name\":\"Areka\",\"description\":\"Sp\u00e9cialiste fran\u00e7ais de la confiserie personnalis\u00e9e\",\"potentialAction\":[{\"@type\":\"SearchAction\",\"target\":{\"@type\":\"EntryPoint\",\"urlTemplate\":\"https:\/\/areka.com\/en\/?s={search_term_string}\"},\"query-input\":{\"@type\":\"PropertyValueSpecification\",\"valueRequired\":true,\"valueName\":\"search_term_string\"}}],\"inLanguage\":\"en-US\"}]}<\/script>\n<!-- \/ Yoast SEO plugin. -->","yoast_head_json":{"title":"Biscuits \u00e9nerg\u00e9tiques en sachet personnalisable : Areka","robots":{"index":"index","follow":"follow","max-snippet":"max-snippet:-1","max-image-preview":"max-image-preview:large","max-video-preview":"max-video-preview:-1"},"canonical":"https:\/\/areka.com\/en\/produit\/biscuits-energetiques-en-sachet-personnalisable\/","og_locale":"en_US","og_type":"article","og_title":"Biscuits \u00e9nerg\u00e9tiques en sachet personnalisable : Areka","og_description":"&nbsp; 2.11.0.0","og_url":"https:\/\/areka.com\/en\/produit\/biscuits-energetiques-en-sachet-personnalisable\/","og_site_name":"Areka","article_modified_time":"2026-03-31T10:43:53+00:00","og_image":[{"width":412,"height":412,"url":"https:\/\/areka.com\/wp-content\/uploads\/2023\/05\/biscuits-energ.png","type":"image\/png"}],"twitter_card":"summary_large_image","twitter_misc":{"Est. reading time":"1 minute"},"schema":{"@context":"https:\/\/schema.org","@graph":[{"@type":"WebPage","@id":"https:\/\/areka.com\/en\/produit\/biscuits-energetiques-en-sachet-personnalisable\/","url":"https:\/\/areka.com\/en\/produit\/biscuits-energetiques-en-sachet-personnalisable\/","name":"Biscuits \u00e9nerg\u00e9tiques en sachet personnalisable : Areka","isPartOf":{"@id":"https:\/\/areka.com\/en\/#website"},"primaryImageOfPage":{"@id":"https:\/\/areka.com\/en\/produit\/biscuits-energetiques-en-sachet-personnalisable\/#primaryimage"},"image":{"@id":"https:\/\/areka.com\/en\/produit\/biscuits-energetiques-en-sachet-personnalisable\/#primaryimage"},"thumbnailUrl":"https:\/\/areka.com\/wp-content\/uploads\/2023\/05\/biscuits-energ.png","datePublished":"2023-04-22T16:07:28+00:00","dateModified":"2026-03-31T10:43:53+00:00","breadcrumb":{"@id":"https:\/\/areka.com\/en\/produit\/biscuits-energetiques-en-sachet-personnalisable\/#breadcrumb"},"inLanguage":"en-US","potentialAction":[{"@type":"ReadAction","target":["https:\/\/areka.com\/en\/produit\/biscuits-energetiques-en-sachet-personnalisable\/"]}]},{"@type":"ImageObject","inLanguage":"en-US","@id":"https:\/\/areka.com\/en\/produit\/biscuits-energetiques-en-sachet-personnalisable\/#primaryimage","url":"https:\/\/areka.com\/wp-content\/uploads\/2023\/05\/biscuits-energ.png","contentUrl":"https:\/\/areka.com\/wp-content\/uploads\/2023\/05\/biscuits-energ.png","width":412,"height":412},{"@type":"BreadcrumbList","@id":"https:\/\/areka.com\/en\/produit\/biscuits-energetiques-en-sachet-personnalisable\/#breadcrumb","itemListElement":[{"@type":"ListItem","position":1,"name":"All of our products","item":"https:\/\/areka.com\/en\/shop\/"},{"@type":"ListItem","position":2,"name":"Personalized products","item":"https:\/\/areka.com\/en\/product-category\/personalized-products\/"},{"@type":"ListItem","position":3,"name":"Biscuits \u00e9nerg\u00e9tiques en sachet personnalisable"}]},{"@type":"WebSite","@id":"https:\/\/areka.com\/en\/#website","url":"https:\/\/areka.com\/en\/","name":"Areka","description":"Sp\u00e9cialiste fran\u00e7ais de la confiserie personnalis\u00e9e","potentialAction":[{"@type":"SearchAction","target":{"@type":"EntryPoint","urlTemplate":"https:\/\/areka.com\/en\/?s={search_term_string}"},"query-input":{"@type":"PropertyValueSpecification","valueRequired":true,"valueName":"search_term_string"}}],"inLanguage":"en-US"}]}},"_links":{"self":[{"href":"https:\/\/areka.com\/en\/wp-json\/wp\/v2\/product\/221","targetHints":{"allow":["GET"]}}],"collection":[{"href":"https:\/\/areka.com\/en\/wp-json\/wp\/v2\/product"}],"about":[{"href":"https:\/\/areka.com\/en\/wp-json\/wp\/v2\/types\/product"}],"replies":[{"embeddable":true,"href":"https:\/\/areka.com\/en\/wp-json\/wp\/v2\/comments?post=221"}],"wp:featuredmedia":[{"embeddable":true,"href":"https:\/\/areka.com\/en\/wp-json\/wp\/v2\/media\/617"}],"wp:attachment":[{"href":"https:\/\/areka.com\/en\/wp-json\/wp\/v2\/media?parent=221"}],"wp:term":[{"taxonomy":"product_brand","embeddable":true,"href":"https:\/\/areka.com\/en\/wp-json\/wp\/v2\/product_brand?post=221"},{"taxonomy":"product_cat","embeddable":true,"href":"https:\/\/areka.com\/en\/wp-json\/wp\/v2\/product_cat?post=221"},{"taxonomy":"product_tag","embeddable":true,"href":"https:\/\/areka.com\/en\/wp-json\/wp\/v2\/product_tag?post=221"}],"curies":[{"name":"wp","href":"https:\/\/api.w.org\/{rel}","templated":true}]}}