{"id":225,"date":"2023-04-23T12:57:18","date_gmt":"2023-04-23T10:57:18","guid":{"rendered":"https:\/\/areka.com\/?post_type=product&#038;p=225"},"modified":"2026-04-01T11:06:04","modified_gmt":"2026-04-01T09:06:04","slug":"barres-de-chocolat-tonys-chocolonely-2","status":"publish","type":"product","link":"https:\/\/areka.com\/en\/produit\/barres-de-chocolat-tonys-chocolonely-2\/","title":{"rendered":"Barres de chocolat Tony\u2018s Chocolonely dans un \u00e9tui"},"content":{"rendered":"<p><strong>Snacking \u00e9quitable, branding percutant.<\/strong><br \/>\nTony\u2019s Chocolonely d\u00e9fend une cacao \u00e9quitable, sans travail d\u2019enfants ni d\u2019esclaves. Les tablettes fondantes sont disponibles en trois d\u00e9licieuses saveurs. Conditionn\u00e9es dans un \u00e9tui en carton FSC\u00ae personnalisable, elles deviennent un cadeau sucr\u00e9 promotionnel porteur d\u2019un message fort.<\/p>\n<ul>\n<li>Contenu: 47 g<\/li>\n<li>Saveurs:\n<ul>\n<li>amandes au sel de mer (v\u00e9gan)<\/li>\n<li>caramel au sel de mer<\/li>\n<li>chocolat au lait<\/li>\n<\/ul>\n<\/li>\n<li>\u00a0Dimensions: approx. 116,5 x 33 x 14,5 mm<\/li>\n<li>Conditionnement: 48 pcs par carton \/ 384 pcs. dans le carton d&#8217;exp\u00e9dition<\/li>\n<li>D\u00e9lai de conservation: approx.6 mois en cas de stockage appropri\u00e9<\/li>\n<li>D\u00e9lai de livraison: approx. 3-4 semaines apr\u00e8s accord du BAT<\/li>\n<\/ul>\n<div id=\"sconnect-is-installed\" style=\"display: none;\">2.11.0.0<\/div>\n<div id=\"sconnect-is-installed\" style=\"display: none;\">2.11.0.0<\/div>\n<div id=\"sconnect-is-installed\" style=\"display: none;\">2.11.0.0<\/div>\n<div id=\"sconnect-is-installed\" style=\"display: none;\">2.11.0.0<\/div>\n<div id=\"sconnect-is-installed\" style=\"display: none;\">2.11.0.0<\/div>\n<div id=\"sconnect-is-installed\" style=\"display: none;\">2.11.0.0<\/div>\n<div id=\"sconnect-is-installed\" style=\"display: none;\">2.11.0.0<\/div>\n","protected":false},"excerpt":{"rendered":"<p>&nbsp;<\/p>\n<div id=\"sconnect-is-installed\" style=\"display: none;\">2.11.0.0<\/div>\n<div id=\"sconnect-is-installed\" style=\"display: none;\">2.11.0.0<\/div>\n<div id=\"sconnect-is-installed\" style=\"display: none;\">2.11.0.0<\/div>\n<div id=\"sconnect-is-installed\" style=\"display: none;\">2.11.0.0<\/div>\n<div id=\"sconnect-is-installed\" style=\"display: none;\">2.11.0.0<\/div>\n<div id=\"sconnect-is-installed\" style=\"display: none;\">2.11.0.0<\/div>\n<div id=\"sconnect-is-installed\" style=\"display: none;\">2.11.0.0<\/div>\n","protected":false},"featured_media":2417,"comment_status":"open","ping_status":"closed","template":"","meta":{"_acf_changed":false,"inline_featured_image":false},"product_brand":[],"product_cat":[35,32],"product_tag":[],"class_list":{"0":"post-225","1":"product","2":"type-product","3":"status-publish","4":"has-post-thumbnail","6":"product_cat-produits-personnalisables","7":"product_cat-barres-de-chocolats","9":"first","10":"instock","11":"shipping-taxable","12":"product-type-simple"},"acf":[],"yoast_head":"<!-- This site is optimized with the Yoast SEO plugin v24.9 - https:\/\/yoast.com\/wordpress\/plugins\/seo\/ -->\n<title>Barres de chocolat Tony\u2018s Chocolonely dans un \u00e9tui : Areka<\/title>\n<meta name=\"robots\" content=\"index, follow, max-snippet:-1, max-image-preview:large, max-video-preview:-1\" \/>\n<link rel=\"canonical\" href=\"https:\/\/areka.com\/en\/produit\/barres-de-chocolat-tonys-chocolonely-2\/\" \/>\n<meta property=\"og:locale\" content=\"en_US\" \/>\n<meta property=\"og:type\" content=\"article\" \/>\n<meta property=\"og:title\" content=\"Barres de chocolat Tony\u2018s Chocolonely dans un \u00e9tui : Areka\" \/>\n<meta property=\"og:description\" content=\"&nbsp; 2.11.0.0 2.11.0.0 2.11.0.0 2.11.0.0 2.11.0.0 2.11.0.0 2.11.0.0\" \/>\n<meta property=\"og:url\" content=\"https:\/\/areka.com\/en\/produit\/barres-de-chocolat-tonys-chocolonely-2\/\" \/>\n<meta property=\"og:site_name\" content=\"Areka\" \/>\n<meta property=\"article:modified_time\" content=\"2026-04-01T09:06:04+00:00\" \/>\n<meta property=\"og:image\" content=\"https:\/\/areka.com\/wp-content\/uploads\/2023\/04\/P69-barres-tons.png\" \/>\n\t<meta property=\"og:image:width\" content=\"1000\" \/>\n\t<meta property=\"og:image:height\" content=\"1000\" \/>\n\t<meta property=\"og:image:type\" content=\"image\/png\" \/>\n<meta name=\"twitter:card\" content=\"summary_large_image\" \/>\n<meta name=\"twitter:label1\" content=\"Est. reading time\" \/>\n\t<meta name=\"twitter:data1\" content=\"1 minute\" \/>\n<script type=\"application\/ld+json\" class=\"yoast-schema-graph\">{\"@context\":\"https:\/\/schema.org\",\"@graph\":[{\"@type\":\"WebPage\",\"@id\":\"https:\/\/areka.com\/en\/produit\/barres-de-chocolat-tonys-chocolonely-2\/\",\"url\":\"https:\/\/areka.com\/en\/produit\/barres-de-chocolat-tonys-chocolonely-2\/\",\"name\":\"Barres de chocolat Tony\u2018s Chocolonely dans un \u00e9tui : Areka\",\"isPartOf\":{\"@id\":\"https:\/\/areka.com\/en\/#website\"},\"primaryImageOfPage\":{\"@id\":\"https:\/\/areka.com\/en\/produit\/barres-de-chocolat-tonys-chocolonely-2\/#primaryimage\"},\"image\":{\"@id\":\"https:\/\/areka.com\/en\/produit\/barres-de-chocolat-tonys-chocolonely-2\/#primaryimage\"},\"thumbnailUrl\":\"https:\/\/areka.com\/wp-content\/uploads\/2023\/04\/P69-barres-tons.png\",\"datePublished\":\"2023-04-23T10:57:18+00:00\",\"dateModified\":\"2026-04-01T09:06:04+00:00\",\"breadcrumb\":{\"@id\":\"https:\/\/areka.com\/en\/produit\/barres-de-chocolat-tonys-chocolonely-2\/#breadcrumb\"},\"inLanguage\":\"en-US\",\"potentialAction\":[{\"@type\":\"ReadAction\",\"target\":[\"https:\/\/areka.com\/en\/produit\/barres-de-chocolat-tonys-chocolonely-2\/\"]}]},{\"@type\":\"ImageObject\",\"inLanguage\":\"en-US\",\"@id\":\"https:\/\/areka.com\/en\/produit\/barres-de-chocolat-tonys-chocolonely-2\/#primaryimage\",\"url\":\"https:\/\/areka.com\/wp-content\/uploads\/2023\/04\/P69-barres-tons.png\",\"contentUrl\":\"https:\/\/areka.com\/wp-content\/uploads\/2023\/04\/P69-barres-tons.png\",\"width\":1000,\"height\":1000},{\"@type\":\"BreadcrumbList\",\"@id\":\"https:\/\/areka.com\/en\/produit\/barres-de-chocolat-tonys-chocolonely-2\/#breadcrumb\",\"itemListElement\":[{\"@type\":\"ListItem\",\"position\":1,\"name\":\"All of our products\",\"item\":\"https:\/\/areka.com\/en\/shop\/\"},{\"@type\":\"ListItem\",\"position\":2,\"name\":\"Personalized products\",\"item\":\"https:\/\/areka.com\/en\/product-category\/personalized-products\/\"},{\"@type\":\"ListItem\",\"position\":3,\"name\":\"Barres de chocolat Tony\u2018s Chocolonely dans un \u00e9tui\"}]},{\"@type\":\"WebSite\",\"@id\":\"https:\/\/areka.com\/en\/#website\",\"url\":\"https:\/\/areka.com\/en\/\",\"name\":\"Areka\",\"description\":\"Sp\u00e9cialiste fran\u00e7ais de la confiserie personnalis\u00e9e\",\"potentialAction\":[{\"@type\":\"SearchAction\",\"target\":{\"@type\":\"EntryPoint\",\"urlTemplate\":\"https:\/\/areka.com\/en\/?s={search_term_string}\"},\"query-input\":{\"@type\":\"PropertyValueSpecification\",\"valueRequired\":true,\"valueName\":\"search_term_string\"}}],\"inLanguage\":\"en-US\"}]}<\/script>\n<!-- \/ Yoast SEO plugin. -->","yoast_head_json":{"title":"Barres de chocolat Tony\u2018s Chocolonely dans un \u00e9tui : Areka","robots":{"index":"index","follow":"follow","max-snippet":"max-snippet:-1","max-image-preview":"max-image-preview:large","max-video-preview":"max-video-preview:-1"},"canonical":"https:\/\/areka.com\/en\/produit\/barres-de-chocolat-tonys-chocolonely-2\/","og_locale":"en_US","og_type":"article","og_title":"Barres de chocolat Tony\u2018s Chocolonely dans un \u00e9tui : Areka","og_description":"&nbsp; 2.11.0.0 2.11.0.0 2.11.0.0 2.11.0.0 2.11.0.0 2.11.0.0 2.11.0.0","og_url":"https:\/\/areka.com\/en\/produit\/barres-de-chocolat-tonys-chocolonely-2\/","og_site_name":"Areka","article_modified_time":"2026-04-01T09:06:04+00:00","og_image":[{"width":1000,"height":1000,"url":"https:\/\/areka.com\/wp-content\/uploads\/2023\/04\/P69-barres-tons.png","type":"image\/png"}],"twitter_card":"summary_large_image","twitter_misc":{"Est. reading time":"1 minute"},"schema":{"@context":"https:\/\/schema.org","@graph":[{"@type":"WebPage","@id":"https:\/\/areka.com\/en\/produit\/barres-de-chocolat-tonys-chocolonely-2\/","url":"https:\/\/areka.com\/en\/produit\/barres-de-chocolat-tonys-chocolonely-2\/","name":"Barres de chocolat Tony\u2018s Chocolonely dans un \u00e9tui : Areka","isPartOf":{"@id":"https:\/\/areka.com\/en\/#website"},"primaryImageOfPage":{"@id":"https:\/\/areka.com\/en\/produit\/barres-de-chocolat-tonys-chocolonely-2\/#primaryimage"},"image":{"@id":"https:\/\/areka.com\/en\/produit\/barres-de-chocolat-tonys-chocolonely-2\/#primaryimage"},"thumbnailUrl":"https:\/\/areka.com\/wp-content\/uploads\/2023\/04\/P69-barres-tons.png","datePublished":"2023-04-23T10:57:18+00:00","dateModified":"2026-04-01T09:06:04+00:00","breadcrumb":{"@id":"https:\/\/areka.com\/en\/produit\/barres-de-chocolat-tonys-chocolonely-2\/#breadcrumb"},"inLanguage":"en-US","potentialAction":[{"@type":"ReadAction","target":["https:\/\/areka.com\/en\/produit\/barres-de-chocolat-tonys-chocolonely-2\/"]}]},{"@type":"ImageObject","inLanguage":"en-US","@id":"https:\/\/areka.com\/en\/produit\/barres-de-chocolat-tonys-chocolonely-2\/#primaryimage","url":"https:\/\/areka.com\/wp-content\/uploads\/2023\/04\/P69-barres-tons.png","contentUrl":"https:\/\/areka.com\/wp-content\/uploads\/2023\/04\/P69-barres-tons.png","width":1000,"height":1000},{"@type":"BreadcrumbList","@id":"https:\/\/areka.com\/en\/produit\/barres-de-chocolat-tonys-chocolonely-2\/#breadcrumb","itemListElement":[{"@type":"ListItem","position":1,"name":"All of our products","item":"https:\/\/areka.com\/en\/shop\/"},{"@type":"ListItem","position":2,"name":"Personalized products","item":"https:\/\/areka.com\/en\/product-category\/personalized-products\/"},{"@type":"ListItem","position":3,"name":"Barres de chocolat Tony\u2018s Chocolonely dans un \u00e9tui"}]},{"@type":"WebSite","@id":"https:\/\/areka.com\/en\/#website","url":"https:\/\/areka.com\/en\/","name":"Areka","description":"Sp\u00e9cialiste fran\u00e7ais de la confiserie personnalis\u00e9e","potentialAction":[{"@type":"SearchAction","target":{"@type":"EntryPoint","urlTemplate":"https:\/\/areka.com\/en\/?s={search_term_string}"},"query-input":{"@type":"PropertyValueSpecification","valueRequired":true,"valueName":"search_term_string"}}],"inLanguage":"en-US"}]}},"_links":{"self":[{"href":"https:\/\/areka.com\/en\/wp-json\/wp\/v2\/product\/225","targetHints":{"allow":["GET"]}}],"collection":[{"href":"https:\/\/areka.com\/en\/wp-json\/wp\/v2\/product"}],"about":[{"href":"https:\/\/areka.com\/en\/wp-json\/wp\/v2\/types\/product"}],"replies":[{"embeddable":true,"href":"https:\/\/areka.com\/en\/wp-json\/wp\/v2\/comments?post=225"}],"wp:featuredmedia":[{"embeddable":true,"href":"https:\/\/areka.com\/en\/wp-json\/wp\/v2\/media\/2417"}],"wp:attachment":[{"href":"https:\/\/areka.com\/en\/wp-json\/wp\/v2\/media?parent=225"}],"wp:term":[{"taxonomy":"product_brand","embeddable":true,"href":"https:\/\/areka.com\/en\/wp-json\/wp\/v2\/product_brand?post=225"},{"taxonomy":"product_cat","embeddable":true,"href":"https:\/\/areka.com\/en\/wp-json\/wp\/v2\/product_cat?post=225"},{"taxonomy":"product_tag","embeddable":true,"href":"https:\/\/areka.com\/en\/wp-json\/wp\/v2\/product_tag?post=225"}],"curies":[{"name":"wp","href":"https:\/\/api.w.org\/{rel}","templated":true}]}}