{"id":227,"date":"2023-04-23T13:05:28","date_gmt":"2023-04-23T11:05:28","guid":{"rendered":"https:\/\/areka.com\/?post_type=product&#038;p=227"},"modified":"2026-04-01T11:43:25","modified_gmt":"2026-04-01T09:43:25","slug":"barres-de-chocolat-melange-rettergut-dans-un-etui","status":"publish","type":"product","link":"https:\/\/areka.com\/en\/produit\/barres-de-chocolat-melange-rettergut-dans-un-etui\/","title":{"rendered":"Barres 3 BEARS"},"content":{"rendered":"<p><strong>Snacking naturel \u2013 avec 3Bears.<\/strong><br \/>\nLes d\u00e9licieuses barres 3Bears sont le snack id\u00e9al \u00e0 tout moment \u2013 au bureau, \u00e0 la cr\u00e8che ou \u00e0 la salle de sport, elles se glissent parfaitement dans n\u2019importe quel sac. Disponibles en trois savoureuses vari\u00e9t\u00e9s qui donnent simplement envie d\u2019en reprendre. Toutes les barres sont v\u00e9ganes, riches en fibres, sans sucre raffin\u00e9 ni huile de\u00a0 palme, pour un plaisir responsable et agr\u00e9able. Conditionn\u00e9es dans un \u00e9tui en carton certifi\u00e9 FSC\u00ae personnalisable.<\/p>\n<ul>\n<li>Contenu: 45 g<\/li>\n<li>Saveurs:\n<ul>\n<li>pomme &amp; cannelle<\/li>\n<li>triple baies<\/li>\n<li>triple noix<\/li>\n<\/ul>\n<\/li>\n<li>\u00a0Dimensions: approx. 150 x 40 x 15 mm<\/li>\n<li>Conditionnement: 48 pcs par carton \/ 576 pcs. dans le carton d&#8217;exp\u00e9dition<\/li>\n<li>D\u00e9lai de conservation: approx.5 mois en cas de stockage appropri\u00e9<\/li>\n<li>D\u00e9lai de livraison: approx. 3-4 semaines apr\u00e8s accord du BAT<\/li>\n<\/ul>\n<div id=\"sconnect-is-installed\" style=\"display: none;\">2.11.0.0<\/div>\n","protected":false},"excerpt":{"rendered":"<p>&nbsp;<\/p>\n<div id=\"sconnect-is-installed\" style=\"display: none;\">2.11.0.0<\/div>\n","protected":false},"featured_media":2421,"comment_status":"open","ping_status":"closed","template":"","meta":{"_acf_changed":false,"inline_featured_image":false},"product_brand":[],"product_cat":[63,35,32],"product_tag":[],"class_list":{"0":"post-227","1":"product","2":"type-product","3":"status-publish","4":"has-post-thumbnail","6":"product_cat-nouveautes","7":"product_cat-produits-personnalisables","8":"product_cat-barres-de-chocolats","10":"first","11":"instock","12":"shipping-taxable","13":"product-type-simple"},"acf":[],"yoast_head":"<!-- This site is optimized with the Yoast SEO plugin v24.9 - https:\/\/yoast.com\/wordpress\/plugins\/seo\/ -->\n<title>Barres 3 BEARS : Areka<\/title>\n<meta name=\"robots\" content=\"index, follow, max-snippet:-1, max-image-preview:large, max-video-preview:-1\" \/>\n<link rel=\"canonical\" href=\"https:\/\/areka.com\/en\/produit\/barres-de-chocolat-melange-rettergut-dans-un-etui\/\" \/>\n<meta property=\"og:locale\" content=\"en_US\" \/>\n<meta property=\"og:type\" content=\"article\" \/>\n<meta property=\"og:title\" content=\"Barres 3 BEARS : Areka\" \/>\n<meta property=\"og:description\" content=\"&nbsp; 2.11.0.0\" \/>\n<meta property=\"og:url\" content=\"https:\/\/areka.com\/en\/produit\/barres-de-chocolat-melange-rettergut-dans-un-etui\/\" \/>\n<meta property=\"og:site_name\" content=\"Areka\" \/>\n<meta property=\"article:modified_time\" content=\"2026-04-01T09:43:25+00:00\" \/>\n<meta property=\"og:image\" content=\"https:\/\/areka.com\/wp-content\/uploads\/2023\/04\/P67-barres-3-bears.png\" \/>\n\t<meta property=\"og:image:width\" content=\"1000\" \/>\n\t<meta property=\"og:image:height\" content=\"1000\" \/>\n\t<meta property=\"og:image:type\" content=\"image\/png\" \/>\n<meta name=\"twitter:card\" content=\"summary_large_image\" \/>\n<meta name=\"twitter:label1\" content=\"Est. reading time\" \/>\n\t<meta name=\"twitter:data1\" content=\"1 minute\" \/>\n<script type=\"application\/ld+json\" class=\"yoast-schema-graph\">{\"@context\":\"https:\/\/schema.org\",\"@graph\":[{\"@type\":\"WebPage\",\"@id\":\"https:\/\/areka.com\/en\/produit\/barres-de-chocolat-melange-rettergut-dans-un-etui\/\",\"url\":\"https:\/\/areka.com\/en\/produit\/barres-de-chocolat-melange-rettergut-dans-un-etui\/\",\"name\":\"Barres 3 BEARS : Areka\",\"isPartOf\":{\"@id\":\"https:\/\/areka.com\/en\/#website\"},\"primaryImageOfPage\":{\"@id\":\"https:\/\/areka.com\/en\/produit\/barres-de-chocolat-melange-rettergut-dans-un-etui\/#primaryimage\"},\"image\":{\"@id\":\"https:\/\/areka.com\/en\/produit\/barres-de-chocolat-melange-rettergut-dans-un-etui\/#primaryimage\"},\"thumbnailUrl\":\"https:\/\/areka.com\/wp-content\/uploads\/2023\/04\/P67-barres-3-bears.png\",\"datePublished\":\"2023-04-23T11:05:28+00:00\",\"dateModified\":\"2026-04-01T09:43:25+00:00\",\"breadcrumb\":{\"@id\":\"https:\/\/areka.com\/en\/produit\/barres-de-chocolat-melange-rettergut-dans-un-etui\/#breadcrumb\"},\"inLanguage\":\"en-US\",\"potentialAction\":[{\"@type\":\"ReadAction\",\"target\":[\"https:\/\/areka.com\/en\/produit\/barres-de-chocolat-melange-rettergut-dans-un-etui\/\"]}]},{\"@type\":\"ImageObject\",\"inLanguage\":\"en-US\",\"@id\":\"https:\/\/areka.com\/en\/produit\/barres-de-chocolat-melange-rettergut-dans-un-etui\/#primaryimage\",\"url\":\"https:\/\/areka.com\/wp-content\/uploads\/2023\/04\/P67-barres-3-bears.png\",\"contentUrl\":\"https:\/\/areka.com\/wp-content\/uploads\/2023\/04\/P67-barres-3-bears.png\",\"width\":1000,\"height\":1000},{\"@type\":\"BreadcrumbList\",\"@id\":\"https:\/\/areka.com\/en\/produit\/barres-de-chocolat-melange-rettergut-dans-un-etui\/#breadcrumb\",\"itemListElement\":[{\"@type\":\"ListItem\",\"position\":1,\"name\":\"All of our products\",\"item\":\"https:\/\/areka.com\/en\/shop\/\"},{\"@type\":\"ListItem\",\"position\":2,\"name\":\"Personalized products\",\"item\":\"https:\/\/areka.com\/en\/product-category\/personalized-products\/\"},{\"@type\":\"ListItem\",\"position\":3,\"name\":\"Barres 3 BEARS\"}]},{\"@type\":\"WebSite\",\"@id\":\"https:\/\/areka.com\/en\/#website\",\"url\":\"https:\/\/areka.com\/en\/\",\"name\":\"Areka\",\"description\":\"Sp\u00e9cialiste fran\u00e7ais de la confiserie personnalis\u00e9e\",\"potentialAction\":[{\"@type\":\"SearchAction\",\"target\":{\"@type\":\"EntryPoint\",\"urlTemplate\":\"https:\/\/areka.com\/en\/?s={search_term_string}\"},\"query-input\":{\"@type\":\"PropertyValueSpecification\",\"valueRequired\":true,\"valueName\":\"search_term_string\"}}],\"inLanguage\":\"en-US\"}]}<\/script>\n<!-- \/ Yoast SEO plugin. -->","yoast_head_json":{"title":"Barres 3 BEARS : Areka","robots":{"index":"index","follow":"follow","max-snippet":"max-snippet:-1","max-image-preview":"max-image-preview:large","max-video-preview":"max-video-preview:-1"},"canonical":"https:\/\/areka.com\/en\/produit\/barres-de-chocolat-melange-rettergut-dans-un-etui\/","og_locale":"en_US","og_type":"article","og_title":"Barres 3 BEARS : Areka","og_description":"&nbsp; 2.11.0.0","og_url":"https:\/\/areka.com\/en\/produit\/barres-de-chocolat-melange-rettergut-dans-un-etui\/","og_site_name":"Areka","article_modified_time":"2026-04-01T09:43:25+00:00","og_image":[{"width":1000,"height":1000,"url":"https:\/\/areka.com\/wp-content\/uploads\/2023\/04\/P67-barres-3-bears.png","type":"image\/png"}],"twitter_card":"summary_large_image","twitter_misc":{"Est. reading time":"1 minute"},"schema":{"@context":"https:\/\/schema.org","@graph":[{"@type":"WebPage","@id":"https:\/\/areka.com\/en\/produit\/barres-de-chocolat-melange-rettergut-dans-un-etui\/","url":"https:\/\/areka.com\/en\/produit\/barres-de-chocolat-melange-rettergut-dans-un-etui\/","name":"Barres 3 BEARS : Areka","isPartOf":{"@id":"https:\/\/areka.com\/en\/#website"},"primaryImageOfPage":{"@id":"https:\/\/areka.com\/en\/produit\/barres-de-chocolat-melange-rettergut-dans-un-etui\/#primaryimage"},"image":{"@id":"https:\/\/areka.com\/en\/produit\/barres-de-chocolat-melange-rettergut-dans-un-etui\/#primaryimage"},"thumbnailUrl":"https:\/\/areka.com\/wp-content\/uploads\/2023\/04\/P67-barres-3-bears.png","datePublished":"2023-04-23T11:05:28+00:00","dateModified":"2026-04-01T09:43:25+00:00","breadcrumb":{"@id":"https:\/\/areka.com\/en\/produit\/barres-de-chocolat-melange-rettergut-dans-un-etui\/#breadcrumb"},"inLanguage":"en-US","potentialAction":[{"@type":"ReadAction","target":["https:\/\/areka.com\/en\/produit\/barres-de-chocolat-melange-rettergut-dans-un-etui\/"]}]},{"@type":"ImageObject","inLanguage":"en-US","@id":"https:\/\/areka.com\/en\/produit\/barres-de-chocolat-melange-rettergut-dans-un-etui\/#primaryimage","url":"https:\/\/areka.com\/wp-content\/uploads\/2023\/04\/P67-barres-3-bears.png","contentUrl":"https:\/\/areka.com\/wp-content\/uploads\/2023\/04\/P67-barres-3-bears.png","width":1000,"height":1000},{"@type":"BreadcrumbList","@id":"https:\/\/areka.com\/en\/produit\/barres-de-chocolat-melange-rettergut-dans-un-etui\/#breadcrumb","itemListElement":[{"@type":"ListItem","position":1,"name":"All of our products","item":"https:\/\/areka.com\/en\/shop\/"},{"@type":"ListItem","position":2,"name":"Personalized products","item":"https:\/\/areka.com\/en\/product-category\/personalized-products\/"},{"@type":"ListItem","position":3,"name":"Barres 3 BEARS"}]},{"@type":"WebSite","@id":"https:\/\/areka.com\/en\/#website","url":"https:\/\/areka.com\/en\/","name":"Areka","description":"Sp\u00e9cialiste fran\u00e7ais de la confiserie personnalis\u00e9e","potentialAction":[{"@type":"SearchAction","target":{"@type":"EntryPoint","urlTemplate":"https:\/\/areka.com\/en\/?s={search_term_string}"},"query-input":{"@type":"PropertyValueSpecification","valueRequired":true,"valueName":"search_term_string"}}],"inLanguage":"en-US"}]}},"_links":{"self":[{"href":"https:\/\/areka.com\/en\/wp-json\/wp\/v2\/product\/227","targetHints":{"allow":["GET"]}}],"collection":[{"href":"https:\/\/areka.com\/en\/wp-json\/wp\/v2\/product"}],"about":[{"href":"https:\/\/areka.com\/en\/wp-json\/wp\/v2\/types\/product"}],"replies":[{"embeddable":true,"href":"https:\/\/areka.com\/en\/wp-json\/wp\/v2\/comments?post=227"}],"wp:featuredmedia":[{"embeddable":true,"href":"https:\/\/areka.com\/en\/wp-json\/wp\/v2\/media\/2421"}],"wp:attachment":[{"href":"https:\/\/areka.com\/en\/wp-json\/wp\/v2\/media?parent=227"}],"wp:term":[{"taxonomy":"product_brand","embeddable":true,"href":"https:\/\/areka.com\/en\/wp-json\/wp\/v2\/product_brand?post=227"},{"taxonomy":"product_cat","embeddable":true,"href":"https:\/\/areka.com\/en\/wp-json\/wp\/v2\/product_cat?post=227"},{"taxonomy":"product_tag","embeddable":true,"href":"https:\/\/areka.com\/en\/wp-json\/wp\/v2\/product_tag?post=227"}],"curies":[{"name":"wp","href":"https:\/\/api.w.org\/{rel}","templated":true}]}}