{"id":233,"date":"2023-04-23T13:34:11","date_gmt":"2023-04-23T11:34:11","guid":{"rendered":"https:\/\/areka.com\/?post_type=product&#038;p=233"},"modified":"2025-03-24T18:47:49","modified_gmt":"2025-03-24T17:47:49","slug":"triples-heros","status":"publish","type":"product","link":"https:\/\/areka.com\/en\/produit\/triples-heros\/","title":{"rendered":"Triples HEROS"},"content":{"rendered":"<p>Forts ensemble, avec les principes du commerce \u00e9quitable. Nos trois &#8220;h\u00e9ros&#8221; du d\u00e9veloppement durable r\u00e9unis dans un emballage sp\u00e9cial. Un m\u00e9lange de chocolat de Rettergut et un bar de chocolat Tony\u2019s Chocolonely ensemble dans un m\u00eame paquet avec &#8220;le chocolate de changement&#8221; dans un carton certifi\u00e9 FSC\u00ae avec des fen\u00eatres de visualisation. L&#8217;emballage peut \u00eatre personnalis\u00e9 tout autour. Une autre particularit\u00e9: l&#8217;emballage comprend une petite carte avec des informations sur les projets de durabilit\u00e9 individuels des fabricants de chocolat.<\/p>\n<ul>\n<li>Contenu:\n<ul>\n<li>100 g le chocolat du changement<\/li>\n<li>35 g Rettergut chocolat m\u00e9lang\u00e9<\/li>\n<li>47 g Tony\u2019s Chocolonely<\/li>\n<\/ul>\n<\/li>\n<li>Saveurs:\n<ul>\n<li>chocolat noir<\/li>\n<li>amandes et sel marin<\/li>\n<li>caramel et sel marin<\/li>\n<li>chocolat au lait (50g)<\/li>\n<\/ul>\n<\/li>\n<li>Dimensions: approx. 78 x 158 x 25 mm<\/li>\n<li>Conditionnement: 23 pcs.\/ 115 pcs. par carton<\/li>\n<li>D\u00e9lai de conservation: approx.6 mois en cas de stockage appropri\u00e9<\/li>\n<li>D\u00e9lai de livraison: approx. 3-4 semaines apr\u00e8s accord du BAT<\/li>\n<\/ul>\n","protected":false},"excerpt":{"rendered":"<p>Forts ensemble, avec les principes du commerce \u00e9quitable. Nos trois &#8220;h\u00e9ros&#8221; du d\u00e9veloppement durable r\u00e9unis dans un emballage sp\u00e9cial. Un m\u00e9lange de chocolat de Rettergut et un bar de chocolat Tony\u2019s Chocolonely ensemble dans un m\u00eame paquet avec &#8220;le chocolate de changement&#8221; dans un carton certifi\u00e9 FSC\u00ae avec des fen\u00eatres de visualisation. L&#8217;emballage peut \u00eatre<a href=\"https:\/\/areka.com\/en\/produit\/triples-heros\/\">Continue reading <span class=\"sr-only\">&#8220;Triples HEROS&#8221;<\/span><\/a><\/p>\n","protected":false},"featured_media":661,"comment_status":"open","ping_status":"closed","template":"","meta":{"_acf_changed":false,"inline_featured_image":false},"product_brand":[],"product_cat":[35,33],"product_tag":[],"class_list":{"0":"post-233","1":"product","2":"type-product","3":"status-publish","4":"has-post-thumbnail","6":"product_cat-produits-personnalisables","7":"product_cat-chocolats","9":"first","10":"instock","11":"shipping-taxable","12":"product-type-simple"},"acf":[],"yoast_head":"<!-- This site is optimized with the Yoast SEO plugin v24.9 - https:\/\/yoast.com\/wordpress\/plugins\/seo\/ -->\n<title>Triples HEROS : Areka<\/title>\n<meta name=\"robots\" content=\"index, follow, max-snippet:-1, max-image-preview:large, max-video-preview:-1\" \/>\n<link rel=\"canonical\" href=\"https:\/\/areka.com\/en\/produit\/triples-heros\/\" \/>\n<meta property=\"og:locale\" content=\"en_US\" \/>\n<meta property=\"og:type\" content=\"article\" \/>\n<meta property=\"og:title\" content=\"Triples HEROS : Areka\" \/>\n<meta property=\"og:description\" content=\"Forts ensemble, avec les principes du commerce \u00e9quitable. Nos trois &#8220;h\u00e9ros&#8221; du d\u00e9veloppement durable r\u00e9unis dans un emballage sp\u00e9cial. Un m\u00e9lange de chocolat de Rettergut et un bar de chocolat Tony\u2019s Chocolonely ensemble dans un m\u00eame paquet avec &#8220;le chocolate de changement&#8221; dans un carton certifi\u00e9 FSC\u00ae avec des fen\u00eatres de visualisation. L&#8217;emballage peut \u00eatreContinue reading &quot;Triples HEROS&quot;\" \/>\n<meta property=\"og:url\" content=\"https:\/\/areka.com\/en\/produit\/triples-heros\/\" \/>\n<meta property=\"og:site_name\" content=\"Areka\" \/>\n<meta property=\"article:modified_time\" content=\"2025-03-24T17:47:49+00:00\" \/>\n<meta property=\"og:image\" content=\"https:\/\/areka.com\/wp-content\/uploads\/2023\/05\/triple-1-1.png\" \/>\n\t<meta property=\"og:image:width\" content=\"412\" \/>\n\t<meta property=\"og:image:height\" content=\"412\" \/>\n\t<meta property=\"og:image:type\" content=\"image\/png\" \/>\n<meta name=\"twitter:card\" content=\"summary_large_image\" \/>\n<meta name=\"twitter:label1\" content=\"Est. reading time\" \/>\n\t<meta name=\"twitter:data1\" content=\"1 minute\" \/>\n<script type=\"application\/ld+json\" class=\"yoast-schema-graph\">{\"@context\":\"https:\/\/schema.org\",\"@graph\":[{\"@type\":\"WebPage\",\"@id\":\"https:\/\/areka.com\/en\/produit\/triples-heros\/\",\"url\":\"https:\/\/areka.com\/en\/produit\/triples-heros\/\",\"name\":\"Triples HEROS : Areka\",\"isPartOf\":{\"@id\":\"https:\/\/areka.com\/en\/#website\"},\"primaryImageOfPage\":{\"@id\":\"https:\/\/areka.com\/en\/produit\/triples-heros\/#primaryimage\"},\"image\":{\"@id\":\"https:\/\/areka.com\/en\/produit\/triples-heros\/#primaryimage\"},\"thumbnailUrl\":\"https:\/\/areka.com\/wp-content\/uploads\/2023\/05\/triple-1-1.png\",\"datePublished\":\"2023-04-23T11:34:11+00:00\",\"dateModified\":\"2025-03-24T17:47:49+00:00\",\"breadcrumb\":{\"@id\":\"https:\/\/areka.com\/en\/produit\/triples-heros\/#breadcrumb\"},\"inLanguage\":\"en-US\",\"potentialAction\":[{\"@type\":\"ReadAction\",\"target\":[\"https:\/\/areka.com\/en\/produit\/triples-heros\/\"]}]},{\"@type\":\"ImageObject\",\"inLanguage\":\"en-US\",\"@id\":\"https:\/\/areka.com\/en\/produit\/triples-heros\/#primaryimage\",\"url\":\"https:\/\/areka.com\/wp-content\/uploads\/2023\/05\/triple-1-1.png\",\"contentUrl\":\"https:\/\/areka.com\/wp-content\/uploads\/2023\/05\/triple-1-1.png\",\"width\":412,\"height\":412},{\"@type\":\"BreadcrumbList\",\"@id\":\"https:\/\/areka.com\/en\/produit\/triples-heros\/#breadcrumb\",\"itemListElement\":[{\"@type\":\"ListItem\",\"position\":1,\"name\":\"All of our products\",\"item\":\"https:\/\/areka.com\/en\/shop\/\"},{\"@type\":\"ListItem\",\"position\":2,\"name\":\"Personalized products\",\"item\":\"https:\/\/areka.com\/en\/product-category\/personalized-products\/\"},{\"@type\":\"ListItem\",\"position\":3,\"name\":\"Triples HEROS\"}]},{\"@type\":\"WebSite\",\"@id\":\"https:\/\/areka.com\/en\/#website\",\"url\":\"https:\/\/areka.com\/en\/\",\"name\":\"Areka\",\"description\":\"Sp\u00e9cialiste fran\u00e7ais de la confiserie personnalis\u00e9e\",\"potentialAction\":[{\"@type\":\"SearchAction\",\"target\":{\"@type\":\"EntryPoint\",\"urlTemplate\":\"https:\/\/areka.com\/en\/?s={search_term_string}\"},\"query-input\":{\"@type\":\"PropertyValueSpecification\",\"valueRequired\":true,\"valueName\":\"search_term_string\"}}],\"inLanguage\":\"en-US\"}]}<\/script>\n<!-- \/ Yoast SEO plugin. -->","yoast_head_json":{"title":"Triples HEROS : Areka","robots":{"index":"index","follow":"follow","max-snippet":"max-snippet:-1","max-image-preview":"max-image-preview:large","max-video-preview":"max-video-preview:-1"},"canonical":"https:\/\/areka.com\/en\/produit\/triples-heros\/","og_locale":"en_US","og_type":"article","og_title":"Triples HEROS : Areka","og_description":"Forts ensemble, avec les principes du commerce \u00e9quitable. Nos trois &#8220;h\u00e9ros&#8221; du d\u00e9veloppement durable r\u00e9unis dans un emballage sp\u00e9cial. Un m\u00e9lange de chocolat de Rettergut et un bar de chocolat Tony\u2019s Chocolonely ensemble dans un m\u00eame paquet avec &#8220;le chocolate de changement&#8221; dans un carton certifi\u00e9 FSC\u00ae avec des fen\u00eatres de visualisation. L&#8217;emballage peut \u00eatreContinue reading \"Triples HEROS\"","og_url":"https:\/\/areka.com\/en\/produit\/triples-heros\/","og_site_name":"Areka","article_modified_time":"2025-03-24T17:47:49+00:00","og_image":[{"width":412,"height":412,"url":"https:\/\/areka.com\/wp-content\/uploads\/2023\/05\/triple-1-1.png","type":"image\/png"}],"twitter_card":"summary_large_image","twitter_misc":{"Est. reading time":"1 minute"},"schema":{"@context":"https:\/\/schema.org","@graph":[{"@type":"WebPage","@id":"https:\/\/areka.com\/en\/produit\/triples-heros\/","url":"https:\/\/areka.com\/en\/produit\/triples-heros\/","name":"Triples HEROS : Areka","isPartOf":{"@id":"https:\/\/areka.com\/en\/#website"},"primaryImageOfPage":{"@id":"https:\/\/areka.com\/en\/produit\/triples-heros\/#primaryimage"},"image":{"@id":"https:\/\/areka.com\/en\/produit\/triples-heros\/#primaryimage"},"thumbnailUrl":"https:\/\/areka.com\/wp-content\/uploads\/2023\/05\/triple-1-1.png","datePublished":"2023-04-23T11:34:11+00:00","dateModified":"2025-03-24T17:47:49+00:00","breadcrumb":{"@id":"https:\/\/areka.com\/en\/produit\/triples-heros\/#breadcrumb"},"inLanguage":"en-US","potentialAction":[{"@type":"ReadAction","target":["https:\/\/areka.com\/en\/produit\/triples-heros\/"]}]},{"@type":"ImageObject","inLanguage":"en-US","@id":"https:\/\/areka.com\/en\/produit\/triples-heros\/#primaryimage","url":"https:\/\/areka.com\/wp-content\/uploads\/2023\/05\/triple-1-1.png","contentUrl":"https:\/\/areka.com\/wp-content\/uploads\/2023\/05\/triple-1-1.png","width":412,"height":412},{"@type":"BreadcrumbList","@id":"https:\/\/areka.com\/en\/produit\/triples-heros\/#breadcrumb","itemListElement":[{"@type":"ListItem","position":1,"name":"All of our products","item":"https:\/\/areka.com\/en\/shop\/"},{"@type":"ListItem","position":2,"name":"Personalized products","item":"https:\/\/areka.com\/en\/product-category\/personalized-products\/"},{"@type":"ListItem","position":3,"name":"Triples HEROS"}]},{"@type":"WebSite","@id":"https:\/\/areka.com\/en\/#website","url":"https:\/\/areka.com\/en\/","name":"Areka","description":"Sp\u00e9cialiste fran\u00e7ais de la confiserie personnalis\u00e9e","potentialAction":[{"@type":"SearchAction","target":{"@type":"EntryPoint","urlTemplate":"https:\/\/areka.com\/en\/?s={search_term_string}"},"query-input":{"@type":"PropertyValueSpecification","valueRequired":true,"valueName":"search_term_string"}}],"inLanguage":"en-US"}]}},"_links":{"self":[{"href":"https:\/\/areka.com\/en\/wp-json\/wp\/v2\/product\/233","targetHints":{"allow":["GET"]}}],"collection":[{"href":"https:\/\/areka.com\/en\/wp-json\/wp\/v2\/product"}],"about":[{"href":"https:\/\/areka.com\/en\/wp-json\/wp\/v2\/types\/product"}],"replies":[{"embeddable":true,"href":"https:\/\/areka.com\/en\/wp-json\/wp\/v2\/comments?post=233"}],"wp:featuredmedia":[{"embeddable":true,"href":"https:\/\/areka.com\/en\/wp-json\/wp\/v2\/media\/661"}],"wp:attachment":[{"href":"https:\/\/areka.com\/en\/wp-json\/wp\/v2\/media?parent=233"}],"wp:term":[{"taxonomy":"product_brand","embeddable":true,"href":"https:\/\/areka.com\/en\/wp-json\/wp\/v2\/product_brand?post=233"},{"taxonomy":"product_cat","embeddable":true,"href":"https:\/\/areka.com\/en\/wp-json\/wp\/v2\/product_cat?post=233"},{"taxonomy":"product_tag","embeddable":true,"href":"https:\/\/areka.com\/en\/wp-json\/wp\/v2\/product_tag?post=233"}],"curies":[{"name":"wp","href":"https:\/\/api.w.org\/{rel}","templated":true}]}}