{"id":242,"date":"2023-04-23T16:53:36","date_gmt":"2023-04-23T14:53:36","guid":{"rendered":"https:\/\/areka.com\/?post_type=product&#038;p=242"},"modified":"2025-03-24T18:42:58","modified_gmt":"2025-03-24T17:42:58","slug":"mini-pralines-lindt-dans-un-etui-pop-up-personnalisable","status":"publish","type":"product","link":"https:\/\/areka.com\/en\/produit\/mini-pralines-lindt-dans-un-etui-pop-up-personnalisable\/","title":{"rendered":"Mini Pralin\u00e9s Lindt dans un \u00e9tui Pop Up Personnalisable"},"content":{"rendered":"<p>9 d\u00e9licieux minis pralin\u00e9s Lindt dans un \u00e9tui Pop Up personnalisable avec d\u00e9coupe d\u00e9corative<br \/>\nen forme de ballon ou de bulle.<\/p>\n<ul>\n<li>Contenu: 9 Mini Pralin\u00e9s &#8211; 44 g<\/li>\n<li>Dimensions: approx. 101 x 101 x 27 mm<\/li>\n<li>Conditionnement: 5 x 34 pcs.\/ 170 pcs. par carton<\/li>\n<li>D\u00e9lai de conservation: approx. 6 mois en cas de stockage appropri\u00e9<\/li>\n<li>D\u00e9lai de livraison: approx. 3-4 semaines apr\u00e8s accord du BAT<\/li>\n<\/ul>\n","protected":false},"excerpt":{"rendered":"<p>9 d\u00e9licieux minis pralin\u00e9s Lindt dans un \u00e9tui Pop Up personnalisable avec d\u00e9coupe d\u00e9corative en forme de ballon ou de bulle. Contenu: 9 Mini Pralin\u00e9s &#8211; 44 g Dimensions: approx. 101 x 101 x 27 mm Conditionnement: 5 x 34 pcs.\/ 170 pcs. par carton D\u00e9lai de conservation: approx. 6 mois en cas de stockage<a href=\"https:\/\/areka.com\/en\/produit\/mini-pralines-lindt-dans-un-etui-pop-up-personnalisable\/\">Continue reading <span class=\"sr-only\">&#8220;Mini Pralin\u00e9s Lindt dans un \u00e9tui Pop Up Personnalisable&#8221;<\/span><\/a><\/p>\n","protected":false},"featured_media":471,"comment_status":"open","ping_status":"closed","template":"","meta":{"_acf_changed":false,"inline_featured_image":false},"product_brand":[],"product_cat":[35,33],"product_tag":[],"class_list":{"0":"post-242","1":"product","2":"type-product","3":"status-publish","4":"has-post-thumbnail","6":"product_cat-produits-personnalisables","7":"product_cat-chocolats","9":"first","10":"instock","11":"shipping-taxable","12":"product-type-simple"},"acf":[],"yoast_head":"<!-- This site is optimized with the Yoast SEO plugin v24.9 - https:\/\/yoast.com\/wordpress\/plugins\/seo\/ -->\n<title>Mini Pralin\u00e9s Lindt dans un \u00e9tui Pop Up Personnalisable : Areka<\/title>\n<meta name=\"robots\" content=\"index, follow, max-snippet:-1, max-image-preview:large, max-video-preview:-1\" \/>\n<link rel=\"canonical\" href=\"https:\/\/areka.com\/en\/produit\/mini-pralines-lindt-dans-un-etui-pop-up-personnalisable\/\" \/>\n<meta property=\"og:locale\" content=\"en_US\" \/>\n<meta property=\"og:type\" content=\"article\" \/>\n<meta property=\"og:title\" content=\"Mini Pralin\u00e9s Lindt dans un \u00e9tui Pop Up Personnalisable : Areka\" \/>\n<meta property=\"og:description\" content=\"9 d\u00e9licieux minis pralin\u00e9s Lindt dans un \u00e9tui Pop Up personnalisable avec d\u00e9coupe d\u00e9corative en forme de ballon ou de bulle. Contenu: 9 Mini Pralin\u00e9s &#8211; 44 g Dimensions: approx. 101 x 101 x 27 mm Conditionnement: 5 x 34 pcs.\/ 170 pcs. par carton D\u00e9lai de conservation: approx. 6 mois en cas de stockageContinue reading &quot;Mini Pralin\u00e9s Lindt dans un \u00e9tui Pop Up Personnalisable&quot;\" \/>\n<meta property=\"og:url\" content=\"https:\/\/areka.com\/en\/produit\/mini-pralines-lindt-dans-un-etui-pop-up-personnalisable\/\" \/>\n<meta property=\"og:site_name\" content=\"Areka\" \/>\n<meta property=\"article:modified_time\" content=\"2025-03-24T17:42:58+00:00\" \/>\n<meta property=\"og:image\" content=\"https:\/\/areka.com\/wp-content\/uploads\/2023\/04\/minis-pralines-lindt-popup.png\" \/>\n\t<meta property=\"og:image:width\" content=\"412\" \/>\n\t<meta property=\"og:image:height\" content=\"412\" \/>\n\t<meta property=\"og:image:type\" content=\"image\/png\" \/>\n<meta name=\"twitter:card\" content=\"summary_large_image\" \/>\n<meta name=\"twitter:label1\" content=\"Est. reading time\" \/>\n\t<meta name=\"twitter:data1\" content=\"1 minute\" \/>\n<script type=\"application\/ld+json\" class=\"yoast-schema-graph\">{\"@context\":\"https:\/\/schema.org\",\"@graph\":[{\"@type\":\"WebPage\",\"@id\":\"https:\/\/areka.com\/en\/produit\/mini-pralines-lindt-dans-un-etui-pop-up-personnalisable\/\",\"url\":\"https:\/\/areka.com\/en\/produit\/mini-pralines-lindt-dans-un-etui-pop-up-personnalisable\/\",\"name\":\"Mini Pralin\u00e9s Lindt dans un \u00e9tui Pop Up Personnalisable : Areka\",\"isPartOf\":{\"@id\":\"https:\/\/areka.com\/en\/#website\"},\"primaryImageOfPage\":{\"@id\":\"https:\/\/areka.com\/en\/produit\/mini-pralines-lindt-dans-un-etui-pop-up-personnalisable\/#primaryimage\"},\"image\":{\"@id\":\"https:\/\/areka.com\/en\/produit\/mini-pralines-lindt-dans-un-etui-pop-up-personnalisable\/#primaryimage\"},\"thumbnailUrl\":\"https:\/\/areka.com\/wp-content\/uploads\/2023\/04\/minis-pralines-lindt-popup.png\",\"datePublished\":\"2023-04-23T14:53:36+00:00\",\"dateModified\":\"2025-03-24T17:42:58+00:00\",\"breadcrumb\":{\"@id\":\"https:\/\/areka.com\/en\/produit\/mini-pralines-lindt-dans-un-etui-pop-up-personnalisable\/#breadcrumb\"},\"inLanguage\":\"en-US\",\"potentialAction\":[{\"@type\":\"ReadAction\",\"target\":[\"https:\/\/areka.com\/en\/produit\/mini-pralines-lindt-dans-un-etui-pop-up-personnalisable\/\"]}]},{\"@type\":\"ImageObject\",\"inLanguage\":\"en-US\",\"@id\":\"https:\/\/areka.com\/en\/produit\/mini-pralines-lindt-dans-un-etui-pop-up-personnalisable\/#primaryimage\",\"url\":\"https:\/\/areka.com\/wp-content\/uploads\/2023\/04\/minis-pralines-lindt-popup.png\",\"contentUrl\":\"https:\/\/areka.com\/wp-content\/uploads\/2023\/04\/minis-pralines-lindt-popup.png\",\"width\":412,\"height\":412},{\"@type\":\"BreadcrumbList\",\"@id\":\"https:\/\/areka.com\/en\/produit\/mini-pralines-lindt-dans-un-etui-pop-up-personnalisable\/#breadcrumb\",\"itemListElement\":[{\"@type\":\"ListItem\",\"position\":1,\"name\":\"All of our products\",\"item\":\"https:\/\/areka.com\/en\/shop\/\"},{\"@type\":\"ListItem\",\"position\":2,\"name\":\"Personalized products\",\"item\":\"https:\/\/areka.com\/en\/product-category\/personalized-products\/\"},{\"@type\":\"ListItem\",\"position\":3,\"name\":\"Mini Pralin\u00e9s Lindt dans un \u00e9tui Pop Up Personnalisable\"}]},{\"@type\":\"WebSite\",\"@id\":\"https:\/\/areka.com\/en\/#website\",\"url\":\"https:\/\/areka.com\/en\/\",\"name\":\"Areka\",\"description\":\"Sp\u00e9cialiste fran\u00e7ais de la confiserie personnalis\u00e9e\",\"potentialAction\":[{\"@type\":\"SearchAction\",\"target\":{\"@type\":\"EntryPoint\",\"urlTemplate\":\"https:\/\/areka.com\/en\/?s={search_term_string}\"},\"query-input\":{\"@type\":\"PropertyValueSpecification\",\"valueRequired\":true,\"valueName\":\"search_term_string\"}}],\"inLanguage\":\"en-US\"}]}<\/script>\n<!-- \/ Yoast SEO plugin. -->","yoast_head_json":{"title":"Mini Pralin\u00e9s Lindt dans un \u00e9tui Pop Up Personnalisable : Areka","robots":{"index":"index","follow":"follow","max-snippet":"max-snippet:-1","max-image-preview":"max-image-preview:large","max-video-preview":"max-video-preview:-1"},"canonical":"https:\/\/areka.com\/en\/produit\/mini-pralines-lindt-dans-un-etui-pop-up-personnalisable\/","og_locale":"en_US","og_type":"article","og_title":"Mini Pralin\u00e9s Lindt dans un \u00e9tui Pop Up Personnalisable : Areka","og_description":"9 d\u00e9licieux minis pralin\u00e9s Lindt dans un \u00e9tui Pop Up personnalisable avec d\u00e9coupe d\u00e9corative en forme de ballon ou de bulle. Contenu: 9 Mini Pralin\u00e9s &#8211; 44 g Dimensions: approx. 101 x 101 x 27 mm Conditionnement: 5 x 34 pcs.\/ 170 pcs. par carton D\u00e9lai de conservation: approx. 6 mois en cas de stockageContinue reading \"Mini Pralin\u00e9s Lindt dans un \u00e9tui Pop Up Personnalisable\"","og_url":"https:\/\/areka.com\/en\/produit\/mini-pralines-lindt-dans-un-etui-pop-up-personnalisable\/","og_site_name":"Areka","article_modified_time":"2025-03-24T17:42:58+00:00","og_image":[{"width":412,"height":412,"url":"https:\/\/areka.com\/wp-content\/uploads\/2023\/04\/minis-pralines-lindt-popup.png","type":"image\/png"}],"twitter_card":"summary_large_image","twitter_misc":{"Est. reading time":"1 minute"},"schema":{"@context":"https:\/\/schema.org","@graph":[{"@type":"WebPage","@id":"https:\/\/areka.com\/en\/produit\/mini-pralines-lindt-dans-un-etui-pop-up-personnalisable\/","url":"https:\/\/areka.com\/en\/produit\/mini-pralines-lindt-dans-un-etui-pop-up-personnalisable\/","name":"Mini Pralin\u00e9s Lindt dans un \u00e9tui Pop Up Personnalisable : Areka","isPartOf":{"@id":"https:\/\/areka.com\/en\/#website"},"primaryImageOfPage":{"@id":"https:\/\/areka.com\/en\/produit\/mini-pralines-lindt-dans-un-etui-pop-up-personnalisable\/#primaryimage"},"image":{"@id":"https:\/\/areka.com\/en\/produit\/mini-pralines-lindt-dans-un-etui-pop-up-personnalisable\/#primaryimage"},"thumbnailUrl":"https:\/\/areka.com\/wp-content\/uploads\/2023\/04\/minis-pralines-lindt-popup.png","datePublished":"2023-04-23T14:53:36+00:00","dateModified":"2025-03-24T17:42:58+00:00","breadcrumb":{"@id":"https:\/\/areka.com\/en\/produit\/mini-pralines-lindt-dans-un-etui-pop-up-personnalisable\/#breadcrumb"},"inLanguage":"en-US","potentialAction":[{"@type":"ReadAction","target":["https:\/\/areka.com\/en\/produit\/mini-pralines-lindt-dans-un-etui-pop-up-personnalisable\/"]}]},{"@type":"ImageObject","inLanguage":"en-US","@id":"https:\/\/areka.com\/en\/produit\/mini-pralines-lindt-dans-un-etui-pop-up-personnalisable\/#primaryimage","url":"https:\/\/areka.com\/wp-content\/uploads\/2023\/04\/minis-pralines-lindt-popup.png","contentUrl":"https:\/\/areka.com\/wp-content\/uploads\/2023\/04\/minis-pralines-lindt-popup.png","width":412,"height":412},{"@type":"BreadcrumbList","@id":"https:\/\/areka.com\/en\/produit\/mini-pralines-lindt-dans-un-etui-pop-up-personnalisable\/#breadcrumb","itemListElement":[{"@type":"ListItem","position":1,"name":"All of our products","item":"https:\/\/areka.com\/en\/shop\/"},{"@type":"ListItem","position":2,"name":"Personalized products","item":"https:\/\/areka.com\/en\/product-category\/personalized-products\/"},{"@type":"ListItem","position":3,"name":"Mini Pralin\u00e9s Lindt dans un \u00e9tui Pop Up Personnalisable"}]},{"@type":"WebSite","@id":"https:\/\/areka.com\/en\/#website","url":"https:\/\/areka.com\/en\/","name":"Areka","description":"Sp\u00e9cialiste fran\u00e7ais de la confiserie personnalis\u00e9e","potentialAction":[{"@type":"SearchAction","target":{"@type":"EntryPoint","urlTemplate":"https:\/\/areka.com\/en\/?s={search_term_string}"},"query-input":{"@type":"PropertyValueSpecification","valueRequired":true,"valueName":"search_term_string"}}],"inLanguage":"en-US"}]}},"_links":{"self":[{"href":"https:\/\/areka.com\/en\/wp-json\/wp\/v2\/product\/242","targetHints":{"allow":["GET"]}}],"collection":[{"href":"https:\/\/areka.com\/en\/wp-json\/wp\/v2\/product"}],"about":[{"href":"https:\/\/areka.com\/en\/wp-json\/wp\/v2\/types\/product"}],"replies":[{"embeddable":true,"href":"https:\/\/areka.com\/en\/wp-json\/wp\/v2\/comments?post=242"}],"wp:featuredmedia":[{"embeddable":true,"href":"https:\/\/areka.com\/en\/wp-json\/wp\/v2\/media\/471"}],"wp:attachment":[{"href":"https:\/\/areka.com\/en\/wp-json\/wp\/v2\/media?parent=242"}],"wp:term":[{"taxonomy":"product_brand","embeddable":true,"href":"https:\/\/areka.com\/en\/wp-json\/wp\/v2\/product_brand?post=242"},{"taxonomy":"product_cat","embeddable":true,"href":"https:\/\/areka.com\/en\/wp-json\/wp\/v2\/product_cat?post=242"},{"taxonomy":"product_tag","embeddable":true,"href":"https:\/\/areka.com\/en\/wp-json\/wp\/v2\/product_tag?post=242"}],"curies":[{"name":"wp","href":"https:\/\/api.w.org\/{rel}","templated":true}]}}