{"id":254,"date":"2023-04-23T17:35:43","date_gmt":"2023-04-23T15:35:43","guid":{"rendered":"https:\/\/areka.com\/?post_type=product&#038;p=254"},"modified":"2025-03-24T18:36:31","modified_gmt":"2025-03-24T17:36:31","slug":"amandes-enrobees-avec-differentes-saveurs-2","status":"publish","type":"product","link":"https:\/\/areka.com\/en\/produit\/amandes-enrobees-avec-differentes-saveurs-2\/","title":{"rendered":"Amandes Enrob\u00e9es avec Diff\u00e9rentes Saveurs"},"content":{"rendered":"<p><span class=\"HwtZe\" lang=\"fr\"><span class=\"jCAhz ChMk0b\"><span class=\"ryNqvb\">Amandes enrob\u00e9es avec diff\u00e9rentes saveurs, emball\u00e9es en sachet personnalisable<\/span><\/span><\/span><\/p>\n<ul>\n<li>Contenu:\n<ul>\n<li>12 g (amandes)<\/li>\n<li>10 g (amandes grill\u00e9es)<\/li>\n<\/ul>\n<\/li>\n<li>Saveurs:\n<ul>\n<li>noix de coco<\/li>\n<li>cannelle<\/li>\n<li>cr\u00e8me-cacao<\/li>\n<li>amandes grill\u00e9es<\/li>\n<li>m\u00e9lange d&#8217;amandes<\/li>\n<\/ul>\n<\/li>\n<li>Dimensions: approx. 70 x 90 mm<\/li>\n<li>Conditionnement: 250 pcs.\/ 1 000 pcs. par carton<\/li>\n<li>D\u00e9lai de conservation: approx. 6 mois en cas de stockage appropri\u00e9<\/li>\n<li>D\u00e9lai de livraison: approx. 3 semaines apr\u00e8s accord du BAT<\/li>\n<\/ul>\n","protected":false},"excerpt":{"rendered":"<p>Amandes enrob\u00e9es avec diff\u00e9rentes saveurs, emball\u00e9es en sachet personnalisable Contenu: 12 g (amandes) 10 g (amandes grill\u00e9es) Saveurs: noix de coco cannelle cr\u00e8me-cacao amandes grill\u00e9es m\u00e9lange d&#8217;amandes Dimensions: approx. 70 x 90 mm Conditionnement: 250 pcs.\/ 1 000 pcs. par carton D\u00e9lai de conservation: approx. 6 mois en cas de stockage appropri\u00e9 D\u00e9lai de livraison:<a href=\"https:\/\/areka.com\/en\/produit\/amandes-enrobees-avec-differentes-saveurs-2\/\">Continue reading <span class=\"sr-only\">&#8220;Amandes Enrob\u00e9es avec Diff\u00e9rentes Saveurs&#8221;<\/span><\/a><\/p>\n","protected":false},"featured_media":498,"comment_status":"open","ping_status":"closed","template":"","meta":{"_acf_changed":false,"inline_featured_image":false},"product_brand":[],"product_cat":[35,33],"product_tag":[],"class_list":{"0":"post-254","1":"product","2":"type-product","3":"status-publish","4":"has-post-thumbnail","6":"product_cat-produits-personnalisables","7":"product_cat-chocolats","9":"first","10":"instock","11":"shipping-taxable","12":"product-type-simple"},"acf":[],"yoast_head":"<!-- This site is optimized with the Yoast SEO plugin v24.9 - https:\/\/yoast.com\/wordpress\/plugins\/seo\/ -->\n<title>Amandes Enrob\u00e9es avec Diff\u00e9rentes Saveurs : Areka<\/title>\n<meta name=\"robots\" content=\"index, follow, max-snippet:-1, max-image-preview:large, max-video-preview:-1\" \/>\n<link rel=\"canonical\" href=\"https:\/\/areka.com\/en\/produit\/amandes-enrobees-avec-differentes-saveurs-2\/\" \/>\n<meta property=\"og:locale\" content=\"en_US\" \/>\n<meta property=\"og:type\" content=\"article\" \/>\n<meta property=\"og:title\" content=\"Amandes Enrob\u00e9es avec Diff\u00e9rentes Saveurs : Areka\" \/>\n<meta property=\"og:description\" content=\"Amandes enrob\u00e9es avec diff\u00e9rentes saveurs, emball\u00e9es en sachet personnalisable Contenu: 12 g (amandes) 10 g (amandes grill\u00e9es) Saveurs: noix de coco cannelle cr\u00e8me-cacao amandes grill\u00e9es m\u00e9lange d&#8217;amandes Dimensions: approx. 70 x 90 mm Conditionnement: 250 pcs.\/ 1 000 pcs. par carton D\u00e9lai de conservation: approx. 6 mois en cas de stockage appropri\u00e9 D\u00e9lai de livraison:Continue reading &quot;Amandes Enrob\u00e9es avec Diff\u00e9rentes Saveurs&quot;\" \/>\n<meta property=\"og:url\" content=\"https:\/\/areka.com\/en\/produit\/amandes-enrobees-avec-differentes-saveurs-2\/\" \/>\n<meta property=\"og:site_name\" content=\"Areka\" \/>\n<meta property=\"article:modified_time\" content=\"2025-03-24T17:36:31+00:00\" \/>\n<meta property=\"og:image\" content=\"https:\/\/areka.com\/wp-content\/uploads\/2023\/04\/amandes-enrobees-sachet.png\" \/>\n\t<meta property=\"og:image:width\" content=\"412\" \/>\n\t<meta property=\"og:image:height\" content=\"412\" \/>\n\t<meta property=\"og:image:type\" content=\"image\/png\" \/>\n<meta name=\"twitter:card\" content=\"summary_large_image\" \/>\n<meta name=\"twitter:label1\" content=\"Est. reading time\" \/>\n\t<meta name=\"twitter:data1\" content=\"1 minute\" \/>\n<script type=\"application\/ld+json\" class=\"yoast-schema-graph\">{\"@context\":\"https:\/\/schema.org\",\"@graph\":[{\"@type\":\"WebPage\",\"@id\":\"https:\/\/areka.com\/en\/produit\/amandes-enrobees-avec-differentes-saveurs-2\/\",\"url\":\"https:\/\/areka.com\/en\/produit\/amandes-enrobees-avec-differentes-saveurs-2\/\",\"name\":\"Amandes Enrob\u00e9es avec Diff\u00e9rentes Saveurs : Areka\",\"isPartOf\":{\"@id\":\"https:\/\/areka.com\/en\/#website\"},\"primaryImageOfPage\":{\"@id\":\"https:\/\/areka.com\/en\/produit\/amandes-enrobees-avec-differentes-saveurs-2\/#primaryimage\"},\"image\":{\"@id\":\"https:\/\/areka.com\/en\/produit\/amandes-enrobees-avec-differentes-saveurs-2\/#primaryimage\"},\"thumbnailUrl\":\"https:\/\/areka.com\/wp-content\/uploads\/2023\/04\/amandes-enrobees-sachet.png\",\"datePublished\":\"2023-04-23T15:35:43+00:00\",\"dateModified\":\"2025-03-24T17:36:31+00:00\",\"breadcrumb\":{\"@id\":\"https:\/\/areka.com\/en\/produit\/amandes-enrobees-avec-differentes-saveurs-2\/#breadcrumb\"},\"inLanguage\":\"en-US\",\"potentialAction\":[{\"@type\":\"ReadAction\",\"target\":[\"https:\/\/areka.com\/en\/produit\/amandes-enrobees-avec-differentes-saveurs-2\/\"]}]},{\"@type\":\"ImageObject\",\"inLanguage\":\"en-US\",\"@id\":\"https:\/\/areka.com\/en\/produit\/amandes-enrobees-avec-differentes-saveurs-2\/#primaryimage\",\"url\":\"https:\/\/areka.com\/wp-content\/uploads\/2023\/04\/amandes-enrobees-sachet.png\",\"contentUrl\":\"https:\/\/areka.com\/wp-content\/uploads\/2023\/04\/amandes-enrobees-sachet.png\",\"width\":412,\"height\":412},{\"@type\":\"BreadcrumbList\",\"@id\":\"https:\/\/areka.com\/en\/produit\/amandes-enrobees-avec-differentes-saveurs-2\/#breadcrumb\",\"itemListElement\":[{\"@type\":\"ListItem\",\"position\":1,\"name\":\"All of our products\",\"item\":\"https:\/\/areka.com\/en\/shop\/\"},{\"@type\":\"ListItem\",\"position\":2,\"name\":\"Personalized products\",\"item\":\"https:\/\/areka.com\/en\/product-category\/personalized-products\/\"},{\"@type\":\"ListItem\",\"position\":3,\"name\":\"Amandes Enrob\u00e9es avec Diff\u00e9rentes Saveurs\"}]},{\"@type\":\"WebSite\",\"@id\":\"https:\/\/areka.com\/en\/#website\",\"url\":\"https:\/\/areka.com\/en\/\",\"name\":\"Areka\",\"description\":\"Sp\u00e9cialiste fran\u00e7ais de la confiserie personnalis\u00e9e\",\"potentialAction\":[{\"@type\":\"SearchAction\",\"target\":{\"@type\":\"EntryPoint\",\"urlTemplate\":\"https:\/\/areka.com\/en\/?s={search_term_string}\"},\"query-input\":{\"@type\":\"PropertyValueSpecification\",\"valueRequired\":true,\"valueName\":\"search_term_string\"}}],\"inLanguage\":\"en-US\"}]}<\/script>\n<!-- \/ Yoast SEO plugin. -->","yoast_head_json":{"title":"Amandes Enrob\u00e9es avec Diff\u00e9rentes Saveurs : Areka","robots":{"index":"index","follow":"follow","max-snippet":"max-snippet:-1","max-image-preview":"max-image-preview:large","max-video-preview":"max-video-preview:-1"},"canonical":"https:\/\/areka.com\/en\/produit\/amandes-enrobees-avec-differentes-saveurs-2\/","og_locale":"en_US","og_type":"article","og_title":"Amandes Enrob\u00e9es avec Diff\u00e9rentes Saveurs : Areka","og_description":"Amandes enrob\u00e9es avec diff\u00e9rentes saveurs, emball\u00e9es en sachet personnalisable Contenu: 12 g (amandes) 10 g (amandes grill\u00e9es) Saveurs: noix de coco cannelle cr\u00e8me-cacao amandes grill\u00e9es m\u00e9lange d&#8217;amandes Dimensions: approx. 70 x 90 mm Conditionnement: 250 pcs.\/ 1 000 pcs. par carton D\u00e9lai de conservation: approx. 6 mois en cas de stockage appropri\u00e9 D\u00e9lai de livraison:Continue reading \"Amandes Enrob\u00e9es avec Diff\u00e9rentes Saveurs\"","og_url":"https:\/\/areka.com\/en\/produit\/amandes-enrobees-avec-differentes-saveurs-2\/","og_site_name":"Areka","article_modified_time":"2025-03-24T17:36:31+00:00","og_image":[{"width":412,"height":412,"url":"https:\/\/areka.com\/wp-content\/uploads\/2023\/04\/amandes-enrobees-sachet.png","type":"image\/png"}],"twitter_card":"summary_large_image","twitter_misc":{"Est. reading time":"1 minute"},"schema":{"@context":"https:\/\/schema.org","@graph":[{"@type":"WebPage","@id":"https:\/\/areka.com\/en\/produit\/amandes-enrobees-avec-differentes-saveurs-2\/","url":"https:\/\/areka.com\/en\/produit\/amandes-enrobees-avec-differentes-saveurs-2\/","name":"Amandes Enrob\u00e9es avec Diff\u00e9rentes Saveurs : Areka","isPartOf":{"@id":"https:\/\/areka.com\/en\/#website"},"primaryImageOfPage":{"@id":"https:\/\/areka.com\/en\/produit\/amandes-enrobees-avec-differentes-saveurs-2\/#primaryimage"},"image":{"@id":"https:\/\/areka.com\/en\/produit\/amandes-enrobees-avec-differentes-saveurs-2\/#primaryimage"},"thumbnailUrl":"https:\/\/areka.com\/wp-content\/uploads\/2023\/04\/amandes-enrobees-sachet.png","datePublished":"2023-04-23T15:35:43+00:00","dateModified":"2025-03-24T17:36:31+00:00","breadcrumb":{"@id":"https:\/\/areka.com\/en\/produit\/amandes-enrobees-avec-differentes-saveurs-2\/#breadcrumb"},"inLanguage":"en-US","potentialAction":[{"@type":"ReadAction","target":["https:\/\/areka.com\/en\/produit\/amandes-enrobees-avec-differentes-saveurs-2\/"]}]},{"@type":"ImageObject","inLanguage":"en-US","@id":"https:\/\/areka.com\/en\/produit\/amandes-enrobees-avec-differentes-saveurs-2\/#primaryimage","url":"https:\/\/areka.com\/wp-content\/uploads\/2023\/04\/amandes-enrobees-sachet.png","contentUrl":"https:\/\/areka.com\/wp-content\/uploads\/2023\/04\/amandes-enrobees-sachet.png","width":412,"height":412},{"@type":"BreadcrumbList","@id":"https:\/\/areka.com\/en\/produit\/amandes-enrobees-avec-differentes-saveurs-2\/#breadcrumb","itemListElement":[{"@type":"ListItem","position":1,"name":"All of our products","item":"https:\/\/areka.com\/en\/shop\/"},{"@type":"ListItem","position":2,"name":"Personalized products","item":"https:\/\/areka.com\/en\/product-category\/personalized-products\/"},{"@type":"ListItem","position":3,"name":"Amandes Enrob\u00e9es avec Diff\u00e9rentes Saveurs"}]},{"@type":"WebSite","@id":"https:\/\/areka.com\/en\/#website","url":"https:\/\/areka.com\/en\/","name":"Areka","description":"Sp\u00e9cialiste fran\u00e7ais de la confiserie personnalis\u00e9e","potentialAction":[{"@type":"SearchAction","target":{"@type":"EntryPoint","urlTemplate":"https:\/\/areka.com\/en\/?s={search_term_string}"},"query-input":{"@type":"PropertyValueSpecification","valueRequired":true,"valueName":"search_term_string"}}],"inLanguage":"en-US"}]}},"_links":{"self":[{"href":"https:\/\/areka.com\/en\/wp-json\/wp\/v2\/product\/254","targetHints":{"allow":["GET"]}}],"collection":[{"href":"https:\/\/areka.com\/en\/wp-json\/wp\/v2\/product"}],"about":[{"href":"https:\/\/areka.com\/en\/wp-json\/wp\/v2\/types\/product"}],"replies":[{"embeddable":true,"href":"https:\/\/areka.com\/en\/wp-json\/wp\/v2\/comments?post=254"}],"wp:featuredmedia":[{"embeddable":true,"href":"https:\/\/areka.com\/en\/wp-json\/wp\/v2\/media\/498"}],"wp:attachment":[{"href":"https:\/\/areka.com\/en\/wp-json\/wp\/v2\/media?parent=254"}],"wp:term":[{"taxonomy":"product_brand","embeddable":true,"href":"https:\/\/areka.com\/en\/wp-json\/wp\/v2\/product_brand?post=254"},{"taxonomy":"product_cat","embeddable":true,"href":"https:\/\/areka.com\/en\/wp-json\/wp\/v2\/product_cat?post=254"},{"taxonomy":"product_tag","embeddable":true,"href":"https:\/\/areka.com\/en\/wp-json\/wp\/v2\/product_tag?post=254"}],"curies":[{"name":"wp","href":"https:\/\/api.w.org\/{rel}","templated":true}]}}