{"id":2554,"date":"2026-04-15T10:42:19","date_gmt":"2026-04-15T08:42:19","guid":{"rendered":"https:\/\/areka.com\/?post_type=product&#038;p=2554"},"modified":"2026-04-15T10:50:58","modified_gmt":"2026-04-15T08:50:58","slug":"caramels-aux-fruits-dans-un-petit-sachet-personnalisable-20-g","status":"publish","type":"product","link":"https:\/\/areka.com\/en\/produit\/caramels-aux-fruits-dans-un-petit-sachet-personnalisable-20-g\/","title":{"rendered":"Caramels aux fruits dans un petit sachet personnalisable 20 g"},"content":{"rendered":"<p><strong>Le plaisir moelleux \u00e0 chaque bouch\u00e9e.<\/strong><br \/>\nNos bonbons moelleux au go\u00fbt intense et \u00e0 la texture fondante sont conditionn\u00e9s dans un sachet personnalis\u00e9 \u2014 le cadeau id\u00e9al avec une touche personnelle.<\/p>\n<ul>\n<li>Contenu: 20 g<\/li>\n<li>Dimensions: approx. 90 x 110 mm<\/li>\n<li>Conditionnement: 150 pcs. par carton \/ 600 pcs. dans le carton d&#8217;exp\u00e9dition<\/li>\n<li>D\u00e9lai de conservation: approx. 12 mois en cas de stockage appropri\u00e9<\/li>\n<li>D\u00e9lai de livraison: approx. 3 semaines apr\u00e8s accord du BAT<\/li>\n<\/ul>\n<p>&nbsp;<\/p>\n<div id=\"sconnect-is-installed\" style=\"display: none;\">2.11.0.0<\/div>\n<div id=\"sconnect-is-installed\" style=\"display: none;\">2.11.0.0<\/div>\n","protected":false},"excerpt":{"rendered":"<p>&nbsp;<\/p>\n<div id=\"sconnect-is-installed\" style=\"display: none;\">2.11.0.0<\/div>\n<div id=\"sconnect-is-installed\" style=\"display: none;\">2.11.0.0<\/div>\n","protected":false},"featured_media":2557,"comment_status":"open","ping_status":"closed","template":"","meta":{"_acf_changed":false,"inline_featured_image":false},"product_brand":[],"product_cat":[63,35,28],"product_tag":[],"class_list":{"0":"post-2554","1":"product","2":"type-product","3":"status-publish","4":"has-post-thumbnail","6":"product_cat-nouveautes","7":"product_cat-produits-personnalisables","8":"product_cat-bonbons-et-sucettes","10":"first","11":"instock","12":"shipping-taxable","13":"product-type-simple"},"acf":[],"yoast_head":"<!-- This site is optimized with the Yoast SEO plugin v24.9 - https:\/\/yoast.com\/wordpress\/plugins\/seo\/ -->\n<title>Caramels aux fruits dans un petit sachet personnalisable 20 g : Areka<\/title>\n<meta name=\"robots\" content=\"index, follow, max-snippet:-1, max-image-preview:large, max-video-preview:-1\" \/>\n<link rel=\"canonical\" href=\"https:\/\/areka.com\/en\/produit\/caramels-aux-fruits-dans-un-petit-sachet-personnalisable-20-g\/\" \/>\n<meta property=\"og:locale\" content=\"en_US\" \/>\n<meta property=\"og:type\" content=\"article\" \/>\n<meta property=\"og:title\" content=\"Caramels aux fruits dans un petit sachet personnalisable 20 g : Areka\" \/>\n<meta property=\"og:description\" content=\"&nbsp; 2.11.0.0 2.11.0.0\" \/>\n<meta property=\"og:url\" content=\"https:\/\/areka.com\/en\/produit\/caramels-aux-fruits-dans-un-petit-sachet-personnalisable-20-g\/\" \/>\n<meta property=\"og:site_name\" content=\"Areka\" \/>\n<meta property=\"article:modified_time\" content=\"2026-04-15T08:50:58+00:00\" \/>\n<meta property=\"og:image\" content=\"https:\/\/areka.com\/wp-content\/uploads\/2026\/04\/P113-caramels-aux-fruits-20g-1.png\" \/>\n\t<meta property=\"og:image:width\" content=\"1000\" \/>\n\t<meta property=\"og:image:height\" content=\"1000\" \/>\n\t<meta property=\"og:image:type\" content=\"image\/png\" \/>\n<meta name=\"twitter:card\" content=\"summary_large_image\" \/>\n<meta name=\"twitter:label1\" content=\"Est. reading time\" \/>\n\t<meta name=\"twitter:data1\" content=\"1 minute\" \/>\n<script type=\"application\/ld+json\" class=\"yoast-schema-graph\">{\"@context\":\"https:\/\/schema.org\",\"@graph\":[{\"@type\":\"WebPage\",\"@id\":\"https:\/\/areka.com\/en\/produit\/caramels-aux-fruits-dans-un-petit-sachet-personnalisable-20-g\/\",\"url\":\"https:\/\/areka.com\/en\/produit\/caramels-aux-fruits-dans-un-petit-sachet-personnalisable-20-g\/\",\"name\":\"Caramels aux fruits dans un petit sachet personnalisable 20 g : Areka\",\"isPartOf\":{\"@id\":\"https:\/\/areka.com\/en\/#website\"},\"primaryImageOfPage\":{\"@id\":\"https:\/\/areka.com\/en\/produit\/caramels-aux-fruits-dans-un-petit-sachet-personnalisable-20-g\/#primaryimage\"},\"image\":{\"@id\":\"https:\/\/areka.com\/en\/produit\/caramels-aux-fruits-dans-un-petit-sachet-personnalisable-20-g\/#primaryimage\"},\"thumbnailUrl\":\"https:\/\/areka.com\/wp-content\/uploads\/2026\/04\/P113-caramels-aux-fruits-20g-1.png\",\"datePublished\":\"2026-04-15T08:42:19+00:00\",\"dateModified\":\"2026-04-15T08:50:58+00:00\",\"breadcrumb\":{\"@id\":\"https:\/\/areka.com\/en\/produit\/caramels-aux-fruits-dans-un-petit-sachet-personnalisable-20-g\/#breadcrumb\"},\"inLanguage\":\"en-US\",\"potentialAction\":[{\"@type\":\"ReadAction\",\"target\":[\"https:\/\/areka.com\/en\/produit\/caramels-aux-fruits-dans-un-petit-sachet-personnalisable-20-g\/\"]}]},{\"@type\":\"ImageObject\",\"inLanguage\":\"en-US\",\"@id\":\"https:\/\/areka.com\/en\/produit\/caramels-aux-fruits-dans-un-petit-sachet-personnalisable-20-g\/#primaryimage\",\"url\":\"https:\/\/areka.com\/wp-content\/uploads\/2026\/04\/P113-caramels-aux-fruits-20g-1.png\",\"contentUrl\":\"https:\/\/areka.com\/wp-content\/uploads\/2026\/04\/P113-caramels-aux-fruits-20g-1.png\",\"width\":1000,\"height\":1000},{\"@type\":\"BreadcrumbList\",\"@id\":\"https:\/\/areka.com\/en\/produit\/caramels-aux-fruits-dans-un-petit-sachet-personnalisable-20-g\/#breadcrumb\",\"itemListElement\":[{\"@type\":\"ListItem\",\"position\":1,\"name\":\"All of our products\",\"item\":\"https:\/\/areka.com\/en\/shop\/\"},{\"@type\":\"ListItem\",\"position\":2,\"name\":\"Personalized products\",\"item\":\"https:\/\/areka.com\/en\/product-category\/personalized-products\/\"},{\"@type\":\"ListItem\",\"position\":3,\"name\":\"Candies and lollipops\",\"item\":\"https:\/\/areka.com\/en\/product-category\/personalized-products\/candies-and-lollipops\/\"},{\"@type\":\"ListItem\",\"position\":4,\"name\":\"Caramels aux fruits dans un petit sachet personnalisable 20 g\"}]},{\"@type\":\"WebSite\",\"@id\":\"https:\/\/areka.com\/en\/#website\",\"url\":\"https:\/\/areka.com\/en\/\",\"name\":\"Areka\",\"description\":\"Sp\u00e9cialiste fran\u00e7ais de la confiserie personnalis\u00e9e\",\"potentialAction\":[{\"@type\":\"SearchAction\",\"target\":{\"@type\":\"EntryPoint\",\"urlTemplate\":\"https:\/\/areka.com\/en\/?s={search_term_string}\"},\"query-input\":{\"@type\":\"PropertyValueSpecification\",\"valueRequired\":true,\"valueName\":\"search_term_string\"}}],\"inLanguage\":\"en-US\"}]}<\/script>\n<!-- \/ Yoast SEO plugin. -->","yoast_head_json":{"title":"Caramels aux fruits dans un petit sachet personnalisable 20 g : Areka","robots":{"index":"index","follow":"follow","max-snippet":"max-snippet:-1","max-image-preview":"max-image-preview:large","max-video-preview":"max-video-preview:-1"},"canonical":"https:\/\/areka.com\/en\/produit\/caramels-aux-fruits-dans-un-petit-sachet-personnalisable-20-g\/","og_locale":"en_US","og_type":"article","og_title":"Caramels aux fruits dans un petit sachet personnalisable 20 g : Areka","og_description":"&nbsp; 2.11.0.0 2.11.0.0","og_url":"https:\/\/areka.com\/en\/produit\/caramels-aux-fruits-dans-un-petit-sachet-personnalisable-20-g\/","og_site_name":"Areka","article_modified_time":"2026-04-15T08:50:58+00:00","og_image":[{"width":1000,"height":1000,"url":"https:\/\/areka.com\/wp-content\/uploads\/2026\/04\/P113-caramels-aux-fruits-20g-1.png","type":"image\/png"}],"twitter_card":"summary_large_image","twitter_misc":{"Est. reading time":"1 minute"},"schema":{"@context":"https:\/\/schema.org","@graph":[{"@type":"WebPage","@id":"https:\/\/areka.com\/en\/produit\/caramels-aux-fruits-dans-un-petit-sachet-personnalisable-20-g\/","url":"https:\/\/areka.com\/en\/produit\/caramels-aux-fruits-dans-un-petit-sachet-personnalisable-20-g\/","name":"Caramels aux fruits dans un petit sachet personnalisable 20 g : Areka","isPartOf":{"@id":"https:\/\/areka.com\/en\/#website"},"primaryImageOfPage":{"@id":"https:\/\/areka.com\/en\/produit\/caramels-aux-fruits-dans-un-petit-sachet-personnalisable-20-g\/#primaryimage"},"image":{"@id":"https:\/\/areka.com\/en\/produit\/caramels-aux-fruits-dans-un-petit-sachet-personnalisable-20-g\/#primaryimage"},"thumbnailUrl":"https:\/\/areka.com\/wp-content\/uploads\/2026\/04\/P113-caramels-aux-fruits-20g-1.png","datePublished":"2026-04-15T08:42:19+00:00","dateModified":"2026-04-15T08:50:58+00:00","breadcrumb":{"@id":"https:\/\/areka.com\/en\/produit\/caramels-aux-fruits-dans-un-petit-sachet-personnalisable-20-g\/#breadcrumb"},"inLanguage":"en-US","potentialAction":[{"@type":"ReadAction","target":["https:\/\/areka.com\/en\/produit\/caramels-aux-fruits-dans-un-petit-sachet-personnalisable-20-g\/"]}]},{"@type":"ImageObject","inLanguage":"en-US","@id":"https:\/\/areka.com\/en\/produit\/caramels-aux-fruits-dans-un-petit-sachet-personnalisable-20-g\/#primaryimage","url":"https:\/\/areka.com\/wp-content\/uploads\/2026\/04\/P113-caramels-aux-fruits-20g-1.png","contentUrl":"https:\/\/areka.com\/wp-content\/uploads\/2026\/04\/P113-caramels-aux-fruits-20g-1.png","width":1000,"height":1000},{"@type":"BreadcrumbList","@id":"https:\/\/areka.com\/en\/produit\/caramels-aux-fruits-dans-un-petit-sachet-personnalisable-20-g\/#breadcrumb","itemListElement":[{"@type":"ListItem","position":1,"name":"All of our products","item":"https:\/\/areka.com\/en\/shop\/"},{"@type":"ListItem","position":2,"name":"Personalized products","item":"https:\/\/areka.com\/en\/product-category\/personalized-products\/"},{"@type":"ListItem","position":3,"name":"Candies and lollipops","item":"https:\/\/areka.com\/en\/product-category\/personalized-products\/candies-and-lollipops\/"},{"@type":"ListItem","position":4,"name":"Caramels aux fruits dans un petit sachet personnalisable 20 g"}]},{"@type":"WebSite","@id":"https:\/\/areka.com\/en\/#website","url":"https:\/\/areka.com\/en\/","name":"Areka","description":"Sp\u00e9cialiste fran\u00e7ais de la confiserie personnalis\u00e9e","potentialAction":[{"@type":"SearchAction","target":{"@type":"EntryPoint","urlTemplate":"https:\/\/areka.com\/en\/?s={search_term_string}"},"query-input":{"@type":"PropertyValueSpecification","valueRequired":true,"valueName":"search_term_string"}}],"inLanguage":"en-US"}]}},"_links":{"self":[{"href":"https:\/\/areka.com\/en\/wp-json\/wp\/v2\/product\/2554","targetHints":{"allow":["GET"]}}],"collection":[{"href":"https:\/\/areka.com\/en\/wp-json\/wp\/v2\/product"}],"about":[{"href":"https:\/\/areka.com\/en\/wp-json\/wp\/v2\/types\/product"}],"replies":[{"embeddable":true,"href":"https:\/\/areka.com\/en\/wp-json\/wp\/v2\/comments?post=2554"}],"wp:featuredmedia":[{"embeddable":true,"href":"https:\/\/areka.com\/en\/wp-json\/wp\/v2\/media\/2557"}],"wp:attachment":[{"href":"https:\/\/areka.com\/en\/wp-json\/wp\/v2\/media?parent=2554"}],"wp:term":[{"taxonomy":"product_brand","embeddable":true,"href":"https:\/\/areka.com\/en\/wp-json\/wp\/v2\/product_brand?post=2554"},{"taxonomy":"product_cat","embeddable":true,"href":"https:\/\/areka.com\/en\/wp-json\/wp\/v2\/product_cat?post=2554"},{"taxonomy":"product_tag","embeddable":true,"href":"https:\/\/areka.com\/en\/wp-json\/wp\/v2\/product_tag?post=2554"}],"curies":[{"name":"wp","href":"https:\/\/api.w.org\/{rel}","templated":true}]}}