{"id":256,"date":"2023-04-23T17:43:31","date_gmt":"2023-04-23T15:43:31","guid":{"rendered":"https:\/\/areka.com\/?post_type=product&#038;p=256"},"modified":"2026-04-15T13:39:43","modified_gmt":"2026-04-15T11:39:43","slug":"bonbons-nimm2-double-pack","status":"publish","type":"product","link":"https:\/\/areka.com\/en\/produit\/bonbons-nimm2-double-pack\/","title":{"rendered":"Bonbons Nimm2 Double Pack"},"content":{"rendered":"<p><strong>Double fruit, double impact.<\/strong><br \/>\nDeux bonbons nimm2 (saveurs assorties) offrent un plaisir fruit\u00e9 et sont pr\u00e9sent\u00e9s dans un sachet personnalis\u00e9. Ce petit cadeau pratique allie saveur sucr\u00e9e et surface de marquage attrayante. Id\u00e9al pour les salons, \u00e9v\u00e9nements ou comme petite gourmandise entre deux moments \u2014 compact, color\u00e9 et toujours agr\u00e9able.<\/p>\n<ul>\n<li>Contenu: 12 g ( 2 bonbons NIMM2)<\/li>\n<li>Dimensions: approx. 90 x 110 mm<\/li>\n<li>Conditionnement: 200 pcs. par carton \/ 800 pcs. dans le carton d&#8217;exp\u00e9dition<\/li>\n<li>D\u00e9lai de conservation: approx. 9 mois en cas de stockage appropri\u00e9<\/li>\n<li>D\u00e9lai de livraison: approx. 3 semaines apr\u00e8s accord du BAT<\/li>\n<\/ul>\n","protected":false},"excerpt":{"rendered":"<p>Double fruit, double impact. Deux bonbons nimm2 (saveurs assorties) offrent un plaisir fruit\u00e9 et sont pr\u00e9sent\u00e9s dans un sachet personnalis\u00e9. Ce petit cadeau pratique allie saveur sucr\u00e9e et surface de marquage attrayante. Id\u00e9al pour les salons, \u00e9v\u00e9nements ou comme petite gourmandise entre deux moments \u2014 compact, color\u00e9 et toujours agr\u00e9able. Contenu: 12 g ( 2<a href=\"https:\/\/areka.com\/en\/produit\/bonbons-nimm2-double-pack\/\">Continue reading <span class=\"sr-only\">&#8220;Bonbons Nimm2 Double Pack&#8221;<\/span><\/a><\/p>\n","protected":false},"featured_media":500,"comment_status":"open","ping_status":"closed","template":"","meta":{"_acf_changed":false,"inline_featured_image":false},"product_brand":[],"product_cat":[35,28],"product_tag":[],"class_list":{"0":"post-256","1":"product","2":"type-product","3":"status-publish","4":"has-post-thumbnail","6":"product_cat-produits-personnalisables","7":"product_cat-bonbons-et-sucettes","9":"first","10":"instock","11":"shipping-taxable","12":"product-type-simple"},"acf":[],"yoast_head":"<!-- This site is optimized with the Yoast SEO plugin v24.9 - https:\/\/yoast.com\/wordpress\/plugins\/seo\/ -->\n<title>Bonbons Nimm2 Double Pack : Areka<\/title>\n<meta name=\"robots\" content=\"index, follow, max-snippet:-1, max-image-preview:large, max-video-preview:-1\" \/>\n<link rel=\"canonical\" href=\"https:\/\/areka.com\/en\/produit\/bonbons-nimm2-double-pack\/\" \/>\n<meta property=\"og:locale\" content=\"en_US\" \/>\n<meta property=\"og:type\" content=\"article\" \/>\n<meta property=\"og:title\" content=\"Bonbons Nimm2 Double Pack : Areka\" \/>\n<meta property=\"og:description\" content=\"Double fruit, double impact. Deux bonbons nimm2 (saveurs assorties) offrent un plaisir fruit\u00e9 et sont pr\u00e9sent\u00e9s dans un sachet personnalis\u00e9. Ce petit cadeau pratique allie saveur sucr\u00e9e et surface de marquage attrayante. Id\u00e9al pour les salons, \u00e9v\u00e9nements ou comme petite gourmandise entre deux moments \u2014 compact, color\u00e9 et toujours agr\u00e9able. Contenu: 12 g ( 2Continue reading &quot;Bonbons Nimm2 Double Pack&quot;\" \/>\n<meta property=\"og:url\" content=\"https:\/\/areka.com\/en\/produit\/bonbons-nimm2-double-pack\/\" \/>\n<meta property=\"og:site_name\" content=\"Areka\" \/>\n<meta property=\"article:modified_time\" content=\"2026-04-15T11:39:43+00:00\" \/>\n<meta property=\"og:image\" content=\"https:\/\/areka.com\/wp-content\/uploads\/2023\/04\/nimm2-double-pack.png\" \/>\n\t<meta property=\"og:image:width\" content=\"412\" \/>\n\t<meta property=\"og:image:height\" content=\"412\" \/>\n\t<meta property=\"og:image:type\" content=\"image\/png\" \/>\n<meta name=\"twitter:card\" content=\"summary_large_image\" \/>\n<meta name=\"twitter:label1\" content=\"Est. reading time\" \/>\n\t<meta name=\"twitter:data1\" content=\"1 minute\" \/>\n<script type=\"application\/ld+json\" class=\"yoast-schema-graph\">{\"@context\":\"https:\/\/schema.org\",\"@graph\":[{\"@type\":\"WebPage\",\"@id\":\"https:\/\/areka.com\/en\/produit\/bonbons-nimm2-double-pack\/\",\"url\":\"https:\/\/areka.com\/en\/produit\/bonbons-nimm2-double-pack\/\",\"name\":\"Bonbons Nimm2 Double Pack : Areka\",\"isPartOf\":{\"@id\":\"https:\/\/areka.com\/en\/#website\"},\"primaryImageOfPage\":{\"@id\":\"https:\/\/areka.com\/en\/produit\/bonbons-nimm2-double-pack\/#primaryimage\"},\"image\":{\"@id\":\"https:\/\/areka.com\/en\/produit\/bonbons-nimm2-double-pack\/#primaryimage\"},\"thumbnailUrl\":\"https:\/\/areka.com\/wp-content\/uploads\/2023\/04\/nimm2-double-pack.png\",\"datePublished\":\"2023-04-23T15:43:31+00:00\",\"dateModified\":\"2026-04-15T11:39:43+00:00\",\"breadcrumb\":{\"@id\":\"https:\/\/areka.com\/en\/produit\/bonbons-nimm2-double-pack\/#breadcrumb\"},\"inLanguage\":\"en-US\",\"potentialAction\":[{\"@type\":\"ReadAction\",\"target\":[\"https:\/\/areka.com\/en\/produit\/bonbons-nimm2-double-pack\/\"]}]},{\"@type\":\"ImageObject\",\"inLanguage\":\"en-US\",\"@id\":\"https:\/\/areka.com\/en\/produit\/bonbons-nimm2-double-pack\/#primaryimage\",\"url\":\"https:\/\/areka.com\/wp-content\/uploads\/2023\/04\/nimm2-double-pack.png\",\"contentUrl\":\"https:\/\/areka.com\/wp-content\/uploads\/2023\/04\/nimm2-double-pack.png\",\"width\":412,\"height\":412},{\"@type\":\"BreadcrumbList\",\"@id\":\"https:\/\/areka.com\/en\/produit\/bonbons-nimm2-double-pack\/#breadcrumb\",\"itemListElement\":[{\"@type\":\"ListItem\",\"position\":1,\"name\":\"All of our products\",\"item\":\"https:\/\/areka.com\/en\/shop\/\"},{\"@type\":\"ListItem\",\"position\":2,\"name\":\"Personalized products\",\"item\":\"https:\/\/areka.com\/en\/product-category\/personalized-products\/\"},{\"@type\":\"ListItem\",\"position\":3,\"name\":\"Bonbons Nimm2 Double Pack\"}]},{\"@type\":\"WebSite\",\"@id\":\"https:\/\/areka.com\/en\/#website\",\"url\":\"https:\/\/areka.com\/en\/\",\"name\":\"Areka\",\"description\":\"Sp\u00e9cialiste fran\u00e7ais de la confiserie personnalis\u00e9e\",\"potentialAction\":[{\"@type\":\"SearchAction\",\"target\":{\"@type\":\"EntryPoint\",\"urlTemplate\":\"https:\/\/areka.com\/en\/?s={search_term_string}\"},\"query-input\":{\"@type\":\"PropertyValueSpecification\",\"valueRequired\":true,\"valueName\":\"search_term_string\"}}],\"inLanguage\":\"en-US\"}]}<\/script>\n<!-- \/ Yoast SEO plugin. -->","yoast_head_json":{"title":"Bonbons Nimm2 Double Pack : Areka","robots":{"index":"index","follow":"follow","max-snippet":"max-snippet:-1","max-image-preview":"max-image-preview:large","max-video-preview":"max-video-preview:-1"},"canonical":"https:\/\/areka.com\/en\/produit\/bonbons-nimm2-double-pack\/","og_locale":"en_US","og_type":"article","og_title":"Bonbons Nimm2 Double Pack : Areka","og_description":"Double fruit, double impact. Deux bonbons nimm2 (saveurs assorties) offrent un plaisir fruit\u00e9 et sont pr\u00e9sent\u00e9s dans un sachet personnalis\u00e9. Ce petit cadeau pratique allie saveur sucr\u00e9e et surface de marquage attrayante. Id\u00e9al pour les salons, \u00e9v\u00e9nements ou comme petite gourmandise entre deux moments \u2014 compact, color\u00e9 et toujours agr\u00e9able. Contenu: 12 g ( 2Continue reading \"Bonbons Nimm2 Double Pack\"","og_url":"https:\/\/areka.com\/en\/produit\/bonbons-nimm2-double-pack\/","og_site_name":"Areka","article_modified_time":"2026-04-15T11:39:43+00:00","og_image":[{"width":412,"height":412,"url":"https:\/\/areka.com\/wp-content\/uploads\/2023\/04\/nimm2-double-pack.png","type":"image\/png"}],"twitter_card":"summary_large_image","twitter_misc":{"Est. reading time":"1 minute"},"schema":{"@context":"https:\/\/schema.org","@graph":[{"@type":"WebPage","@id":"https:\/\/areka.com\/en\/produit\/bonbons-nimm2-double-pack\/","url":"https:\/\/areka.com\/en\/produit\/bonbons-nimm2-double-pack\/","name":"Bonbons Nimm2 Double Pack : Areka","isPartOf":{"@id":"https:\/\/areka.com\/en\/#website"},"primaryImageOfPage":{"@id":"https:\/\/areka.com\/en\/produit\/bonbons-nimm2-double-pack\/#primaryimage"},"image":{"@id":"https:\/\/areka.com\/en\/produit\/bonbons-nimm2-double-pack\/#primaryimage"},"thumbnailUrl":"https:\/\/areka.com\/wp-content\/uploads\/2023\/04\/nimm2-double-pack.png","datePublished":"2023-04-23T15:43:31+00:00","dateModified":"2026-04-15T11:39:43+00:00","breadcrumb":{"@id":"https:\/\/areka.com\/en\/produit\/bonbons-nimm2-double-pack\/#breadcrumb"},"inLanguage":"en-US","potentialAction":[{"@type":"ReadAction","target":["https:\/\/areka.com\/en\/produit\/bonbons-nimm2-double-pack\/"]}]},{"@type":"ImageObject","inLanguage":"en-US","@id":"https:\/\/areka.com\/en\/produit\/bonbons-nimm2-double-pack\/#primaryimage","url":"https:\/\/areka.com\/wp-content\/uploads\/2023\/04\/nimm2-double-pack.png","contentUrl":"https:\/\/areka.com\/wp-content\/uploads\/2023\/04\/nimm2-double-pack.png","width":412,"height":412},{"@type":"BreadcrumbList","@id":"https:\/\/areka.com\/en\/produit\/bonbons-nimm2-double-pack\/#breadcrumb","itemListElement":[{"@type":"ListItem","position":1,"name":"All of our products","item":"https:\/\/areka.com\/en\/shop\/"},{"@type":"ListItem","position":2,"name":"Personalized products","item":"https:\/\/areka.com\/en\/product-category\/personalized-products\/"},{"@type":"ListItem","position":3,"name":"Bonbons Nimm2 Double Pack"}]},{"@type":"WebSite","@id":"https:\/\/areka.com\/en\/#website","url":"https:\/\/areka.com\/en\/","name":"Areka","description":"Sp\u00e9cialiste fran\u00e7ais de la confiserie personnalis\u00e9e","potentialAction":[{"@type":"SearchAction","target":{"@type":"EntryPoint","urlTemplate":"https:\/\/areka.com\/en\/?s={search_term_string}"},"query-input":{"@type":"PropertyValueSpecification","valueRequired":true,"valueName":"search_term_string"}}],"inLanguage":"en-US"}]}},"_links":{"self":[{"href":"https:\/\/areka.com\/en\/wp-json\/wp\/v2\/product\/256","targetHints":{"allow":["GET"]}}],"collection":[{"href":"https:\/\/areka.com\/en\/wp-json\/wp\/v2\/product"}],"about":[{"href":"https:\/\/areka.com\/en\/wp-json\/wp\/v2\/types\/product"}],"replies":[{"embeddable":true,"href":"https:\/\/areka.com\/en\/wp-json\/wp\/v2\/comments?post=256"}],"wp:featuredmedia":[{"embeddable":true,"href":"https:\/\/areka.com\/en\/wp-json\/wp\/v2\/media\/500"}],"wp:attachment":[{"href":"https:\/\/areka.com\/en\/wp-json\/wp\/v2\/media?parent=256"}],"wp:term":[{"taxonomy":"product_brand","embeddable":true,"href":"https:\/\/areka.com\/en\/wp-json\/wp\/v2\/product_brand?post=256"},{"taxonomy":"product_cat","embeddable":true,"href":"https:\/\/areka.com\/en\/wp-json\/wp\/v2\/product_cat?post=256"},{"taxonomy":"product_tag","embeddable":true,"href":"https:\/\/areka.com\/en\/wp-json\/wp\/v2\/product_tag?post=256"}],"curies":[{"name":"wp","href":"https:\/\/api.w.org\/{rel}","templated":true}]}}