{"id":2585,"date":"2026-04-15T13:52:15","date_gmt":"2026-04-15T11:52:15","guid":{"rendered":"https:\/\/areka.com\/?post_type=product&#038;p=2585"},"modified":"2026-04-15T14:16:25","modified_gmt":"2026-04-15T12:16:25","slug":"bonbons-fondants-nimm2-en-cartonnage-a-fond-plat","status":"publish","type":"product","link":"https:\/\/areka.com\/en\/produit\/bonbons-fondants-nimm2-en-cartonnage-a-fond-plat\/","title":{"rendered":"Bonbons Fondants Nimm2 en Cartonnage \u00e0 Fond Plat"},"content":{"rendered":"<p><strong>Classiques, dans un nouvel emballage.<\/strong><br \/>\nBonbons moelleux et fruit\u00e9s Nimm2 Soft, ces classiques appr\u00e9ci\u00e9s se pr\u00e9sentent dans un sachet en carton pratique, autoportant, fabriqu\u00e9 \u00e0 partir de mat\u00e9riaux certifi\u00e9s FSC\u00ae. L\u2019emballage peut \u00eatre enti\u00e8rement personnalis\u00e9, offrant un large espace pour mettre en avant votre message de marque. Un cadeau premium qui allie parfaitement go\u00fbt, durabilit\u00e9 et forte visibilit\u00e9 de la marque.<\/p>\n<ul>\n<li>Contenu: 34 g (7 bonbons fondants nimm2)<\/li>\n<li>Dimensions: approx. 60 x 101 x 39 mm<\/li>\n<li>Conditionnement: 36 pcs. par carton \/ 180 pcs. dans le carton d&#8217;exp\u00e9dition<\/li>\n<li>D\u00e9lai de conservation: approx. 12 mois en cas de stockage appropri\u00e9<\/li>\n<li>D\u00e9lai de livraison: approx. 3-4 semaines apr\u00e8s accord du BAT<\/li>\n<\/ul>\n","protected":false},"excerpt":{"rendered":"<p>Classiques, dans un nouvel emballage. Bonbons moelleux et fruit\u00e9s Nimm2 Soft, ces classiques appr\u00e9ci\u00e9s se pr\u00e9sentent dans un sachet en carton pratique, autoportant, fabriqu\u00e9 \u00e0 partir de mat\u00e9riaux certifi\u00e9s FSC\u00ae. L\u2019emballage peut \u00eatre enti\u00e8rement personnalis\u00e9, offrant un large espace pour mettre en avant votre message de marque. Un cadeau premium qui allie parfaitement go\u00fbt, durabilit\u00e9<a href=\"https:\/\/areka.com\/en\/produit\/bonbons-fondants-nimm2-en-cartonnage-a-fond-plat\/\">Continue reading <span class=\"sr-only\">&#8220;Bonbons Fondants Nimm2 en Cartonnage \u00e0 Fond Plat&#8221;<\/span><\/a><\/p>\n","protected":false},"featured_media":2586,"comment_status":"open","ping_status":"closed","template":"","meta":{"_acf_changed":false,"inline_featured_image":false},"product_brand":[],"product_cat":[63,35,28],"product_tag":[],"class_list":{"0":"post-2585","1":"product","2":"type-product","3":"status-publish","4":"has-post-thumbnail","6":"product_cat-nouveautes","7":"product_cat-produits-personnalisables","8":"product_cat-bonbons-et-sucettes","10":"first","11":"instock","12":"shipping-taxable","13":"product-type-simple"},"acf":[],"yoast_head":"<!-- This site is optimized with the Yoast SEO plugin v24.9 - https:\/\/yoast.com\/wordpress\/plugins\/seo\/ -->\n<title>Bonbons Fondants Nimm2 en Cartonnage \u00e0 Fond Plat : Areka<\/title>\n<meta name=\"robots\" content=\"index, follow, max-snippet:-1, max-image-preview:large, max-video-preview:-1\" \/>\n<link rel=\"canonical\" href=\"https:\/\/areka.com\/en\/produit\/bonbons-fondants-nimm2-en-cartonnage-a-fond-plat\/\" \/>\n<meta property=\"og:locale\" content=\"en_US\" \/>\n<meta property=\"og:type\" content=\"article\" \/>\n<meta property=\"og:title\" content=\"Bonbons Fondants Nimm2 en Cartonnage \u00e0 Fond Plat : Areka\" \/>\n<meta property=\"og:description\" content=\"Classiques, dans un nouvel emballage. Bonbons moelleux et fruit\u00e9s Nimm2 Soft, ces classiques appr\u00e9ci\u00e9s se pr\u00e9sentent dans un sachet en carton pratique, autoportant, fabriqu\u00e9 \u00e0 partir de mat\u00e9riaux certifi\u00e9s FSC\u00ae. L\u2019emballage peut \u00eatre enti\u00e8rement personnalis\u00e9, offrant un large espace pour mettre en avant votre message de marque. Un cadeau premium qui allie parfaitement go\u00fbt, durabilit\u00e9Continue reading &quot;Bonbons Fondants Nimm2 en Cartonnage \u00e0 Fond Plat&quot;\" \/>\n<meta property=\"og:url\" content=\"https:\/\/areka.com\/en\/produit\/bonbons-fondants-nimm2-en-cartonnage-a-fond-plat\/\" \/>\n<meta property=\"og:site_name\" content=\"Areka\" \/>\n<meta property=\"article:modified_time\" content=\"2026-04-15T12:16:25+00:00\" \/>\n<meta property=\"og:image\" content=\"https:\/\/areka.com\/wp-content\/uploads\/2026\/04\/P101-fondants-nimm2.png\" \/>\n\t<meta property=\"og:image:width\" content=\"1000\" \/>\n\t<meta property=\"og:image:height\" content=\"1000\" \/>\n\t<meta property=\"og:image:type\" content=\"image\/png\" \/>\n<meta name=\"twitter:card\" content=\"summary_large_image\" \/>\n<meta name=\"twitter:label1\" content=\"Est. reading time\" \/>\n\t<meta name=\"twitter:data1\" content=\"1 minute\" \/>\n<script type=\"application\/ld+json\" class=\"yoast-schema-graph\">{\"@context\":\"https:\/\/schema.org\",\"@graph\":[{\"@type\":\"WebPage\",\"@id\":\"https:\/\/areka.com\/en\/produit\/bonbons-fondants-nimm2-en-cartonnage-a-fond-plat\/\",\"url\":\"https:\/\/areka.com\/en\/produit\/bonbons-fondants-nimm2-en-cartonnage-a-fond-plat\/\",\"name\":\"Bonbons Fondants Nimm2 en Cartonnage \u00e0 Fond Plat : Areka\",\"isPartOf\":{\"@id\":\"https:\/\/areka.com\/en\/#website\"},\"primaryImageOfPage\":{\"@id\":\"https:\/\/areka.com\/en\/produit\/bonbons-fondants-nimm2-en-cartonnage-a-fond-plat\/#primaryimage\"},\"image\":{\"@id\":\"https:\/\/areka.com\/en\/produit\/bonbons-fondants-nimm2-en-cartonnage-a-fond-plat\/#primaryimage\"},\"thumbnailUrl\":\"https:\/\/areka.com\/wp-content\/uploads\/2026\/04\/P101-fondants-nimm2.png\",\"datePublished\":\"2026-04-15T11:52:15+00:00\",\"dateModified\":\"2026-04-15T12:16:25+00:00\",\"breadcrumb\":{\"@id\":\"https:\/\/areka.com\/en\/produit\/bonbons-fondants-nimm2-en-cartonnage-a-fond-plat\/#breadcrumb\"},\"inLanguage\":\"en-US\",\"potentialAction\":[{\"@type\":\"ReadAction\",\"target\":[\"https:\/\/areka.com\/en\/produit\/bonbons-fondants-nimm2-en-cartonnage-a-fond-plat\/\"]}]},{\"@type\":\"ImageObject\",\"inLanguage\":\"en-US\",\"@id\":\"https:\/\/areka.com\/en\/produit\/bonbons-fondants-nimm2-en-cartonnage-a-fond-plat\/#primaryimage\",\"url\":\"https:\/\/areka.com\/wp-content\/uploads\/2026\/04\/P101-fondants-nimm2.png\",\"contentUrl\":\"https:\/\/areka.com\/wp-content\/uploads\/2026\/04\/P101-fondants-nimm2.png\",\"width\":1000,\"height\":1000},{\"@type\":\"BreadcrumbList\",\"@id\":\"https:\/\/areka.com\/en\/produit\/bonbons-fondants-nimm2-en-cartonnage-a-fond-plat\/#breadcrumb\",\"itemListElement\":[{\"@type\":\"ListItem\",\"position\":1,\"name\":\"All of our products\",\"item\":\"https:\/\/areka.com\/en\/shop\/\"},{\"@type\":\"ListItem\",\"position\":2,\"name\":\"Personalized products\",\"item\":\"https:\/\/areka.com\/en\/product-category\/personalized-products\/\"},{\"@type\":\"ListItem\",\"position\":3,\"name\":\"Bonbons Fondants Nimm2 en Cartonnage \u00e0 Fond Plat\"}]},{\"@type\":\"WebSite\",\"@id\":\"https:\/\/areka.com\/en\/#website\",\"url\":\"https:\/\/areka.com\/en\/\",\"name\":\"Areka\",\"description\":\"Sp\u00e9cialiste fran\u00e7ais de la confiserie personnalis\u00e9e\",\"potentialAction\":[{\"@type\":\"SearchAction\",\"target\":{\"@type\":\"EntryPoint\",\"urlTemplate\":\"https:\/\/areka.com\/en\/?s={search_term_string}\"},\"query-input\":{\"@type\":\"PropertyValueSpecification\",\"valueRequired\":true,\"valueName\":\"search_term_string\"}}],\"inLanguage\":\"en-US\"}]}<\/script>\n<!-- \/ Yoast SEO plugin. -->","yoast_head_json":{"title":"Bonbons Fondants Nimm2 en Cartonnage \u00e0 Fond Plat : Areka","robots":{"index":"index","follow":"follow","max-snippet":"max-snippet:-1","max-image-preview":"max-image-preview:large","max-video-preview":"max-video-preview:-1"},"canonical":"https:\/\/areka.com\/en\/produit\/bonbons-fondants-nimm2-en-cartonnage-a-fond-plat\/","og_locale":"en_US","og_type":"article","og_title":"Bonbons Fondants Nimm2 en Cartonnage \u00e0 Fond Plat : Areka","og_description":"Classiques, dans un nouvel emballage. Bonbons moelleux et fruit\u00e9s Nimm2 Soft, ces classiques appr\u00e9ci\u00e9s se pr\u00e9sentent dans un sachet en carton pratique, autoportant, fabriqu\u00e9 \u00e0 partir de mat\u00e9riaux certifi\u00e9s FSC\u00ae. L\u2019emballage peut \u00eatre enti\u00e8rement personnalis\u00e9, offrant un large espace pour mettre en avant votre message de marque. Un cadeau premium qui allie parfaitement go\u00fbt, durabilit\u00e9Continue reading \"Bonbons Fondants Nimm2 en Cartonnage \u00e0 Fond Plat\"","og_url":"https:\/\/areka.com\/en\/produit\/bonbons-fondants-nimm2-en-cartonnage-a-fond-plat\/","og_site_name":"Areka","article_modified_time":"2026-04-15T12:16:25+00:00","og_image":[{"width":1000,"height":1000,"url":"https:\/\/areka.com\/wp-content\/uploads\/2026\/04\/P101-fondants-nimm2.png","type":"image\/png"}],"twitter_card":"summary_large_image","twitter_misc":{"Est. reading time":"1 minute"},"schema":{"@context":"https:\/\/schema.org","@graph":[{"@type":"WebPage","@id":"https:\/\/areka.com\/en\/produit\/bonbons-fondants-nimm2-en-cartonnage-a-fond-plat\/","url":"https:\/\/areka.com\/en\/produit\/bonbons-fondants-nimm2-en-cartonnage-a-fond-plat\/","name":"Bonbons Fondants Nimm2 en Cartonnage \u00e0 Fond Plat : Areka","isPartOf":{"@id":"https:\/\/areka.com\/en\/#website"},"primaryImageOfPage":{"@id":"https:\/\/areka.com\/en\/produit\/bonbons-fondants-nimm2-en-cartonnage-a-fond-plat\/#primaryimage"},"image":{"@id":"https:\/\/areka.com\/en\/produit\/bonbons-fondants-nimm2-en-cartonnage-a-fond-plat\/#primaryimage"},"thumbnailUrl":"https:\/\/areka.com\/wp-content\/uploads\/2026\/04\/P101-fondants-nimm2.png","datePublished":"2026-04-15T11:52:15+00:00","dateModified":"2026-04-15T12:16:25+00:00","breadcrumb":{"@id":"https:\/\/areka.com\/en\/produit\/bonbons-fondants-nimm2-en-cartonnage-a-fond-plat\/#breadcrumb"},"inLanguage":"en-US","potentialAction":[{"@type":"ReadAction","target":["https:\/\/areka.com\/en\/produit\/bonbons-fondants-nimm2-en-cartonnage-a-fond-plat\/"]}]},{"@type":"ImageObject","inLanguage":"en-US","@id":"https:\/\/areka.com\/en\/produit\/bonbons-fondants-nimm2-en-cartonnage-a-fond-plat\/#primaryimage","url":"https:\/\/areka.com\/wp-content\/uploads\/2026\/04\/P101-fondants-nimm2.png","contentUrl":"https:\/\/areka.com\/wp-content\/uploads\/2026\/04\/P101-fondants-nimm2.png","width":1000,"height":1000},{"@type":"BreadcrumbList","@id":"https:\/\/areka.com\/en\/produit\/bonbons-fondants-nimm2-en-cartonnage-a-fond-plat\/#breadcrumb","itemListElement":[{"@type":"ListItem","position":1,"name":"All of our products","item":"https:\/\/areka.com\/en\/shop\/"},{"@type":"ListItem","position":2,"name":"Personalized products","item":"https:\/\/areka.com\/en\/product-category\/personalized-products\/"},{"@type":"ListItem","position":3,"name":"Bonbons Fondants Nimm2 en Cartonnage \u00e0 Fond Plat"}]},{"@type":"WebSite","@id":"https:\/\/areka.com\/en\/#website","url":"https:\/\/areka.com\/en\/","name":"Areka","description":"Sp\u00e9cialiste fran\u00e7ais de la confiserie personnalis\u00e9e","potentialAction":[{"@type":"SearchAction","target":{"@type":"EntryPoint","urlTemplate":"https:\/\/areka.com\/en\/?s={search_term_string}"},"query-input":{"@type":"PropertyValueSpecification","valueRequired":true,"valueName":"search_term_string"}}],"inLanguage":"en-US"}]}},"_links":{"self":[{"href":"https:\/\/areka.com\/en\/wp-json\/wp\/v2\/product\/2585","targetHints":{"allow":["GET"]}}],"collection":[{"href":"https:\/\/areka.com\/en\/wp-json\/wp\/v2\/product"}],"about":[{"href":"https:\/\/areka.com\/en\/wp-json\/wp\/v2\/types\/product"}],"replies":[{"embeddable":true,"href":"https:\/\/areka.com\/en\/wp-json\/wp\/v2\/comments?post=2585"}],"wp:featuredmedia":[{"embeddable":true,"href":"https:\/\/areka.com\/en\/wp-json\/wp\/v2\/media\/2586"}],"wp:attachment":[{"href":"https:\/\/areka.com\/en\/wp-json\/wp\/v2\/media?parent=2585"}],"wp:term":[{"taxonomy":"product_brand","embeddable":true,"href":"https:\/\/areka.com\/en\/wp-json\/wp\/v2\/product_brand?post=2585"},{"taxonomy":"product_cat","embeddable":true,"href":"https:\/\/areka.com\/en\/wp-json\/wp\/v2\/product_cat?post=2585"},{"taxonomy":"product_tag","embeddable":true,"href":"https:\/\/areka.com\/en\/wp-json\/wp\/v2\/product_tag?post=2585"}],"curies":[{"name":"wp","href":"https:\/\/api.w.org\/{rel}","templated":true}]}}