{"id":259,"date":"2023-04-23T18:17:50","date_gmt":"2023-04-23T16:17:50","guid":{"rendered":"https:\/\/areka.com\/?post_type=product&#038;p=259"},"modified":"2025-03-24T18:18:36","modified_gmt":"2025-03-24T17:18:36","slug":"bonbons-en-forme-de-coeur-2","status":"publish","type":"product","link":"https:\/\/areka.com\/en\/produit\/bonbons-en-forme-de-coeur-2\/","title":{"rendered":"Bonbons en Forme de Coeur"},"content":{"rendered":"<p>Bonbons dur en forme de coeur saveur framboise emball\u00e9 individuellement en sachet personnalisable.<\/p>\n<ul>\n<li>Contenu: 3 g<\/li>\n<li>Dimensions: approx. 30 x 54 mm<\/li>\n<li>Conditionnement: 6 x 2,5 kg \/ 20 kg par carton<\/li>\n<li>D\u00e9lai de conservation: approx. 18 mois en cas de stockage appropri\u00e9<\/li>\n<li>D\u00e9lai de livraison: approx. 3 semaines apr\u00e8s accord du BAT<\/li>\n<\/ul>\n","protected":false},"excerpt":{"rendered":"<p>Bonbons dur en forme de coeur saveur framboise emball\u00e9 individuellement en sachet personnalisable. Contenu: 3 g Dimensions: approx. 30 x 54 mm Conditionnement: 6 x 2,5 kg \/ 20 kg par carton D\u00e9lai de conservation: approx. 18 mois en cas de stockage appropri\u00e9 D\u00e9lai de livraison: approx. 3 semaines apr\u00e8s accord du BAT<\/p>\n","protected":false},"featured_media":504,"comment_status":"open","ping_status":"closed","template":"","meta":{"_acf_changed":false,"inline_featured_image":false},"product_brand":[],"product_cat":[35,28],"product_tag":[],"class_list":{"0":"post-259","1":"product","2":"type-product","3":"status-publish","4":"has-post-thumbnail","6":"product_cat-produits-personnalisables","7":"product_cat-bonbons-et-sucettes","9":"first","10":"instock","11":"shipping-taxable","12":"product-type-simple"},"acf":[],"yoast_head":"<!-- This site is optimized with the Yoast SEO plugin v24.9 - https:\/\/yoast.com\/wordpress\/plugins\/seo\/ -->\n<title>Bonbons en Forme de Coeur : Areka<\/title>\n<meta name=\"robots\" content=\"index, follow, max-snippet:-1, max-image-preview:large, max-video-preview:-1\" \/>\n<link rel=\"canonical\" href=\"https:\/\/areka.com\/en\/produit\/bonbons-en-forme-de-coeur-2\/\" \/>\n<meta property=\"og:locale\" content=\"en_US\" \/>\n<meta property=\"og:type\" content=\"article\" \/>\n<meta property=\"og:title\" content=\"Bonbons en Forme de Coeur : Areka\" \/>\n<meta property=\"og:description\" content=\"Bonbons dur en forme de coeur saveur framboise emball\u00e9 individuellement en sachet personnalisable. Contenu: 3 g Dimensions: approx. 30 x 54 mm Conditionnement: 6 x 2,5 kg \/ 20 kg par carton D\u00e9lai de conservation: approx. 18 mois en cas de stockage appropri\u00e9 D\u00e9lai de livraison: approx. 3 semaines apr\u00e8s accord du BAT\" \/>\n<meta property=\"og:url\" content=\"https:\/\/areka.com\/en\/produit\/bonbons-en-forme-de-coeur-2\/\" \/>\n<meta property=\"og:site_name\" content=\"Areka\" \/>\n<meta property=\"article:modified_time\" content=\"2025-03-24T17:18:36+00:00\" \/>\n<meta property=\"og:image\" content=\"https:\/\/areka.com\/wp-content\/uploads\/2023\/04\/bonbons-forme-coeur.png\" \/>\n\t<meta property=\"og:image:width\" content=\"412\" \/>\n\t<meta property=\"og:image:height\" content=\"412\" \/>\n\t<meta property=\"og:image:type\" content=\"image\/png\" \/>\n<meta name=\"twitter:card\" content=\"summary_large_image\" \/>\n<meta name=\"twitter:label1\" content=\"Est. reading time\" \/>\n\t<meta name=\"twitter:data1\" content=\"1 minute\" \/>\n<script type=\"application\/ld+json\" class=\"yoast-schema-graph\">{\"@context\":\"https:\/\/schema.org\",\"@graph\":[{\"@type\":\"WebPage\",\"@id\":\"https:\/\/areka.com\/en\/produit\/bonbons-en-forme-de-coeur-2\/\",\"url\":\"https:\/\/areka.com\/en\/produit\/bonbons-en-forme-de-coeur-2\/\",\"name\":\"Bonbons en Forme de Coeur : Areka\",\"isPartOf\":{\"@id\":\"https:\/\/areka.com\/en\/#website\"},\"primaryImageOfPage\":{\"@id\":\"https:\/\/areka.com\/en\/produit\/bonbons-en-forme-de-coeur-2\/#primaryimage\"},\"image\":{\"@id\":\"https:\/\/areka.com\/en\/produit\/bonbons-en-forme-de-coeur-2\/#primaryimage\"},\"thumbnailUrl\":\"https:\/\/areka.com\/wp-content\/uploads\/2023\/04\/bonbons-forme-coeur.png\",\"datePublished\":\"2023-04-23T16:17:50+00:00\",\"dateModified\":\"2025-03-24T17:18:36+00:00\",\"breadcrumb\":{\"@id\":\"https:\/\/areka.com\/en\/produit\/bonbons-en-forme-de-coeur-2\/#breadcrumb\"},\"inLanguage\":\"en-US\",\"potentialAction\":[{\"@type\":\"ReadAction\",\"target\":[\"https:\/\/areka.com\/en\/produit\/bonbons-en-forme-de-coeur-2\/\"]}]},{\"@type\":\"ImageObject\",\"inLanguage\":\"en-US\",\"@id\":\"https:\/\/areka.com\/en\/produit\/bonbons-en-forme-de-coeur-2\/#primaryimage\",\"url\":\"https:\/\/areka.com\/wp-content\/uploads\/2023\/04\/bonbons-forme-coeur.png\",\"contentUrl\":\"https:\/\/areka.com\/wp-content\/uploads\/2023\/04\/bonbons-forme-coeur.png\",\"width\":412,\"height\":412},{\"@type\":\"BreadcrumbList\",\"@id\":\"https:\/\/areka.com\/en\/produit\/bonbons-en-forme-de-coeur-2\/#breadcrumb\",\"itemListElement\":[{\"@type\":\"ListItem\",\"position\":1,\"name\":\"All of our products\",\"item\":\"https:\/\/areka.com\/en\/shop\/\"},{\"@type\":\"ListItem\",\"position\":2,\"name\":\"Personalized products\",\"item\":\"https:\/\/areka.com\/en\/product-category\/personalized-products\/\"},{\"@type\":\"ListItem\",\"position\":3,\"name\":\"Bonbons en Forme de Coeur\"}]},{\"@type\":\"WebSite\",\"@id\":\"https:\/\/areka.com\/en\/#website\",\"url\":\"https:\/\/areka.com\/en\/\",\"name\":\"Areka\",\"description\":\"Sp\u00e9cialiste fran\u00e7ais de la confiserie personnalis\u00e9e\",\"potentialAction\":[{\"@type\":\"SearchAction\",\"target\":{\"@type\":\"EntryPoint\",\"urlTemplate\":\"https:\/\/areka.com\/en\/?s={search_term_string}\"},\"query-input\":{\"@type\":\"PropertyValueSpecification\",\"valueRequired\":true,\"valueName\":\"search_term_string\"}}],\"inLanguage\":\"en-US\"}]}<\/script>\n<!-- \/ Yoast SEO plugin. -->","yoast_head_json":{"title":"Bonbons en Forme de Coeur : Areka","robots":{"index":"index","follow":"follow","max-snippet":"max-snippet:-1","max-image-preview":"max-image-preview:large","max-video-preview":"max-video-preview:-1"},"canonical":"https:\/\/areka.com\/en\/produit\/bonbons-en-forme-de-coeur-2\/","og_locale":"en_US","og_type":"article","og_title":"Bonbons en Forme de Coeur : Areka","og_description":"Bonbons dur en forme de coeur saveur framboise emball\u00e9 individuellement en sachet personnalisable. Contenu: 3 g Dimensions: approx. 30 x 54 mm Conditionnement: 6 x 2,5 kg \/ 20 kg par carton D\u00e9lai de conservation: approx. 18 mois en cas de stockage appropri\u00e9 D\u00e9lai de livraison: approx. 3 semaines apr\u00e8s accord du BAT","og_url":"https:\/\/areka.com\/en\/produit\/bonbons-en-forme-de-coeur-2\/","og_site_name":"Areka","article_modified_time":"2025-03-24T17:18:36+00:00","og_image":[{"width":412,"height":412,"url":"https:\/\/areka.com\/wp-content\/uploads\/2023\/04\/bonbons-forme-coeur.png","type":"image\/png"}],"twitter_card":"summary_large_image","twitter_misc":{"Est. reading time":"1 minute"},"schema":{"@context":"https:\/\/schema.org","@graph":[{"@type":"WebPage","@id":"https:\/\/areka.com\/en\/produit\/bonbons-en-forme-de-coeur-2\/","url":"https:\/\/areka.com\/en\/produit\/bonbons-en-forme-de-coeur-2\/","name":"Bonbons en Forme de Coeur : Areka","isPartOf":{"@id":"https:\/\/areka.com\/en\/#website"},"primaryImageOfPage":{"@id":"https:\/\/areka.com\/en\/produit\/bonbons-en-forme-de-coeur-2\/#primaryimage"},"image":{"@id":"https:\/\/areka.com\/en\/produit\/bonbons-en-forme-de-coeur-2\/#primaryimage"},"thumbnailUrl":"https:\/\/areka.com\/wp-content\/uploads\/2023\/04\/bonbons-forme-coeur.png","datePublished":"2023-04-23T16:17:50+00:00","dateModified":"2025-03-24T17:18:36+00:00","breadcrumb":{"@id":"https:\/\/areka.com\/en\/produit\/bonbons-en-forme-de-coeur-2\/#breadcrumb"},"inLanguage":"en-US","potentialAction":[{"@type":"ReadAction","target":["https:\/\/areka.com\/en\/produit\/bonbons-en-forme-de-coeur-2\/"]}]},{"@type":"ImageObject","inLanguage":"en-US","@id":"https:\/\/areka.com\/en\/produit\/bonbons-en-forme-de-coeur-2\/#primaryimage","url":"https:\/\/areka.com\/wp-content\/uploads\/2023\/04\/bonbons-forme-coeur.png","contentUrl":"https:\/\/areka.com\/wp-content\/uploads\/2023\/04\/bonbons-forme-coeur.png","width":412,"height":412},{"@type":"BreadcrumbList","@id":"https:\/\/areka.com\/en\/produit\/bonbons-en-forme-de-coeur-2\/#breadcrumb","itemListElement":[{"@type":"ListItem","position":1,"name":"All of our products","item":"https:\/\/areka.com\/en\/shop\/"},{"@type":"ListItem","position":2,"name":"Personalized products","item":"https:\/\/areka.com\/en\/product-category\/personalized-products\/"},{"@type":"ListItem","position":3,"name":"Bonbons en Forme de Coeur"}]},{"@type":"WebSite","@id":"https:\/\/areka.com\/en\/#website","url":"https:\/\/areka.com\/en\/","name":"Areka","description":"Sp\u00e9cialiste fran\u00e7ais de la confiserie personnalis\u00e9e","potentialAction":[{"@type":"SearchAction","target":{"@type":"EntryPoint","urlTemplate":"https:\/\/areka.com\/en\/?s={search_term_string}"},"query-input":{"@type":"PropertyValueSpecification","valueRequired":true,"valueName":"search_term_string"}}],"inLanguage":"en-US"}]}},"_links":{"self":[{"href":"https:\/\/areka.com\/en\/wp-json\/wp\/v2\/product\/259","targetHints":{"allow":["GET"]}}],"collection":[{"href":"https:\/\/areka.com\/en\/wp-json\/wp\/v2\/product"}],"about":[{"href":"https:\/\/areka.com\/en\/wp-json\/wp\/v2\/types\/product"}],"replies":[{"embeddable":true,"href":"https:\/\/areka.com\/en\/wp-json\/wp\/v2\/comments?post=259"}],"wp:featuredmedia":[{"embeddable":true,"href":"https:\/\/areka.com\/en\/wp-json\/wp\/v2\/media\/504"}],"wp:attachment":[{"href":"https:\/\/areka.com\/en\/wp-json\/wp\/v2\/media?parent=259"}],"wp:term":[{"taxonomy":"product_brand","embeddable":true,"href":"https:\/\/areka.com\/en\/wp-json\/wp\/v2\/product_brand?post=259"},{"taxonomy":"product_cat","embeddable":true,"href":"https:\/\/areka.com\/en\/wp-json\/wp\/v2\/product_cat?post=259"},{"taxonomy":"product_tag","embeddable":true,"href":"https:\/\/areka.com\/en\/wp-json\/wp\/v2\/product_tag?post=259"}],"curies":[{"name":"wp","href":"https:\/\/api.w.org\/{rel}","templated":true}]}}