{"id":261,"date":"2023-04-23T17:53:48","date_gmt":"2023-04-23T15:53:48","guid":{"rendered":"https:\/\/areka.com\/?post_type=product&#038;p=261"},"modified":"2026-04-15T13:35:14","modified_gmt":"2026-04-15T11:35:14","slug":"double-mentos-en-sachet","status":"publish","type":"product","link":"https:\/\/areka.com\/en\/produit\/double-mentos-en-sachet\/","title":{"rendered":"Double Mentos en Sachet"},"content":{"rendered":"<p><strong>Menthe ou fruits : le duo qui s\u00e9duit.<\/strong><br \/>\nDeux Mentos, menthe ou fruits, offrent un plaisir de mastication rafra\u00eechissant et sont pr\u00e9sent\u00e9s dans un sachet personnalis\u00e9. Doublez le go\u00fbt avec une surface de marquage optimale pour votre marque.<\/p>\n<ul>\n<li>Contenu: 5.6 g (2 x 2,8 g)<\/li>\n<li>Saveurs:\n<ul>\n<li>menthe<\/li>\n<li>fruits<\/li>\n<\/ul>\n<\/li>\n<li>Dimensions: approx. 60 x 60 mm<\/li>\n<li>Conditionnement: 500 pcs. par carton \/ 2 500 pcs. dans le carton d&#8217;exp\u00e9dition<\/li>\n<li>D\u00e9lai de conservation: approx. 12 mois en cas de stockage appropri\u00e9<\/li>\n<li>D\u00e9lai de livraison: approx. 3 semaines apr\u00e8s accord du BAT<\/li>\n<\/ul>\n","protected":false},"excerpt":{"rendered":"<p>Menthe ou fruits : le duo qui s\u00e9duit. Deux Mentos, menthe ou fruits, offrent un plaisir de mastication rafra\u00eechissant et sont pr\u00e9sent\u00e9s dans un sachet personnalis\u00e9. Doublez le go\u00fbt avec une surface de marquage optimale pour votre marque. Contenu: 5.6 g (2 x 2,8 g) Saveurs: menthe fruits Dimensions: approx. 60 x 60 mm Conditionnement:<a href=\"https:\/\/areka.com\/en\/produit\/double-mentos-en-sachet\/\">Continue reading <span class=\"sr-only\">&#8220;Double Mentos en Sachet&#8221;<\/span><\/a><\/p>\n","protected":false},"featured_media":509,"comment_status":"open","ping_status":"closed","template":"","meta":{"_acf_changed":false,"inline_featured_image":false},"product_brand":[],"product_cat":[25,28],"product_tag":[],"class_list":{"0":"post-261","1":"product","2":"type-product","3":"status-publish","4":"has-post-thumbnail","6":"product_cat-non-categorise","7":"product_cat-bonbons-et-sucettes","9":"first","10":"instock","11":"shipping-taxable","12":"product-type-simple"},"acf":[],"yoast_head":"<!-- This site is optimized with the Yoast SEO plugin v24.9 - https:\/\/yoast.com\/wordpress\/plugins\/seo\/ -->\n<title>Double Mentos en Sachet : Areka<\/title>\n<meta name=\"robots\" content=\"index, follow, max-snippet:-1, max-image-preview:large, max-video-preview:-1\" \/>\n<link rel=\"canonical\" href=\"https:\/\/areka.com\/en\/produit\/double-mentos-en-sachet\/\" \/>\n<meta property=\"og:locale\" content=\"en_US\" \/>\n<meta property=\"og:type\" content=\"article\" \/>\n<meta property=\"og:title\" content=\"Double Mentos en Sachet : Areka\" \/>\n<meta property=\"og:description\" content=\"Menthe ou fruits : le duo qui s\u00e9duit. Deux Mentos, menthe ou fruits, offrent un plaisir de mastication rafra\u00eechissant et sont pr\u00e9sent\u00e9s dans un sachet personnalis\u00e9. Doublez le go\u00fbt avec une surface de marquage optimale pour votre marque. Contenu: 5.6 g (2 x 2,8 g) Saveurs: menthe fruits Dimensions: approx. 60 x 60 mm Conditionnement:Continue reading &quot;Double Mentos en Sachet&quot;\" \/>\n<meta property=\"og:url\" content=\"https:\/\/areka.com\/en\/produit\/double-mentos-en-sachet\/\" \/>\n<meta property=\"og:site_name\" content=\"Areka\" \/>\n<meta property=\"article:modified_time\" content=\"2026-04-15T11:35:14+00:00\" \/>\n<meta property=\"og:image\" content=\"https:\/\/areka.com\/wp-content\/uploads\/2023\/04\/double-mentos.png\" \/>\n\t<meta property=\"og:image:width\" content=\"412\" \/>\n\t<meta property=\"og:image:height\" content=\"412\" \/>\n\t<meta property=\"og:image:type\" content=\"image\/png\" \/>\n<meta name=\"twitter:card\" content=\"summary_large_image\" \/>\n<meta name=\"twitter:label1\" content=\"Est. reading time\" \/>\n\t<meta name=\"twitter:data1\" content=\"1 minute\" \/>\n<script type=\"application\/ld+json\" class=\"yoast-schema-graph\">{\"@context\":\"https:\/\/schema.org\",\"@graph\":[{\"@type\":\"WebPage\",\"@id\":\"https:\/\/areka.com\/en\/produit\/double-mentos-en-sachet\/\",\"url\":\"https:\/\/areka.com\/en\/produit\/double-mentos-en-sachet\/\",\"name\":\"Double Mentos en Sachet : Areka\",\"isPartOf\":{\"@id\":\"https:\/\/areka.com\/en\/#website\"},\"primaryImageOfPage\":{\"@id\":\"https:\/\/areka.com\/en\/produit\/double-mentos-en-sachet\/#primaryimage\"},\"image\":{\"@id\":\"https:\/\/areka.com\/en\/produit\/double-mentos-en-sachet\/#primaryimage\"},\"thumbnailUrl\":\"https:\/\/areka.com\/wp-content\/uploads\/2023\/04\/double-mentos.png\",\"datePublished\":\"2023-04-23T15:53:48+00:00\",\"dateModified\":\"2026-04-15T11:35:14+00:00\",\"breadcrumb\":{\"@id\":\"https:\/\/areka.com\/en\/produit\/double-mentos-en-sachet\/#breadcrumb\"},\"inLanguage\":\"en-US\",\"potentialAction\":[{\"@type\":\"ReadAction\",\"target\":[\"https:\/\/areka.com\/en\/produit\/double-mentos-en-sachet\/\"]}]},{\"@type\":\"ImageObject\",\"inLanguage\":\"en-US\",\"@id\":\"https:\/\/areka.com\/en\/produit\/double-mentos-en-sachet\/#primaryimage\",\"url\":\"https:\/\/areka.com\/wp-content\/uploads\/2023\/04\/double-mentos.png\",\"contentUrl\":\"https:\/\/areka.com\/wp-content\/uploads\/2023\/04\/double-mentos.png\",\"width\":412,\"height\":412},{\"@type\":\"BreadcrumbList\",\"@id\":\"https:\/\/areka.com\/en\/produit\/double-mentos-en-sachet\/#breadcrumb\",\"itemListElement\":[{\"@type\":\"ListItem\",\"position\":1,\"name\":\"All of our products\",\"item\":\"https:\/\/areka.com\/en\/shop\/\"},{\"@type\":\"ListItem\",\"position\":2,\"name\":\"Uncategorized\",\"item\":\"https:\/\/areka.com\/en\/product-category\/uncategorized\/\"},{\"@type\":\"ListItem\",\"position\":3,\"name\":\"Double Mentos en Sachet\"}]},{\"@type\":\"WebSite\",\"@id\":\"https:\/\/areka.com\/en\/#website\",\"url\":\"https:\/\/areka.com\/en\/\",\"name\":\"Areka\",\"description\":\"Sp\u00e9cialiste fran\u00e7ais de la confiserie personnalis\u00e9e\",\"potentialAction\":[{\"@type\":\"SearchAction\",\"target\":{\"@type\":\"EntryPoint\",\"urlTemplate\":\"https:\/\/areka.com\/en\/?s={search_term_string}\"},\"query-input\":{\"@type\":\"PropertyValueSpecification\",\"valueRequired\":true,\"valueName\":\"search_term_string\"}}],\"inLanguage\":\"en-US\"}]}<\/script>\n<!-- \/ Yoast SEO plugin. -->","yoast_head_json":{"title":"Double Mentos en Sachet : Areka","robots":{"index":"index","follow":"follow","max-snippet":"max-snippet:-1","max-image-preview":"max-image-preview:large","max-video-preview":"max-video-preview:-1"},"canonical":"https:\/\/areka.com\/en\/produit\/double-mentos-en-sachet\/","og_locale":"en_US","og_type":"article","og_title":"Double Mentos en Sachet : Areka","og_description":"Menthe ou fruits : le duo qui s\u00e9duit. Deux Mentos, menthe ou fruits, offrent un plaisir de mastication rafra\u00eechissant et sont pr\u00e9sent\u00e9s dans un sachet personnalis\u00e9. Doublez le go\u00fbt avec une surface de marquage optimale pour votre marque. Contenu: 5.6 g (2 x 2,8 g) Saveurs: menthe fruits Dimensions: approx. 60 x 60 mm Conditionnement:Continue reading \"Double Mentos en Sachet\"","og_url":"https:\/\/areka.com\/en\/produit\/double-mentos-en-sachet\/","og_site_name":"Areka","article_modified_time":"2026-04-15T11:35:14+00:00","og_image":[{"width":412,"height":412,"url":"https:\/\/areka.com\/wp-content\/uploads\/2023\/04\/double-mentos.png","type":"image\/png"}],"twitter_card":"summary_large_image","twitter_misc":{"Est. reading time":"1 minute"},"schema":{"@context":"https:\/\/schema.org","@graph":[{"@type":"WebPage","@id":"https:\/\/areka.com\/en\/produit\/double-mentos-en-sachet\/","url":"https:\/\/areka.com\/en\/produit\/double-mentos-en-sachet\/","name":"Double Mentos en Sachet : Areka","isPartOf":{"@id":"https:\/\/areka.com\/en\/#website"},"primaryImageOfPage":{"@id":"https:\/\/areka.com\/en\/produit\/double-mentos-en-sachet\/#primaryimage"},"image":{"@id":"https:\/\/areka.com\/en\/produit\/double-mentos-en-sachet\/#primaryimage"},"thumbnailUrl":"https:\/\/areka.com\/wp-content\/uploads\/2023\/04\/double-mentos.png","datePublished":"2023-04-23T15:53:48+00:00","dateModified":"2026-04-15T11:35:14+00:00","breadcrumb":{"@id":"https:\/\/areka.com\/en\/produit\/double-mentos-en-sachet\/#breadcrumb"},"inLanguage":"en-US","potentialAction":[{"@type":"ReadAction","target":["https:\/\/areka.com\/en\/produit\/double-mentos-en-sachet\/"]}]},{"@type":"ImageObject","inLanguage":"en-US","@id":"https:\/\/areka.com\/en\/produit\/double-mentos-en-sachet\/#primaryimage","url":"https:\/\/areka.com\/wp-content\/uploads\/2023\/04\/double-mentos.png","contentUrl":"https:\/\/areka.com\/wp-content\/uploads\/2023\/04\/double-mentos.png","width":412,"height":412},{"@type":"BreadcrumbList","@id":"https:\/\/areka.com\/en\/produit\/double-mentos-en-sachet\/#breadcrumb","itemListElement":[{"@type":"ListItem","position":1,"name":"All of our products","item":"https:\/\/areka.com\/en\/shop\/"},{"@type":"ListItem","position":2,"name":"Uncategorized","item":"https:\/\/areka.com\/en\/product-category\/uncategorized\/"},{"@type":"ListItem","position":3,"name":"Double Mentos en Sachet"}]},{"@type":"WebSite","@id":"https:\/\/areka.com\/en\/#website","url":"https:\/\/areka.com\/en\/","name":"Areka","description":"Sp\u00e9cialiste fran\u00e7ais de la confiserie personnalis\u00e9e","potentialAction":[{"@type":"SearchAction","target":{"@type":"EntryPoint","urlTemplate":"https:\/\/areka.com\/en\/?s={search_term_string}"},"query-input":{"@type":"PropertyValueSpecification","valueRequired":true,"valueName":"search_term_string"}}],"inLanguage":"en-US"}]}},"_links":{"self":[{"href":"https:\/\/areka.com\/en\/wp-json\/wp\/v2\/product\/261","targetHints":{"allow":["GET"]}}],"collection":[{"href":"https:\/\/areka.com\/en\/wp-json\/wp\/v2\/product"}],"about":[{"href":"https:\/\/areka.com\/en\/wp-json\/wp\/v2\/types\/product"}],"replies":[{"embeddable":true,"href":"https:\/\/areka.com\/en\/wp-json\/wp\/v2\/comments?post=261"}],"wp:featuredmedia":[{"embeddable":true,"href":"https:\/\/areka.com\/en\/wp-json\/wp\/v2\/media\/509"}],"wp:attachment":[{"href":"https:\/\/areka.com\/en\/wp-json\/wp\/v2\/media?parent=261"}],"wp:term":[{"taxonomy":"product_brand","embeddable":true,"href":"https:\/\/areka.com\/en\/wp-json\/wp\/v2\/product_brand?post=261"},{"taxonomy":"product_cat","embeddable":true,"href":"https:\/\/areka.com\/en\/wp-json\/wp\/v2\/product_cat?post=261"},{"taxonomy":"product_tag","embeddable":true,"href":"https:\/\/areka.com\/en\/wp-json\/wp\/v2\/product_tag?post=261"}],"curies":[{"name":"wp","href":"https:\/\/api.w.org\/{rel}","templated":true}]}}