{"id":263,"date":"2023-04-23T18:16:34","date_gmt":"2023-04-23T16:16:34","guid":{"rendered":"https:\/\/areka.com\/?post_type=product&#038;p=263"},"modified":"2026-04-15T13:10:09","modified_gmt":"2026-04-15T11:10:09","slug":"bonbons-papillote-blanche-ou-transparente-5-g","status":"publish","type":"product","link":"https:\/\/areka.com\/en\/produit\/bonbons-papillote-blanche-ou-transparente-5-g\/","title":{"rendered":"Bonbons Papillote Blanche ou Transparente 5 g"},"content":{"rendered":"<p><strong>Le classique \u00e0 fort impact promotionnel.<\/strong><br \/>\nLe bonbon promotionnel traditionnel, envelopp\u00e9 dans un emballage torsad\u00e9 personnalis\u00e9, allie plaisir sucr\u00e9 et pr\u00e9sentation attrayante. Un cadeau intemporel, toujours appr\u00e9ci\u00e9, qui transmet votre message avec \u00e9l\u00e9gance.<\/p>\n<ul>\n<li>Contenu: 5 g<\/li>\n<li>Saveurs:\n<ul>\n<li>fruits assortis (framboise, citron, kiwi, orange)<\/li>\n<li>fruits aromatis\u00e9s (fruit sucr\u00e9 sans colorants)<\/li>\n<li>menthe forte<\/li>\n<li>polar ice<\/li>\n<li>vitamine<\/li>\n<li>caramel<\/li>\n<li>r\u00e9glisse<\/li>\n<\/ul>\n<\/li>\n<li>Go\u00fbt sp\u00e9cial: \u00e0 partir de 1 000 kg ou 3 000 kg (selon le parfum)<\/li>\n<li>Conditionnement: 1 kg \/ 2,5 kg \/ 5 kg en sachet poly (1 kg = approx. 200 pcs)<\/li>\n<li>D\u00e9lai de conservation: approx. 18 mois en cas de stockage appropri\u00e9<\/li>\n<li>D\u00e9lai de livraison: approx. 3 semaines apr\u00e8s accord du BAT<\/li>\n<\/ul>\n","protected":false},"excerpt":{"rendered":"<p>Le classique \u00e0 fort impact promotionnel. Le bonbon promotionnel traditionnel, envelopp\u00e9 dans un emballage torsad\u00e9 personnalis\u00e9, allie plaisir sucr\u00e9 et pr\u00e9sentation attrayante. Un cadeau intemporel, toujours appr\u00e9ci\u00e9, qui transmet votre message avec \u00e9l\u00e9gance. Contenu: 5 g Saveurs: fruits assortis (framboise, citron, kiwi, orange) fruits aromatis\u00e9s (fruit sucr\u00e9 sans colorants) menthe forte polar ice vitamine caramel<a href=\"https:\/\/areka.com\/en\/produit\/bonbons-papillote-blanche-ou-transparente-5-g\/\">Continue reading <span class=\"sr-only\">&#8220;Bonbons Papillote Blanche ou Transparente 5 g&#8221;<\/span><\/a><\/p>\n","protected":false},"featured_media":514,"comment_status":"open","ping_status":"closed","template":"","meta":{"_acf_changed":false,"inline_featured_image":false},"product_brand":[],"product_cat":[35,28],"product_tag":[],"class_list":{"0":"post-263","1":"product","2":"type-product","3":"status-publish","4":"has-post-thumbnail","6":"product_cat-produits-personnalisables","7":"product_cat-bonbons-et-sucettes","9":"first","10":"instock","11":"shipping-taxable","12":"product-type-simple"},"acf":[],"yoast_head":"<!-- This site is optimized with the Yoast SEO plugin v24.9 - https:\/\/yoast.com\/wordpress\/plugins\/seo\/ -->\n<title>Bonbons Papillote Blanche ou Transparente 5 g : Areka<\/title>\n<meta name=\"robots\" content=\"index, follow, max-snippet:-1, max-image-preview:large, max-video-preview:-1\" \/>\n<link rel=\"canonical\" href=\"https:\/\/areka.com\/en\/produit\/bonbons-papillote-blanche-ou-transparente-5-g\/\" \/>\n<meta property=\"og:locale\" content=\"en_US\" \/>\n<meta property=\"og:type\" content=\"article\" \/>\n<meta property=\"og:title\" content=\"Bonbons Papillote Blanche ou Transparente 5 g : Areka\" \/>\n<meta property=\"og:description\" content=\"Le classique \u00e0 fort impact promotionnel. Le bonbon promotionnel traditionnel, envelopp\u00e9 dans un emballage torsad\u00e9 personnalis\u00e9, allie plaisir sucr\u00e9 et pr\u00e9sentation attrayante. Un cadeau intemporel, toujours appr\u00e9ci\u00e9, qui transmet votre message avec \u00e9l\u00e9gance. Contenu: 5 g Saveurs: fruits assortis (framboise, citron, kiwi, orange) fruits aromatis\u00e9s (fruit sucr\u00e9 sans colorants) menthe forte polar ice vitamine caramelContinue reading &quot;Bonbons Papillote Blanche ou Transparente 5 g&quot;\" \/>\n<meta property=\"og:url\" content=\"https:\/\/areka.com\/en\/produit\/bonbons-papillote-blanche-ou-transparente-5-g\/\" \/>\n<meta property=\"og:site_name\" content=\"Areka\" \/>\n<meta property=\"article:modified_time\" content=\"2026-04-15T11:10:09+00:00\" \/>\n<meta property=\"og:image\" content=\"https:\/\/areka.com\/wp-content\/uploads\/2023\/04\/papillotes-blanc.png\" \/>\n\t<meta property=\"og:image:width\" content=\"412\" \/>\n\t<meta property=\"og:image:height\" content=\"412\" \/>\n\t<meta property=\"og:image:type\" content=\"image\/png\" \/>\n<meta name=\"twitter:card\" content=\"summary_large_image\" \/>\n<meta name=\"twitter:label1\" content=\"Est. reading time\" \/>\n\t<meta name=\"twitter:data1\" content=\"1 minute\" \/>\n<script type=\"application\/ld+json\" class=\"yoast-schema-graph\">{\"@context\":\"https:\/\/schema.org\",\"@graph\":[{\"@type\":\"WebPage\",\"@id\":\"https:\/\/areka.com\/en\/produit\/bonbons-papillote-blanche-ou-transparente-5-g\/\",\"url\":\"https:\/\/areka.com\/en\/produit\/bonbons-papillote-blanche-ou-transparente-5-g\/\",\"name\":\"Bonbons Papillote Blanche ou Transparente 5 g : Areka\",\"isPartOf\":{\"@id\":\"https:\/\/areka.com\/en\/#website\"},\"primaryImageOfPage\":{\"@id\":\"https:\/\/areka.com\/en\/produit\/bonbons-papillote-blanche-ou-transparente-5-g\/#primaryimage\"},\"image\":{\"@id\":\"https:\/\/areka.com\/en\/produit\/bonbons-papillote-blanche-ou-transparente-5-g\/#primaryimage\"},\"thumbnailUrl\":\"https:\/\/areka.com\/wp-content\/uploads\/2023\/04\/papillotes-blanc.png\",\"datePublished\":\"2023-04-23T16:16:34+00:00\",\"dateModified\":\"2026-04-15T11:10:09+00:00\",\"breadcrumb\":{\"@id\":\"https:\/\/areka.com\/en\/produit\/bonbons-papillote-blanche-ou-transparente-5-g\/#breadcrumb\"},\"inLanguage\":\"en-US\",\"potentialAction\":[{\"@type\":\"ReadAction\",\"target\":[\"https:\/\/areka.com\/en\/produit\/bonbons-papillote-blanche-ou-transparente-5-g\/\"]}]},{\"@type\":\"ImageObject\",\"inLanguage\":\"en-US\",\"@id\":\"https:\/\/areka.com\/en\/produit\/bonbons-papillote-blanche-ou-transparente-5-g\/#primaryimage\",\"url\":\"https:\/\/areka.com\/wp-content\/uploads\/2023\/04\/papillotes-blanc.png\",\"contentUrl\":\"https:\/\/areka.com\/wp-content\/uploads\/2023\/04\/papillotes-blanc.png\",\"width\":412,\"height\":412},{\"@type\":\"BreadcrumbList\",\"@id\":\"https:\/\/areka.com\/en\/produit\/bonbons-papillote-blanche-ou-transparente-5-g\/#breadcrumb\",\"itemListElement\":[{\"@type\":\"ListItem\",\"position\":1,\"name\":\"All of our products\",\"item\":\"https:\/\/areka.com\/en\/shop\/\"},{\"@type\":\"ListItem\",\"position\":2,\"name\":\"Personalized products\",\"item\":\"https:\/\/areka.com\/en\/product-category\/personalized-products\/\"},{\"@type\":\"ListItem\",\"position\":3,\"name\":\"Bonbons Papillote Blanche ou Transparente 5 g\"}]},{\"@type\":\"WebSite\",\"@id\":\"https:\/\/areka.com\/en\/#website\",\"url\":\"https:\/\/areka.com\/en\/\",\"name\":\"Areka\",\"description\":\"Sp\u00e9cialiste fran\u00e7ais de la confiserie personnalis\u00e9e\",\"potentialAction\":[{\"@type\":\"SearchAction\",\"target\":{\"@type\":\"EntryPoint\",\"urlTemplate\":\"https:\/\/areka.com\/en\/?s={search_term_string}\"},\"query-input\":{\"@type\":\"PropertyValueSpecification\",\"valueRequired\":true,\"valueName\":\"search_term_string\"}}],\"inLanguage\":\"en-US\"}]}<\/script>\n<!-- \/ Yoast SEO plugin. -->","yoast_head_json":{"title":"Bonbons Papillote Blanche ou Transparente 5 g : Areka","robots":{"index":"index","follow":"follow","max-snippet":"max-snippet:-1","max-image-preview":"max-image-preview:large","max-video-preview":"max-video-preview:-1"},"canonical":"https:\/\/areka.com\/en\/produit\/bonbons-papillote-blanche-ou-transparente-5-g\/","og_locale":"en_US","og_type":"article","og_title":"Bonbons Papillote Blanche ou Transparente 5 g : Areka","og_description":"Le classique \u00e0 fort impact promotionnel. Le bonbon promotionnel traditionnel, envelopp\u00e9 dans un emballage torsad\u00e9 personnalis\u00e9, allie plaisir sucr\u00e9 et pr\u00e9sentation attrayante. Un cadeau intemporel, toujours appr\u00e9ci\u00e9, qui transmet votre message avec \u00e9l\u00e9gance. Contenu: 5 g Saveurs: fruits assortis (framboise, citron, kiwi, orange) fruits aromatis\u00e9s (fruit sucr\u00e9 sans colorants) menthe forte polar ice vitamine caramelContinue reading \"Bonbons Papillote Blanche ou Transparente 5 g\"","og_url":"https:\/\/areka.com\/en\/produit\/bonbons-papillote-blanche-ou-transparente-5-g\/","og_site_name":"Areka","article_modified_time":"2026-04-15T11:10:09+00:00","og_image":[{"width":412,"height":412,"url":"https:\/\/areka.com\/wp-content\/uploads\/2023\/04\/papillotes-blanc.png","type":"image\/png"}],"twitter_card":"summary_large_image","twitter_misc":{"Est. reading time":"1 minute"},"schema":{"@context":"https:\/\/schema.org","@graph":[{"@type":"WebPage","@id":"https:\/\/areka.com\/en\/produit\/bonbons-papillote-blanche-ou-transparente-5-g\/","url":"https:\/\/areka.com\/en\/produit\/bonbons-papillote-blanche-ou-transparente-5-g\/","name":"Bonbons Papillote Blanche ou Transparente 5 g : Areka","isPartOf":{"@id":"https:\/\/areka.com\/en\/#website"},"primaryImageOfPage":{"@id":"https:\/\/areka.com\/en\/produit\/bonbons-papillote-blanche-ou-transparente-5-g\/#primaryimage"},"image":{"@id":"https:\/\/areka.com\/en\/produit\/bonbons-papillote-blanche-ou-transparente-5-g\/#primaryimage"},"thumbnailUrl":"https:\/\/areka.com\/wp-content\/uploads\/2023\/04\/papillotes-blanc.png","datePublished":"2023-04-23T16:16:34+00:00","dateModified":"2026-04-15T11:10:09+00:00","breadcrumb":{"@id":"https:\/\/areka.com\/en\/produit\/bonbons-papillote-blanche-ou-transparente-5-g\/#breadcrumb"},"inLanguage":"en-US","potentialAction":[{"@type":"ReadAction","target":["https:\/\/areka.com\/en\/produit\/bonbons-papillote-blanche-ou-transparente-5-g\/"]}]},{"@type":"ImageObject","inLanguage":"en-US","@id":"https:\/\/areka.com\/en\/produit\/bonbons-papillote-blanche-ou-transparente-5-g\/#primaryimage","url":"https:\/\/areka.com\/wp-content\/uploads\/2023\/04\/papillotes-blanc.png","contentUrl":"https:\/\/areka.com\/wp-content\/uploads\/2023\/04\/papillotes-blanc.png","width":412,"height":412},{"@type":"BreadcrumbList","@id":"https:\/\/areka.com\/en\/produit\/bonbons-papillote-blanche-ou-transparente-5-g\/#breadcrumb","itemListElement":[{"@type":"ListItem","position":1,"name":"All of our products","item":"https:\/\/areka.com\/en\/shop\/"},{"@type":"ListItem","position":2,"name":"Personalized products","item":"https:\/\/areka.com\/en\/product-category\/personalized-products\/"},{"@type":"ListItem","position":3,"name":"Bonbons Papillote Blanche ou Transparente 5 g"}]},{"@type":"WebSite","@id":"https:\/\/areka.com\/en\/#website","url":"https:\/\/areka.com\/en\/","name":"Areka","description":"Sp\u00e9cialiste fran\u00e7ais de la confiserie personnalis\u00e9e","potentialAction":[{"@type":"SearchAction","target":{"@type":"EntryPoint","urlTemplate":"https:\/\/areka.com\/en\/?s={search_term_string}"},"query-input":{"@type":"PropertyValueSpecification","valueRequired":true,"valueName":"search_term_string"}}],"inLanguage":"en-US"}]}},"_links":{"self":[{"href":"https:\/\/areka.com\/en\/wp-json\/wp\/v2\/product\/263","targetHints":{"allow":["GET"]}}],"collection":[{"href":"https:\/\/areka.com\/en\/wp-json\/wp\/v2\/product"}],"about":[{"href":"https:\/\/areka.com\/en\/wp-json\/wp\/v2\/types\/product"}],"replies":[{"embeddable":true,"href":"https:\/\/areka.com\/en\/wp-json\/wp\/v2\/comments?post=263"}],"wp:featuredmedia":[{"embeddable":true,"href":"https:\/\/areka.com\/en\/wp-json\/wp\/v2\/media\/514"}],"wp:attachment":[{"href":"https:\/\/areka.com\/en\/wp-json\/wp\/v2\/media?parent=263"}],"wp:term":[{"taxonomy":"product_brand","embeddable":true,"href":"https:\/\/areka.com\/en\/wp-json\/wp\/v2\/product_brand?post=263"},{"taxonomy":"product_cat","embeddable":true,"href":"https:\/\/areka.com\/en\/wp-json\/wp\/v2\/product_cat?post=263"},{"taxonomy":"product_tag","embeddable":true,"href":"https:\/\/areka.com\/en\/wp-json\/wp\/v2\/product_tag?post=263"}],"curies":[{"name":"wp","href":"https:\/\/api.w.org\/{rel}","templated":true}]}}