{"id":264,"date":"2023-04-23T18:15:57","date_gmt":"2023-04-23T16:15:57","guid":{"rendered":"https:\/\/areka.com\/?post_type=product&#038;p=264"},"modified":"2026-04-15T13:17:21","modified_gmt":"2026-04-15T11:17:21","slug":"mini-sucette-chupa-chups","status":"publish","type":"product","link":"https:\/\/areka.com\/en\/produit\/mini-sucette-chupa-chups\/","title":{"rendered":"Mini Sucette Chupa Chups"},"content":{"rendered":"<p><strong>Plaisir rond, impact assur\u00e9.<\/strong><br \/>\nLa version mini des sucettes populaires offre un plaisir sucr\u00e9 dans un format pratique. Emball\u00e9es individuellement dans un sachet personnalis\u00e9, elles deviennent un giveaway color\u00e9, parfait pour diffuser bonne humeur et mettre votre message de marque en avant.<\/p>\n<ul>\n<li>Contenu: 6 g<\/li>\n<li>Saveurs:\n<ul>\n<li>fraise, orange, pomme, cola (disponible uniquement en assortiment)<\/li>\n<\/ul>\n<\/li>\n<li>Dimensions: approx. 60 x 135 mm<\/li>\n<li>Conditionnement: 200 pcs. par carton \/ 800 pcs. dans le carton d&#8217;exp\u00e9dition<\/li>\n<li>D\u00e9lai de conservation: approx. 18 mois en cas de stockage appropri\u00e9<\/li>\n<li>D\u00e9lai de livraison: approx. 3 semaines apr\u00e8s accord du BAT<\/li>\n<\/ul>\n","protected":false},"excerpt":{"rendered":"<p>Plaisir rond, impact assur\u00e9. La version mini des sucettes populaires offre un plaisir sucr\u00e9 dans un format pratique. Emball\u00e9es individuellement dans un sachet personnalis\u00e9, elles deviennent un giveaway color\u00e9, parfait pour diffuser bonne humeur et mettre votre message de marque en avant. Contenu: 6 g Saveurs: fraise, orange, pomme, cola (disponible uniquement en assortiment) Dimensions:<a href=\"https:\/\/areka.com\/en\/produit\/mini-sucette-chupa-chups\/\">Continue reading <span class=\"sr-only\">&#8220;Mini Sucette Chupa Chups&#8221;<\/span><\/a><\/p>\n","protected":false},"featured_media":301,"comment_status":"open","ping_status":"closed","template":"","meta":{"_acf_changed":false,"inline_featured_image":false},"product_brand":[],"product_cat":[35,28],"product_tag":[],"class_list":{"0":"post-264","1":"product","2":"type-product","3":"status-publish","4":"has-post-thumbnail","6":"product_cat-produits-personnalisables","7":"product_cat-bonbons-et-sucettes","9":"first","10":"instock","11":"shipping-taxable","12":"product-type-simple"},"acf":[],"yoast_head":"<!-- This site is optimized with the Yoast SEO plugin v24.9 - https:\/\/yoast.com\/wordpress\/plugins\/seo\/ -->\n<title>Mini Sucette Chupa Chups : Areka<\/title>\n<meta name=\"robots\" content=\"index, follow, max-snippet:-1, max-image-preview:large, max-video-preview:-1\" \/>\n<link rel=\"canonical\" href=\"https:\/\/areka.com\/en\/produit\/mini-sucette-chupa-chups\/\" \/>\n<meta property=\"og:locale\" content=\"en_US\" \/>\n<meta property=\"og:type\" content=\"article\" \/>\n<meta property=\"og:title\" content=\"Mini Sucette Chupa Chups : Areka\" \/>\n<meta property=\"og:description\" content=\"Plaisir rond, impact assur\u00e9. La version mini des sucettes populaires offre un plaisir sucr\u00e9 dans un format pratique. Emball\u00e9es individuellement dans un sachet personnalis\u00e9, elles deviennent un giveaway color\u00e9, parfait pour diffuser bonne humeur et mettre votre message de marque en avant. Contenu: 6 g Saveurs: fraise, orange, pomme, cola (disponible uniquement en assortiment) Dimensions:Continue reading &quot;Mini Sucette Chupa Chups&quot;\" \/>\n<meta property=\"og:url\" content=\"https:\/\/areka.com\/en\/produit\/mini-sucette-chupa-chups\/\" \/>\n<meta property=\"og:site_name\" content=\"Areka\" \/>\n<meta property=\"article:modified_time\" content=\"2026-04-15T11:17:21+00:00\" \/>\n<meta property=\"og:image\" content=\"https:\/\/areka.com\/wp-content\/uploads\/2023\/04\/chupa.png\" \/>\n\t<meta property=\"og:image:width\" content=\"412\" \/>\n\t<meta property=\"og:image:height\" content=\"412\" \/>\n\t<meta property=\"og:image:type\" content=\"image\/png\" \/>\n<meta name=\"twitter:card\" content=\"summary_large_image\" \/>\n<meta name=\"twitter:label1\" content=\"Est. reading time\" \/>\n\t<meta name=\"twitter:data1\" content=\"1 minute\" \/>\n<script type=\"application\/ld+json\" class=\"yoast-schema-graph\">{\"@context\":\"https:\/\/schema.org\",\"@graph\":[{\"@type\":\"WebPage\",\"@id\":\"https:\/\/areka.com\/en\/produit\/mini-sucette-chupa-chups\/\",\"url\":\"https:\/\/areka.com\/en\/produit\/mini-sucette-chupa-chups\/\",\"name\":\"Mini Sucette Chupa Chups : Areka\",\"isPartOf\":{\"@id\":\"https:\/\/areka.com\/en\/#website\"},\"primaryImageOfPage\":{\"@id\":\"https:\/\/areka.com\/en\/produit\/mini-sucette-chupa-chups\/#primaryimage\"},\"image\":{\"@id\":\"https:\/\/areka.com\/en\/produit\/mini-sucette-chupa-chups\/#primaryimage\"},\"thumbnailUrl\":\"https:\/\/areka.com\/wp-content\/uploads\/2023\/04\/chupa.png\",\"datePublished\":\"2023-04-23T16:15:57+00:00\",\"dateModified\":\"2026-04-15T11:17:21+00:00\",\"breadcrumb\":{\"@id\":\"https:\/\/areka.com\/en\/produit\/mini-sucette-chupa-chups\/#breadcrumb\"},\"inLanguage\":\"en-US\",\"potentialAction\":[{\"@type\":\"ReadAction\",\"target\":[\"https:\/\/areka.com\/en\/produit\/mini-sucette-chupa-chups\/\"]}]},{\"@type\":\"ImageObject\",\"inLanguage\":\"en-US\",\"@id\":\"https:\/\/areka.com\/en\/produit\/mini-sucette-chupa-chups\/#primaryimage\",\"url\":\"https:\/\/areka.com\/wp-content\/uploads\/2023\/04\/chupa.png\",\"contentUrl\":\"https:\/\/areka.com\/wp-content\/uploads\/2023\/04\/chupa.png\",\"width\":412,\"height\":412},{\"@type\":\"BreadcrumbList\",\"@id\":\"https:\/\/areka.com\/en\/produit\/mini-sucette-chupa-chups\/#breadcrumb\",\"itemListElement\":[{\"@type\":\"ListItem\",\"position\":1,\"name\":\"All of our products\",\"item\":\"https:\/\/areka.com\/en\/shop\/\"},{\"@type\":\"ListItem\",\"position\":2,\"name\":\"Personalized products\",\"item\":\"https:\/\/areka.com\/en\/product-category\/personalized-products\/\"},{\"@type\":\"ListItem\",\"position\":3,\"name\":\"Mini Sucette Chupa Chups\"}]},{\"@type\":\"WebSite\",\"@id\":\"https:\/\/areka.com\/en\/#website\",\"url\":\"https:\/\/areka.com\/en\/\",\"name\":\"Areka\",\"description\":\"Sp\u00e9cialiste fran\u00e7ais de la confiserie personnalis\u00e9e\",\"potentialAction\":[{\"@type\":\"SearchAction\",\"target\":{\"@type\":\"EntryPoint\",\"urlTemplate\":\"https:\/\/areka.com\/en\/?s={search_term_string}\"},\"query-input\":{\"@type\":\"PropertyValueSpecification\",\"valueRequired\":true,\"valueName\":\"search_term_string\"}}],\"inLanguage\":\"en-US\"}]}<\/script>\n<!-- \/ Yoast SEO plugin. -->","yoast_head_json":{"title":"Mini Sucette Chupa Chups : Areka","robots":{"index":"index","follow":"follow","max-snippet":"max-snippet:-1","max-image-preview":"max-image-preview:large","max-video-preview":"max-video-preview:-1"},"canonical":"https:\/\/areka.com\/en\/produit\/mini-sucette-chupa-chups\/","og_locale":"en_US","og_type":"article","og_title":"Mini Sucette Chupa Chups : Areka","og_description":"Plaisir rond, impact assur\u00e9. La version mini des sucettes populaires offre un plaisir sucr\u00e9 dans un format pratique. Emball\u00e9es individuellement dans un sachet personnalis\u00e9, elles deviennent un giveaway color\u00e9, parfait pour diffuser bonne humeur et mettre votre message de marque en avant. Contenu: 6 g Saveurs: fraise, orange, pomme, cola (disponible uniquement en assortiment) Dimensions:Continue reading \"Mini Sucette Chupa Chups\"","og_url":"https:\/\/areka.com\/en\/produit\/mini-sucette-chupa-chups\/","og_site_name":"Areka","article_modified_time":"2026-04-15T11:17:21+00:00","og_image":[{"width":412,"height":412,"url":"https:\/\/areka.com\/wp-content\/uploads\/2023\/04\/chupa.png","type":"image\/png"}],"twitter_card":"summary_large_image","twitter_misc":{"Est. reading time":"1 minute"},"schema":{"@context":"https:\/\/schema.org","@graph":[{"@type":"WebPage","@id":"https:\/\/areka.com\/en\/produit\/mini-sucette-chupa-chups\/","url":"https:\/\/areka.com\/en\/produit\/mini-sucette-chupa-chups\/","name":"Mini Sucette Chupa Chups : Areka","isPartOf":{"@id":"https:\/\/areka.com\/en\/#website"},"primaryImageOfPage":{"@id":"https:\/\/areka.com\/en\/produit\/mini-sucette-chupa-chups\/#primaryimage"},"image":{"@id":"https:\/\/areka.com\/en\/produit\/mini-sucette-chupa-chups\/#primaryimage"},"thumbnailUrl":"https:\/\/areka.com\/wp-content\/uploads\/2023\/04\/chupa.png","datePublished":"2023-04-23T16:15:57+00:00","dateModified":"2026-04-15T11:17:21+00:00","breadcrumb":{"@id":"https:\/\/areka.com\/en\/produit\/mini-sucette-chupa-chups\/#breadcrumb"},"inLanguage":"en-US","potentialAction":[{"@type":"ReadAction","target":["https:\/\/areka.com\/en\/produit\/mini-sucette-chupa-chups\/"]}]},{"@type":"ImageObject","inLanguage":"en-US","@id":"https:\/\/areka.com\/en\/produit\/mini-sucette-chupa-chups\/#primaryimage","url":"https:\/\/areka.com\/wp-content\/uploads\/2023\/04\/chupa.png","contentUrl":"https:\/\/areka.com\/wp-content\/uploads\/2023\/04\/chupa.png","width":412,"height":412},{"@type":"BreadcrumbList","@id":"https:\/\/areka.com\/en\/produit\/mini-sucette-chupa-chups\/#breadcrumb","itemListElement":[{"@type":"ListItem","position":1,"name":"All of our products","item":"https:\/\/areka.com\/en\/shop\/"},{"@type":"ListItem","position":2,"name":"Personalized products","item":"https:\/\/areka.com\/en\/product-category\/personalized-products\/"},{"@type":"ListItem","position":3,"name":"Mini Sucette Chupa Chups"}]},{"@type":"WebSite","@id":"https:\/\/areka.com\/en\/#website","url":"https:\/\/areka.com\/en\/","name":"Areka","description":"Sp\u00e9cialiste fran\u00e7ais de la confiserie personnalis\u00e9e","potentialAction":[{"@type":"SearchAction","target":{"@type":"EntryPoint","urlTemplate":"https:\/\/areka.com\/en\/?s={search_term_string}"},"query-input":{"@type":"PropertyValueSpecification","valueRequired":true,"valueName":"search_term_string"}}],"inLanguage":"en-US"}]}},"_links":{"self":[{"href":"https:\/\/areka.com\/en\/wp-json\/wp\/v2\/product\/264","targetHints":{"allow":["GET"]}}],"collection":[{"href":"https:\/\/areka.com\/en\/wp-json\/wp\/v2\/product"}],"about":[{"href":"https:\/\/areka.com\/en\/wp-json\/wp\/v2\/types\/product"}],"replies":[{"embeddable":true,"href":"https:\/\/areka.com\/en\/wp-json\/wp\/v2\/comments?post=264"}],"wp:featuredmedia":[{"embeddable":true,"href":"https:\/\/areka.com\/en\/wp-json\/wp\/v2\/media\/301"}],"wp:attachment":[{"href":"https:\/\/areka.com\/en\/wp-json\/wp\/v2\/media?parent=264"}],"wp:term":[{"taxonomy":"product_brand","embeddable":true,"href":"https:\/\/areka.com\/en\/wp-json\/wp\/v2\/product_brand?post=264"},{"taxonomy":"product_cat","embeddable":true,"href":"https:\/\/areka.com\/en\/wp-json\/wp\/v2\/product_cat?post=264"},{"taxonomy":"product_tag","embeddable":true,"href":"https:\/\/areka.com\/en\/wp-json\/wp\/v2\/product_tag?post=264"}],"curies":[{"name":"wp","href":"https:\/\/api.w.org\/{rel}","templated":true}]}}