{"id":267,"date":"2023-04-23T18:13:31","date_gmt":"2023-04-23T16:13:31","guid":{"rendered":"https:\/\/areka.com\/?post_type=product&#038;p=267"},"modified":"2025-03-24T18:22:41","modified_gmt":"2025-03-24T17:22:41","slug":"mini-bonboniere-avec-couvercle-a-vis","status":"publish","type":"product","link":"https:\/\/areka.com\/en\/produit\/mini-bonboniere-avec-couvercle-a-vis\/","title":{"rendered":"Mini Bonbonni\u00e8re avec Couvercle \u00e0 Vis"},"content":{"rendered":"<p>Mini bonbonni\u00e8re avec couvercle \u00e0 vis (m\u00e9tal) remplie de mini chocolats color\u00e9s. Impression sur sticker personnalisable.<\/p>\n<ul>\n<li>Contenu: 90 g<\/li>\n<li>Dimensions: approx. 65 x 71 mm<\/li>\n<li>Sticker: approx. \u00d8 40 mm<\/li>\n<li>Conditionnement: 48 pcs. par carton<\/li>\n<li>D\u00e9lai de conservation: approx. 12 mois en cas de stockage appropri\u00e9<\/li>\n<li>D\u00e9lai de livraison: approx. 3 semaines apr\u00e8s accord du BAT<\/li>\n<\/ul>\n","protected":false},"excerpt":{"rendered":"<p>Mini bonbonni\u00e8re avec couvercle \u00e0 vis (m\u00e9tal) remplie de mini chocolats color\u00e9s. Impression sur sticker personnalisable. Contenu: 90 g Dimensions: approx. 65 x 71 mm Sticker: approx. \u00d8 40 mm Conditionnement: 48 pcs. par carton D\u00e9lai de conservation: approx. 12 mois en cas de stockage appropri\u00e9 D\u00e9lai de livraison: approx. 3 semaines apr\u00e8s accord du<a href=\"https:\/\/areka.com\/en\/produit\/mini-bonboniere-avec-couvercle-a-vis\/\">Continue reading <span class=\"sr-only\">&#8220;Mini Bonbonni\u00e8re avec Couvercle \u00e0 Vis&#8221;<\/span><\/a><\/p>\n","protected":false},"featured_media":520,"comment_status":"open","ping_status":"closed","template":"","meta":{"_acf_changed":false,"inline_featured_image":false},"product_brand":[],"product_cat":[35,28],"product_tag":[],"class_list":{"0":"post-267","1":"product","2":"type-product","3":"status-publish","4":"has-post-thumbnail","6":"product_cat-produits-personnalisables","7":"product_cat-bonbons-et-sucettes","9":"first","10":"instock","11":"shipping-taxable","12":"product-type-simple"},"acf":[],"yoast_head":"<!-- This site is optimized with the Yoast SEO plugin v24.9 - https:\/\/yoast.com\/wordpress\/plugins\/seo\/ -->\n<title>Mini Bonbonni\u00e8re avec Couvercle \u00e0 Vis : Areka<\/title>\n<meta name=\"robots\" content=\"index, follow, max-snippet:-1, max-image-preview:large, max-video-preview:-1\" \/>\n<link rel=\"canonical\" href=\"https:\/\/areka.com\/en\/produit\/mini-bonboniere-avec-couvercle-a-vis\/\" \/>\n<meta property=\"og:locale\" content=\"en_US\" \/>\n<meta property=\"og:type\" content=\"article\" \/>\n<meta property=\"og:title\" content=\"Mini Bonbonni\u00e8re avec Couvercle \u00e0 Vis : Areka\" \/>\n<meta property=\"og:description\" content=\"Mini bonbonni\u00e8re avec couvercle \u00e0 vis (m\u00e9tal) remplie de mini chocolats color\u00e9s. Impression sur sticker personnalisable. Contenu: 90 g Dimensions: approx. 65 x 71 mm Sticker: approx. \u00d8 40 mm Conditionnement: 48 pcs. par carton D\u00e9lai de conservation: approx. 12 mois en cas de stockage appropri\u00e9 D\u00e9lai de livraison: approx. 3 semaines apr\u00e8s accord duContinue reading &quot;Mini Bonbonni\u00e8re avec Couvercle \u00e0 Vis&quot;\" \/>\n<meta property=\"og:url\" content=\"https:\/\/areka.com\/en\/produit\/mini-bonboniere-avec-couvercle-a-vis\/\" \/>\n<meta property=\"og:site_name\" content=\"Areka\" \/>\n<meta property=\"article:modified_time\" content=\"2025-03-24T17:22:41+00:00\" \/>\n<meta property=\"og:image\" content=\"https:\/\/areka.com\/wp-content\/uploads\/2023\/04\/mini-bonboniere.png\" \/>\n\t<meta property=\"og:image:width\" content=\"412\" \/>\n\t<meta property=\"og:image:height\" content=\"412\" \/>\n\t<meta property=\"og:image:type\" content=\"image\/png\" \/>\n<meta name=\"twitter:card\" content=\"summary_large_image\" \/>\n<meta name=\"twitter:label1\" content=\"Est. reading time\" \/>\n\t<meta name=\"twitter:data1\" content=\"1 minute\" \/>\n<script type=\"application\/ld+json\" class=\"yoast-schema-graph\">{\"@context\":\"https:\/\/schema.org\",\"@graph\":[{\"@type\":\"WebPage\",\"@id\":\"https:\/\/areka.com\/en\/produit\/mini-bonboniere-avec-couvercle-a-vis\/\",\"url\":\"https:\/\/areka.com\/en\/produit\/mini-bonboniere-avec-couvercle-a-vis\/\",\"name\":\"Mini Bonbonni\u00e8re avec Couvercle \u00e0 Vis : Areka\",\"isPartOf\":{\"@id\":\"https:\/\/areka.com\/en\/#website\"},\"primaryImageOfPage\":{\"@id\":\"https:\/\/areka.com\/en\/produit\/mini-bonboniere-avec-couvercle-a-vis\/#primaryimage\"},\"image\":{\"@id\":\"https:\/\/areka.com\/en\/produit\/mini-bonboniere-avec-couvercle-a-vis\/#primaryimage\"},\"thumbnailUrl\":\"https:\/\/areka.com\/wp-content\/uploads\/2023\/04\/mini-bonboniere.png\",\"datePublished\":\"2023-04-23T16:13:31+00:00\",\"dateModified\":\"2025-03-24T17:22:41+00:00\",\"breadcrumb\":{\"@id\":\"https:\/\/areka.com\/en\/produit\/mini-bonboniere-avec-couvercle-a-vis\/#breadcrumb\"},\"inLanguage\":\"en-US\",\"potentialAction\":[{\"@type\":\"ReadAction\",\"target\":[\"https:\/\/areka.com\/en\/produit\/mini-bonboniere-avec-couvercle-a-vis\/\"]}]},{\"@type\":\"ImageObject\",\"inLanguage\":\"en-US\",\"@id\":\"https:\/\/areka.com\/en\/produit\/mini-bonboniere-avec-couvercle-a-vis\/#primaryimage\",\"url\":\"https:\/\/areka.com\/wp-content\/uploads\/2023\/04\/mini-bonboniere.png\",\"contentUrl\":\"https:\/\/areka.com\/wp-content\/uploads\/2023\/04\/mini-bonboniere.png\",\"width\":412,\"height\":412},{\"@type\":\"BreadcrumbList\",\"@id\":\"https:\/\/areka.com\/en\/produit\/mini-bonboniere-avec-couvercle-a-vis\/#breadcrumb\",\"itemListElement\":[{\"@type\":\"ListItem\",\"position\":1,\"name\":\"All of our products\",\"item\":\"https:\/\/areka.com\/en\/shop\/\"},{\"@type\":\"ListItem\",\"position\":2,\"name\":\"Personalized products\",\"item\":\"https:\/\/areka.com\/en\/product-category\/personalized-products\/\"},{\"@type\":\"ListItem\",\"position\":3,\"name\":\"Mini Bonbonni\u00e8re avec Couvercle \u00e0 Vis\"}]},{\"@type\":\"WebSite\",\"@id\":\"https:\/\/areka.com\/en\/#website\",\"url\":\"https:\/\/areka.com\/en\/\",\"name\":\"Areka\",\"description\":\"Sp\u00e9cialiste fran\u00e7ais de la confiserie personnalis\u00e9e\",\"potentialAction\":[{\"@type\":\"SearchAction\",\"target\":{\"@type\":\"EntryPoint\",\"urlTemplate\":\"https:\/\/areka.com\/en\/?s={search_term_string}\"},\"query-input\":{\"@type\":\"PropertyValueSpecification\",\"valueRequired\":true,\"valueName\":\"search_term_string\"}}],\"inLanguage\":\"en-US\"}]}<\/script>\n<!-- \/ Yoast SEO plugin. -->","yoast_head_json":{"title":"Mini Bonbonni\u00e8re avec Couvercle \u00e0 Vis : Areka","robots":{"index":"index","follow":"follow","max-snippet":"max-snippet:-1","max-image-preview":"max-image-preview:large","max-video-preview":"max-video-preview:-1"},"canonical":"https:\/\/areka.com\/en\/produit\/mini-bonboniere-avec-couvercle-a-vis\/","og_locale":"en_US","og_type":"article","og_title":"Mini Bonbonni\u00e8re avec Couvercle \u00e0 Vis : Areka","og_description":"Mini bonbonni\u00e8re avec couvercle \u00e0 vis (m\u00e9tal) remplie de mini chocolats color\u00e9s. Impression sur sticker personnalisable. Contenu: 90 g Dimensions: approx. 65 x 71 mm Sticker: approx. \u00d8 40 mm Conditionnement: 48 pcs. par carton D\u00e9lai de conservation: approx. 12 mois en cas de stockage appropri\u00e9 D\u00e9lai de livraison: approx. 3 semaines apr\u00e8s accord duContinue reading \"Mini Bonbonni\u00e8re avec Couvercle \u00e0 Vis\"","og_url":"https:\/\/areka.com\/en\/produit\/mini-bonboniere-avec-couvercle-a-vis\/","og_site_name":"Areka","article_modified_time":"2025-03-24T17:22:41+00:00","og_image":[{"width":412,"height":412,"url":"https:\/\/areka.com\/wp-content\/uploads\/2023\/04\/mini-bonboniere.png","type":"image\/png"}],"twitter_card":"summary_large_image","twitter_misc":{"Est. reading time":"1 minute"},"schema":{"@context":"https:\/\/schema.org","@graph":[{"@type":"WebPage","@id":"https:\/\/areka.com\/en\/produit\/mini-bonboniere-avec-couvercle-a-vis\/","url":"https:\/\/areka.com\/en\/produit\/mini-bonboniere-avec-couvercle-a-vis\/","name":"Mini Bonbonni\u00e8re avec Couvercle \u00e0 Vis : Areka","isPartOf":{"@id":"https:\/\/areka.com\/en\/#website"},"primaryImageOfPage":{"@id":"https:\/\/areka.com\/en\/produit\/mini-bonboniere-avec-couvercle-a-vis\/#primaryimage"},"image":{"@id":"https:\/\/areka.com\/en\/produit\/mini-bonboniere-avec-couvercle-a-vis\/#primaryimage"},"thumbnailUrl":"https:\/\/areka.com\/wp-content\/uploads\/2023\/04\/mini-bonboniere.png","datePublished":"2023-04-23T16:13:31+00:00","dateModified":"2025-03-24T17:22:41+00:00","breadcrumb":{"@id":"https:\/\/areka.com\/en\/produit\/mini-bonboniere-avec-couvercle-a-vis\/#breadcrumb"},"inLanguage":"en-US","potentialAction":[{"@type":"ReadAction","target":["https:\/\/areka.com\/en\/produit\/mini-bonboniere-avec-couvercle-a-vis\/"]}]},{"@type":"ImageObject","inLanguage":"en-US","@id":"https:\/\/areka.com\/en\/produit\/mini-bonboniere-avec-couvercle-a-vis\/#primaryimage","url":"https:\/\/areka.com\/wp-content\/uploads\/2023\/04\/mini-bonboniere.png","contentUrl":"https:\/\/areka.com\/wp-content\/uploads\/2023\/04\/mini-bonboniere.png","width":412,"height":412},{"@type":"BreadcrumbList","@id":"https:\/\/areka.com\/en\/produit\/mini-bonboniere-avec-couvercle-a-vis\/#breadcrumb","itemListElement":[{"@type":"ListItem","position":1,"name":"All of our products","item":"https:\/\/areka.com\/en\/shop\/"},{"@type":"ListItem","position":2,"name":"Personalized products","item":"https:\/\/areka.com\/en\/product-category\/personalized-products\/"},{"@type":"ListItem","position":3,"name":"Mini Bonbonni\u00e8re avec Couvercle \u00e0 Vis"}]},{"@type":"WebSite","@id":"https:\/\/areka.com\/en\/#website","url":"https:\/\/areka.com\/en\/","name":"Areka","description":"Sp\u00e9cialiste fran\u00e7ais de la confiserie personnalis\u00e9e","potentialAction":[{"@type":"SearchAction","target":{"@type":"EntryPoint","urlTemplate":"https:\/\/areka.com\/en\/?s={search_term_string}"},"query-input":{"@type":"PropertyValueSpecification","valueRequired":true,"valueName":"search_term_string"}}],"inLanguage":"en-US"}]}},"_links":{"self":[{"href":"https:\/\/areka.com\/en\/wp-json\/wp\/v2\/product\/267","targetHints":{"allow":["GET"]}}],"collection":[{"href":"https:\/\/areka.com\/en\/wp-json\/wp\/v2\/product"}],"about":[{"href":"https:\/\/areka.com\/en\/wp-json\/wp\/v2\/types\/product"}],"replies":[{"embeddable":true,"href":"https:\/\/areka.com\/en\/wp-json\/wp\/v2\/comments?post=267"}],"wp:featuredmedia":[{"embeddable":true,"href":"https:\/\/areka.com\/en\/wp-json\/wp\/v2\/media\/520"}],"wp:attachment":[{"href":"https:\/\/areka.com\/en\/wp-json\/wp\/v2\/media?parent=267"}],"wp:term":[{"taxonomy":"product_brand","embeddable":true,"href":"https:\/\/areka.com\/en\/wp-json\/wp\/v2\/product_brand?post=267"},{"taxonomy":"product_cat","embeddable":true,"href":"https:\/\/areka.com\/en\/wp-json\/wp\/v2\/product_cat?post=267"},{"taxonomy":"product_tag","embeddable":true,"href":"https:\/\/areka.com\/en\/wp-json\/wp\/v2\/product_tag?post=267"}],"curies":[{"name":"wp","href":"https:\/\/api.w.org\/{rel}","templated":true}]}}