{"id":268,"date":"2023-04-23T18:13:12","date_gmt":"2023-04-23T16:13:12","guid":{"rendered":"https:\/\/areka.com\/?post_type=product&#038;p=268"},"modified":"2025-03-24T18:23:30","modified_gmt":"2025-03-24T17:23:30","slug":"mini-bocal-vintage-avec-couvercle-a-pince","status":"publish","type":"product","link":"https:\/\/areka.com\/en\/produit\/mini-bocal-vintage-avec-couvercle-a-pince\/","title":{"rendered":"Mini Bocal Vintage avec Couvercle \u00e0 Pince"},"content":{"rendered":"<p>Mini bocal vintage avec couvercle \u00e0 pince remplissage : gommes de fruits forme standard avec<br \/>\n10% de fruits. Impression sur sticker personnalisable.<\/p>\n<ul>\n<li>Contenu: 64 g<\/li>\n<li>Dimensions: approx. 75,3 mm \/ \u00d8 approx. 59,5 mm<\/li>\n<li>Sticker: approx. \u00d8 40 mm<\/li>\n<li>Conditionnement: 10 pcs. par carton<\/li>\n<li>D\u00e9lai de conservation: approx. 12 mois en cas de stockage appropri\u00e9<\/li>\n<li>D\u00e9lai de livraison: approx. 3 semaines apr\u00e8s accord du BAT<\/li>\n<\/ul>\n","protected":false},"excerpt":{"rendered":"<p>Mini bocal vintage avec couvercle \u00e0 pince remplissage : gommes de fruits forme standard avec 10% de fruits. Impression sur sticker personnalisable. Contenu: 64 g Dimensions: approx. 75,3 mm \/ \u00d8 approx. 59,5 mm Sticker: approx. \u00d8 40 mm Conditionnement: 10 pcs. par carton D\u00e9lai de conservation: approx. 12 mois en cas de stockage appropri\u00e9<a href=\"https:\/\/areka.com\/en\/produit\/mini-bocal-vintage-avec-couvercle-a-pince\/\">Continue reading <span class=\"sr-only\">&#8220;Mini Bocal Vintage avec Couvercle \u00e0 Pince&#8221;<\/span><\/a><\/p>\n","protected":false},"featured_media":522,"comment_status":"open","ping_status":"closed","template":"","meta":{"_acf_changed":false,"inline_featured_image":false},"product_brand":[],"product_cat":[35,28],"product_tag":[],"class_list":{"0":"post-268","1":"product","2":"type-product","3":"status-publish","4":"has-post-thumbnail","6":"product_cat-produits-personnalisables","7":"product_cat-bonbons-et-sucettes","9":"first","10":"instock","11":"shipping-taxable","12":"product-type-simple"},"acf":[],"yoast_head":"<!-- This site is optimized with the Yoast SEO plugin v24.9 - https:\/\/yoast.com\/wordpress\/plugins\/seo\/ -->\n<title>Mini Bocal Vintage avec Couvercle \u00e0 Pince : Areka<\/title>\n<meta name=\"robots\" content=\"index, follow, max-snippet:-1, max-image-preview:large, max-video-preview:-1\" \/>\n<link rel=\"canonical\" href=\"https:\/\/areka.com\/en\/produit\/mini-bocal-vintage-avec-couvercle-a-pince\/\" \/>\n<meta property=\"og:locale\" content=\"en_US\" \/>\n<meta property=\"og:type\" content=\"article\" \/>\n<meta property=\"og:title\" content=\"Mini Bocal Vintage avec Couvercle \u00e0 Pince : Areka\" \/>\n<meta property=\"og:description\" content=\"Mini bocal vintage avec couvercle \u00e0 pince remplissage : gommes de fruits forme standard avec 10% de fruits. Impression sur sticker personnalisable. Contenu: 64 g Dimensions: approx. 75,3 mm \/ \u00d8 approx. 59,5 mm Sticker: approx. \u00d8 40 mm Conditionnement: 10 pcs. par carton D\u00e9lai de conservation: approx. 12 mois en cas de stockage appropri\u00e9Continue reading &quot;Mini Bocal Vintage avec Couvercle \u00e0 Pince&quot;\" \/>\n<meta property=\"og:url\" content=\"https:\/\/areka.com\/en\/produit\/mini-bocal-vintage-avec-couvercle-a-pince\/\" \/>\n<meta property=\"og:site_name\" content=\"Areka\" \/>\n<meta property=\"article:modified_time\" content=\"2025-03-24T17:23:30+00:00\" \/>\n<meta property=\"og:image\" content=\"https:\/\/areka.com\/wp-content\/uploads\/2023\/04\/bocal-vintage.png\" \/>\n\t<meta property=\"og:image:width\" content=\"412\" \/>\n\t<meta property=\"og:image:height\" content=\"412\" \/>\n\t<meta property=\"og:image:type\" content=\"image\/png\" \/>\n<meta name=\"twitter:card\" content=\"summary_large_image\" \/>\n<meta name=\"twitter:label1\" content=\"Est. reading time\" \/>\n\t<meta name=\"twitter:data1\" content=\"1 minute\" \/>\n<script type=\"application\/ld+json\" class=\"yoast-schema-graph\">{\"@context\":\"https:\/\/schema.org\",\"@graph\":[{\"@type\":\"WebPage\",\"@id\":\"https:\/\/areka.com\/en\/produit\/mini-bocal-vintage-avec-couvercle-a-pince\/\",\"url\":\"https:\/\/areka.com\/en\/produit\/mini-bocal-vintage-avec-couvercle-a-pince\/\",\"name\":\"Mini Bocal Vintage avec Couvercle \u00e0 Pince : Areka\",\"isPartOf\":{\"@id\":\"https:\/\/areka.com\/en\/#website\"},\"primaryImageOfPage\":{\"@id\":\"https:\/\/areka.com\/en\/produit\/mini-bocal-vintage-avec-couvercle-a-pince\/#primaryimage\"},\"image\":{\"@id\":\"https:\/\/areka.com\/en\/produit\/mini-bocal-vintage-avec-couvercle-a-pince\/#primaryimage\"},\"thumbnailUrl\":\"https:\/\/areka.com\/wp-content\/uploads\/2023\/04\/bocal-vintage.png\",\"datePublished\":\"2023-04-23T16:13:12+00:00\",\"dateModified\":\"2025-03-24T17:23:30+00:00\",\"breadcrumb\":{\"@id\":\"https:\/\/areka.com\/en\/produit\/mini-bocal-vintage-avec-couvercle-a-pince\/#breadcrumb\"},\"inLanguage\":\"en-US\",\"potentialAction\":[{\"@type\":\"ReadAction\",\"target\":[\"https:\/\/areka.com\/en\/produit\/mini-bocal-vintage-avec-couvercle-a-pince\/\"]}]},{\"@type\":\"ImageObject\",\"inLanguage\":\"en-US\",\"@id\":\"https:\/\/areka.com\/en\/produit\/mini-bocal-vintage-avec-couvercle-a-pince\/#primaryimage\",\"url\":\"https:\/\/areka.com\/wp-content\/uploads\/2023\/04\/bocal-vintage.png\",\"contentUrl\":\"https:\/\/areka.com\/wp-content\/uploads\/2023\/04\/bocal-vintage.png\",\"width\":412,\"height\":412},{\"@type\":\"BreadcrumbList\",\"@id\":\"https:\/\/areka.com\/en\/produit\/mini-bocal-vintage-avec-couvercle-a-pince\/#breadcrumb\",\"itemListElement\":[{\"@type\":\"ListItem\",\"position\":1,\"name\":\"All of our products\",\"item\":\"https:\/\/areka.com\/en\/shop\/\"},{\"@type\":\"ListItem\",\"position\":2,\"name\":\"Personalized products\",\"item\":\"https:\/\/areka.com\/en\/product-category\/personalized-products\/\"},{\"@type\":\"ListItem\",\"position\":3,\"name\":\"Mini Bocal Vintage avec Couvercle \u00e0 Pince\"}]},{\"@type\":\"WebSite\",\"@id\":\"https:\/\/areka.com\/en\/#website\",\"url\":\"https:\/\/areka.com\/en\/\",\"name\":\"Areka\",\"description\":\"Sp\u00e9cialiste fran\u00e7ais de la confiserie personnalis\u00e9e\",\"potentialAction\":[{\"@type\":\"SearchAction\",\"target\":{\"@type\":\"EntryPoint\",\"urlTemplate\":\"https:\/\/areka.com\/en\/?s={search_term_string}\"},\"query-input\":{\"@type\":\"PropertyValueSpecification\",\"valueRequired\":true,\"valueName\":\"search_term_string\"}}],\"inLanguage\":\"en-US\"}]}<\/script>\n<!-- \/ Yoast SEO plugin. -->","yoast_head_json":{"title":"Mini Bocal Vintage avec Couvercle \u00e0 Pince : Areka","robots":{"index":"index","follow":"follow","max-snippet":"max-snippet:-1","max-image-preview":"max-image-preview:large","max-video-preview":"max-video-preview:-1"},"canonical":"https:\/\/areka.com\/en\/produit\/mini-bocal-vintage-avec-couvercle-a-pince\/","og_locale":"en_US","og_type":"article","og_title":"Mini Bocal Vintage avec Couvercle \u00e0 Pince : Areka","og_description":"Mini bocal vintage avec couvercle \u00e0 pince remplissage : gommes de fruits forme standard avec 10% de fruits. Impression sur sticker personnalisable. Contenu: 64 g Dimensions: approx. 75,3 mm \/ \u00d8 approx. 59,5 mm Sticker: approx. \u00d8 40 mm Conditionnement: 10 pcs. par carton D\u00e9lai de conservation: approx. 12 mois en cas de stockage appropri\u00e9Continue reading \"Mini Bocal Vintage avec Couvercle \u00e0 Pince\"","og_url":"https:\/\/areka.com\/en\/produit\/mini-bocal-vintage-avec-couvercle-a-pince\/","og_site_name":"Areka","article_modified_time":"2025-03-24T17:23:30+00:00","og_image":[{"width":412,"height":412,"url":"https:\/\/areka.com\/wp-content\/uploads\/2023\/04\/bocal-vintage.png","type":"image\/png"}],"twitter_card":"summary_large_image","twitter_misc":{"Est. reading time":"1 minute"},"schema":{"@context":"https:\/\/schema.org","@graph":[{"@type":"WebPage","@id":"https:\/\/areka.com\/en\/produit\/mini-bocal-vintage-avec-couvercle-a-pince\/","url":"https:\/\/areka.com\/en\/produit\/mini-bocal-vintage-avec-couvercle-a-pince\/","name":"Mini Bocal Vintage avec Couvercle \u00e0 Pince : Areka","isPartOf":{"@id":"https:\/\/areka.com\/en\/#website"},"primaryImageOfPage":{"@id":"https:\/\/areka.com\/en\/produit\/mini-bocal-vintage-avec-couvercle-a-pince\/#primaryimage"},"image":{"@id":"https:\/\/areka.com\/en\/produit\/mini-bocal-vintage-avec-couvercle-a-pince\/#primaryimage"},"thumbnailUrl":"https:\/\/areka.com\/wp-content\/uploads\/2023\/04\/bocal-vintage.png","datePublished":"2023-04-23T16:13:12+00:00","dateModified":"2025-03-24T17:23:30+00:00","breadcrumb":{"@id":"https:\/\/areka.com\/en\/produit\/mini-bocal-vintage-avec-couvercle-a-pince\/#breadcrumb"},"inLanguage":"en-US","potentialAction":[{"@type":"ReadAction","target":["https:\/\/areka.com\/en\/produit\/mini-bocal-vintage-avec-couvercle-a-pince\/"]}]},{"@type":"ImageObject","inLanguage":"en-US","@id":"https:\/\/areka.com\/en\/produit\/mini-bocal-vintage-avec-couvercle-a-pince\/#primaryimage","url":"https:\/\/areka.com\/wp-content\/uploads\/2023\/04\/bocal-vintage.png","contentUrl":"https:\/\/areka.com\/wp-content\/uploads\/2023\/04\/bocal-vintage.png","width":412,"height":412},{"@type":"BreadcrumbList","@id":"https:\/\/areka.com\/en\/produit\/mini-bocal-vintage-avec-couvercle-a-pince\/#breadcrumb","itemListElement":[{"@type":"ListItem","position":1,"name":"All of our products","item":"https:\/\/areka.com\/en\/shop\/"},{"@type":"ListItem","position":2,"name":"Personalized products","item":"https:\/\/areka.com\/en\/product-category\/personalized-products\/"},{"@type":"ListItem","position":3,"name":"Mini Bocal Vintage avec Couvercle \u00e0 Pince"}]},{"@type":"WebSite","@id":"https:\/\/areka.com\/en\/#website","url":"https:\/\/areka.com\/en\/","name":"Areka","description":"Sp\u00e9cialiste fran\u00e7ais de la confiserie personnalis\u00e9e","potentialAction":[{"@type":"SearchAction","target":{"@type":"EntryPoint","urlTemplate":"https:\/\/areka.com\/en\/?s={search_term_string}"},"query-input":{"@type":"PropertyValueSpecification","valueRequired":true,"valueName":"search_term_string"}}],"inLanguage":"en-US"}]}},"_links":{"self":[{"href":"https:\/\/areka.com\/en\/wp-json\/wp\/v2\/product\/268","targetHints":{"allow":["GET"]}}],"collection":[{"href":"https:\/\/areka.com\/en\/wp-json\/wp\/v2\/product"}],"about":[{"href":"https:\/\/areka.com\/en\/wp-json\/wp\/v2\/types\/product"}],"replies":[{"embeddable":true,"href":"https:\/\/areka.com\/en\/wp-json\/wp\/v2\/comments?post=268"}],"wp:featuredmedia":[{"embeddable":true,"href":"https:\/\/areka.com\/en\/wp-json\/wp\/v2\/media\/522"}],"wp:attachment":[{"href":"https:\/\/areka.com\/en\/wp-json\/wp\/v2\/media?parent=268"}],"wp:term":[{"taxonomy":"product_brand","embeddable":true,"href":"https:\/\/areka.com\/en\/wp-json\/wp\/v2\/product_brand?post=268"},{"taxonomy":"product_cat","embeddable":true,"href":"https:\/\/areka.com\/en\/wp-json\/wp\/v2\/product_cat?post=268"},{"taxonomy":"product_tag","embeddable":true,"href":"https:\/\/areka.com\/en\/wp-json\/wp\/v2\/product_tag?post=268"}],"curies":[{"name":"wp","href":"https:\/\/api.w.org\/{rel}","templated":true}]}}