{"id":270,"date":"2023-04-23T18:23:31","date_gmt":"2023-04-23T16:23:31","guid":{"rendered":"https:\/\/areka.com\/?post_type=product&#038;p=270"},"modified":"2026-04-15T12:33:43","modified_gmt":"2026-04-15T10:33:43","slug":"pastilles-dextrose-ou-menthe","status":"publish","type":"product","link":"https:\/\/areka.com\/en\/produit\/pastilles-dextrose-ou-menthe\/","title":{"rendered":"Pastilles Dextrose ou Menthe"},"content":{"rendered":"<p><strong>Fra\u00eecheur ou \u00e9nergie \u2014 \u00e0 vous de choisir.<\/strong><br \/>\nQue ce soit des comprim\u00e9s de dextrose pour un coup de boost rapide ou des pastilles \u00e0 la menthe pour une haleine fra\u00eeche \u2014 emball\u00e9s individuellement dans un flowpack personnalis\u00e9, ils deviennent un cadeau pratique avec un impact promotionnel \u00e0 la fois gourmand ou rafra\u00eechissant.<\/p>\n<ul>\n<li>Contenu: 3 g<\/li>\n<li>Saveurs:\n<ul>\n<li>citron \/ menthe<\/li>\n<li>menthe avec embossage (dispo \u00e0 partir de 300 kg avec frais suppl\u00e9mentaires)<\/li>\n<\/ul>\n<\/li>\n<li>Dimensions: approx. 54 x 30 mm<\/li>\n<li>Conditionnement: 500 pcs. par sachet \/ 5 000 pi\u00e8ces par carton<\/li>\n<li>D\u00e9lai de conservation: approx. 18 mois en cas de stockage appropri\u00e9<\/li>\n<li>D\u00e9lai de livraison: approx. 3 semaines apr\u00e8s accord du BAT<\/li>\n<\/ul>\n","protected":false},"excerpt":{"rendered":"<p>Fra\u00eecheur ou \u00e9nergie \u2014 \u00e0 vous de choisir. Que ce soit des comprim\u00e9s de dextrose pour un coup de boost rapide ou des pastilles \u00e0 la menthe pour une haleine fra\u00eeche \u2014 emball\u00e9s individuellement dans un flowpack personnalis\u00e9, ils deviennent un cadeau pratique avec un impact promotionnel \u00e0 la fois gourmand ou rafra\u00eechissant. Contenu: 3<a href=\"https:\/\/areka.com\/en\/produit\/pastilles-dextrose-ou-menthe\/\">Continue reading <span class=\"sr-only\">&#8220;Pastilles Dextrose ou Menthe&#8221;<\/span><\/a><\/p>\n","protected":false},"featured_media":2575,"comment_status":"open","ping_status":"closed","template":"","meta":{"_acf_changed":false,"inline_featured_image":false},"product_brand":[],"product_cat":[35,28],"product_tag":[],"class_list":{"0":"post-270","1":"product","2":"type-product","3":"status-publish","4":"has-post-thumbnail","6":"product_cat-produits-personnalisables","7":"product_cat-bonbons-et-sucettes","9":"first","10":"instock","11":"shipping-taxable","12":"product-type-simple"},"acf":[],"yoast_head":"<!-- This site is optimized with the Yoast SEO plugin v24.9 - https:\/\/yoast.com\/wordpress\/plugins\/seo\/ -->\n<title>Pastilles Dextrose ou Menthe : Areka<\/title>\n<meta name=\"robots\" content=\"index, follow, max-snippet:-1, max-image-preview:large, max-video-preview:-1\" \/>\n<link rel=\"canonical\" href=\"https:\/\/areka.com\/en\/produit\/pastilles-dextrose-ou-menthe\/\" \/>\n<meta property=\"og:locale\" content=\"en_US\" \/>\n<meta property=\"og:type\" content=\"article\" \/>\n<meta property=\"og:title\" content=\"Pastilles Dextrose ou Menthe : Areka\" \/>\n<meta property=\"og:description\" content=\"Fra\u00eecheur ou \u00e9nergie \u2014 \u00e0 vous de choisir. Que ce soit des comprim\u00e9s de dextrose pour un coup de boost rapide ou des pastilles \u00e0 la menthe pour une haleine fra\u00eeche \u2014 emball\u00e9s individuellement dans un flowpack personnalis\u00e9, ils deviennent un cadeau pratique avec un impact promotionnel \u00e0 la fois gourmand ou rafra\u00eechissant. Contenu: 3Continue reading &quot;Pastilles Dextrose ou Menthe&quot;\" \/>\n<meta property=\"og:url\" content=\"https:\/\/areka.com\/en\/produit\/pastilles-dextrose-ou-menthe\/\" \/>\n<meta property=\"og:site_name\" content=\"Areka\" \/>\n<meta property=\"article:modified_time\" content=\"2026-04-15T10:33:43+00:00\" \/>\n<meta property=\"og:image\" content=\"https:\/\/areka.com\/wp-content\/uploads\/2023\/04\/P105-pastille-ronde.png\" \/>\n\t<meta property=\"og:image:width\" content=\"1000\" \/>\n\t<meta property=\"og:image:height\" content=\"1000\" \/>\n\t<meta property=\"og:image:type\" content=\"image\/png\" \/>\n<meta name=\"twitter:card\" content=\"summary_large_image\" \/>\n<meta name=\"twitter:label1\" content=\"Est. reading time\" \/>\n\t<meta name=\"twitter:data1\" content=\"1 minute\" \/>\n<script type=\"application\/ld+json\" class=\"yoast-schema-graph\">{\"@context\":\"https:\/\/schema.org\",\"@graph\":[{\"@type\":\"WebPage\",\"@id\":\"https:\/\/areka.com\/en\/produit\/pastilles-dextrose-ou-menthe\/\",\"url\":\"https:\/\/areka.com\/en\/produit\/pastilles-dextrose-ou-menthe\/\",\"name\":\"Pastilles Dextrose ou Menthe : Areka\",\"isPartOf\":{\"@id\":\"https:\/\/areka.com\/en\/#website\"},\"primaryImageOfPage\":{\"@id\":\"https:\/\/areka.com\/en\/produit\/pastilles-dextrose-ou-menthe\/#primaryimage\"},\"image\":{\"@id\":\"https:\/\/areka.com\/en\/produit\/pastilles-dextrose-ou-menthe\/#primaryimage\"},\"thumbnailUrl\":\"https:\/\/areka.com\/wp-content\/uploads\/2023\/04\/P105-pastille-ronde.png\",\"datePublished\":\"2023-04-23T16:23:31+00:00\",\"dateModified\":\"2026-04-15T10:33:43+00:00\",\"breadcrumb\":{\"@id\":\"https:\/\/areka.com\/en\/produit\/pastilles-dextrose-ou-menthe\/#breadcrumb\"},\"inLanguage\":\"en-US\",\"potentialAction\":[{\"@type\":\"ReadAction\",\"target\":[\"https:\/\/areka.com\/en\/produit\/pastilles-dextrose-ou-menthe\/\"]}]},{\"@type\":\"ImageObject\",\"inLanguage\":\"en-US\",\"@id\":\"https:\/\/areka.com\/en\/produit\/pastilles-dextrose-ou-menthe\/#primaryimage\",\"url\":\"https:\/\/areka.com\/wp-content\/uploads\/2023\/04\/P105-pastille-ronde.png\",\"contentUrl\":\"https:\/\/areka.com\/wp-content\/uploads\/2023\/04\/P105-pastille-ronde.png\",\"width\":1000,\"height\":1000},{\"@type\":\"BreadcrumbList\",\"@id\":\"https:\/\/areka.com\/en\/produit\/pastilles-dextrose-ou-menthe\/#breadcrumb\",\"itemListElement\":[{\"@type\":\"ListItem\",\"position\":1,\"name\":\"All of our products\",\"item\":\"https:\/\/areka.com\/en\/shop\/\"},{\"@type\":\"ListItem\",\"position\":2,\"name\":\"Personalized products\",\"item\":\"https:\/\/areka.com\/en\/product-category\/personalized-products\/\"},{\"@type\":\"ListItem\",\"position\":3,\"name\":\"Pastilles Dextrose ou Menthe\"}]},{\"@type\":\"WebSite\",\"@id\":\"https:\/\/areka.com\/en\/#website\",\"url\":\"https:\/\/areka.com\/en\/\",\"name\":\"Areka\",\"description\":\"Sp\u00e9cialiste fran\u00e7ais de la confiserie personnalis\u00e9e\",\"potentialAction\":[{\"@type\":\"SearchAction\",\"target\":{\"@type\":\"EntryPoint\",\"urlTemplate\":\"https:\/\/areka.com\/en\/?s={search_term_string}\"},\"query-input\":{\"@type\":\"PropertyValueSpecification\",\"valueRequired\":true,\"valueName\":\"search_term_string\"}}],\"inLanguage\":\"en-US\"}]}<\/script>\n<!-- \/ Yoast SEO plugin. -->","yoast_head_json":{"title":"Pastilles Dextrose ou Menthe : Areka","robots":{"index":"index","follow":"follow","max-snippet":"max-snippet:-1","max-image-preview":"max-image-preview:large","max-video-preview":"max-video-preview:-1"},"canonical":"https:\/\/areka.com\/en\/produit\/pastilles-dextrose-ou-menthe\/","og_locale":"en_US","og_type":"article","og_title":"Pastilles Dextrose ou Menthe : Areka","og_description":"Fra\u00eecheur ou \u00e9nergie \u2014 \u00e0 vous de choisir. Que ce soit des comprim\u00e9s de dextrose pour un coup de boost rapide ou des pastilles \u00e0 la menthe pour une haleine fra\u00eeche \u2014 emball\u00e9s individuellement dans un flowpack personnalis\u00e9, ils deviennent un cadeau pratique avec un impact promotionnel \u00e0 la fois gourmand ou rafra\u00eechissant. Contenu: 3Continue reading \"Pastilles Dextrose ou Menthe\"","og_url":"https:\/\/areka.com\/en\/produit\/pastilles-dextrose-ou-menthe\/","og_site_name":"Areka","article_modified_time":"2026-04-15T10:33:43+00:00","og_image":[{"width":1000,"height":1000,"url":"https:\/\/areka.com\/wp-content\/uploads\/2023\/04\/P105-pastille-ronde.png","type":"image\/png"}],"twitter_card":"summary_large_image","twitter_misc":{"Est. reading time":"1 minute"},"schema":{"@context":"https:\/\/schema.org","@graph":[{"@type":"WebPage","@id":"https:\/\/areka.com\/en\/produit\/pastilles-dextrose-ou-menthe\/","url":"https:\/\/areka.com\/en\/produit\/pastilles-dextrose-ou-menthe\/","name":"Pastilles Dextrose ou Menthe : Areka","isPartOf":{"@id":"https:\/\/areka.com\/en\/#website"},"primaryImageOfPage":{"@id":"https:\/\/areka.com\/en\/produit\/pastilles-dextrose-ou-menthe\/#primaryimage"},"image":{"@id":"https:\/\/areka.com\/en\/produit\/pastilles-dextrose-ou-menthe\/#primaryimage"},"thumbnailUrl":"https:\/\/areka.com\/wp-content\/uploads\/2023\/04\/P105-pastille-ronde.png","datePublished":"2023-04-23T16:23:31+00:00","dateModified":"2026-04-15T10:33:43+00:00","breadcrumb":{"@id":"https:\/\/areka.com\/en\/produit\/pastilles-dextrose-ou-menthe\/#breadcrumb"},"inLanguage":"en-US","potentialAction":[{"@type":"ReadAction","target":["https:\/\/areka.com\/en\/produit\/pastilles-dextrose-ou-menthe\/"]}]},{"@type":"ImageObject","inLanguage":"en-US","@id":"https:\/\/areka.com\/en\/produit\/pastilles-dextrose-ou-menthe\/#primaryimage","url":"https:\/\/areka.com\/wp-content\/uploads\/2023\/04\/P105-pastille-ronde.png","contentUrl":"https:\/\/areka.com\/wp-content\/uploads\/2023\/04\/P105-pastille-ronde.png","width":1000,"height":1000},{"@type":"BreadcrumbList","@id":"https:\/\/areka.com\/en\/produit\/pastilles-dextrose-ou-menthe\/#breadcrumb","itemListElement":[{"@type":"ListItem","position":1,"name":"All of our products","item":"https:\/\/areka.com\/en\/shop\/"},{"@type":"ListItem","position":2,"name":"Personalized products","item":"https:\/\/areka.com\/en\/product-category\/personalized-products\/"},{"@type":"ListItem","position":3,"name":"Pastilles Dextrose ou Menthe"}]},{"@type":"WebSite","@id":"https:\/\/areka.com\/en\/#website","url":"https:\/\/areka.com\/en\/","name":"Areka","description":"Sp\u00e9cialiste fran\u00e7ais de la confiserie personnalis\u00e9e","potentialAction":[{"@type":"SearchAction","target":{"@type":"EntryPoint","urlTemplate":"https:\/\/areka.com\/en\/?s={search_term_string}"},"query-input":{"@type":"PropertyValueSpecification","valueRequired":true,"valueName":"search_term_string"}}],"inLanguage":"en-US"}]}},"_links":{"self":[{"href":"https:\/\/areka.com\/en\/wp-json\/wp\/v2\/product\/270","targetHints":{"allow":["GET"]}}],"collection":[{"href":"https:\/\/areka.com\/en\/wp-json\/wp\/v2\/product"}],"about":[{"href":"https:\/\/areka.com\/en\/wp-json\/wp\/v2\/types\/product"}],"replies":[{"embeddable":true,"href":"https:\/\/areka.com\/en\/wp-json\/wp\/v2\/comments?post=270"}],"wp:featuredmedia":[{"embeddable":true,"href":"https:\/\/areka.com\/en\/wp-json\/wp\/v2\/media\/2575"}],"wp:attachment":[{"href":"https:\/\/areka.com\/en\/wp-json\/wp\/v2\/media?parent=270"}],"wp:term":[{"taxonomy":"product_brand","embeddable":true,"href":"https:\/\/areka.com\/en\/wp-json\/wp\/v2\/product_brand?post=270"},{"taxonomy":"product_cat","embeddable":true,"href":"https:\/\/areka.com\/en\/wp-json\/wp\/v2\/product_cat?post=270"},{"taxonomy":"product_tag","embeddable":true,"href":"https:\/\/areka.com\/en\/wp-json\/wp\/v2\/product_tag?post=270"}],"curies":[{"name":"wp","href":"https:\/\/api.w.org\/{rel}","templated":true}]}}