{"id":276,"date":"2023-04-23T20:53:16","date_gmt":"2023-04-23T18:53:16","guid":{"rendered":"https:\/\/areka.com\/?post_type=product&#038;p=276"},"modified":"2026-04-01T15:46:11","modified_gmt":"2026-04-01T13:46:11","slug":"deux-pastilles-classic-wrigleys-extra-professional","status":"publish","type":"product","link":"https:\/\/areka.com\/en\/produit\/deux-pastilles-classic-wrigleys-extra-professional\/","title":{"rendered":"Deux Pastilles Classic Wrigley&#8217;s Extra Professional"},"content":{"rendered":"<p><strong>Double fra\u00eecheur, effet renforc\u00e9.<\/strong><br \/>\nDeux drag\u00e9es Wrigley\u2019s Extra Professional Mint Classic, dot\u00e9es d\u2019un effet nettoyant pour la langue, procurent une sensation exceptionnelle de propret\u00e9 et de fra\u00eecheur. Pr\u00e9sent\u00e9es dans un sachet personnalis\u00e9, elles deviennent un cadeau pratique qui associe parfaitement plaisir, soin et impact promotionnel. Pratiques, rafra\u00eechissantes et toujours \u00e0 port\u00e9e de main \u2014 id\u00e9ales en d\u00e9placement, sur les salons ou lors de campagnes promotionnelles.<\/p>\n<ul>\n<li>Contenu: 2 g (2 x 1 g)<\/li>\n<li>Dimensions: approx. 60 x 60 mm<\/li>\n<li>Conditionnement: 500 pcs. par carton \/ 2 500 dans le carton d&#8217;exp\u00e9dition<\/li>\n<li>D\u00e9lai de conservation: approx. 12 mois en cas de stockage appropri\u00e9<\/li>\n<li>D\u00e9lai de livraison: approx. 3 semaines apr\u00e8s accord du BAT<\/li>\n<\/ul>\n","protected":false},"excerpt":{"rendered":"<p>Double fra\u00eecheur, effet renforc\u00e9. Deux drag\u00e9es Wrigley\u2019s Extra Professional Mint Classic, dot\u00e9es d\u2019un effet nettoyant pour la langue, procurent une sensation exceptionnelle de propret\u00e9 et de fra\u00eecheur. Pr\u00e9sent\u00e9es dans un sachet personnalis\u00e9, elles deviennent un cadeau pratique qui associe parfaitement plaisir, soin et impact promotionnel. Pratiques, rafra\u00eechissantes et toujours \u00e0 port\u00e9e de main \u2014 id\u00e9ales<a href=\"https:\/\/areka.com\/en\/produit\/deux-pastilles-classic-wrigleys-extra-professional\/\">Continue reading <span class=\"sr-only\">&#8220;Deux Pastilles Classic Wrigley&#8217;s Extra Professional&#8221;<\/span><\/a><\/p>\n","protected":false},"featured_media":536,"comment_status":"open","ping_status":"closed","template":"","meta":{"_acf_changed":false,"inline_featured_image":false},"product_brand":[],"product_cat":[35,29],"product_tag":[],"class_list":{"0":"post-276","1":"product","2":"type-product","3":"status-publish","4":"has-post-thumbnail","6":"product_cat-produits-personnalisables","7":"product_cat-chewing-gum-et-menthe","9":"first","10":"instock","11":"shipping-taxable","12":"product-type-simple"},"acf":[],"yoast_head":"<!-- This site is optimized with the Yoast SEO plugin v24.9 - https:\/\/yoast.com\/wordpress\/plugins\/seo\/ -->\n<title>Deux Pastilles Classic Wrigley&#039;s Extra Professional : Areka<\/title>\n<meta name=\"robots\" content=\"index, follow, max-snippet:-1, max-image-preview:large, max-video-preview:-1\" \/>\n<link rel=\"canonical\" href=\"https:\/\/areka.com\/en\/produit\/deux-pastilles-classic-wrigleys-extra-professional\/\" \/>\n<meta property=\"og:locale\" content=\"en_US\" \/>\n<meta property=\"og:type\" content=\"article\" \/>\n<meta property=\"og:title\" content=\"Deux Pastilles Classic Wrigley&#039;s Extra Professional : Areka\" \/>\n<meta property=\"og:description\" content=\"Double fra\u00eecheur, effet renforc\u00e9. Deux drag\u00e9es Wrigley\u2019s Extra Professional Mint Classic, dot\u00e9es d\u2019un effet nettoyant pour la langue, procurent une sensation exceptionnelle de propret\u00e9 et de fra\u00eecheur. Pr\u00e9sent\u00e9es dans un sachet personnalis\u00e9, elles deviennent un cadeau pratique qui associe parfaitement plaisir, soin et impact promotionnel. Pratiques, rafra\u00eechissantes et toujours \u00e0 port\u00e9e de main \u2014 id\u00e9alesContinue reading &quot;Deux Pastilles Classic Wrigley&#8217;s Extra Professional&quot;\" \/>\n<meta property=\"og:url\" content=\"https:\/\/areka.com\/en\/produit\/deux-pastilles-classic-wrigleys-extra-professional\/\" \/>\n<meta property=\"og:site_name\" content=\"Areka\" \/>\n<meta property=\"article:modified_time\" content=\"2026-04-01T13:46:11+00:00\" \/>\n<meta property=\"og:image\" content=\"https:\/\/areka.com\/wp-content\/uploads\/2023\/04\/deux-pqstilles-clqssic.png\" \/>\n\t<meta property=\"og:image:width\" content=\"412\" \/>\n\t<meta property=\"og:image:height\" content=\"412\" \/>\n\t<meta property=\"og:image:type\" content=\"image\/png\" \/>\n<meta name=\"twitter:card\" content=\"summary_large_image\" \/>\n<meta name=\"twitter:label1\" content=\"Est. reading time\" \/>\n\t<meta name=\"twitter:data1\" content=\"1 minute\" \/>\n<script type=\"application\/ld+json\" class=\"yoast-schema-graph\">{\"@context\":\"https:\/\/schema.org\",\"@graph\":[{\"@type\":\"WebPage\",\"@id\":\"https:\/\/areka.com\/en\/produit\/deux-pastilles-classic-wrigleys-extra-professional\/\",\"url\":\"https:\/\/areka.com\/en\/produit\/deux-pastilles-classic-wrigleys-extra-professional\/\",\"name\":\"Deux Pastilles Classic Wrigley's Extra Professional : Areka\",\"isPartOf\":{\"@id\":\"https:\/\/areka.com\/en\/#website\"},\"primaryImageOfPage\":{\"@id\":\"https:\/\/areka.com\/en\/produit\/deux-pastilles-classic-wrigleys-extra-professional\/#primaryimage\"},\"image\":{\"@id\":\"https:\/\/areka.com\/en\/produit\/deux-pastilles-classic-wrigleys-extra-professional\/#primaryimage\"},\"thumbnailUrl\":\"https:\/\/areka.com\/wp-content\/uploads\/2023\/04\/deux-pqstilles-clqssic.png\",\"datePublished\":\"2023-04-23T18:53:16+00:00\",\"dateModified\":\"2026-04-01T13:46:11+00:00\",\"breadcrumb\":{\"@id\":\"https:\/\/areka.com\/en\/produit\/deux-pastilles-classic-wrigleys-extra-professional\/#breadcrumb\"},\"inLanguage\":\"en-US\",\"potentialAction\":[{\"@type\":\"ReadAction\",\"target\":[\"https:\/\/areka.com\/en\/produit\/deux-pastilles-classic-wrigleys-extra-professional\/\"]}]},{\"@type\":\"ImageObject\",\"inLanguage\":\"en-US\",\"@id\":\"https:\/\/areka.com\/en\/produit\/deux-pastilles-classic-wrigleys-extra-professional\/#primaryimage\",\"url\":\"https:\/\/areka.com\/wp-content\/uploads\/2023\/04\/deux-pqstilles-clqssic.png\",\"contentUrl\":\"https:\/\/areka.com\/wp-content\/uploads\/2023\/04\/deux-pqstilles-clqssic.png\",\"width\":412,\"height\":412},{\"@type\":\"BreadcrumbList\",\"@id\":\"https:\/\/areka.com\/en\/produit\/deux-pastilles-classic-wrigleys-extra-professional\/#breadcrumb\",\"itemListElement\":[{\"@type\":\"ListItem\",\"position\":1,\"name\":\"All of our products\",\"item\":\"https:\/\/areka.com\/en\/shop\/\"},{\"@type\":\"ListItem\",\"position\":2,\"name\":\"Personalized products\",\"item\":\"https:\/\/areka.com\/en\/product-category\/personalized-products\/\"},{\"@type\":\"ListItem\",\"position\":3,\"name\":\"Deux Pastilles Classic Wrigley&rsquo;s Extra Professional\"}]},{\"@type\":\"WebSite\",\"@id\":\"https:\/\/areka.com\/en\/#website\",\"url\":\"https:\/\/areka.com\/en\/\",\"name\":\"Areka\",\"description\":\"Sp\u00e9cialiste fran\u00e7ais de la confiserie personnalis\u00e9e\",\"potentialAction\":[{\"@type\":\"SearchAction\",\"target\":{\"@type\":\"EntryPoint\",\"urlTemplate\":\"https:\/\/areka.com\/en\/?s={search_term_string}\"},\"query-input\":{\"@type\":\"PropertyValueSpecification\",\"valueRequired\":true,\"valueName\":\"search_term_string\"}}],\"inLanguage\":\"en-US\"}]}<\/script>\n<!-- \/ Yoast SEO plugin. -->","yoast_head_json":{"title":"Deux Pastilles Classic Wrigley's Extra Professional : Areka","robots":{"index":"index","follow":"follow","max-snippet":"max-snippet:-1","max-image-preview":"max-image-preview:large","max-video-preview":"max-video-preview:-1"},"canonical":"https:\/\/areka.com\/en\/produit\/deux-pastilles-classic-wrigleys-extra-professional\/","og_locale":"en_US","og_type":"article","og_title":"Deux Pastilles Classic Wrigley's Extra Professional : Areka","og_description":"Double fra\u00eecheur, effet renforc\u00e9. Deux drag\u00e9es Wrigley\u2019s Extra Professional Mint Classic, dot\u00e9es d\u2019un effet nettoyant pour la langue, procurent une sensation exceptionnelle de propret\u00e9 et de fra\u00eecheur. Pr\u00e9sent\u00e9es dans un sachet personnalis\u00e9, elles deviennent un cadeau pratique qui associe parfaitement plaisir, soin et impact promotionnel. Pratiques, rafra\u00eechissantes et toujours \u00e0 port\u00e9e de main \u2014 id\u00e9alesContinue reading \"Deux Pastilles Classic Wrigley&#8217;s Extra Professional\"","og_url":"https:\/\/areka.com\/en\/produit\/deux-pastilles-classic-wrigleys-extra-professional\/","og_site_name":"Areka","article_modified_time":"2026-04-01T13:46:11+00:00","og_image":[{"width":412,"height":412,"url":"https:\/\/areka.com\/wp-content\/uploads\/2023\/04\/deux-pqstilles-clqssic.png","type":"image\/png"}],"twitter_card":"summary_large_image","twitter_misc":{"Est. reading time":"1 minute"},"schema":{"@context":"https:\/\/schema.org","@graph":[{"@type":"WebPage","@id":"https:\/\/areka.com\/en\/produit\/deux-pastilles-classic-wrigleys-extra-professional\/","url":"https:\/\/areka.com\/en\/produit\/deux-pastilles-classic-wrigleys-extra-professional\/","name":"Deux Pastilles Classic Wrigley's Extra Professional : Areka","isPartOf":{"@id":"https:\/\/areka.com\/en\/#website"},"primaryImageOfPage":{"@id":"https:\/\/areka.com\/en\/produit\/deux-pastilles-classic-wrigleys-extra-professional\/#primaryimage"},"image":{"@id":"https:\/\/areka.com\/en\/produit\/deux-pastilles-classic-wrigleys-extra-professional\/#primaryimage"},"thumbnailUrl":"https:\/\/areka.com\/wp-content\/uploads\/2023\/04\/deux-pqstilles-clqssic.png","datePublished":"2023-04-23T18:53:16+00:00","dateModified":"2026-04-01T13:46:11+00:00","breadcrumb":{"@id":"https:\/\/areka.com\/en\/produit\/deux-pastilles-classic-wrigleys-extra-professional\/#breadcrumb"},"inLanguage":"en-US","potentialAction":[{"@type":"ReadAction","target":["https:\/\/areka.com\/en\/produit\/deux-pastilles-classic-wrigleys-extra-professional\/"]}]},{"@type":"ImageObject","inLanguage":"en-US","@id":"https:\/\/areka.com\/en\/produit\/deux-pastilles-classic-wrigleys-extra-professional\/#primaryimage","url":"https:\/\/areka.com\/wp-content\/uploads\/2023\/04\/deux-pqstilles-clqssic.png","contentUrl":"https:\/\/areka.com\/wp-content\/uploads\/2023\/04\/deux-pqstilles-clqssic.png","width":412,"height":412},{"@type":"BreadcrumbList","@id":"https:\/\/areka.com\/en\/produit\/deux-pastilles-classic-wrigleys-extra-professional\/#breadcrumb","itemListElement":[{"@type":"ListItem","position":1,"name":"All of our products","item":"https:\/\/areka.com\/en\/shop\/"},{"@type":"ListItem","position":2,"name":"Personalized products","item":"https:\/\/areka.com\/en\/product-category\/personalized-products\/"},{"@type":"ListItem","position":3,"name":"Deux Pastilles Classic Wrigley&rsquo;s Extra Professional"}]},{"@type":"WebSite","@id":"https:\/\/areka.com\/en\/#website","url":"https:\/\/areka.com\/en\/","name":"Areka","description":"Sp\u00e9cialiste fran\u00e7ais de la confiserie personnalis\u00e9e","potentialAction":[{"@type":"SearchAction","target":{"@type":"EntryPoint","urlTemplate":"https:\/\/areka.com\/en\/?s={search_term_string}"},"query-input":{"@type":"PropertyValueSpecification","valueRequired":true,"valueName":"search_term_string"}}],"inLanguage":"en-US"}]}},"_links":{"self":[{"href":"https:\/\/areka.com\/en\/wp-json\/wp\/v2\/product\/276","targetHints":{"allow":["GET"]}}],"collection":[{"href":"https:\/\/areka.com\/en\/wp-json\/wp\/v2\/product"}],"about":[{"href":"https:\/\/areka.com\/en\/wp-json\/wp\/v2\/types\/product"}],"replies":[{"embeddable":true,"href":"https:\/\/areka.com\/en\/wp-json\/wp\/v2\/comments?post=276"}],"wp:featuredmedia":[{"embeddable":true,"href":"https:\/\/areka.com\/en\/wp-json\/wp\/v2\/media\/536"}],"wp:attachment":[{"href":"https:\/\/areka.com\/en\/wp-json\/wp\/v2\/media?parent=276"}],"wp:term":[{"taxonomy":"product_brand","embeddable":true,"href":"https:\/\/areka.com\/en\/wp-json\/wp\/v2\/product_brand?post=276"},{"taxonomy":"product_cat","embeddable":true,"href":"https:\/\/areka.com\/en\/wp-json\/wp\/v2\/product_cat?post=276"},{"taxonomy":"product_tag","embeddable":true,"href":"https:\/\/areka.com\/en\/wp-json\/wp\/v2\/product_tag?post=276"}],"curies":[{"name":"wp","href":"https:\/\/api.w.org\/{rel}","templated":true}]}}