{"id":283,"date":"2023-04-23T21:08:31","date_gmt":"2023-04-23T19:08:31","guid":{"rendered":"https:\/\/areka.com\/?post_type=product&#038;p=283"},"modified":"2026-04-01T15:37:45","modified_gmt":"2026-04-01T13:37:45","slug":"9-ou-12-pastilles-a-la-menthe-ou-aux-fruits-en-batonnet-cylindrique","status":"publish","type":"product","link":"https:\/\/areka.com\/en\/produit\/9-ou-12-pastilles-a-la-menthe-ou-aux-fruits-en-batonnet-cylindrique\/","title":{"rendered":"9 Pastilles \u00e0 la menthe ou aux fruits en B\u00e2tonnet Cylindrique"},"content":{"rendered":"<p><strong>9 pastilles, 100 % fra\u00eecheur.<\/strong><br \/>\nNeuf comprim\u00e9s fruit\u00e9s ou \u00e0 la menthe rafra\u00eechissante (avec sucre), soigneusement emball\u00e9s dans une banderole en papier personnalis\u00e9e.<\/p>\n<ul>\n<li>Contenu: 5,4 g \/ 9 pastilles<\/li>\n<li>Saveurs: fruits ou menthe<\/li>\n<li>Dimensions: approx. 46 mm, \u00d8 12 mm<\/li>\n<li>Conditionnement: 500 pcs.par sachet polybag \/ 2 500 pcs. par carton<\/li>\n<li>D\u00e9lai de conservation: approx. 24 mois en cas de stockage appropri\u00e9<\/li>\n<li>D\u00e9lai de livraison: approx. 4-5 semaines apr\u00e8s accord du BAT<\/li>\n<\/ul>\n","protected":false},"excerpt":{"rendered":"<p>9 pastilles, 100 % fra\u00eecheur. Neuf comprim\u00e9s fruit\u00e9s ou \u00e0 la menthe rafra\u00eechissante (avec sucre), soigneusement emball\u00e9s dans une banderole en papier personnalis\u00e9e. Contenu: 5,4 g \/ 9 pastilles Saveurs: fruits ou menthe Dimensions: approx. 46 mm, \u00d8 12 mm Conditionnement: 500 pcs.par sachet polybag \/ 2 500 pcs. par carton D\u00e9lai de conservation: approx.<a href=\"https:\/\/areka.com\/en\/produit\/9-ou-12-pastilles-a-la-menthe-ou-aux-fruits-en-batonnet-cylindrique\/\">Continue reading <span class=\"sr-only\">&#8220;9 Pastilles \u00e0 la menthe ou aux fruits en B\u00e2tonnet Cylindrique&#8221;<\/span><\/a><\/p>\n","protected":false},"featured_media":548,"comment_status":"open","ping_status":"closed","template":"","meta":{"_acf_changed":false,"inline_featured_image":false},"product_brand":[],"product_cat":[35,29],"product_tag":[],"class_list":{"0":"post-283","1":"product","2":"type-product","3":"status-publish","4":"has-post-thumbnail","6":"product_cat-produits-personnalisables","7":"product_cat-chewing-gum-et-menthe","9":"first","10":"instock","11":"shipping-taxable","12":"product-type-simple"},"acf":[],"yoast_head":"<!-- This site is optimized with the Yoast SEO plugin v24.9 - https:\/\/yoast.com\/wordpress\/plugins\/seo\/ -->\n<title>9 Pastilles \u00e0 la menthe ou aux fruits en B\u00e2tonnet Cylindrique : Areka<\/title>\n<meta name=\"robots\" content=\"index, follow, max-snippet:-1, max-image-preview:large, max-video-preview:-1\" \/>\n<link rel=\"canonical\" href=\"https:\/\/areka.com\/en\/produit\/9-ou-12-pastilles-a-la-menthe-ou-aux-fruits-en-batonnet-cylindrique\/\" \/>\n<meta property=\"og:locale\" content=\"en_US\" \/>\n<meta property=\"og:type\" content=\"article\" \/>\n<meta property=\"og:title\" content=\"9 Pastilles \u00e0 la menthe ou aux fruits en B\u00e2tonnet Cylindrique : Areka\" \/>\n<meta property=\"og:description\" content=\"9 pastilles, 100 % fra\u00eecheur. Neuf comprim\u00e9s fruit\u00e9s ou \u00e0 la menthe rafra\u00eechissante (avec sucre), soigneusement emball\u00e9s dans une banderole en papier personnalis\u00e9e. Contenu: 5,4 g \/ 9 pastilles Saveurs: fruits ou menthe Dimensions: approx. 46 mm, \u00d8 12 mm Conditionnement: 500 pcs.par sachet polybag \/ 2 500 pcs. par carton D\u00e9lai de conservation: approx.Continue reading &quot;9 Pastilles \u00e0 la menthe ou aux fruits en B\u00e2tonnet Cylindrique&quot;\" \/>\n<meta property=\"og:url\" content=\"https:\/\/areka.com\/en\/produit\/9-ou-12-pastilles-a-la-menthe-ou-aux-fruits-en-batonnet-cylindrique\/\" \/>\n<meta property=\"og:site_name\" content=\"Areka\" \/>\n<meta property=\"article:modified_time\" content=\"2026-04-01T13:37:45+00:00\" \/>\n<meta property=\"og:image\" content=\"https:\/\/areka.com\/wp-content\/uploads\/2023\/04\/botonnet-9.png\" \/>\n\t<meta property=\"og:image:width\" content=\"412\" \/>\n\t<meta property=\"og:image:height\" content=\"412\" \/>\n\t<meta property=\"og:image:type\" content=\"image\/png\" \/>\n<meta name=\"twitter:card\" content=\"summary_large_image\" \/>\n<meta name=\"twitter:label1\" content=\"Est. reading time\" \/>\n\t<meta name=\"twitter:data1\" content=\"1 minute\" \/>\n<script type=\"application\/ld+json\" class=\"yoast-schema-graph\">{\"@context\":\"https:\/\/schema.org\",\"@graph\":[{\"@type\":\"WebPage\",\"@id\":\"https:\/\/areka.com\/en\/produit\/9-ou-12-pastilles-a-la-menthe-ou-aux-fruits-en-batonnet-cylindrique\/\",\"url\":\"https:\/\/areka.com\/en\/produit\/9-ou-12-pastilles-a-la-menthe-ou-aux-fruits-en-batonnet-cylindrique\/\",\"name\":\"9 Pastilles \u00e0 la menthe ou aux fruits en B\u00e2tonnet Cylindrique : Areka\",\"isPartOf\":{\"@id\":\"https:\/\/areka.com\/en\/#website\"},\"primaryImageOfPage\":{\"@id\":\"https:\/\/areka.com\/en\/produit\/9-ou-12-pastilles-a-la-menthe-ou-aux-fruits-en-batonnet-cylindrique\/#primaryimage\"},\"image\":{\"@id\":\"https:\/\/areka.com\/en\/produit\/9-ou-12-pastilles-a-la-menthe-ou-aux-fruits-en-batonnet-cylindrique\/#primaryimage\"},\"thumbnailUrl\":\"https:\/\/areka.com\/wp-content\/uploads\/2023\/04\/botonnet-9.png\",\"datePublished\":\"2023-04-23T19:08:31+00:00\",\"dateModified\":\"2026-04-01T13:37:45+00:00\",\"breadcrumb\":{\"@id\":\"https:\/\/areka.com\/en\/produit\/9-ou-12-pastilles-a-la-menthe-ou-aux-fruits-en-batonnet-cylindrique\/#breadcrumb\"},\"inLanguage\":\"en-US\",\"potentialAction\":[{\"@type\":\"ReadAction\",\"target\":[\"https:\/\/areka.com\/en\/produit\/9-ou-12-pastilles-a-la-menthe-ou-aux-fruits-en-batonnet-cylindrique\/\"]}]},{\"@type\":\"ImageObject\",\"inLanguage\":\"en-US\",\"@id\":\"https:\/\/areka.com\/en\/produit\/9-ou-12-pastilles-a-la-menthe-ou-aux-fruits-en-batonnet-cylindrique\/#primaryimage\",\"url\":\"https:\/\/areka.com\/wp-content\/uploads\/2023\/04\/botonnet-9.png\",\"contentUrl\":\"https:\/\/areka.com\/wp-content\/uploads\/2023\/04\/botonnet-9.png\",\"width\":412,\"height\":412},{\"@type\":\"BreadcrumbList\",\"@id\":\"https:\/\/areka.com\/en\/produit\/9-ou-12-pastilles-a-la-menthe-ou-aux-fruits-en-batonnet-cylindrique\/#breadcrumb\",\"itemListElement\":[{\"@type\":\"ListItem\",\"position\":1,\"name\":\"All of our products\",\"item\":\"https:\/\/areka.com\/en\/shop\/\"},{\"@type\":\"ListItem\",\"position\":2,\"name\":\"Personalized products\",\"item\":\"https:\/\/areka.com\/en\/product-category\/personalized-products\/\"},{\"@type\":\"ListItem\",\"position\":3,\"name\":\"9 Pastilles \u00e0 la menthe ou aux fruits en B\u00e2tonnet Cylindrique\"}]},{\"@type\":\"WebSite\",\"@id\":\"https:\/\/areka.com\/en\/#website\",\"url\":\"https:\/\/areka.com\/en\/\",\"name\":\"Areka\",\"description\":\"Sp\u00e9cialiste fran\u00e7ais de la confiserie personnalis\u00e9e\",\"potentialAction\":[{\"@type\":\"SearchAction\",\"target\":{\"@type\":\"EntryPoint\",\"urlTemplate\":\"https:\/\/areka.com\/en\/?s={search_term_string}\"},\"query-input\":{\"@type\":\"PropertyValueSpecification\",\"valueRequired\":true,\"valueName\":\"search_term_string\"}}],\"inLanguage\":\"en-US\"}]}<\/script>\n<!-- \/ Yoast SEO plugin. -->","yoast_head_json":{"title":"9 Pastilles \u00e0 la menthe ou aux fruits en B\u00e2tonnet Cylindrique : Areka","robots":{"index":"index","follow":"follow","max-snippet":"max-snippet:-1","max-image-preview":"max-image-preview:large","max-video-preview":"max-video-preview:-1"},"canonical":"https:\/\/areka.com\/en\/produit\/9-ou-12-pastilles-a-la-menthe-ou-aux-fruits-en-batonnet-cylindrique\/","og_locale":"en_US","og_type":"article","og_title":"9 Pastilles \u00e0 la menthe ou aux fruits en B\u00e2tonnet Cylindrique : Areka","og_description":"9 pastilles, 100 % fra\u00eecheur. Neuf comprim\u00e9s fruit\u00e9s ou \u00e0 la menthe rafra\u00eechissante (avec sucre), soigneusement emball\u00e9s dans une banderole en papier personnalis\u00e9e. Contenu: 5,4 g \/ 9 pastilles Saveurs: fruits ou menthe Dimensions: approx. 46 mm, \u00d8 12 mm Conditionnement: 500 pcs.par sachet polybag \/ 2 500 pcs. par carton D\u00e9lai de conservation: approx.Continue reading \"9 Pastilles \u00e0 la menthe ou aux fruits en B\u00e2tonnet Cylindrique\"","og_url":"https:\/\/areka.com\/en\/produit\/9-ou-12-pastilles-a-la-menthe-ou-aux-fruits-en-batonnet-cylindrique\/","og_site_name":"Areka","article_modified_time":"2026-04-01T13:37:45+00:00","og_image":[{"width":412,"height":412,"url":"https:\/\/areka.com\/wp-content\/uploads\/2023\/04\/botonnet-9.png","type":"image\/png"}],"twitter_card":"summary_large_image","twitter_misc":{"Est. reading time":"1 minute"},"schema":{"@context":"https:\/\/schema.org","@graph":[{"@type":"WebPage","@id":"https:\/\/areka.com\/en\/produit\/9-ou-12-pastilles-a-la-menthe-ou-aux-fruits-en-batonnet-cylindrique\/","url":"https:\/\/areka.com\/en\/produit\/9-ou-12-pastilles-a-la-menthe-ou-aux-fruits-en-batonnet-cylindrique\/","name":"9 Pastilles \u00e0 la menthe ou aux fruits en B\u00e2tonnet Cylindrique : Areka","isPartOf":{"@id":"https:\/\/areka.com\/en\/#website"},"primaryImageOfPage":{"@id":"https:\/\/areka.com\/en\/produit\/9-ou-12-pastilles-a-la-menthe-ou-aux-fruits-en-batonnet-cylindrique\/#primaryimage"},"image":{"@id":"https:\/\/areka.com\/en\/produit\/9-ou-12-pastilles-a-la-menthe-ou-aux-fruits-en-batonnet-cylindrique\/#primaryimage"},"thumbnailUrl":"https:\/\/areka.com\/wp-content\/uploads\/2023\/04\/botonnet-9.png","datePublished":"2023-04-23T19:08:31+00:00","dateModified":"2026-04-01T13:37:45+00:00","breadcrumb":{"@id":"https:\/\/areka.com\/en\/produit\/9-ou-12-pastilles-a-la-menthe-ou-aux-fruits-en-batonnet-cylindrique\/#breadcrumb"},"inLanguage":"en-US","potentialAction":[{"@type":"ReadAction","target":["https:\/\/areka.com\/en\/produit\/9-ou-12-pastilles-a-la-menthe-ou-aux-fruits-en-batonnet-cylindrique\/"]}]},{"@type":"ImageObject","inLanguage":"en-US","@id":"https:\/\/areka.com\/en\/produit\/9-ou-12-pastilles-a-la-menthe-ou-aux-fruits-en-batonnet-cylindrique\/#primaryimage","url":"https:\/\/areka.com\/wp-content\/uploads\/2023\/04\/botonnet-9.png","contentUrl":"https:\/\/areka.com\/wp-content\/uploads\/2023\/04\/botonnet-9.png","width":412,"height":412},{"@type":"BreadcrumbList","@id":"https:\/\/areka.com\/en\/produit\/9-ou-12-pastilles-a-la-menthe-ou-aux-fruits-en-batonnet-cylindrique\/#breadcrumb","itemListElement":[{"@type":"ListItem","position":1,"name":"All of our products","item":"https:\/\/areka.com\/en\/shop\/"},{"@type":"ListItem","position":2,"name":"Personalized products","item":"https:\/\/areka.com\/en\/product-category\/personalized-products\/"},{"@type":"ListItem","position":3,"name":"9 Pastilles \u00e0 la menthe ou aux fruits en B\u00e2tonnet Cylindrique"}]},{"@type":"WebSite","@id":"https:\/\/areka.com\/en\/#website","url":"https:\/\/areka.com\/en\/","name":"Areka","description":"Sp\u00e9cialiste fran\u00e7ais de la confiserie personnalis\u00e9e","potentialAction":[{"@type":"SearchAction","target":{"@type":"EntryPoint","urlTemplate":"https:\/\/areka.com\/en\/?s={search_term_string}"},"query-input":{"@type":"PropertyValueSpecification","valueRequired":true,"valueName":"search_term_string"}}],"inLanguage":"en-US"}]}},"_links":{"self":[{"href":"https:\/\/areka.com\/en\/wp-json\/wp\/v2\/product\/283","targetHints":{"allow":["GET"]}}],"collection":[{"href":"https:\/\/areka.com\/en\/wp-json\/wp\/v2\/product"}],"about":[{"href":"https:\/\/areka.com\/en\/wp-json\/wp\/v2\/types\/product"}],"replies":[{"embeddable":true,"href":"https:\/\/areka.com\/en\/wp-json\/wp\/v2\/comments?post=283"}],"wp:featuredmedia":[{"embeddable":true,"href":"https:\/\/areka.com\/en\/wp-json\/wp\/v2\/media\/548"}],"wp:attachment":[{"href":"https:\/\/areka.com\/en\/wp-json\/wp\/v2\/media?parent=283"}],"wp:term":[{"taxonomy":"product_brand","embeddable":true,"href":"https:\/\/areka.com\/en\/wp-json\/wp\/v2\/product_brand?post=283"},{"taxonomy":"product_cat","embeddable":true,"href":"https:\/\/areka.com\/en\/wp-json\/wp\/v2\/product_cat?post=283"},{"taxonomy":"product_tag","embeddable":true,"href":"https:\/\/areka.com\/en\/wp-json\/wp\/v2\/product_tag?post=283"}],"curies":[{"name":"wp","href":"https:\/\/api.w.org\/{rel}","templated":true}]}}