{"id":284,"date":"2023-04-23T21:10:37","date_gmt":"2023-04-23T19:10:37","guid":{"rendered":"https:\/\/areka.com\/?post_type=product&#038;p=284"},"modified":"2026-04-01T15:35:32","modified_gmt":"2026-04-01T13:35:32","slug":"12-pastilles-de-menthe-en-batonnet-rectangulaire","status":"publish","type":"product","link":"https:\/\/areka.com\/en\/produit\/12-pastilles-de-menthe-en-batonnet-rectangulaire\/","title":{"rendered":"12 Pastilles de Menthe en B\u00e2tonnet Rectangulaire"},"content":{"rendered":"<p><strong>La fra\u00eecheur par 12.<\/strong><br \/>\n12 comprim\u00e9s de menthe rafra\u00eechissants (avec sucre), soigneusement emball\u00e9s dans une banderole en papier personnalis\u00e9e. Un cadeau promotionnel pratique qui offre une explosion de fra\u00eecheur tout en mettant en valeur votre message de marque sur une surface compacte mais percutante. Id\u00e9al pour les \u00e9v\u00e9nements, les actions promotionnelles ou comme petite attention du quotidien \u2014 toujours \u00e0 port\u00e9e de main et garanti de laisser une impression de fra\u00eecheur.<\/p>\n<ul>\n<li>Contenu: 10 g \/ 12 pastilles<\/li>\n<li>Dimensions: approx. 60 x 16 x 10 mm<\/li>\n<li>Conditionnement: 100 pcs. par carton \/ 1 600 pcs. dans le carton d&#8217;exp\u00e9dition<\/li>\n<li>D\u00e9lai de conservation: approx. 18 mois en cas de stockage appropri\u00e9<\/li>\n<li>D\u00e9lai de livraison: approx. 3-4 semaines apr\u00e8s accord du BAT<\/li>\n<\/ul>\n","protected":false},"excerpt":{"rendered":"<p>La fra\u00eecheur par 12. 12 comprim\u00e9s de menthe rafra\u00eechissants (avec sucre), soigneusement emball\u00e9s dans une banderole en papier personnalis\u00e9e. Un cadeau promotionnel pratique qui offre une explosion de fra\u00eecheur tout en mettant en valeur votre message de marque sur une surface compacte mais percutante. Id\u00e9al pour les \u00e9v\u00e9nements, les actions promotionnelles ou comme petite attention<a href=\"https:\/\/areka.com\/en\/produit\/12-pastilles-de-menthe-en-batonnet-rectangulaire\/\">Continue reading <span class=\"sr-only\">&#8220;12 Pastilles de Menthe en B\u00e2tonnet Rectangulaire&#8221;<\/span><\/a><\/p>\n","protected":false},"featured_media":553,"comment_status":"open","ping_status":"closed","template":"","meta":{"_acf_changed":false,"inline_featured_image":false},"product_brand":[],"product_cat":[35,29],"product_tag":[],"class_list":{"0":"post-284","1":"product","2":"type-product","3":"status-publish","4":"has-post-thumbnail","6":"product_cat-produits-personnalisables","7":"product_cat-chewing-gum-et-menthe","9":"first","10":"instock","11":"shipping-taxable","12":"product-type-simple"},"acf":[],"yoast_head":"<!-- This site is optimized with the Yoast SEO plugin v24.9 - https:\/\/yoast.com\/wordpress\/plugins\/seo\/ -->\n<title>12 Pastilles de Menthe en B\u00e2tonnet Rectangulaire : Areka<\/title>\n<meta name=\"robots\" content=\"index, follow, max-snippet:-1, max-image-preview:large, max-video-preview:-1\" \/>\n<link rel=\"canonical\" href=\"https:\/\/areka.com\/en\/produit\/12-pastilles-de-menthe-en-batonnet-rectangulaire\/\" \/>\n<meta property=\"og:locale\" content=\"en_US\" \/>\n<meta property=\"og:type\" content=\"article\" \/>\n<meta property=\"og:title\" content=\"12 Pastilles de Menthe en B\u00e2tonnet Rectangulaire : Areka\" \/>\n<meta property=\"og:description\" content=\"La fra\u00eecheur par 12. 12 comprim\u00e9s de menthe rafra\u00eechissants (avec sucre), soigneusement emball\u00e9s dans une banderole en papier personnalis\u00e9e. Un cadeau promotionnel pratique qui offre une explosion de fra\u00eecheur tout en mettant en valeur votre message de marque sur une surface compacte mais percutante. Id\u00e9al pour les \u00e9v\u00e9nements, les actions promotionnelles ou comme petite attentionContinue reading &quot;12 Pastilles de Menthe en B\u00e2tonnet Rectangulaire&quot;\" \/>\n<meta property=\"og:url\" content=\"https:\/\/areka.com\/en\/produit\/12-pastilles-de-menthe-en-batonnet-rectangulaire\/\" \/>\n<meta property=\"og:site_name\" content=\"Areka\" \/>\n<meta property=\"article:modified_time\" content=\"2026-04-01T13:35:32+00:00\" \/>\n<meta property=\"og:image\" content=\"https:\/\/areka.com\/wp-content\/uploads\/2023\/04\/botonnet-rectangulaire.png\" \/>\n\t<meta property=\"og:image:width\" content=\"412\" \/>\n\t<meta property=\"og:image:height\" content=\"412\" \/>\n\t<meta property=\"og:image:type\" content=\"image\/png\" \/>\n<meta name=\"twitter:card\" content=\"summary_large_image\" \/>\n<meta name=\"twitter:label1\" content=\"Est. reading time\" \/>\n\t<meta name=\"twitter:data1\" content=\"1 minute\" \/>\n<script type=\"application\/ld+json\" class=\"yoast-schema-graph\">{\"@context\":\"https:\/\/schema.org\",\"@graph\":[{\"@type\":\"WebPage\",\"@id\":\"https:\/\/areka.com\/en\/produit\/12-pastilles-de-menthe-en-batonnet-rectangulaire\/\",\"url\":\"https:\/\/areka.com\/en\/produit\/12-pastilles-de-menthe-en-batonnet-rectangulaire\/\",\"name\":\"12 Pastilles de Menthe en B\u00e2tonnet Rectangulaire : Areka\",\"isPartOf\":{\"@id\":\"https:\/\/areka.com\/en\/#website\"},\"primaryImageOfPage\":{\"@id\":\"https:\/\/areka.com\/en\/produit\/12-pastilles-de-menthe-en-batonnet-rectangulaire\/#primaryimage\"},\"image\":{\"@id\":\"https:\/\/areka.com\/en\/produit\/12-pastilles-de-menthe-en-batonnet-rectangulaire\/#primaryimage\"},\"thumbnailUrl\":\"https:\/\/areka.com\/wp-content\/uploads\/2023\/04\/botonnet-rectangulaire.png\",\"datePublished\":\"2023-04-23T19:10:37+00:00\",\"dateModified\":\"2026-04-01T13:35:32+00:00\",\"breadcrumb\":{\"@id\":\"https:\/\/areka.com\/en\/produit\/12-pastilles-de-menthe-en-batonnet-rectangulaire\/#breadcrumb\"},\"inLanguage\":\"en-US\",\"potentialAction\":[{\"@type\":\"ReadAction\",\"target\":[\"https:\/\/areka.com\/en\/produit\/12-pastilles-de-menthe-en-batonnet-rectangulaire\/\"]}]},{\"@type\":\"ImageObject\",\"inLanguage\":\"en-US\",\"@id\":\"https:\/\/areka.com\/en\/produit\/12-pastilles-de-menthe-en-batonnet-rectangulaire\/#primaryimage\",\"url\":\"https:\/\/areka.com\/wp-content\/uploads\/2023\/04\/botonnet-rectangulaire.png\",\"contentUrl\":\"https:\/\/areka.com\/wp-content\/uploads\/2023\/04\/botonnet-rectangulaire.png\",\"width\":412,\"height\":412},{\"@type\":\"BreadcrumbList\",\"@id\":\"https:\/\/areka.com\/en\/produit\/12-pastilles-de-menthe-en-batonnet-rectangulaire\/#breadcrumb\",\"itemListElement\":[{\"@type\":\"ListItem\",\"position\":1,\"name\":\"All of our products\",\"item\":\"https:\/\/areka.com\/en\/shop\/\"},{\"@type\":\"ListItem\",\"position\":2,\"name\":\"Personalized products\",\"item\":\"https:\/\/areka.com\/en\/product-category\/personalized-products\/\"},{\"@type\":\"ListItem\",\"position\":3,\"name\":\"12 Pastilles de Menthe en B\u00e2tonnet Rectangulaire\"}]},{\"@type\":\"WebSite\",\"@id\":\"https:\/\/areka.com\/en\/#website\",\"url\":\"https:\/\/areka.com\/en\/\",\"name\":\"Areka\",\"description\":\"Sp\u00e9cialiste fran\u00e7ais de la confiserie personnalis\u00e9e\",\"potentialAction\":[{\"@type\":\"SearchAction\",\"target\":{\"@type\":\"EntryPoint\",\"urlTemplate\":\"https:\/\/areka.com\/en\/?s={search_term_string}\"},\"query-input\":{\"@type\":\"PropertyValueSpecification\",\"valueRequired\":true,\"valueName\":\"search_term_string\"}}],\"inLanguage\":\"en-US\"}]}<\/script>\n<!-- \/ Yoast SEO plugin. -->","yoast_head_json":{"title":"12 Pastilles de Menthe en B\u00e2tonnet Rectangulaire : Areka","robots":{"index":"index","follow":"follow","max-snippet":"max-snippet:-1","max-image-preview":"max-image-preview:large","max-video-preview":"max-video-preview:-1"},"canonical":"https:\/\/areka.com\/en\/produit\/12-pastilles-de-menthe-en-batonnet-rectangulaire\/","og_locale":"en_US","og_type":"article","og_title":"12 Pastilles de Menthe en B\u00e2tonnet Rectangulaire : Areka","og_description":"La fra\u00eecheur par 12. 12 comprim\u00e9s de menthe rafra\u00eechissants (avec sucre), soigneusement emball\u00e9s dans une banderole en papier personnalis\u00e9e. Un cadeau promotionnel pratique qui offre une explosion de fra\u00eecheur tout en mettant en valeur votre message de marque sur une surface compacte mais percutante. Id\u00e9al pour les \u00e9v\u00e9nements, les actions promotionnelles ou comme petite attentionContinue reading \"12 Pastilles de Menthe en B\u00e2tonnet Rectangulaire\"","og_url":"https:\/\/areka.com\/en\/produit\/12-pastilles-de-menthe-en-batonnet-rectangulaire\/","og_site_name":"Areka","article_modified_time":"2026-04-01T13:35:32+00:00","og_image":[{"width":412,"height":412,"url":"https:\/\/areka.com\/wp-content\/uploads\/2023\/04\/botonnet-rectangulaire.png","type":"image\/png"}],"twitter_card":"summary_large_image","twitter_misc":{"Est. reading time":"1 minute"},"schema":{"@context":"https:\/\/schema.org","@graph":[{"@type":"WebPage","@id":"https:\/\/areka.com\/en\/produit\/12-pastilles-de-menthe-en-batonnet-rectangulaire\/","url":"https:\/\/areka.com\/en\/produit\/12-pastilles-de-menthe-en-batonnet-rectangulaire\/","name":"12 Pastilles de Menthe en B\u00e2tonnet Rectangulaire : Areka","isPartOf":{"@id":"https:\/\/areka.com\/en\/#website"},"primaryImageOfPage":{"@id":"https:\/\/areka.com\/en\/produit\/12-pastilles-de-menthe-en-batonnet-rectangulaire\/#primaryimage"},"image":{"@id":"https:\/\/areka.com\/en\/produit\/12-pastilles-de-menthe-en-batonnet-rectangulaire\/#primaryimage"},"thumbnailUrl":"https:\/\/areka.com\/wp-content\/uploads\/2023\/04\/botonnet-rectangulaire.png","datePublished":"2023-04-23T19:10:37+00:00","dateModified":"2026-04-01T13:35:32+00:00","breadcrumb":{"@id":"https:\/\/areka.com\/en\/produit\/12-pastilles-de-menthe-en-batonnet-rectangulaire\/#breadcrumb"},"inLanguage":"en-US","potentialAction":[{"@type":"ReadAction","target":["https:\/\/areka.com\/en\/produit\/12-pastilles-de-menthe-en-batonnet-rectangulaire\/"]}]},{"@type":"ImageObject","inLanguage":"en-US","@id":"https:\/\/areka.com\/en\/produit\/12-pastilles-de-menthe-en-batonnet-rectangulaire\/#primaryimage","url":"https:\/\/areka.com\/wp-content\/uploads\/2023\/04\/botonnet-rectangulaire.png","contentUrl":"https:\/\/areka.com\/wp-content\/uploads\/2023\/04\/botonnet-rectangulaire.png","width":412,"height":412},{"@type":"BreadcrumbList","@id":"https:\/\/areka.com\/en\/produit\/12-pastilles-de-menthe-en-batonnet-rectangulaire\/#breadcrumb","itemListElement":[{"@type":"ListItem","position":1,"name":"All of our products","item":"https:\/\/areka.com\/en\/shop\/"},{"@type":"ListItem","position":2,"name":"Personalized products","item":"https:\/\/areka.com\/en\/product-category\/personalized-products\/"},{"@type":"ListItem","position":3,"name":"12 Pastilles de Menthe en B\u00e2tonnet Rectangulaire"}]},{"@type":"WebSite","@id":"https:\/\/areka.com\/en\/#website","url":"https:\/\/areka.com\/en\/","name":"Areka","description":"Sp\u00e9cialiste fran\u00e7ais de la confiserie personnalis\u00e9e","potentialAction":[{"@type":"SearchAction","target":{"@type":"EntryPoint","urlTemplate":"https:\/\/areka.com\/en\/?s={search_term_string}"},"query-input":{"@type":"PropertyValueSpecification","valueRequired":true,"valueName":"search_term_string"}}],"inLanguage":"en-US"}]}},"_links":{"self":[{"href":"https:\/\/areka.com\/en\/wp-json\/wp\/v2\/product\/284","targetHints":{"allow":["GET"]}}],"collection":[{"href":"https:\/\/areka.com\/en\/wp-json\/wp\/v2\/product"}],"about":[{"href":"https:\/\/areka.com\/en\/wp-json\/wp\/v2\/types\/product"}],"replies":[{"embeddable":true,"href":"https:\/\/areka.com\/en\/wp-json\/wp\/v2\/comments?post=284"}],"wp:featuredmedia":[{"embeddable":true,"href":"https:\/\/areka.com\/en\/wp-json\/wp\/v2\/media\/553"}],"wp:attachment":[{"href":"https:\/\/areka.com\/en\/wp-json\/wp\/v2\/media?parent=284"}],"wp:term":[{"taxonomy":"product_brand","embeddable":true,"href":"https:\/\/areka.com\/en\/wp-json\/wp\/v2\/product_brand?post=284"},{"taxonomy":"product_cat","embeddable":true,"href":"https:\/\/areka.com\/en\/wp-json\/wp\/v2\/product_cat?post=284"},{"taxonomy":"product_tag","embeddable":true,"href":"https:\/\/areka.com\/en\/wp-json\/wp\/v2\/product_tag?post=284"}],"curies":[{"name":"wp","href":"https:\/\/api.w.org\/{rel}","templated":true}]}}