{"id":287,"date":"2023-04-23T21:22:43","date_gmt":"2023-04-23T19:22:43","guid":{"rendered":"https:\/\/areka.com\/?post_type=product&#038;p=287"},"modified":"2026-04-08T15:19:20","modified_gmt":"2026-04-08T13:19:20","slug":"nid-de-paques-lindt","status":"publish","type":"product","link":"https:\/\/areka.com\/en\/produit\/nid-de-paques-lindt\/","title":{"rendered":"Nid de P\u00e2ques Lindt"},"content":{"rendered":"<p><strong>V\u0153ux de P\u00e2ques en or.<\/strong><br \/>\nLe Lindt Gold Bunny sucr\u00e9, pr\u00e9sent\u00e9 dans une bo\u00eete cadeau au th\u00e8me printanier en carton certifi\u00e9 FSC\u00ae, est un v\u00e9ritable point fort de P\u00e2ques.La bo\u00eete peut \u00eatre enti\u00e8rement personnalis\u00e9e, transformant ce charmant cadeau en article promotionnel \u00e9l\u00e9gant et durable.<\/p>\n<ul>\n<li>Contenu: 35 g<\/li>\n<li>Remplissage:\n<ul>\n<li>Lapin en chocolat Lindt 10 g,<\/li>\n<li>2 truffes Lindt Lindor (truffle vert = pistache, truffle bleu = stracciatella)<\/li>\n<\/ul>\n<\/li>\n<li>Dimensions: approx. 120 x 120 x 120 mm<\/li>\n<li>Conditionnement: 30 pcs. par carton<\/li>\n<li>D\u00e9lai de conservation: jusqu&#8217;au 31.07. 2026 si stock\u00e9 correctement<\/li>\n<li>D\u00e9lai de livraison: campagne de fabrication<\/li>\n<\/ul>\n","protected":false},"excerpt":{"rendered":"<p>V\u0153ux de P\u00e2ques en or. Le Lindt Gold Bunny sucr\u00e9, pr\u00e9sent\u00e9 dans une bo\u00eete cadeau au th\u00e8me printanier en carton certifi\u00e9 FSC\u00ae, est un v\u00e9ritable point fort de P\u00e2ques.La bo\u00eete peut \u00eatre enti\u00e8rement personnalis\u00e9e, transformant ce charmant cadeau en article promotionnel \u00e9l\u00e9gant et durable. Contenu: 35 g Remplissage: Lapin en chocolat Lindt 10 g, 2<a href=\"https:\/\/areka.com\/en\/produit\/nid-de-paques-lindt\/\">Continue reading <span class=\"sr-only\">&#8220;Nid de P\u00e2ques Lindt&#8221;<\/span><\/a><\/p>\n","protected":false},"featured_media":563,"comment_status":"open","ping_status":"closed","template":"","meta":{"_acf_changed":false,"inline_featured_image":false},"product_brand":[],"product_cat":[35,61],"product_tag":[],"class_list":{"0":"post-287","1":"product","2":"type-product","3":"status-publish","4":"has-post-thumbnail","6":"product_cat-produits-personnalisables","7":"product_cat-paques","9":"first","10":"instock","11":"shipping-taxable","12":"product-type-simple"},"acf":[],"yoast_head":"<!-- This site is optimized with the Yoast SEO plugin v24.9 - https:\/\/yoast.com\/wordpress\/plugins\/seo\/ -->\n<title>Nid de P\u00e2ques Lindt : Areka<\/title>\n<meta name=\"robots\" content=\"index, follow, max-snippet:-1, max-image-preview:large, max-video-preview:-1\" \/>\n<link rel=\"canonical\" href=\"https:\/\/areka.com\/en\/produit\/nid-de-paques-lindt\/\" \/>\n<meta property=\"og:locale\" content=\"en_US\" \/>\n<meta property=\"og:type\" content=\"article\" \/>\n<meta property=\"og:title\" content=\"Nid de P\u00e2ques Lindt : Areka\" \/>\n<meta property=\"og:description\" content=\"V\u0153ux de P\u00e2ques en or. Le Lindt Gold Bunny sucr\u00e9, pr\u00e9sent\u00e9 dans une bo\u00eete cadeau au th\u00e8me printanier en carton certifi\u00e9 FSC\u00ae, est un v\u00e9ritable point fort de P\u00e2ques.La bo\u00eete peut \u00eatre enti\u00e8rement personnalis\u00e9e, transformant ce charmant cadeau en article promotionnel \u00e9l\u00e9gant et durable. Contenu: 35 g Remplissage: Lapin en chocolat Lindt 10 g, 2Continue reading &quot;Nid de P\u00e2ques Lindt&quot;\" \/>\n<meta property=\"og:url\" content=\"https:\/\/areka.com\/en\/produit\/nid-de-paques-lindt\/\" \/>\n<meta property=\"og:site_name\" content=\"Areka\" \/>\n<meta property=\"article:modified_time\" content=\"2026-04-08T13:19:20+00:00\" \/>\n<meta property=\"og:image\" content=\"https:\/\/areka.com\/wp-content\/uploads\/2023\/04\/nid-de-paques.png\" \/>\n\t<meta property=\"og:image:width\" content=\"412\" \/>\n\t<meta property=\"og:image:height\" content=\"412\" \/>\n\t<meta property=\"og:image:type\" content=\"image\/png\" \/>\n<meta name=\"twitter:card\" content=\"summary_large_image\" \/>\n<meta name=\"twitter:label1\" content=\"Est. reading time\" \/>\n\t<meta name=\"twitter:data1\" content=\"1 minute\" \/>\n<script type=\"application\/ld+json\" class=\"yoast-schema-graph\">{\"@context\":\"https:\/\/schema.org\",\"@graph\":[{\"@type\":\"WebPage\",\"@id\":\"https:\/\/areka.com\/en\/produit\/nid-de-paques-lindt\/\",\"url\":\"https:\/\/areka.com\/en\/produit\/nid-de-paques-lindt\/\",\"name\":\"Nid de P\u00e2ques Lindt : Areka\",\"isPartOf\":{\"@id\":\"https:\/\/areka.com\/en\/#website\"},\"primaryImageOfPage\":{\"@id\":\"https:\/\/areka.com\/en\/produit\/nid-de-paques-lindt\/#primaryimage\"},\"image\":{\"@id\":\"https:\/\/areka.com\/en\/produit\/nid-de-paques-lindt\/#primaryimage\"},\"thumbnailUrl\":\"https:\/\/areka.com\/wp-content\/uploads\/2023\/04\/nid-de-paques.png\",\"datePublished\":\"2023-04-23T19:22:43+00:00\",\"dateModified\":\"2026-04-08T13:19:20+00:00\",\"breadcrumb\":{\"@id\":\"https:\/\/areka.com\/en\/produit\/nid-de-paques-lindt\/#breadcrumb\"},\"inLanguage\":\"en-US\",\"potentialAction\":[{\"@type\":\"ReadAction\",\"target\":[\"https:\/\/areka.com\/en\/produit\/nid-de-paques-lindt\/\"]}]},{\"@type\":\"ImageObject\",\"inLanguage\":\"en-US\",\"@id\":\"https:\/\/areka.com\/en\/produit\/nid-de-paques-lindt\/#primaryimage\",\"url\":\"https:\/\/areka.com\/wp-content\/uploads\/2023\/04\/nid-de-paques.png\",\"contentUrl\":\"https:\/\/areka.com\/wp-content\/uploads\/2023\/04\/nid-de-paques.png\",\"width\":412,\"height\":412},{\"@type\":\"BreadcrumbList\",\"@id\":\"https:\/\/areka.com\/en\/produit\/nid-de-paques-lindt\/#breadcrumb\",\"itemListElement\":[{\"@type\":\"ListItem\",\"position\":1,\"name\":\"All of our products\",\"item\":\"https:\/\/areka.com\/en\/shop\/\"},{\"@type\":\"ListItem\",\"position\":2,\"name\":\"Personalized products\",\"item\":\"https:\/\/areka.com\/en\/product-category\/personalized-products\/\"},{\"@type\":\"ListItem\",\"position\":3,\"name\":\"Nid de P\u00e2ques Lindt\"}]},{\"@type\":\"WebSite\",\"@id\":\"https:\/\/areka.com\/en\/#website\",\"url\":\"https:\/\/areka.com\/en\/\",\"name\":\"Areka\",\"description\":\"Sp\u00e9cialiste fran\u00e7ais de la confiserie personnalis\u00e9e\",\"potentialAction\":[{\"@type\":\"SearchAction\",\"target\":{\"@type\":\"EntryPoint\",\"urlTemplate\":\"https:\/\/areka.com\/en\/?s={search_term_string}\"},\"query-input\":{\"@type\":\"PropertyValueSpecification\",\"valueRequired\":true,\"valueName\":\"search_term_string\"}}],\"inLanguage\":\"en-US\"}]}<\/script>\n<!-- \/ Yoast SEO plugin. -->","yoast_head_json":{"title":"Nid de P\u00e2ques Lindt : Areka","robots":{"index":"index","follow":"follow","max-snippet":"max-snippet:-1","max-image-preview":"max-image-preview:large","max-video-preview":"max-video-preview:-1"},"canonical":"https:\/\/areka.com\/en\/produit\/nid-de-paques-lindt\/","og_locale":"en_US","og_type":"article","og_title":"Nid de P\u00e2ques Lindt : Areka","og_description":"V\u0153ux de P\u00e2ques en or. Le Lindt Gold Bunny sucr\u00e9, pr\u00e9sent\u00e9 dans une bo\u00eete cadeau au th\u00e8me printanier en carton certifi\u00e9 FSC\u00ae, est un v\u00e9ritable point fort de P\u00e2ques.La bo\u00eete peut \u00eatre enti\u00e8rement personnalis\u00e9e, transformant ce charmant cadeau en article promotionnel \u00e9l\u00e9gant et durable. Contenu: 35 g Remplissage: Lapin en chocolat Lindt 10 g, 2Continue reading \"Nid de P\u00e2ques Lindt\"","og_url":"https:\/\/areka.com\/en\/produit\/nid-de-paques-lindt\/","og_site_name":"Areka","article_modified_time":"2026-04-08T13:19:20+00:00","og_image":[{"width":412,"height":412,"url":"https:\/\/areka.com\/wp-content\/uploads\/2023\/04\/nid-de-paques.png","type":"image\/png"}],"twitter_card":"summary_large_image","twitter_misc":{"Est. reading time":"1 minute"},"schema":{"@context":"https:\/\/schema.org","@graph":[{"@type":"WebPage","@id":"https:\/\/areka.com\/en\/produit\/nid-de-paques-lindt\/","url":"https:\/\/areka.com\/en\/produit\/nid-de-paques-lindt\/","name":"Nid de P\u00e2ques Lindt : Areka","isPartOf":{"@id":"https:\/\/areka.com\/en\/#website"},"primaryImageOfPage":{"@id":"https:\/\/areka.com\/en\/produit\/nid-de-paques-lindt\/#primaryimage"},"image":{"@id":"https:\/\/areka.com\/en\/produit\/nid-de-paques-lindt\/#primaryimage"},"thumbnailUrl":"https:\/\/areka.com\/wp-content\/uploads\/2023\/04\/nid-de-paques.png","datePublished":"2023-04-23T19:22:43+00:00","dateModified":"2026-04-08T13:19:20+00:00","breadcrumb":{"@id":"https:\/\/areka.com\/en\/produit\/nid-de-paques-lindt\/#breadcrumb"},"inLanguage":"en-US","potentialAction":[{"@type":"ReadAction","target":["https:\/\/areka.com\/en\/produit\/nid-de-paques-lindt\/"]}]},{"@type":"ImageObject","inLanguage":"en-US","@id":"https:\/\/areka.com\/en\/produit\/nid-de-paques-lindt\/#primaryimage","url":"https:\/\/areka.com\/wp-content\/uploads\/2023\/04\/nid-de-paques.png","contentUrl":"https:\/\/areka.com\/wp-content\/uploads\/2023\/04\/nid-de-paques.png","width":412,"height":412},{"@type":"BreadcrumbList","@id":"https:\/\/areka.com\/en\/produit\/nid-de-paques-lindt\/#breadcrumb","itemListElement":[{"@type":"ListItem","position":1,"name":"All of our products","item":"https:\/\/areka.com\/en\/shop\/"},{"@type":"ListItem","position":2,"name":"Personalized products","item":"https:\/\/areka.com\/en\/product-category\/personalized-products\/"},{"@type":"ListItem","position":3,"name":"Nid de P\u00e2ques Lindt"}]},{"@type":"WebSite","@id":"https:\/\/areka.com\/en\/#website","url":"https:\/\/areka.com\/en\/","name":"Areka","description":"Sp\u00e9cialiste fran\u00e7ais de la confiserie personnalis\u00e9e","potentialAction":[{"@type":"SearchAction","target":{"@type":"EntryPoint","urlTemplate":"https:\/\/areka.com\/en\/?s={search_term_string}"},"query-input":{"@type":"PropertyValueSpecification","valueRequired":true,"valueName":"search_term_string"}}],"inLanguage":"en-US"}]}},"_links":{"self":[{"href":"https:\/\/areka.com\/en\/wp-json\/wp\/v2\/product\/287","targetHints":{"allow":["GET"]}}],"collection":[{"href":"https:\/\/areka.com\/en\/wp-json\/wp\/v2\/product"}],"about":[{"href":"https:\/\/areka.com\/en\/wp-json\/wp\/v2\/types\/product"}],"replies":[{"embeddable":true,"href":"https:\/\/areka.com\/en\/wp-json\/wp\/v2\/comments?post=287"}],"wp:featuredmedia":[{"embeddable":true,"href":"https:\/\/areka.com\/en\/wp-json\/wp\/v2\/media\/563"}],"wp:attachment":[{"href":"https:\/\/areka.com\/en\/wp-json\/wp\/v2\/media?parent=287"}],"wp:term":[{"taxonomy":"product_brand","embeddable":true,"href":"https:\/\/areka.com\/en\/wp-json\/wp\/v2\/product_brand?post=287"},{"taxonomy":"product_cat","embeddable":true,"href":"https:\/\/areka.com\/en\/wp-json\/wp\/v2\/product_cat?post=287"},{"taxonomy":"product_tag","embeddable":true,"href":"https:\/\/areka.com\/en\/wp-json\/wp\/v2\/product_tag?post=287"}],"curies":[{"name":"wp","href":"https:\/\/api.w.org\/{rel}","templated":true}]}}