{"id":288,"date":"2023-04-23T21:24:57","date_gmt":"2023-04-23T19:24:57","guid":{"rendered":"https:\/\/areka.com\/?post_type=product&#038;p=288"},"modified":"2026-04-08T15:08:50","modified_gmt":"2026-04-08T13:08:50","slug":"surprise-de-paques-lindt","status":"publish","type":"product","link":"https:\/\/areka.com\/en\/produit\/surprise-de-paques-lindt\/","title":{"rendered":"Surprise de P\u00e2ques Lindt"},"content":{"rendered":"<p><strong>Joie de P\u00e2ques \u00e0 partager.<\/strong><br \/>\nUne douce surprise pour les f\u00eates : le d\u00e9licieux lapin en chocolat Lindt, accompagn\u00e9 de cinq \u0153ufs de P\u00e2ques Lindt Lindor en chocolat au lait irr\u00e9sistiblement fondant. Pr\u00e9sent\u00e9 dans une bo\u00eete enti\u00e8rement personnalisable, en carton certifi\u00e9 FSC\u00ae, ce cadeau devient un pr\u00e9sent raffin\u00e9 et personnel.<\/p>\n<p>&nbsp;<\/p>\n<ul>\n<li>Contenu: 74 g<\/li>\n<li>Remplissage:\n<ul>\n<li>Lapin en chocolat Lindt 50 g,<\/li>\n<li>5 \u0153ufs Lindt Lindor<\/li>\n<\/ul>\n<\/li>\n<li>Dimensions: approx. 70 x 70 x 95 mm<\/li>\n<li>Conditionnement: 40 pcs. par carton<\/li>\n<li>D\u00e9lai de conservation: jusqu&#8217;au 31.07. 2026 si stock\u00e9 correctement<\/li>\n<li>D\u00e9lai de livraison: campagne de fabrication<\/li>\n<\/ul>\n","protected":false},"excerpt":{"rendered":"<p>Joie de P\u00e2ques \u00e0 partager. Une douce surprise pour les f\u00eates : le d\u00e9licieux lapin en chocolat Lindt, accompagn\u00e9 de cinq \u0153ufs de P\u00e2ques Lindt Lindor en chocolat au lait irr\u00e9sistiblement fondant. Pr\u00e9sent\u00e9 dans une bo\u00eete enti\u00e8rement personnalisable, en carton certifi\u00e9 FSC\u00ae, ce cadeau devient un pr\u00e9sent raffin\u00e9 et personnel. &nbsp; Contenu: 74 g Remplissage:<a href=\"https:\/\/areka.com\/en\/produit\/surprise-de-paques-lindt\/\">Continue reading <span class=\"sr-only\">&#8220;Surprise de P\u00e2ques Lindt&#8221;<\/span><\/a><\/p>\n","protected":false},"featured_media":565,"comment_status":"open","ping_status":"closed","template":"","meta":{"_acf_changed":false,"inline_featured_image":false},"product_brand":[],"product_cat":[35,61],"product_tag":[],"class_list":{"0":"post-288","1":"product","2":"type-product","3":"status-publish","4":"has-post-thumbnail","6":"product_cat-produits-personnalisables","7":"product_cat-paques","9":"first","10":"instock","11":"shipping-taxable","12":"product-type-simple"},"acf":[],"yoast_head":"<!-- This site is optimized with the Yoast SEO plugin v24.9 - https:\/\/yoast.com\/wordpress\/plugins\/seo\/ -->\n<title>Surprise de P\u00e2ques Lindt : Areka<\/title>\n<meta name=\"robots\" content=\"index, follow, max-snippet:-1, max-image-preview:large, max-video-preview:-1\" \/>\n<link rel=\"canonical\" href=\"https:\/\/areka.com\/en\/produit\/surprise-de-paques-lindt\/\" \/>\n<meta property=\"og:locale\" content=\"en_US\" \/>\n<meta property=\"og:type\" content=\"article\" \/>\n<meta property=\"og:title\" content=\"Surprise de P\u00e2ques Lindt : Areka\" \/>\n<meta property=\"og:description\" content=\"Joie de P\u00e2ques \u00e0 partager. Une douce surprise pour les f\u00eates : le d\u00e9licieux lapin en chocolat Lindt, accompagn\u00e9 de cinq \u0153ufs de P\u00e2ques Lindt Lindor en chocolat au lait irr\u00e9sistiblement fondant. Pr\u00e9sent\u00e9 dans une bo\u00eete enti\u00e8rement personnalisable, en carton certifi\u00e9 FSC\u00ae, ce cadeau devient un pr\u00e9sent raffin\u00e9 et personnel. &nbsp; Contenu: 74 g Remplissage:Continue reading &quot;Surprise de P\u00e2ques Lindt&quot;\" \/>\n<meta property=\"og:url\" content=\"https:\/\/areka.com\/en\/produit\/surprise-de-paques-lindt\/\" \/>\n<meta property=\"og:site_name\" content=\"Areka\" \/>\n<meta property=\"article:modified_time\" content=\"2026-04-08T13:08:50+00:00\" \/>\n<meta property=\"og:image\" content=\"https:\/\/areka.com\/wp-content\/uploads\/2023\/04\/surprise.png\" \/>\n\t<meta property=\"og:image:width\" content=\"412\" \/>\n\t<meta property=\"og:image:height\" content=\"412\" \/>\n\t<meta property=\"og:image:type\" content=\"image\/png\" \/>\n<meta name=\"twitter:card\" content=\"summary_large_image\" \/>\n<meta name=\"twitter:label1\" content=\"Est. reading time\" \/>\n\t<meta name=\"twitter:data1\" content=\"1 minute\" \/>\n<script type=\"application\/ld+json\" class=\"yoast-schema-graph\">{\"@context\":\"https:\/\/schema.org\",\"@graph\":[{\"@type\":\"WebPage\",\"@id\":\"https:\/\/areka.com\/en\/produit\/surprise-de-paques-lindt\/\",\"url\":\"https:\/\/areka.com\/en\/produit\/surprise-de-paques-lindt\/\",\"name\":\"Surprise de P\u00e2ques Lindt : Areka\",\"isPartOf\":{\"@id\":\"https:\/\/areka.com\/en\/#website\"},\"primaryImageOfPage\":{\"@id\":\"https:\/\/areka.com\/en\/produit\/surprise-de-paques-lindt\/#primaryimage\"},\"image\":{\"@id\":\"https:\/\/areka.com\/en\/produit\/surprise-de-paques-lindt\/#primaryimage\"},\"thumbnailUrl\":\"https:\/\/areka.com\/wp-content\/uploads\/2023\/04\/surprise.png\",\"datePublished\":\"2023-04-23T19:24:57+00:00\",\"dateModified\":\"2026-04-08T13:08:50+00:00\",\"breadcrumb\":{\"@id\":\"https:\/\/areka.com\/en\/produit\/surprise-de-paques-lindt\/#breadcrumb\"},\"inLanguage\":\"en-US\",\"potentialAction\":[{\"@type\":\"ReadAction\",\"target\":[\"https:\/\/areka.com\/en\/produit\/surprise-de-paques-lindt\/\"]}]},{\"@type\":\"ImageObject\",\"inLanguage\":\"en-US\",\"@id\":\"https:\/\/areka.com\/en\/produit\/surprise-de-paques-lindt\/#primaryimage\",\"url\":\"https:\/\/areka.com\/wp-content\/uploads\/2023\/04\/surprise.png\",\"contentUrl\":\"https:\/\/areka.com\/wp-content\/uploads\/2023\/04\/surprise.png\",\"width\":412,\"height\":412},{\"@type\":\"BreadcrumbList\",\"@id\":\"https:\/\/areka.com\/en\/produit\/surprise-de-paques-lindt\/#breadcrumb\",\"itemListElement\":[{\"@type\":\"ListItem\",\"position\":1,\"name\":\"All of our products\",\"item\":\"https:\/\/areka.com\/en\/shop\/\"},{\"@type\":\"ListItem\",\"position\":2,\"name\":\"Personalized products\",\"item\":\"https:\/\/areka.com\/en\/product-category\/personalized-products\/\"},{\"@type\":\"ListItem\",\"position\":3,\"name\":\"Surprise de P\u00e2ques Lindt\"}]},{\"@type\":\"WebSite\",\"@id\":\"https:\/\/areka.com\/en\/#website\",\"url\":\"https:\/\/areka.com\/en\/\",\"name\":\"Areka\",\"description\":\"Sp\u00e9cialiste fran\u00e7ais de la confiserie personnalis\u00e9e\",\"potentialAction\":[{\"@type\":\"SearchAction\",\"target\":{\"@type\":\"EntryPoint\",\"urlTemplate\":\"https:\/\/areka.com\/en\/?s={search_term_string}\"},\"query-input\":{\"@type\":\"PropertyValueSpecification\",\"valueRequired\":true,\"valueName\":\"search_term_string\"}}],\"inLanguage\":\"en-US\"}]}<\/script>\n<!-- \/ Yoast SEO plugin. -->","yoast_head_json":{"title":"Surprise de P\u00e2ques Lindt : Areka","robots":{"index":"index","follow":"follow","max-snippet":"max-snippet:-1","max-image-preview":"max-image-preview:large","max-video-preview":"max-video-preview:-1"},"canonical":"https:\/\/areka.com\/en\/produit\/surprise-de-paques-lindt\/","og_locale":"en_US","og_type":"article","og_title":"Surprise de P\u00e2ques Lindt : Areka","og_description":"Joie de P\u00e2ques \u00e0 partager. Une douce surprise pour les f\u00eates : le d\u00e9licieux lapin en chocolat Lindt, accompagn\u00e9 de cinq \u0153ufs de P\u00e2ques Lindt Lindor en chocolat au lait irr\u00e9sistiblement fondant. Pr\u00e9sent\u00e9 dans une bo\u00eete enti\u00e8rement personnalisable, en carton certifi\u00e9 FSC\u00ae, ce cadeau devient un pr\u00e9sent raffin\u00e9 et personnel. &nbsp; Contenu: 74 g Remplissage:Continue reading \"Surprise de P\u00e2ques Lindt\"","og_url":"https:\/\/areka.com\/en\/produit\/surprise-de-paques-lindt\/","og_site_name":"Areka","article_modified_time":"2026-04-08T13:08:50+00:00","og_image":[{"width":412,"height":412,"url":"https:\/\/areka.com\/wp-content\/uploads\/2023\/04\/surprise.png","type":"image\/png"}],"twitter_card":"summary_large_image","twitter_misc":{"Est. reading time":"1 minute"},"schema":{"@context":"https:\/\/schema.org","@graph":[{"@type":"WebPage","@id":"https:\/\/areka.com\/en\/produit\/surprise-de-paques-lindt\/","url":"https:\/\/areka.com\/en\/produit\/surprise-de-paques-lindt\/","name":"Surprise de P\u00e2ques Lindt : Areka","isPartOf":{"@id":"https:\/\/areka.com\/en\/#website"},"primaryImageOfPage":{"@id":"https:\/\/areka.com\/en\/produit\/surprise-de-paques-lindt\/#primaryimage"},"image":{"@id":"https:\/\/areka.com\/en\/produit\/surprise-de-paques-lindt\/#primaryimage"},"thumbnailUrl":"https:\/\/areka.com\/wp-content\/uploads\/2023\/04\/surprise.png","datePublished":"2023-04-23T19:24:57+00:00","dateModified":"2026-04-08T13:08:50+00:00","breadcrumb":{"@id":"https:\/\/areka.com\/en\/produit\/surprise-de-paques-lindt\/#breadcrumb"},"inLanguage":"en-US","potentialAction":[{"@type":"ReadAction","target":["https:\/\/areka.com\/en\/produit\/surprise-de-paques-lindt\/"]}]},{"@type":"ImageObject","inLanguage":"en-US","@id":"https:\/\/areka.com\/en\/produit\/surprise-de-paques-lindt\/#primaryimage","url":"https:\/\/areka.com\/wp-content\/uploads\/2023\/04\/surprise.png","contentUrl":"https:\/\/areka.com\/wp-content\/uploads\/2023\/04\/surprise.png","width":412,"height":412},{"@type":"BreadcrumbList","@id":"https:\/\/areka.com\/en\/produit\/surprise-de-paques-lindt\/#breadcrumb","itemListElement":[{"@type":"ListItem","position":1,"name":"All of our products","item":"https:\/\/areka.com\/en\/shop\/"},{"@type":"ListItem","position":2,"name":"Personalized products","item":"https:\/\/areka.com\/en\/product-category\/personalized-products\/"},{"@type":"ListItem","position":3,"name":"Surprise de P\u00e2ques Lindt"}]},{"@type":"WebSite","@id":"https:\/\/areka.com\/en\/#website","url":"https:\/\/areka.com\/en\/","name":"Areka","description":"Sp\u00e9cialiste fran\u00e7ais de la confiserie personnalis\u00e9e","potentialAction":[{"@type":"SearchAction","target":{"@type":"EntryPoint","urlTemplate":"https:\/\/areka.com\/en\/?s={search_term_string}"},"query-input":{"@type":"PropertyValueSpecification","valueRequired":true,"valueName":"search_term_string"}}],"inLanguage":"en-US"}]}},"_links":{"self":[{"href":"https:\/\/areka.com\/en\/wp-json\/wp\/v2\/product\/288","targetHints":{"allow":["GET"]}}],"collection":[{"href":"https:\/\/areka.com\/en\/wp-json\/wp\/v2\/product"}],"about":[{"href":"https:\/\/areka.com\/en\/wp-json\/wp\/v2\/types\/product"}],"replies":[{"embeddable":true,"href":"https:\/\/areka.com\/en\/wp-json\/wp\/v2\/comments?post=288"}],"wp:featuredmedia":[{"embeddable":true,"href":"https:\/\/areka.com\/en\/wp-json\/wp\/v2\/media\/565"}],"wp:attachment":[{"href":"https:\/\/areka.com\/en\/wp-json\/wp\/v2\/media?parent=288"}],"wp:term":[{"taxonomy":"product_brand","embeddable":true,"href":"https:\/\/areka.com\/en\/wp-json\/wp\/v2\/product_brand?post=288"},{"taxonomy":"product_cat","embeddable":true,"href":"https:\/\/areka.com\/en\/wp-json\/wp\/v2\/product_cat?post=288"},{"taxonomy":"product_tag","embeddable":true,"href":"https:\/\/areka.com\/en\/wp-json\/wp\/v2\/product_tag?post=288"}],"curies":[{"name":"wp","href":"https:\/\/api.w.org\/{rel}","templated":true}]}}