{"id":289,"date":"2023-04-23T21:27:55","date_gmt":"2023-04-23T19:27:55","guid":{"rendered":"https:\/\/areka.com\/?post_type=product&#038;p=289"},"modified":"2026-04-08T15:06:23","modified_gmt":"2026-04-08T13:06:23","slug":"mini-lapin-or-lindt-dans-son-carton-en-forme-doeuf-de-paques","status":"publish","type":"product","link":"https:\/\/areka.com\/en\/produit\/mini-lapin-or-lindt-dans-son-carton-en-forme-doeuf-de-paques\/","title":{"rendered":"Mini lapin or Lindt dans son carton en forme d&#8217;oeuf de P\u00e2ques"},"content":{"rendered":"<p><strong>Le charme de P\u00e2ques en chocolat alpin.<\/strong><br \/>\nD\u00e9licat mini lapin de P\u00e4ques Lindt en chocolat au lait des Alpes, pr\u00e9sent\u00e9 dans un carton \u00e0 fermeture pression personnalisable, en forme d\u2019\u0153uf de P\u00e2ques et fabriqu\u00e9 en carton certifi\u00e9\u00e9 FSC\u00ae.<\/p>\n<ul>\n<li>Contenu: 10 g<\/li>\n<li>Dimensions: approx. 80 x 105 mm<\/li>\n<li>Conditionnement: 60 pcs. par carton \/ 360 pcs. dans le carton d&#8217;exp\u00e9dition<\/li>\n<li>D\u00e9lai de conservation: jusqu&#8217;au 31.07.2026 si stock\u00e9 correctement<\/li>\n<li>D\u00e9lai de livraison: campagne de fabrication<\/li>\n<\/ul>\n","protected":false},"excerpt":{"rendered":"<p>Le charme de P\u00e2ques en chocolat alpin. D\u00e9licat mini lapin de P\u00e4ques Lindt en chocolat au lait des Alpes, pr\u00e9sent\u00e9 dans un carton \u00e0 fermeture pression personnalisable, en forme d\u2019\u0153uf de P\u00e2ques et fabriqu\u00e9 en carton certifi\u00e9\u00e9 FSC\u00ae. Contenu: 10 g Dimensions: approx. 80 x 105 mm Conditionnement: 60 pcs. par carton \/ 360 pcs.<a href=\"https:\/\/areka.com\/en\/produit\/mini-lapin-or-lindt-dans-son-carton-en-forme-doeuf-de-paques\/\">Continue reading <span class=\"sr-only\">&#8220;Mini lapin or Lindt dans son carton en forme d&#8217;oeuf de P\u00e2ques&#8221;<\/span><\/a><\/p>\n","protected":false},"featured_media":567,"comment_status":"open","ping_status":"closed","template":"","meta":{"_acf_changed":false,"inline_featured_image":false},"product_brand":[],"product_cat":[35,61],"product_tag":[],"class_list":{"0":"post-289","1":"product","2":"type-product","3":"status-publish","4":"has-post-thumbnail","6":"product_cat-produits-personnalisables","7":"product_cat-paques","9":"first","10":"instock","11":"shipping-taxable","12":"product-type-simple"},"acf":[],"yoast_head":"<!-- This site is optimized with the Yoast SEO plugin v24.9 - https:\/\/yoast.com\/wordpress\/plugins\/seo\/ -->\n<title>Mini lapin or Lindt dans son carton en forme d&#039;oeuf de P\u00e2ques : Areka<\/title>\n<meta name=\"robots\" content=\"index, follow, max-snippet:-1, max-image-preview:large, max-video-preview:-1\" \/>\n<link rel=\"canonical\" href=\"https:\/\/areka.com\/en\/produit\/mini-lapin-or-lindt-dans-son-carton-en-forme-doeuf-de-paques\/\" \/>\n<meta property=\"og:locale\" content=\"en_US\" \/>\n<meta property=\"og:type\" content=\"article\" \/>\n<meta property=\"og:title\" content=\"Mini lapin or Lindt dans son carton en forme d&#039;oeuf de P\u00e2ques : Areka\" \/>\n<meta property=\"og:description\" content=\"Le charme de P\u00e2ques en chocolat alpin. D\u00e9licat mini lapin de P\u00e4ques Lindt en chocolat au lait des Alpes, pr\u00e9sent\u00e9 dans un carton \u00e0 fermeture pression personnalisable, en forme d\u2019\u0153uf de P\u00e2ques et fabriqu\u00e9 en carton certifi\u00e9\u00e9 FSC\u00ae. Contenu: 10 g Dimensions: approx. 80 x 105 mm Conditionnement: 60 pcs. par carton \/ 360 pcs.Continue reading &quot;Mini lapin or Lindt dans son carton en forme d&#8217;oeuf de P\u00e2ques&quot;\" \/>\n<meta property=\"og:url\" content=\"https:\/\/areka.com\/en\/produit\/mini-lapin-or-lindt-dans-son-carton-en-forme-doeuf-de-paques\/\" \/>\n<meta property=\"og:site_name\" content=\"Areka\" \/>\n<meta property=\"article:modified_time\" content=\"2026-04-08T13:06:23+00:00\" \/>\n<meta property=\"og:image\" content=\"https:\/\/areka.com\/wp-content\/uploads\/2023\/04\/mini-lapin-or.png\" \/>\n\t<meta property=\"og:image:width\" content=\"412\" \/>\n\t<meta property=\"og:image:height\" content=\"412\" \/>\n\t<meta property=\"og:image:type\" content=\"image\/png\" \/>\n<meta name=\"twitter:card\" content=\"summary_large_image\" \/>\n<meta name=\"twitter:label1\" content=\"Est. reading time\" \/>\n\t<meta name=\"twitter:data1\" content=\"1 minute\" \/>\n<script type=\"application\/ld+json\" class=\"yoast-schema-graph\">{\"@context\":\"https:\/\/schema.org\",\"@graph\":[{\"@type\":\"WebPage\",\"@id\":\"https:\/\/areka.com\/en\/produit\/mini-lapin-or-lindt-dans-son-carton-en-forme-doeuf-de-paques\/\",\"url\":\"https:\/\/areka.com\/en\/produit\/mini-lapin-or-lindt-dans-son-carton-en-forme-doeuf-de-paques\/\",\"name\":\"Mini lapin or Lindt dans son carton en forme d'oeuf de P\u00e2ques : Areka\",\"isPartOf\":{\"@id\":\"https:\/\/areka.com\/en\/#website\"},\"primaryImageOfPage\":{\"@id\":\"https:\/\/areka.com\/en\/produit\/mini-lapin-or-lindt-dans-son-carton-en-forme-doeuf-de-paques\/#primaryimage\"},\"image\":{\"@id\":\"https:\/\/areka.com\/en\/produit\/mini-lapin-or-lindt-dans-son-carton-en-forme-doeuf-de-paques\/#primaryimage\"},\"thumbnailUrl\":\"https:\/\/areka.com\/wp-content\/uploads\/2023\/04\/mini-lapin-or.png\",\"datePublished\":\"2023-04-23T19:27:55+00:00\",\"dateModified\":\"2026-04-08T13:06:23+00:00\",\"breadcrumb\":{\"@id\":\"https:\/\/areka.com\/en\/produit\/mini-lapin-or-lindt-dans-son-carton-en-forme-doeuf-de-paques\/#breadcrumb\"},\"inLanguage\":\"en-US\",\"potentialAction\":[{\"@type\":\"ReadAction\",\"target\":[\"https:\/\/areka.com\/en\/produit\/mini-lapin-or-lindt-dans-son-carton-en-forme-doeuf-de-paques\/\"]}]},{\"@type\":\"ImageObject\",\"inLanguage\":\"en-US\",\"@id\":\"https:\/\/areka.com\/en\/produit\/mini-lapin-or-lindt-dans-son-carton-en-forme-doeuf-de-paques\/#primaryimage\",\"url\":\"https:\/\/areka.com\/wp-content\/uploads\/2023\/04\/mini-lapin-or.png\",\"contentUrl\":\"https:\/\/areka.com\/wp-content\/uploads\/2023\/04\/mini-lapin-or.png\",\"width\":412,\"height\":412},{\"@type\":\"BreadcrumbList\",\"@id\":\"https:\/\/areka.com\/en\/produit\/mini-lapin-or-lindt-dans-son-carton-en-forme-doeuf-de-paques\/#breadcrumb\",\"itemListElement\":[{\"@type\":\"ListItem\",\"position\":1,\"name\":\"All of our products\",\"item\":\"https:\/\/areka.com\/en\/shop\/\"},{\"@type\":\"ListItem\",\"position\":2,\"name\":\"Personalized products\",\"item\":\"https:\/\/areka.com\/en\/product-category\/personalized-products\/\"},{\"@type\":\"ListItem\",\"position\":3,\"name\":\"Mini lapin or Lindt dans son carton en forme d&rsquo;oeuf de P\u00e2ques\"}]},{\"@type\":\"WebSite\",\"@id\":\"https:\/\/areka.com\/en\/#website\",\"url\":\"https:\/\/areka.com\/en\/\",\"name\":\"Areka\",\"description\":\"Sp\u00e9cialiste fran\u00e7ais de la confiserie personnalis\u00e9e\",\"potentialAction\":[{\"@type\":\"SearchAction\",\"target\":{\"@type\":\"EntryPoint\",\"urlTemplate\":\"https:\/\/areka.com\/en\/?s={search_term_string}\"},\"query-input\":{\"@type\":\"PropertyValueSpecification\",\"valueRequired\":true,\"valueName\":\"search_term_string\"}}],\"inLanguage\":\"en-US\"}]}<\/script>\n<!-- \/ Yoast SEO plugin. -->","yoast_head_json":{"title":"Mini lapin or Lindt dans son carton en forme d'oeuf de P\u00e2ques : Areka","robots":{"index":"index","follow":"follow","max-snippet":"max-snippet:-1","max-image-preview":"max-image-preview:large","max-video-preview":"max-video-preview:-1"},"canonical":"https:\/\/areka.com\/en\/produit\/mini-lapin-or-lindt-dans-son-carton-en-forme-doeuf-de-paques\/","og_locale":"en_US","og_type":"article","og_title":"Mini lapin or Lindt dans son carton en forme d'oeuf de P\u00e2ques : Areka","og_description":"Le charme de P\u00e2ques en chocolat alpin. D\u00e9licat mini lapin de P\u00e4ques Lindt en chocolat au lait des Alpes, pr\u00e9sent\u00e9 dans un carton \u00e0 fermeture pression personnalisable, en forme d\u2019\u0153uf de P\u00e2ques et fabriqu\u00e9 en carton certifi\u00e9\u00e9 FSC\u00ae. Contenu: 10 g Dimensions: approx. 80 x 105 mm Conditionnement: 60 pcs. par carton \/ 360 pcs.Continue reading \"Mini lapin or Lindt dans son carton en forme d&#8217;oeuf de P\u00e2ques\"","og_url":"https:\/\/areka.com\/en\/produit\/mini-lapin-or-lindt-dans-son-carton-en-forme-doeuf-de-paques\/","og_site_name":"Areka","article_modified_time":"2026-04-08T13:06:23+00:00","og_image":[{"width":412,"height":412,"url":"https:\/\/areka.com\/wp-content\/uploads\/2023\/04\/mini-lapin-or.png","type":"image\/png"}],"twitter_card":"summary_large_image","twitter_misc":{"Est. reading time":"1 minute"},"schema":{"@context":"https:\/\/schema.org","@graph":[{"@type":"WebPage","@id":"https:\/\/areka.com\/en\/produit\/mini-lapin-or-lindt-dans-son-carton-en-forme-doeuf-de-paques\/","url":"https:\/\/areka.com\/en\/produit\/mini-lapin-or-lindt-dans-son-carton-en-forme-doeuf-de-paques\/","name":"Mini lapin or Lindt dans son carton en forme d'oeuf de P\u00e2ques : Areka","isPartOf":{"@id":"https:\/\/areka.com\/en\/#website"},"primaryImageOfPage":{"@id":"https:\/\/areka.com\/en\/produit\/mini-lapin-or-lindt-dans-son-carton-en-forme-doeuf-de-paques\/#primaryimage"},"image":{"@id":"https:\/\/areka.com\/en\/produit\/mini-lapin-or-lindt-dans-son-carton-en-forme-doeuf-de-paques\/#primaryimage"},"thumbnailUrl":"https:\/\/areka.com\/wp-content\/uploads\/2023\/04\/mini-lapin-or.png","datePublished":"2023-04-23T19:27:55+00:00","dateModified":"2026-04-08T13:06:23+00:00","breadcrumb":{"@id":"https:\/\/areka.com\/en\/produit\/mini-lapin-or-lindt-dans-son-carton-en-forme-doeuf-de-paques\/#breadcrumb"},"inLanguage":"en-US","potentialAction":[{"@type":"ReadAction","target":["https:\/\/areka.com\/en\/produit\/mini-lapin-or-lindt-dans-son-carton-en-forme-doeuf-de-paques\/"]}]},{"@type":"ImageObject","inLanguage":"en-US","@id":"https:\/\/areka.com\/en\/produit\/mini-lapin-or-lindt-dans-son-carton-en-forme-doeuf-de-paques\/#primaryimage","url":"https:\/\/areka.com\/wp-content\/uploads\/2023\/04\/mini-lapin-or.png","contentUrl":"https:\/\/areka.com\/wp-content\/uploads\/2023\/04\/mini-lapin-or.png","width":412,"height":412},{"@type":"BreadcrumbList","@id":"https:\/\/areka.com\/en\/produit\/mini-lapin-or-lindt-dans-son-carton-en-forme-doeuf-de-paques\/#breadcrumb","itemListElement":[{"@type":"ListItem","position":1,"name":"All of our products","item":"https:\/\/areka.com\/en\/shop\/"},{"@type":"ListItem","position":2,"name":"Personalized products","item":"https:\/\/areka.com\/en\/product-category\/personalized-products\/"},{"@type":"ListItem","position":3,"name":"Mini lapin or Lindt dans son carton en forme d&rsquo;oeuf de P\u00e2ques"}]},{"@type":"WebSite","@id":"https:\/\/areka.com\/en\/#website","url":"https:\/\/areka.com\/en\/","name":"Areka","description":"Sp\u00e9cialiste fran\u00e7ais de la confiserie personnalis\u00e9e","potentialAction":[{"@type":"SearchAction","target":{"@type":"EntryPoint","urlTemplate":"https:\/\/areka.com\/en\/?s={search_term_string}"},"query-input":{"@type":"PropertyValueSpecification","valueRequired":true,"valueName":"search_term_string"}}],"inLanguage":"en-US"}]}},"_links":{"self":[{"href":"https:\/\/areka.com\/en\/wp-json\/wp\/v2\/product\/289","targetHints":{"allow":["GET"]}}],"collection":[{"href":"https:\/\/areka.com\/en\/wp-json\/wp\/v2\/product"}],"about":[{"href":"https:\/\/areka.com\/en\/wp-json\/wp\/v2\/types\/product"}],"replies":[{"embeddable":true,"href":"https:\/\/areka.com\/en\/wp-json\/wp\/v2\/comments?post=289"}],"wp:featuredmedia":[{"embeddable":true,"href":"https:\/\/areka.com\/en\/wp-json\/wp\/v2\/media\/567"}],"wp:attachment":[{"href":"https:\/\/areka.com\/en\/wp-json\/wp\/v2\/media?parent=289"}],"wp:term":[{"taxonomy":"product_brand","embeddable":true,"href":"https:\/\/areka.com\/en\/wp-json\/wp\/v2\/product_brand?post=289"},{"taxonomy":"product_cat","embeddable":true,"href":"https:\/\/areka.com\/en\/wp-json\/wp\/v2\/product_cat?post=289"},{"taxonomy":"product_tag","embeddable":true,"href":"https:\/\/areka.com\/en\/wp-json\/wp\/v2\/product_tag?post=289"}],"curies":[{"name":"wp","href":"https:\/\/api.w.org\/{rel}","templated":true}]}}