{"id":291,"date":"2023-04-23T21:32:24","date_gmt":"2023-04-23T19:32:24","guid":{"rendered":"https:\/\/areka.com\/?post_type=product&#038;p=291"},"modified":"2026-04-08T15:00:22","modified_gmt":"2026-04-08T13:00:22","slug":"mini-pralines-lindt-dans-un-carton-pop-up","status":"publish","type":"product","link":"https:\/\/areka.com\/en\/produit\/mini-pralines-lindt-dans-un-carton-pop-up\/","title":{"rendered":"Mini pralin\u00e9s LINDT dans un carton Pop UP"},"content":{"rendered":"<p><strong>D\u00e9lice de pralin\u00e9 dans un pop-up.<\/strong><br \/>\nNeuf d\u00e9licieux Mini Pralin\u00e9s Lindt pr\u00e9sent\u00e9s dans une bo\u00eete promotionnelle pop-up au design de P\u00e2ques. La bo\u00eete est personnalisable sur toutes les faces et offre un message printanier gourmand, avec un effet surprise charmant \u00e0 l\u2019ouverture.<\/p>\n<ul>\n<li>Contenu: 9 Mini Pralin\u00e9s (44 g)<\/li>\n<li>Dimensions: approx. 101 x 101 x 30 mm<\/li>\n<li>Conditionnement: 34 pcs. par carton \/ 170 pcs. dans le carton d&#8217;exp\u00e9dition<\/li>\n<li>D\u00e9lai de conservation: approx. 6 mois en cas de stockage appropri\u00e9<\/li>\n<li>D\u00e9lai de livraison: sur demande<\/li>\n<\/ul>\n","protected":false},"excerpt":{"rendered":"<p>D\u00e9lice de pralin\u00e9 dans un pop-up. Neuf d\u00e9licieux Mini Pralin\u00e9s Lindt pr\u00e9sent\u00e9s dans une bo\u00eete promotionnelle pop-up au design de P\u00e2ques. La bo\u00eete est personnalisable sur toutes les faces et offre un message printanier gourmand, avec un effet surprise charmant \u00e0 l\u2019ouverture. Contenu: 9 Mini Pralin\u00e9s (44 g) Dimensions: approx. 101 x 101 x 30<a href=\"https:\/\/areka.com\/en\/produit\/mini-pralines-lindt-dans-un-carton-pop-up\/\">Continue reading <span class=\"sr-only\">&#8220;Mini pralin\u00e9s LINDT dans un carton Pop UP&#8221;<\/span><\/a><\/p>\n","protected":false},"featured_media":571,"comment_status":"open","ping_status":"closed","template":"","meta":{"_acf_changed":false,"inline_featured_image":false},"product_brand":[],"product_cat":[35,61],"product_tag":[],"class_list":{"0":"post-291","1":"product","2":"type-product","3":"status-publish","4":"has-post-thumbnail","6":"product_cat-produits-personnalisables","7":"product_cat-paques","9":"first","10":"instock","11":"shipping-taxable","12":"product-type-simple"},"acf":[],"yoast_head":"<!-- This site is optimized with the Yoast SEO plugin v24.9 - https:\/\/yoast.com\/wordpress\/plugins\/seo\/ -->\n<title>Mini pralin\u00e9s LINDT dans un carton Pop UP : Areka<\/title>\n<meta name=\"robots\" content=\"index, follow, max-snippet:-1, max-image-preview:large, max-video-preview:-1\" \/>\n<link rel=\"canonical\" href=\"https:\/\/areka.com\/en\/produit\/mini-pralines-lindt-dans-un-carton-pop-up\/\" \/>\n<meta property=\"og:locale\" content=\"en_US\" \/>\n<meta property=\"og:type\" content=\"article\" \/>\n<meta property=\"og:title\" content=\"Mini pralin\u00e9s LINDT dans un carton Pop UP : Areka\" \/>\n<meta property=\"og:description\" content=\"D\u00e9lice de pralin\u00e9 dans un pop-up. Neuf d\u00e9licieux Mini Pralin\u00e9s Lindt pr\u00e9sent\u00e9s dans une bo\u00eete promotionnelle pop-up au design de P\u00e2ques. La bo\u00eete est personnalisable sur toutes les faces et offre un message printanier gourmand, avec un effet surprise charmant \u00e0 l\u2019ouverture. Contenu: 9 Mini Pralin\u00e9s (44 g) Dimensions: approx. 101 x 101 x 30Continue reading &quot;Mini pralin\u00e9s LINDT dans un carton Pop UP&quot;\" \/>\n<meta property=\"og:url\" content=\"https:\/\/areka.com\/en\/produit\/mini-pralines-lindt-dans-un-carton-pop-up\/\" \/>\n<meta property=\"og:site_name\" content=\"Areka\" \/>\n<meta property=\"article:modified_time\" content=\"2026-04-08T13:00:22+00:00\" \/>\n<meta property=\"og:image\" content=\"https:\/\/areka.com\/wp-content\/uploads\/2023\/05\/mini-pralines-pop-up.png\" \/>\n\t<meta property=\"og:image:width\" content=\"412\" \/>\n\t<meta property=\"og:image:height\" content=\"412\" \/>\n\t<meta property=\"og:image:type\" content=\"image\/png\" \/>\n<meta name=\"twitter:card\" content=\"summary_large_image\" \/>\n<meta name=\"twitter:label1\" content=\"Est. reading time\" \/>\n\t<meta name=\"twitter:data1\" content=\"1 minute\" \/>\n<script type=\"application\/ld+json\" class=\"yoast-schema-graph\">{\"@context\":\"https:\/\/schema.org\",\"@graph\":[{\"@type\":\"WebPage\",\"@id\":\"https:\/\/areka.com\/en\/produit\/mini-pralines-lindt-dans-un-carton-pop-up\/\",\"url\":\"https:\/\/areka.com\/en\/produit\/mini-pralines-lindt-dans-un-carton-pop-up\/\",\"name\":\"Mini pralin\u00e9s LINDT dans un carton Pop UP : Areka\",\"isPartOf\":{\"@id\":\"https:\/\/areka.com\/en\/#website\"},\"primaryImageOfPage\":{\"@id\":\"https:\/\/areka.com\/en\/produit\/mini-pralines-lindt-dans-un-carton-pop-up\/#primaryimage\"},\"image\":{\"@id\":\"https:\/\/areka.com\/en\/produit\/mini-pralines-lindt-dans-un-carton-pop-up\/#primaryimage\"},\"thumbnailUrl\":\"https:\/\/areka.com\/wp-content\/uploads\/2023\/05\/mini-pralines-pop-up.png\",\"datePublished\":\"2023-04-23T19:32:24+00:00\",\"dateModified\":\"2026-04-08T13:00:22+00:00\",\"breadcrumb\":{\"@id\":\"https:\/\/areka.com\/en\/produit\/mini-pralines-lindt-dans-un-carton-pop-up\/#breadcrumb\"},\"inLanguage\":\"en-US\",\"potentialAction\":[{\"@type\":\"ReadAction\",\"target\":[\"https:\/\/areka.com\/en\/produit\/mini-pralines-lindt-dans-un-carton-pop-up\/\"]}]},{\"@type\":\"ImageObject\",\"inLanguage\":\"en-US\",\"@id\":\"https:\/\/areka.com\/en\/produit\/mini-pralines-lindt-dans-un-carton-pop-up\/#primaryimage\",\"url\":\"https:\/\/areka.com\/wp-content\/uploads\/2023\/05\/mini-pralines-pop-up.png\",\"contentUrl\":\"https:\/\/areka.com\/wp-content\/uploads\/2023\/05\/mini-pralines-pop-up.png\",\"width\":412,\"height\":412},{\"@type\":\"BreadcrumbList\",\"@id\":\"https:\/\/areka.com\/en\/produit\/mini-pralines-lindt-dans-un-carton-pop-up\/#breadcrumb\",\"itemListElement\":[{\"@type\":\"ListItem\",\"position\":1,\"name\":\"All of our products\",\"item\":\"https:\/\/areka.com\/en\/shop\/\"},{\"@type\":\"ListItem\",\"position\":2,\"name\":\"Personalized products\",\"item\":\"https:\/\/areka.com\/en\/product-category\/personalized-products\/\"},{\"@type\":\"ListItem\",\"position\":3,\"name\":\"Mini pralin\u00e9s LINDT dans un carton Pop UP\"}]},{\"@type\":\"WebSite\",\"@id\":\"https:\/\/areka.com\/en\/#website\",\"url\":\"https:\/\/areka.com\/en\/\",\"name\":\"Areka\",\"description\":\"Sp\u00e9cialiste fran\u00e7ais de la confiserie personnalis\u00e9e\",\"potentialAction\":[{\"@type\":\"SearchAction\",\"target\":{\"@type\":\"EntryPoint\",\"urlTemplate\":\"https:\/\/areka.com\/en\/?s={search_term_string}\"},\"query-input\":{\"@type\":\"PropertyValueSpecification\",\"valueRequired\":true,\"valueName\":\"search_term_string\"}}],\"inLanguage\":\"en-US\"}]}<\/script>\n<!-- \/ Yoast SEO plugin. -->","yoast_head_json":{"title":"Mini pralin\u00e9s LINDT dans un carton Pop UP : Areka","robots":{"index":"index","follow":"follow","max-snippet":"max-snippet:-1","max-image-preview":"max-image-preview:large","max-video-preview":"max-video-preview:-1"},"canonical":"https:\/\/areka.com\/en\/produit\/mini-pralines-lindt-dans-un-carton-pop-up\/","og_locale":"en_US","og_type":"article","og_title":"Mini pralin\u00e9s LINDT dans un carton Pop UP : Areka","og_description":"D\u00e9lice de pralin\u00e9 dans un pop-up. Neuf d\u00e9licieux Mini Pralin\u00e9s Lindt pr\u00e9sent\u00e9s dans une bo\u00eete promotionnelle pop-up au design de P\u00e2ques. La bo\u00eete est personnalisable sur toutes les faces et offre un message printanier gourmand, avec un effet surprise charmant \u00e0 l\u2019ouverture. Contenu: 9 Mini Pralin\u00e9s (44 g) Dimensions: approx. 101 x 101 x 30Continue reading \"Mini pralin\u00e9s LINDT dans un carton Pop UP\"","og_url":"https:\/\/areka.com\/en\/produit\/mini-pralines-lindt-dans-un-carton-pop-up\/","og_site_name":"Areka","article_modified_time":"2026-04-08T13:00:22+00:00","og_image":[{"width":412,"height":412,"url":"https:\/\/areka.com\/wp-content\/uploads\/2023\/05\/mini-pralines-pop-up.png","type":"image\/png"}],"twitter_card":"summary_large_image","twitter_misc":{"Est. reading time":"1 minute"},"schema":{"@context":"https:\/\/schema.org","@graph":[{"@type":"WebPage","@id":"https:\/\/areka.com\/en\/produit\/mini-pralines-lindt-dans-un-carton-pop-up\/","url":"https:\/\/areka.com\/en\/produit\/mini-pralines-lindt-dans-un-carton-pop-up\/","name":"Mini pralin\u00e9s LINDT dans un carton Pop UP : Areka","isPartOf":{"@id":"https:\/\/areka.com\/en\/#website"},"primaryImageOfPage":{"@id":"https:\/\/areka.com\/en\/produit\/mini-pralines-lindt-dans-un-carton-pop-up\/#primaryimage"},"image":{"@id":"https:\/\/areka.com\/en\/produit\/mini-pralines-lindt-dans-un-carton-pop-up\/#primaryimage"},"thumbnailUrl":"https:\/\/areka.com\/wp-content\/uploads\/2023\/05\/mini-pralines-pop-up.png","datePublished":"2023-04-23T19:32:24+00:00","dateModified":"2026-04-08T13:00:22+00:00","breadcrumb":{"@id":"https:\/\/areka.com\/en\/produit\/mini-pralines-lindt-dans-un-carton-pop-up\/#breadcrumb"},"inLanguage":"en-US","potentialAction":[{"@type":"ReadAction","target":["https:\/\/areka.com\/en\/produit\/mini-pralines-lindt-dans-un-carton-pop-up\/"]}]},{"@type":"ImageObject","inLanguage":"en-US","@id":"https:\/\/areka.com\/en\/produit\/mini-pralines-lindt-dans-un-carton-pop-up\/#primaryimage","url":"https:\/\/areka.com\/wp-content\/uploads\/2023\/05\/mini-pralines-pop-up.png","contentUrl":"https:\/\/areka.com\/wp-content\/uploads\/2023\/05\/mini-pralines-pop-up.png","width":412,"height":412},{"@type":"BreadcrumbList","@id":"https:\/\/areka.com\/en\/produit\/mini-pralines-lindt-dans-un-carton-pop-up\/#breadcrumb","itemListElement":[{"@type":"ListItem","position":1,"name":"All of our products","item":"https:\/\/areka.com\/en\/shop\/"},{"@type":"ListItem","position":2,"name":"Personalized products","item":"https:\/\/areka.com\/en\/product-category\/personalized-products\/"},{"@type":"ListItem","position":3,"name":"Mini pralin\u00e9s LINDT dans un carton Pop UP"}]},{"@type":"WebSite","@id":"https:\/\/areka.com\/en\/#website","url":"https:\/\/areka.com\/en\/","name":"Areka","description":"Sp\u00e9cialiste fran\u00e7ais de la confiserie personnalis\u00e9e","potentialAction":[{"@type":"SearchAction","target":{"@type":"EntryPoint","urlTemplate":"https:\/\/areka.com\/en\/?s={search_term_string}"},"query-input":{"@type":"PropertyValueSpecification","valueRequired":true,"valueName":"search_term_string"}}],"inLanguage":"en-US"}]}},"_links":{"self":[{"href":"https:\/\/areka.com\/en\/wp-json\/wp\/v2\/product\/291","targetHints":{"allow":["GET"]}}],"collection":[{"href":"https:\/\/areka.com\/en\/wp-json\/wp\/v2\/product"}],"about":[{"href":"https:\/\/areka.com\/en\/wp-json\/wp\/v2\/types\/product"}],"replies":[{"embeddable":true,"href":"https:\/\/areka.com\/en\/wp-json\/wp\/v2\/comments?post=291"}],"wp:featuredmedia":[{"embeddable":true,"href":"https:\/\/areka.com\/en\/wp-json\/wp\/v2\/media\/571"}],"wp:attachment":[{"href":"https:\/\/areka.com\/en\/wp-json\/wp\/v2\/media?parent=291"}],"wp:term":[{"taxonomy":"product_brand","embeddable":true,"href":"https:\/\/areka.com\/en\/wp-json\/wp\/v2\/product_brand?post=291"},{"taxonomy":"product_cat","embeddable":true,"href":"https:\/\/areka.com\/en\/wp-json\/wp\/v2\/product_cat?post=291"},{"taxonomy":"product_tag","embeddable":true,"href":"https:\/\/areka.com\/en\/wp-json\/wp\/v2\/product_tag?post=291"}],"curies":[{"name":"wp","href":"https:\/\/api.w.org\/{rel}","templated":true}]}}