{"id":292,"date":"2023-04-23T21:34:15","date_gmt":"2023-04-23T19:34:15","guid":{"rendered":"https:\/\/areka.com\/?post_type=product&#038;p=292"},"modified":"2026-04-08T14:57:38","modified_gmt":"2026-04-08T12:57:38","slug":"oeufs-de-paques-lindt-dans-un-petit-carton-a-fond-plat","status":"publish","type":"product","link":"https:\/\/areka.com\/en\/produit\/oeufs-de-paques-lindt-dans-un-petit-carton-a-fond-plat\/","title":{"rendered":"Oeufs de P\u00e2ques LINDT dans un petit carton \u00e0 fond plat"},"content":{"rendered":"<p><strong>Douce joie de P\u00e2ques, emballage durable.<\/strong><br \/>\nLes \u0153ufs de P\u00e2ques Lindt Lindor les plus fins, en chocolat au lait fondant, pr\u00e9sent\u00e9s dans une pochette en carton rigide personnalisable, fabriqu\u00e9e en mat\u00e9riau certifi\u00e9 FSC\u00ae \u2014 Le cadeau id\u00e9al pour des moments de P\u00e2ques gourmands.<\/p>\n<ul>\n<li>Contenu: 47 g (10 pcs.)<\/li>\n<li>Dimensions: approx. 60 x 101 x 39 mm<\/li>\n<li>Conditionnement: 36 pcs. par carton \/ 180 pcs. dans le carton d&#8217;exp\u00e9dition<\/li>\n<li>D\u00e9lai de conservation: jusqu&#8217;au 31.07.2026 si stock\u00e9 correctement<\/li>\n<li>D\u00e9lai de livraison: sur demande<\/li>\n<\/ul>\n","protected":false},"excerpt":{"rendered":"<p>Douce joie de P\u00e2ques, emballage durable. Les \u0153ufs de P\u00e2ques Lindt Lindor les plus fins, en chocolat au lait fondant, pr\u00e9sent\u00e9s dans une pochette en carton rigide personnalisable, fabriqu\u00e9e en mat\u00e9riau certifi\u00e9 FSC\u00ae \u2014 Le cadeau id\u00e9al pour des moments de P\u00e2ques gourmands. Contenu: 47 g (10 pcs.) Dimensions: approx. 60 x 101 x 39<a href=\"https:\/\/areka.com\/en\/produit\/oeufs-de-paques-lindt-dans-un-petit-carton-a-fond-plat\/\">Continue reading <span class=\"sr-only\">&#8220;Oeufs de P\u00e2ques LINDT dans un petit carton \u00e0 fond plat&#8221;<\/span><\/a><\/p>\n","protected":false},"featured_media":573,"comment_status":"open","ping_status":"closed","template":"","meta":{"_acf_changed":false,"inline_featured_image":false},"product_brand":[],"product_cat":[35,61],"product_tag":[],"class_list":{"0":"post-292","1":"product","2":"type-product","3":"status-publish","4":"has-post-thumbnail","6":"product_cat-produits-personnalisables","7":"product_cat-paques","9":"first","10":"instock","11":"shipping-taxable","12":"product-type-simple"},"acf":[],"yoast_head":"<!-- This site is optimized with the Yoast SEO plugin v24.9 - https:\/\/yoast.com\/wordpress\/plugins\/seo\/ -->\n<title>Oeufs de P\u00e2ques LINDT dans un petit carton \u00e0 fond plat : Areka<\/title>\n<meta name=\"robots\" content=\"index, follow, max-snippet:-1, max-image-preview:large, max-video-preview:-1\" \/>\n<link rel=\"canonical\" href=\"https:\/\/areka.com\/en\/produit\/oeufs-de-paques-lindt-dans-un-petit-carton-a-fond-plat\/\" \/>\n<meta property=\"og:locale\" content=\"en_US\" \/>\n<meta property=\"og:type\" content=\"article\" \/>\n<meta property=\"og:title\" content=\"Oeufs de P\u00e2ques LINDT dans un petit carton \u00e0 fond plat : Areka\" \/>\n<meta property=\"og:description\" content=\"Douce joie de P\u00e2ques, emballage durable. Les \u0153ufs de P\u00e2ques Lindt Lindor les plus fins, en chocolat au lait fondant, pr\u00e9sent\u00e9s dans une pochette en carton rigide personnalisable, fabriqu\u00e9e en mat\u00e9riau certifi\u00e9 FSC\u00ae \u2014 Le cadeau id\u00e9al pour des moments de P\u00e2ques gourmands. Contenu: 47 g (10 pcs.) Dimensions: approx. 60 x 101 x 39Continue reading &quot;Oeufs de P\u00e2ques LINDT dans un petit carton \u00e0 fond plat&quot;\" \/>\n<meta property=\"og:url\" content=\"https:\/\/areka.com\/en\/produit\/oeufs-de-paques-lindt-dans-un-petit-carton-a-fond-plat\/\" \/>\n<meta property=\"og:site_name\" content=\"Areka\" \/>\n<meta property=\"article:modified_time\" content=\"2026-04-08T12:57:38+00:00\" \/>\n<meta property=\"og:image\" content=\"https:\/\/areka.com\/wp-content\/uploads\/2023\/05\/oeuf-de-paques-fond-plat.png\" \/>\n\t<meta property=\"og:image:width\" content=\"412\" \/>\n\t<meta property=\"og:image:height\" content=\"412\" \/>\n\t<meta property=\"og:image:type\" content=\"image\/png\" \/>\n<meta name=\"twitter:card\" content=\"summary_large_image\" \/>\n<meta name=\"twitter:label1\" content=\"Est. reading time\" \/>\n\t<meta name=\"twitter:data1\" content=\"1 minute\" \/>\n<script type=\"application\/ld+json\" class=\"yoast-schema-graph\">{\"@context\":\"https:\/\/schema.org\",\"@graph\":[{\"@type\":\"WebPage\",\"@id\":\"https:\/\/areka.com\/en\/produit\/oeufs-de-paques-lindt-dans-un-petit-carton-a-fond-plat\/\",\"url\":\"https:\/\/areka.com\/en\/produit\/oeufs-de-paques-lindt-dans-un-petit-carton-a-fond-plat\/\",\"name\":\"Oeufs de P\u00e2ques LINDT dans un petit carton \u00e0 fond plat : Areka\",\"isPartOf\":{\"@id\":\"https:\/\/areka.com\/en\/#website\"},\"primaryImageOfPage\":{\"@id\":\"https:\/\/areka.com\/en\/produit\/oeufs-de-paques-lindt-dans-un-petit-carton-a-fond-plat\/#primaryimage\"},\"image\":{\"@id\":\"https:\/\/areka.com\/en\/produit\/oeufs-de-paques-lindt-dans-un-petit-carton-a-fond-plat\/#primaryimage\"},\"thumbnailUrl\":\"https:\/\/areka.com\/wp-content\/uploads\/2023\/05\/oeuf-de-paques-fond-plat.png\",\"datePublished\":\"2023-04-23T19:34:15+00:00\",\"dateModified\":\"2026-04-08T12:57:38+00:00\",\"breadcrumb\":{\"@id\":\"https:\/\/areka.com\/en\/produit\/oeufs-de-paques-lindt-dans-un-petit-carton-a-fond-plat\/#breadcrumb\"},\"inLanguage\":\"en-US\",\"potentialAction\":[{\"@type\":\"ReadAction\",\"target\":[\"https:\/\/areka.com\/en\/produit\/oeufs-de-paques-lindt-dans-un-petit-carton-a-fond-plat\/\"]}]},{\"@type\":\"ImageObject\",\"inLanguage\":\"en-US\",\"@id\":\"https:\/\/areka.com\/en\/produit\/oeufs-de-paques-lindt-dans-un-petit-carton-a-fond-plat\/#primaryimage\",\"url\":\"https:\/\/areka.com\/wp-content\/uploads\/2023\/05\/oeuf-de-paques-fond-plat.png\",\"contentUrl\":\"https:\/\/areka.com\/wp-content\/uploads\/2023\/05\/oeuf-de-paques-fond-plat.png\",\"width\":412,\"height\":412},{\"@type\":\"BreadcrumbList\",\"@id\":\"https:\/\/areka.com\/en\/produit\/oeufs-de-paques-lindt-dans-un-petit-carton-a-fond-plat\/#breadcrumb\",\"itemListElement\":[{\"@type\":\"ListItem\",\"position\":1,\"name\":\"All of our products\",\"item\":\"https:\/\/areka.com\/en\/shop\/\"},{\"@type\":\"ListItem\",\"position\":2,\"name\":\"Personalized products\",\"item\":\"https:\/\/areka.com\/en\/product-category\/personalized-products\/\"},{\"@type\":\"ListItem\",\"position\":3,\"name\":\"Oeufs de P\u00e2ques LINDT dans un petit carton \u00e0 fond plat\"}]},{\"@type\":\"WebSite\",\"@id\":\"https:\/\/areka.com\/en\/#website\",\"url\":\"https:\/\/areka.com\/en\/\",\"name\":\"Areka\",\"description\":\"Sp\u00e9cialiste fran\u00e7ais de la confiserie personnalis\u00e9e\",\"potentialAction\":[{\"@type\":\"SearchAction\",\"target\":{\"@type\":\"EntryPoint\",\"urlTemplate\":\"https:\/\/areka.com\/en\/?s={search_term_string}\"},\"query-input\":{\"@type\":\"PropertyValueSpecification\",\"valueRequired\":true,\"valueName\":\"search_term_string\"}}],\"inLanguage\":\"en-US\"}]}<\/script>\n<!-- \/ Yoast SEO plugin. -->","yoast_head_json":{"title":"Oeufs de P\u00e2ques LINDT dans un petit carton \u00e0 fond plat : Areka","robots":{"index":"index","follow":"follow","max-snippet":"max-snippet:-1","max-image-preview":"max-image-preview:large","max-video-preview":"max-video-preview:-1"},"canonical":"https:\/\/areka.com\/en\/produit\/oeufs-de-paques-lindt-dans-un-petit-carton-a-fond-plat\/","og_locale":"en_US","og_type":"article","og_title":"Oeufs de P\u00e2ques LINDT dans un petit carton \u00e0 fond plat : Areka","og_description":"Douce joie de P\u00e2ques, emballage durable. Les \u0153ufs de P\u00e2ques Lindt Lindor les plus fins, en chocolat au lait fondant, pr\u00e9sent\u00e9s dans une pochette en carton rigide personnalisable, fabriqu\u00e9e en mat\u00e9riau certifi\u00e9 FSC\u00ae \u2014 Le cadeau id\u00e9al pour des moments de P\u00e2ques gourmands. Contenu: 47 g (10 pcs.) Dimensions: approx. 60 x 101 x 39Continue reading \"Oeufs de P\u00e2ques LINDT dans un petit carton \u00e0 fond plat\"","og_url":"https:\/\/areka.com\/en\/produit\/oeufs-de-paques-lindt-dans-un-petit-carton-a-fond-plat\/","og_site_name":"Areka","article_modified_time":"2026-04-08T12:57:38+00:00","og_image":[{"width":412,"height":412,"url":"https:\/\/areka.com\/wp-content\/uploads\/2023\/05\/oeuf-de-paques-fond-plat.png","type":"image\/png"}],"twitter_card":"summary_large_image","twitter_misc":{"Est. reading time":"1 minute"},"schema":{"@context":"https:\/\/schema.org","@graph":[{"@type":"WebPage","@id":"https:\/\/areka.com\/en\/produit\/oeufs-de-paques-lindt-dans-un-petit-carton-a-fond-plat\/","url":"https:\/\/areka.com\/en\/produit\/oeufs-de-paques-lindt-dans-un-petit-carton-a-fond-plat\/","name":"Oeufs de P\u00e2ques LINDT dans un petit carton \u00e0 fond plat : Areka","isPartOf":{"@id":"https:\/\/areka.com\/en\/#website"},"primaryImageOfPage":{"@id":"https:\/\/areka.com\/en\/produit\/oeufs-de-paques-lindt-dans-un-petit-carton-a-fond-plat\/#primaryimage"},"image":{"@id":"https:\/\/areka.com\/en\/produit\/oeufs-de-paques-lindt-dans-un-petit-carton-a-fond-plat\/#primaryimage"},"thumbnailUrl":"https:\/\/areka.com\/wp-content\/uploads\/2023\/05\/oeuf-de-paques-fond-plat.png","datePublished":"2023-04-23T19:34:15+00:00","dateModified":"2026-04-08T12:57:38+00:00","breadcrumb":{"@id":"https:\/\/areka.com\/en\/produit\/oeufs-de-paques-lindt-dans-un-petit-carton-a-fond-plat\/#breadcrumb"},"inLanguage":"en-US","potentialAction":[{"@type":"ReadAction","target":["https:\/\/areka.com\/en\/produit\/oeufs-de-paques-lindt-dans-un-petit-carton-a-fond-plat\/"]}]},{"@type":"ImageObject","inLanguage":"en-US","@id":"https:\/\/areka.com\/en\/produit\/oeufs-de-paques-lindt-dans-un-petit-carton-a-fond-plat\/#primaryimage","url":"https:\/\/areka.com\/wp-content\/uploads\/2023\/05\/oeuf-de-paques-fond-plat.png","contentUrl":"https:\/\/areka.com\/wp-content\/uploads\/2023\/05\/oeuf-de-paques-fond-plat.png","width":412,"height":412},{"@type":"BreadcrumbList","@id":"https:\/\/areka.com\/en\/produit\/oeufs-de-paques-lindt-dans-un-petit-carton-a-fond-plat\/#breadcrumb","itemListElement":[{"@type":"ListItem","position":1,"name":"All of our products","item":"https:\/\/areka.com\/en\/shop\/"},{"@type":"ListItem","position":2,"name":"Personalized products","item":"https:\/\/areka.com\/en\/product-category\/personalized-products\/"},{"@type":"ListItem","position":3,"name":"Oeufs de P\u00e2ques LINDT dans un petit carton \u00e0 fond plat"}]},{"@type":"WebSite","@id":"https:\/\/areka.com\/en\/#website","url":"https:\/\/areka.com\/en\/","name":"Areka","description":"Sp\u00e9cialiste fran\u00e7ais de la confiserie personnalis\u00e9e","potentialAction":[{"@type":"SearchAction","target":{"@type":"EntryPoint","urlTemplate":"https:\/\/areka.com\/en\/?s={search_term_string}"},"query-input":{"@type":"PropertyValueSpecification","valueRequired":true,"valueName":"search_term_string"}}],"inLanguage":"en-US"}]}},"_links":{"self":[{"href":"https:\/\/areka.com\/en\/wp-json\/wp\/v2\/product\/292","targetHints":{"allow":["GET"]}}],"collection":[{"href":"https:\/\/areka.com\/en\/wp-json\/wp\/v2\/product"}],"about":[{"href":"https:\/\/areka.com\/en\/wp-json\/wp\/v2\/types\/product"}],"replies":[{"embeddable":true,"href":"https:\/\/areka.com\/en\/wp-json\/wp\/v2\/comments?post=292"}],"wp:featuredmedia":[{"embeddable":true,"href":"https:\/\/areka.com\/en\/wp-json\/wp\/v2\/media\/573"}],"wp:attachment":[{"href":"https:\/\/areka.com\/en\/wp-json\/wp\/v2\/media?parent=292"}],"wp:term":[{"taxonomy":"product_brand","embeddable":true,"href":"https:\/\/areka.com\/en\/wp-json\/wp\/v2\/product_brand?post=292"},{"taxonomy":"product_cat","embeddable":true,"href":"https:\/\/areka.com\/en\/wp-json\/wp\/v2\/product_cat?post=292"},{"taxonomy":"product_tag","embeddable":true,"href":"https:\/\/areka.com\/en\/wp-json\/wp\/v2\/product_tag?post=292"}],"curies":[{"name":"wp","href":"https:\/\/api.w.org\/{rel}","templated":true}]}}