{"id":295,"date":"2023-04-23T21:42:04","date_gmt":"2023-04-23T19:42:04","guid":{"rendered":"https:\/\/areka.com\/?post_type=product&#038;p=295"},"modified":"2026-04-02T14:57:55","modified_gmt":"2026-04-02T12:57:55","slug":"truffes-au-chocolat-lindt-dans-un-carton-en-forme-doeuf-de-paques","status":"publish","type":"product","link":"https:\/\/areka.com\/en\/produit\/truffes-au-chocolat-lindt-dans-un-carton-en-forme-doeuf-de-paques\/","title":{"rendered":"Truffes au chocolat LINDT dans un carton en forme d&#8217;oeuf de P\u00e2ques"},"content":{"rendered":"<p><strong>\u00c9l\u00e9gance gourmande au style de P\u00e2ques.<\/strong><br \/>\nLes truffes Lindt Lindor les plus fines, en chocolat au lait fondant ou en chocolat noir raffin\u00e9, sont pr\u00e9sent\u00e9es dans un carton \u00e0 clip personnalisable en forme de P\u00e2ques charmante. Un cadeau promotionnel \u00e9l\u00e9gant, alliant \u00e0 merveille l\u2019esprit de P\u00e2ques et le plaisir gourmand.<\/p>\n<ul>\n<li>Contenu: 12,5 g<\/li>\n<li>Saveurs:\n<ul>\n<li>truffe rouge = chocolat au lait<\/li>\n<li>truffe bleue = chocolat noir<\/li>\n<\/ul>\n<\/li>\n<li>Dimensions: approx. 77 x 95 mm<\/li>\n<li>Conditionnement: 60 pcs. par carton \/ 360 pcs. dans le carton d&#8217;exp\u00e9dition<\/li>\n<li>D\u00e9lai de conservation: approx. 9 mois en cas de stockage appropri\u00e9<\/li>\n<li>D\u00e9lai de livraison: sur demande<\/li>\n<\/ul>\n","protected":false},"excerpt":{"rendered":"<p>\u00c9l\u00e9gance gourmande au style de P\u00e2ques. Les truffes Lindt Lindor les plus fines, en chocolat au lait fondant ou en chocolat noir raffin\u00e9, sont pr\u00e9sent\u00e9es dans un carton \u00e0 clip personnalisable en forme de P\u00e2ques charmante. Un cadeau promotionnel \u00e9l\u00e9gant, alliant \u00e0 merveille l\u2019esprit de P\u00e2ques et le plaisir gourmand. Contenu: 12,5 g Saveurs: truffe<a href=\"https:\/\/areka.com\/en\/produit\/truffes-au-chocolat-lindt-dans-un-carton-en-forme-doeuf-de-paques\/\">Continue reading <span class=\"sr-only\">&#8220;Truffes au chocolat LINDT dans un carton en forme d&#8217;oeuf de P\u00e2ques&#8221;<\/span><\/a><\/p>\n","protected":false},"featured_media":2489,"comment_status":"open","ping_status":"closed","template":"","meta":{"_acf_changed":false,"inline_featured_image":false},"product_brand":[],"product_cat":[35,61],"product_tag":[],"class_list":{"0":"post-295","1":"product","2":"type-product","3":"status-publish","4":"has-post-thumbnail","6":"product_cat-produits-personnalisables","7":"product_cat-paques","9":"first","10":"instock","11":"shipping-taxable","12":"product-type-simple"},"acf":[],"yoast_head":"<!-- This site is optimized with the Yoast SEO plugin v24.9 - https:\/\/yoast.com\/wordpress\/plugins\/seo\/ -->\n<title>Truffes au chocolat LINDT dans un carton en forme d&#039;oeuf de P\u00e2ques : Areka<\/title>\n<meta name=\"robots\" content=\"index, follow, max-snippet:-1, max-image-preview:large, max-video-preview:-1\" \/>\n<link rel=\"canonical\" href=\"https:\/\/areka.com\/en\/produit\/truffes-au-chocolat-lindt-dans-un-carton-en-forme-doeuf-de-paques\/\" \/>\n<meta property=\"og:locale\" content=\"en_US\" \/>\n<meta property=\"og:type\" content=\"article\" \/>\n<meta property=\"og:title\" content=\"Truffes au chocolat LINDT dans un carton en forme d&#039;oeuf de P\u00e2ques : Areka\" \/>\n<meta property=\"og:description\" content=\"\u00c9l\u00e9gance gourmande au style de P\u00e2ques. Les truffes Lindt Lindor les plus fines, en chocolat au lait fondant ou en chocolat noir raffin\u00e9, sont pr\u00e9sent\u00e9es dans un carton \u00e0 clip personnalisable en forme de P\u00e2ques charmante. Un cadeau promotionnel \u00e9l\u00e9gant, alliant \u00e0 merveille l\u2019esprit de P\u00e2ques et le plaisir gourmand. Contenu: 12,5 g Saveurs: truffeContinue reading &quot;Truffes au chocolat LINDT dans un carton en forme d&#8217;oeuf de P\u00e2ques&quot;\" \/>\n<meta property=\"og:url\" content=\"https:\/\/areka.com\/en\/produit\/truffes-au-chocolat-lindt-dans-un-carton-en-forme-doeuf-de-paques\/\" \/>\n<meta property=\"og:site_name\" content=\"Areka\" \/>\n<meta property=\"article:modified_time\" content=\"2026-04-02T12:57:55+00:00\" \/>\n<meta property=\"og:image\" content=\"https:\/\/areka.com\/wp-content\/uploads\/2023\/04\/P142-oeuf-de-paques.png\" \/>\n\t<meta property=\"og:image:width\" content=\"1000\" \/>\n\t<meta property=\"og:image:height\" content=\"1000\" \/>\n\t<meta property=\"og:image:type\" content=\"image\/png\" \/>\n<meta name=\"twitter:card\" content=\"summary_large_image\" \/>\n<meta name=\"twitter:label1\" content=\"Est. reading time\" \/>\n\t<meta name=\"twitter:data1\" content=\"1 minute\" \/>\n<script type=\"application\/ld+json\" class=\"yoast-schema-graph\">{\"@context\":\"https:\/\/schema.org\",\"@graph\":[{\"@type\":\"WebPage\",\"@id\":\"https:\/\/areka.com\/en\/produit\/truffes-au-chocolat-lindt-dans-un-carton-en-forme-doeuf-de-paques\/\",\"url\":\"https:\/\/areka.com\/en\/produit\/truffes-au-chocolat-lindt-dans-un-carton-en-forme-doeuf-de-paques\/\",\"name\":\"Truffes au chocolat LINDT dans un carton en forme d'oeuf de P\u00e2ques : Areka\",\"isPartOf\":{\"@id\":\"https:\/\/areka.com\/en\/#website\"},\"primaryImageOfPage\":{\"@id\":\"https:\/\/areka.com\/en\/produit\/truffes-au-chocolat-lindt-dans-un-carton-en-forme-doeuf-de-paques\/#primaryimage\"},\"image\":{\"@id\":\"https:\/\/areka.com\/en\/produit\/truffes-au-chocolat-lindt-dans-un-carton-en-forme-doeuf-de-paques\/#primaryimage\"},\"thumbnailUrl\":\"https:\/\/areka.com\/wp-content\/uploads\/2023\/04\/P142-oeuf-de-paques.png\",\"datePublished\":\"2023-04-23T19:42:04+00:00\",\"dateModified\":\"2026-04-02T12:57:55+00:00\",\"breadcrumb\":{\"@id\":\"https:\/\/areka.com\/en\/produit\/truffes-au-chocolat-lindt-dans-un-carton-en-forme-doeuf-de-paques\/#breadcrumb\"},\"inLanguage\":\"en-US\",\"potentialAction\":[{\"@type\":\"ReadAction\",\"target\":[\"https:\/\/areka.com\/en\/produit\/truffes-au-chocolat-lindt-dans-un-carton-en-forme-doeuf-de-paques\/\"]}]},{\"@type\":\"ImageObject\",\"inLanguage\":\"en-US\",\"@id\":\"https:\/\/areka.com\/en\/produit\/truffes-au-chocolat-lindt-dans-un-carton-en-forme-doeuf-de-paques\/#primaryimage\",\"url\":\"https:\/\/areka.com\/wp-content\/uploads\/2023\/04\/P142-oeuf-de-paques.png\",\"contentUrl\":\"https:\/\/areka.com\/wp-content\/uploads\/2023\/04\/P142-oeuf-de-paques.png\",\"width\":1000,\"height\":1000},{\"@type\":\"BreadcrumbList\",\"@id\":\"https:\/\/areka.com\/en\/produit\/truffes-au-chocolat-lindt-dans-un-carton-en-forme-doeuf-de-paques\/#breadcrumb\",\"itemListElement\":[{\"@type\":\"ListItem\",\"position\":1,\"name\":\"All of our products\",\"item\":\"https:\/\/areka.com\/en\/shop\/\"},{\"@type\":\"ListItem\",\"position\":2,\"name\":\"Personalized products\",\"item\":\"https:\/\/areka.com\/en\/product-category\/personalized-products\/\"},{\"@type\":\"ListItem\",\"position\":3,\"name\":\"Truffes au chocolat LINDT dans un carton en forme d&rsquo;oeuf de P\u00e2ques\"}]},{\"@type\":\"WebSite\",\"@id\":\"https:\/\/areka.com\/en\/#website\",\"url\":\"https:\/\/areka.com\/en\/\",\"name\":\"Areka\",\"description\":\"Sp\u00e9cialiste fran\u00e7ais de la confiserie personnalis\u00e9e\",\"potentialAction\":[{\"@type\":\"SearchAction\",\"target\":{\"@type\":\"EntryPoint\",\"urlTemplate\":\"https:\/\/areka.com\/en\/?s={search_term_string}\"},\"query-input\":{\"@type\":\"PropertyValueSpecification\",\"valueRequired\":true,\"valueName\":\"search_term_string\"}}],\"inLanguage\":\"en-US\"}]}<\/script>\n<!-- \/ Yoast SEO plugin. -->","yoast_head_json":{"title":"Truffes au chocolat LINDT dans un carton en forme d'oeuf de P\u00e2ques : Areka","robots":{"index":"index","follow":"follow","max-snippet":"max-snippet:-1","max-image-preview":"max-image-preview:large","max-video-preview":"max-video-preview:-1"},"canonical":"https:\/\/areka.com\/en\/produit\/truffes-au-chocolat-lindt-dans-un-carton-en-forme-doeuf-de-paques\/","og_locale":"en_US","og_type":"article","og_title":"Truffes au chocolat LINDT dans un carton en forme d'oeuf de P\u00e2ques : Areka","og_description":"\u00c9l\u00e9gance gourmande au style de P\u00e2ques. Les truffes Lindt Lindor les plus fines, en chocolat au lait fondant ou en chocolat noir raffin\u00e9, sont pr\u00e9sent\u00e9es dans un carton \u00e0 clip personnalisable en forme de P\u00e2ques charmante. Un cadeau promotionnel \u00e9l\u00e9gant, alliant \u00e0 merveille l\u2019esprit de P\u00e2ques et le plaisir gourmand. Contenu: 12,5 g Saveurs: truffeContinue reading \"Truffes au chocolat LINDT dans un carton en forme d&#8217;oeuf de P\u00e2ques\"","og_url":"https:\/\/areka.com\/en\/produit\/truffes-au-chocolat-lindt-dans-un-carton-en-forme-doeuf-de-paques\/","og_site_name":"Areka","article_modified_time":"2026-04-02T12:57:55+00:00","og_image":[{"width":1000,"height":1000,"url":"https:\/\/areka.com\/wp-content\/uploads\/2023\/04\/P142-oeuf-de-paques.png","type":"image\/png"}],"twitter_card":"summary_large_image","twitter_misc":{"Est. reading time":"1 minute"},"schema":{"@context":"https:\/\/schema.org","@graph":[{"@type":"WebPage","@id":"https:\/\/areka.com\/en\/produit\/truffes-au-chocolat-lindt-dans-un-carton-en-forme-doeuf-de-paques\/","url":"https:\/\/areka.com\/en\/produit\/truffes-au-chocolat-lindt-dans-un-carton-en-forme-doeuf-de-paques\/","name":"Truffes au chocolat LINDT dans un carton en forme d'oeuf de P\u00e2ques : Areka","isPartOf":{"@id":"https:\/\/areka.com\/en\/#website"},"primaryImageOfPage":{"@id":"https:\/\/areka.com\/en\/produit\/truffes-au-chocolat-lindt-dans-un-carton-en-forme-doeuf-de-paques\/#primaryimage"},"image":{"@id":"https:\/\/areka.com\/en\/produit\/truffes-au-chocolat-lindt-dans-un-carton-en-forme-doeuf-de-paques\/#primaryimage"},"thumbnailUrl":"https:\/\/areka.com\/wp-content\/uploads\/2023\/04\/P142-oeuf-de-paques.png","datePublished":"2023-04-23T19:42:04+00:00","dateModified":"2026-04-02T12:57:55+00:00","breadcrumb":{"@id":"https:\/\/areka.com\/en\/produit\/truffes-au-chocolat-lindt-dans-un-carton-en-forme-doeuf-de-paques\/#breadcrumb"},"inLanguage":"en-US","potentialAction":[{"@type":"ReadAction","target":["https:\/\/areka.com\/en\/produit\/truffes-au-chocolat-lindt-dans-un-carton-en-forme-doeuf-de-paques\/"]}]},{"@type":"ImageObject","inLanguage":"en-US","@id":"https:\/\/areka.com\/en\/produit\/truffes-au-chocolat-lindt-dans-un-carton-en-forme-doeuf-de-paques\/#primaryimage","url":"https:\/\/areka.com\/wp-content\/uploads\/2023\/04\/P142-oeuf-de-paques.png","contentUrl":"https:\/\/areka.com\/wp-content\/uploads\/2023\/04\/P142-oeuf-de-paques.png","width":1000,"height":1000},{"@type":"BreadcrumbList","@id":"https:\/\/areka.com\/en\/produit\/truffes-au-chocolat-lindt-dans-un-carton-en-forme-doeuf-de-paques\/#breadcrumb","itemListElement":[{"@type":"ListItem","position":1,"name":"All of our products","item":"https:\/\/areka.com\/en\/shop\/"},{"@type":"ListItem","position":2,"name":"Personalized products","item":"https:\/\/areka.com\/en\/product-category\/personalized-products\/"},{"@type":"ListItem","position":3,"name":"Truffes au chocolat LINDT dans un carton en forme d&rsquo;oeuf de P\u00e2ques"}]},{"@type":"WebSite","@id":"https:\/\/areka.com\/en\/#website","url":"https:\/\/areka.com\/en\/","name":"Areka","description":"Sp\u00e9cialiste fran\u00e7ais de la confiserie personnalis\u00e9e","potentialAction":[{"@type":"SearchAction","target":{"@type":"EntryPoint","urlTemplate":"https:\/\/areka.com\/en\/?s={search_term_string}"},"query-input":{"@type":"PropertyValueSpecification","valueRequired":true,"valueName":"search_term_string"}}],"inLanguage":"en-US"}]}},"_links":{"self":[{"href":"https:\/\/areka.com\/en\/wp-json\/wp\/v2\/product\/295","targetHints":{"allow":["GET"]}}],"collection":[{"href":"https:\/\/areka.com\/en\/wp-json\/wp\/v2\/product"}],"about":[{"href":"https:\/\/areka.com\/en\/wp-json\/wp\/v2\/types\/product"}],"replies":[{"embeddable":true,"href":"https:\/\/areka.com\/en\/wp-json\/wp\/v2\/comments?post=295"}],"wp:featuredmedia":[{"embeddable":true,"href":"https:\/\/areka.com\/en\/wp-json\/wp\/v2\/media\/2489"}],"wp:attachment":[{"href":"https:\/\/areka.com\/en\/wp-json\/wp\/v2\/media?parent=295"}],"wp:term":[{"taxonomy":"product_brand","embeddable":true,"href":"https:\/\/areka.com\/en\/wp-json\/wp\/v2\/product_brand?post=295"},{"taxonomy":"product_cat","embeddable":true,"href":"https:\/\/areka.com\/en\/wp-json\/wp\/v2\/product_cat?post=295"},{"taxonomy":"product_tag","embeddable":true,"href":"https:\/\/areka.com\/en\/wp-json\/wp\/v2\/product_tag?post=295"}],"curies":[{"name":"wp","href":"https:\/\/api.w.org\/{rel}","templated":true}]}}